{"id":13483,"date":"2019-01-13T23:26:22","date_gmt":"2019-01-14T04:26:22","guid":{"rendered":"http:\/\/hiltongrandvacations-v4.qa.wp.findly.com\/working-at-hgv-2\/"},"modified":"2022-01-25T17:39:57","modified_gmt":"2022-01-25T22:39:57","slug":"working-at-hgv","status":"publish","type":"page","link":"https:\/\/hgv.cert.xcc.smashfly.io\/es\/working-at-hgv\/","title":{"rendered":"Working at HGV ES"},"content":{"rendered":"<\/div><\/div><\/div><!-- close content main div --><\/div><\/div><div id='av_section_1' class='avia-section main_color avia-section-no-padding avia-no-border-styling avia-bg-style-scroll  header-banner container_wrap fullsize'   ><div class='container' ><div class='template-page content  av-content-full alpha units'><div class='post-entry post-entry-type-page post-entry-13483'><div class='entry-content-wrapper clearfix'>\n<div class='avia-image-container  av-styling-    avia-align-center '  itemscope=\"itemscope\" itemtype=\"https:\/\/schema.org\/ImageObject\"  ><div class='avia-image-container-inner'><img class='avia_image ' src='https:\/\/hgv.cert.xcc.smashfly.io\/wp-content\/uploads\/sites\/2484\/2019\/06\/HRCORP-MISC-14023_Working_HGV.jpg' alt='' title='HRCORP-MISC-14023_Working_HGV'   itemprop=\"contentURL\"  \/><\/div><\/div>\n\n<\/div><\/div><\/div><!-- close content main div --><\/div><\/div><div id='av_section_2' class='avia-section main_color avia-section-no-padding avia-no-border-styling avia-bg-style-scroll  full-width-section title-bar av-minimum-height av-minimum-height-custom container_wrap fullsize'   ><div class='container' style='height:98px'><div class='template-page content  av-content-full alpha units'><div class='post-entry post-entry-type-page post-entry-13483'><div class='entry-content-wrapper clearfix'>\n<section class=\"av_textblock_section\"  itemscope=\"itemscope\" itemtype=\"https:\/\/schema.org\/CreativeWork\" ><div class='avia_textblock '   itemprop=\"text\" ><h1><img decoding=\"async\" class=\"avia_image \" title=\"\" src=\"https:\/\/cdn-static.findly.com\/wp-content\/uploads\/sites\/608\/2018\/07\/HC4584-hilgrv-cws-pagetitle-working-spn.png\" alt=\"trabajar con hgv\" \/><\/h1>\n<\/div><\/section>\n\n<\/div><\/div><\/div><!-- close content main div --><\/div><\/div><div id='av_section_3' class='avia-section main_color avia-section-default avia-no-border-styling avia-bg-style-scroll  body-content container_wrap fullsize'   ><div class='container' ><div class='template-page content  av-content-full alpha units'><div class='post-entry post-entry-type-page post-entry-13483'><div class='entry-content-wrapper clearfix'>\n<div class=\"flex_column av_one_fifth  flex_column_div av-zero-column-padding first  \" style='border-radius:0px; '><\/div><div class=\"flex_column av_three_fifth  flex_column_div av-zero-column-padding   \" style='border-radius:0px; '><section class=\"av_textblock_section\"  itemscope=\"itemscope\" itemtype=\"https:\/\/schema.org\/CreativeWork\" ><div class='avia_textblock '   itemprop=\"text\" ><p>No hay mejor sensaci\u00f3n que el ir a trabajar con entusiasmo cada d\u00eda, y nadie lo entiende mejor que los miembros de nuestro equipo. Desde los ejecutivos de ventas hasta los recepcionistas, cada uno de los miembros de nuestro equipo experimenta el entusiasmo y la energ\u00eda que resultan de ayudar a otros a explorar el mundo. Escuche usted mismo lo que piensan los miembros de nuestro equipo de Hilton Grand Vacations.<\/p>\n<\/div><\/section><\/div><div class=\"flex_column av_one_fifth  flex_column_div av-zero-column-padding   \" style='border-radius:0px; '><\/div>\n\n<\/div><\/div><\/div><!-- close content main div --><\/div><\/div><div id='av_section_4' class='avia-section main_color avia-section-large avia-no-border-styling avia-bg-style-scroll  body-content work-two-col full-width-section container_wrap fullsize' style = 'background-color: #f1f5f7; background-color: #f1f5f7; '  ><div class='container' ><div class='template-page content  av-content-full alpha units'><div class='post-entry post-entry-type-page post-entry-13483'><div class='entry-content-wrapper clearfix'>\n<div class='flex_column_table av-equal-height-column-flextable' ><div class=\"flex_column av_one_half  flex_column_table_cell av-equal-height-column av-align-middle av-zero-column-padding first  work-left-bg \" style='background-image:url(https:\/\/hgv.cert.xcc.smashfly.io\/wp-content\/uploads\/sites\/2484\/2018\/04\/yellow-layer.jpg); background-position:top left; background-repeat:no-repeat; border-radius:0px; '><section class=\"av_textblock_section\"  itemscope=\"itemscope\" itemtype=\"https:\/\/schema.org\/CreativeWork\" ><div class='avia_textblock '   itemprop=\"text\" ><p><img loading=\"lazy\" decoding=\"async\" class=\"alignnone size-full wp-image-11327\" src=\"https:\/\/cdn-static.findly.com\/wp-content\/uploads\/sites\/680\/2018\/10\/HC5325-hilgrv-cws-areasoftalent-video-cc-ashley.jpg\" alt=\"Team Lead Sales Coach: Ashley\" width=\"631\" height=\"365\" \/><\/p>\n<div class=\"video-play-button\">\n<p><a href=\"https:\/\/www.youtube.com\/watch?v=2l7KmWV_yQ0?rel=0&amp;controls=0?autoplay=1\" class=\"open-popup\"><img decoding=\"async\" class=\"alignnone size-full wp-image-5665\" src=\"https:\/\/cdn-static.findly.com\/wp-content\/uploads\/sites\/608\/2018\/06\/V-Play-Btn.png\" alt=\"Ashley, Call Center\" \/><\/a><\/p>\n<\/div>\n<p><a href=\"\/es\/opportunity-calling-hear-hilton-grand-vacations-call-center-team\/\" aria-label=\"Video transcript for IMAGINE YOUR POTENTIAL \u2013 HEAR FROM OUR HILTON GRAND VACATIONS\u2019 MARKETING TEAM\" class=\"video-trascript-link\">Transcripci\u00f3n de video<\/a><\/p>\n<\/div><\/section><\/div><div class='av-flex-placeholder'><\/div><div class=\"flex_column av_one_half  flex_column_table_cell av-equal-height-column av-align-middle av-zero-column-padding   work-right-con \" style='border-radius:0px; '><section class=\"av_textblock_section\"  itemscope=\"itemscope\" itemtype=\"https:\/\/schema.org\/CreativeWork\" ><div class='avia_textblock '   itemprop=\"text\" ><p>\u00abAqu\u00ed, la gerencia se preocupa por el \u00e9xito de los empleados, y me han dado una oportunidad que no creo que la mayor\u00eda de las personas de mi edad hayan tenido\u00bb.<\/p>\n<p>-Ashley, entrenadora de ventas l\u00edder del equipo<\/p>\n<\/div><\/section><\/div><\/div><!--close column table wrapper. Autoclose:  -->\n\n<\/div><\/div><\/div><!-- close content main div --><\/div><\/div><div id='av_section_5' class='avia-section main_color avia-section-large avia-no-border-styling avia-bg-style-scroll  body-content work-two-col full-width-section container_wrap fullsize'   ><div class='container' ><div class='template-page content  av-content-full alpha units'><div class='post-entry post-entry-type-page post-entry-13483'><div class='entry-content-wrapper clearfix'>\n<div class='flex_column_table av-equal-height-column-flextable' ><div class=\"flex_column av_one_half  flex_column_table_cell av-equal-height-column av-align-middle av-zero-column-padding first  work-left-con \" style='border-radius:0px; '><section class=\"av_textblock_section\"  itemscope=\"itemscope\" itemtype=\"https:\/\/schema.org\/CreativeWork\" ><div class='avia_textblock '   itemprop=\"text\" ><p>\u00abRealmente creo que Hilton Grand Vacations se preocupa por sus empleados\u00bb.<\/p>\n<p>&#8211; Bill, ejecutivo de ventas de L\u00ednea de Acci\u00f3n<\/p>\n<\/div><\/section><\/div><div class='av-flex-placeholder'><\/div><div class=\"flex_column av_one_half  flex_column_table_cell av-equal-height-column av-align-middle av-zero-column-padding   work-right-bg \" style='background-image:url(https:\/\/hgv.cert.xcc.smashfly.io\/wp-content\/uploads\/sites\/2484\/2018\/04\/yellow-layer.jpg); background-position:top right; background-repeat:no-repeat; border-radius:0px; '><section class=\"av_textblock_section\"  itemscope=\"itemscope\" itemtype=\"https:\/\/schema.org\/CreativeWork\" ><div class='avia_textblock '   itemprop=\"text\" ><p><img loading=\"lazy\" decoding=\"async\" class=\"alignnone size-full wp-image-11327\" src=\"https:\/\/cdn-static.findly.com\/wp-content\/uploads\/sites\/608\/2018\/06\/HC4147-hilgrv-cws-areasoftalent-video-sales1.jpg\" alt=\"Bill, Sales Executive, Action Line\" width=\"631\" height=\"365\" \/><\/p>\n<div class=\"video-play-button\"><a href=\"https:\/\/www.youtube.com\/watch?v=epqwRaEAz4o?rel=0&amp;controls=0?autoplay=1\" class=\"open-popup\"><img decoding=\"async\" class=\"alignnone size-full wp-image-5665\" src=\"https:\/\/cdn-static.findly.com\/wp-content\/uploads\/sites\/608\/2018\/06\/V-Play-Btn.png\" alt=\"Bill, Sales Executive, Action Line\" \/><\/a><\/div>\n<p><a href=\"\/es\/opportunity-will-make-hear-hilton-grand-vacations-sales-team\/\" aria-label=\"Video transcript for WHAT OPPORTUNITY WILL YOU MAKE? HEAR FROM OUR HILTON GRAND VACATIONS\u2019 SALES TEAM \" class=\"video-trascript-link\">Transcripci\u00f3n de video<\/a><\/p>\n<\/div><\/section><\/div><\/div><!--close column table wrapper. Autoclose:  -->\n\n<\/div><\/div><\/div><!-- close content main div --><\/div><\/div><div id='av_section_6' class='avia-section main_color avia-section-large avia-no-border-styling avia-bg-style-scroll  body-content work-two-col full-width-section container_wrap fullsize' style = 'background-color: #f1f5f7; background-color: #f1f5f7; '  ><div class='container' ><div class='template-page content  av-content-full alpha units'><div class='post-entry post-entry-type-page post-entry-13483'><div class='entry-content-wrapper clearfix'>\n<div class='flex_column_table av-equal-height-column-flextable' ><div class=\"flex_column av_one_half  flex_column_table_cell av-equal-height-column av-align-middle av-zero-column-padding first  work-left-bg \" style='background-image:url(https:\/\/hgv.cert.xcc.smashfly.io\/wp-content\/uploads\/sites\/2484\/2018\/04\/yellow-layer.jpg); background-position:top left; background-repeat:no-repeat; border-radius:0px; '><section class=\"av_textblock_section\"  itemscope=\"itemscope\" itemtype=\"https:\/\/schema.org\/CreativeWork\" ><div class='avia_textblock '   itemprop=\"text\" ><p><img loading=\"lazy\" decoding=\"async\" class=\"alignnone size-full wp-image-5666\" src=\"https:\/\/cdn-static.findly.com\/wp-content\/uploads\/sites\/608\/2018\/06\/HC4147-hilgrv-cws-areasoftalent-video-mktg1.jpg\" alt=\"Sharon, Pre-Arrival coordinator\" width=\"633\" height=\"370\" \/><\/p>\n<div class=\"video-play-button\"><a href=\"https:\/\/www.youtube.com\/watch?v=CYSHKHfEnVQ?rel=0&amp;controls=0?autoplay=1\" class=\"open-popup\"><img decoding=\"async\" class=\"alignnone size-full wp-image-5665\" src=\"https:\/\/cdn-static.findly.com\/wp-content\/uploads\/sites\/608\/2018\/06\/V-Play-Btn.png\" alt=\"Sharon, Pre-Arrival coordinator\" \/><\/a><\/div>\n<p><a href=\"\/es\/imagine-potential-hear-hilton-grand-vacations-marketing-team\/\" aria-label=\"Video transcript for IMAGINE YOUR POTENTIAL \u2013 HEAR FROM OUR HILTON GRAND VACATIONS\u2019 MARKETING TEAM\" class=\"video-trascript-link\">Transcripci\u00f3n de video<\/a><\/p>\n<\/div><\/section><\/div><div class='av-flex-placeholder'><\/div><div class=\"flex_column av_one_half  flex_column_table_cell av-equal-height-column av-align-middle av-zero-column-padding   work-right-con \" style='border-radius:0px; '><section class=\"av_textblock_section\"  itemscope=\"itemscope\" itemtype=\"https:\/\/schema.org\/CreativeWork\" ><div class='avia_textblock '   itemprop=\"text\" ><p>\u00abNuestros gerentes apoyan mucho nuestro crecimiento dentro de la empresa\u00bb.<\/p>\n<p>&#8211; Sharon, coordinadora de la atenci\u00f3n antes de la llegada<\/p>\n<\/div><\/section><\/div><\/div><!--close column table wrapper. Autoclose:  -->\n\n<\/div><\/div><\/div><!-- close content main div --><\/div><\/div><div id='av_section_7' class='avia-section main_color avia-section-large avia-no-border-styling avia-bg-style-scroll  body-content work-two-col full-width-section container_wrap fullsize'   ><div class='container' ><div class='template-page content  av-content-full alpha units'><div class='post-entry post-entry-type-page post-entry-13483'><div class='entry-content-wrapper clearfix'>\n<div class='flex_column_table av-equal-height-column-flextable' ><div class=\"flex_column av_one_half  flex_column_table_cell av-equal-height-column av-align-middle av-zero-column-padding first  work-left-con \" style='border-radius:0px; '><section class=\"av_textblock_section\"  itemscope=\"itemscope\" itemtype=\"https:\/\/schema.org\/CreativeWork\" ><div class='avia_textblock '   itemprop=\"text\" ><p>\u00abMe encanta este lugar. Me encanta la manera en la que todos nos unimos como un equipo\u00bb.<\/p>\n<p>&#8211; Guirlene, supervisora del servicio de ama de llaves<\/p>\n<\/div><\/section><\/div><div class='av-flex-placeholder'><\/div><div class=\"flex_column av_one_half  flex_column_table_cell av-equal-height-column av-align-middle av-zero-column-padding   work-right-bg \" style='background-image:url(https:\/\/hgv.cert.xcc.smashfly.io\/wp-content\/uploads\/sites\/2484\/2018\/04\/yellow-layer.jpg); background-position:top right; background-repeat:no-repeat; border-radius:0px; '><section class=\"av_textblock_section\"  itemscope=\"itemscope\" itemtype=\"https:\/\/schema.org\/CreativeWork\" ><div class='avia_textblock '   itemprop=\"text\" ><p><img loading=\"lazy\" decoding=\"async\" class=\"alignnone size-full wp-image-5666\" src=\"https:\/\/cdn-static.findly.com\/wp-content\/uploads\/sites\/608\/2018\/06\/HC4147-hilgrv-cws-areasoftalent-video-resortope1.jpg\" alt=\"Guirlene, Housekeeping Supervisor\" width=\"633\" height=\"370\" \/><\/p>\n<div class=\"video-play-button\"><a href=\"https:\/\/www.youtube.com\/watch?v=zhCYux3-hC0?rel=0&amp;controls=0?autoplay=1\" class=\"open-popup\"><img decoding=\"async\" class=\"alignnone size-full wp-image-5665\" src=\"https:\/\/cdn-static.findly.com\/wp-content\/uploads\/sites\/608\/2018\/06\/V-Play-Btn.png\" alt=\"Guirlene, Housekeeping Supervisor\" \/><\/a><\/div>\n<p><a href=\"\/es\/opportunity-will-make-hear-hilton-grand-vacations-sales-team\/\" aria-label=\"Video transcript for Where Will You Grow? Hear from Our Hilton Grand Vacations\u2019 Resort Operations Team\" class=\"video-trascript-link\">Transcripci\u00f3n de video<\/a><\/p>\n<\/div><\/section><\/div><\/div><!--close column table wrapper. Autoclose:  -->\n\n<\/div><\/div><\/div><!-- close content main div --><\/div><\/div><div id='av_section_8' class='avia-section main_color avia-section-large avia-no-border-styling avia-bg-style-scroll  body-content work-two-col full-width-section container_wrap fullsize' style = 'background-color: #f1f5f7; background-color: #f1f5f7; '  ><div class='container' ><div class='template-page content  av-content-full alpha units'><div class='post-entry post-entry-type-page post-entry-13483'><div class='entry-content-wrapper clearfix'>\n<div class='flex_column_table av-equal-height-column-flextable' ><div class=\"flex_column av_one_half  flex_column_table_cell av-equal-height-column av-align-middle av-zero-column-padding first  work-left-bg \" style='background-image:url(https:\/\/hgv.cert.xcc.smashfly.io\/wp-content\/uploads\/sites\/2484\/2018\/04\/yellow-layer.jpg); background-position:top left; background-repeat:no-repeat; border-radius:0px; '><section class=\"av_textblock_section\"  itemscope=\"itemscope\" itemtype=\"https:\/\/schema.org\/CreativeWork\" ><div class='avia_textblock '   itemprop=\"text\" ><p><img decoding=\"async\" class=\"alignnone size-full wp-image-5664\" src=\"https:\/\/cdn-static.findly.com\/wp-content\/uploads\/sites\/680\/2018\/10\/HC5325-hilgrv-cws-areasoftalent-video-corp-laura1.jpg\" alt=\"Laura, Vice President, Talent Acquisition\" \/><\/p>\n<div class=\"video-play-button\"><a href=\"https:\/\/www.youtube.com\/watch?v=6o50ttQwnVg?rel=0&amp;controls=0?autoplay=1\" class=\"open-popup\"><img decoding=\"async\" class=\"alignnone size-full wp-image-5665\" src=\"https:\/\/cdn-static.findly.com\/wp-content\/uploads\/sites\/608\/2018\/06\/V-Play-Btn.png\" alt=\"Laura, Vice President, Talent Acquisition\" \/><\/a><\/div>\n<p><a href=\"\/es\/path-will-take-hear-hilton-grand-vacations-team\/\" aria-label=\"Video transcript for WHAT PATH WILL YOU TAKE? HEAR FROM OUR HILTON GRAND VACATIONS TEAM\" class=\"video-trascript-link\">Transcripci\u00f3n de video<\/a><\/p>\n<\/div><\/section><\/div><div class='av-flex-placeholder'><\/div><div class=\"flex_column av_one_half  flex_column_table_cell av-equal-height-column av-align-middle av-zero-column-padding   work-right-con \" style='border-radius:0px; '><section class=\"av_textblock_section\"  itemscope=\"itemscope\" itemtype=\"https:\/\/schema.org\/CreativeWork\" ><div class='avia_textblock '   itemprop=\"text\" ><p>\u00abAqu\u00ed la gente es incre\u00edble. El ambiente es fant\u00e1stico. La cultura es alentadora\u00bb.<\/p>\n<p>&#8211; Laura, vicepresidente de Adquisici\u00f3n de Talentos<\/p>\n<\/div><\/section><\/div><\/div><!--close column table wrapper. Autoclose:  -->\n\n","protected":false},"excerpt":{"rendered":"","protected":false},"author":938,"featured_media":0,"parent":0,"menu_order":0,"comment_status":"closed","ping_status":"closed","template":"","meta":{"footnotes":""},"persona":[],"class_list":["post-13483","page","type-page","status-publish","hentry"],"yoast_head":"<!-- This site is optimized with the Yoast SEO Premium plugin v22.8 (Yoast SEO v22.8) - https:\/\/yoast.com\/wordpress\/plugins\/seo\/ -->\n<title>Los miembros del equipo de HGV est\u00e1n entusiasmados por trabajar aqu\u00ed, todos los d\u00edas.<\/title>\n<meta name=\"description\" content=\"Todos los miembros del equipo de Hilton Grand Vacations descubren del entusiasmo y la energ\u00eda que provienen de ayudar a otros a explorar el mundo. Vea videos.\" \/>\n<meta name=\"robots\" content=\"index, follow, max-snippet:-1, max-image-preview:large, max-video-preview:-1\" \/>\n<link rel=\"canonical\" href=\"https:\/\/hgv.cert.xcc.smashfly.io\/es\/working-at-hgv\/\" \/>\n<meta property=\"og:locale\" content=\"es_ES\" \/>\n<meta property=\"og:type\" content=\"article\" \/>\n<meta property=\"og:title\" content=\"Working at HGV ES\" \/>\n<meta property=\"og:description\" content=\"Todos los miembros del equipo de Hilton Grand Vacations descubren del entusiasmo y la energ\u00eda que provienen de ayudar a otros a explorar el mundo. Vea videos.\" \/>\n<meta property=\"og:url\" content=\"https:\/\/hgv.cert.xcc.smashfly.io\/es\/working-at-hgv\/\" \/>\n<meta property=\"og:site_name\" content=\"Hilton Grand Vacations\" \/>\n<meta property=\"article:modified_time\" content=\"2022-01-25T22:39:57+00:00\" \/>\n<meta property=\"og:image\" content=\"https:\/\/cdn-static.findly.com\/wp-content\/uploads\/sites\/608\/2018\/07\/HC4584-hilgrv-cws-pagetitle-working-spn.png\" \/>\n<meta name=\"twitter:label1\" content=\"Tiempo de lectura\" \/>\n\t<meta name=\"twitter:data1\" content=\"10 minutos\" \/>\n<script type=\"application\/ld+json\" class=\"yoast-schema-graph\">{\"@context\":\"https:\/\/schema.org\",\"@graph\":[{\"@type\":\"WebPage\",\"@id\":\"https:\/\/hgv.cert.xcc.smashfly.io\/es\/working-at-hgv\/\",\"url\":\"https:\/\/hgv.cert.xcc.smashfly.io\/es\/working-at-hgv\/\",\"name\":\"Los miembros del equipo de HGV est\u00e1n entusiasmados por trabajar aqu\u00ed, todos los d\u00edas.\",\"isPartOf\":{\"@id\":\"https:\/\/www.hgv.cert.xcc.smashfly.io\/#website\"},\"primaryImageOfPage\":{\"@id\":\"https:\/\/hgv.cert.xcc.smashfly.io\/es\/working-at-hgv\/#primaryimage\"},\"image\":{\"@id\":\"https:\/\/hgv.cert.xcc.smashfly.io\/es\/working-at-hgv\/#primaryimage\"},\"thumbnailUrl\":\"https:\/\/cdn-static.findly.com\/wp-content\/uploads\/sites\/608\/2018\/07\/HC4584-hilgrv-cws-pagetitle-working-spn.png\",\"datePublished\":\"2019-01-14T04:26:22+00:00\",\"dateModified\":\"2022-01-25T22:39:57+00:00\",\"description\":\"Todos los miembros del equipo de Hilton Grand Vacations descubren del entusiasmo y la energ\u00eda que provienen de ayudar a otros a explorar el mundo. Vea videos.\",\"breadcrumb\":{\"@id\":\"https:\/\/hgv.cert.xcc.smashfly.io\/es\/working-at-hgv\/#breadcrumb\"},\"inLanguage\":\"es\",\"potentialAction\":[{\"@type\":\"ReadAction\",\"target\":[\"https:\/\/hgv.cert.xcc.smashfly.io\/es\/working-at-hgv\/\"]}]},{\"@type\":\"ImageObject\",\"inLanguage\":\"es\",\"@id\":\"https:\/\/hgv.cert.xcc.smashfly.io\/es\/working-at-hgv\/#primaryimage\",\"url\":\"https:\/\/cdn-static.findly.com\/wp-content\/uploads\/sites\/608\/2018\/07\/HC4584-hilgrv-cws-pagetitle-working-spn.png\",\"contentUrl\":\"https:\/\/cdn-static.findly.com\/wp-content\/uploads\/sites\/608\/2018\/07\/HC4584-hilgrv-cws-pagetitle-working-spn.png\"},{\"@type\":\"BreadcrumbList\",\"@id\":\"https:\/\/hgv.cert.xcc.smashfly.io\/es\/working-at-hgv\/#breadcrumb\",\"itemListElement\":[{\"@type\":\"ListItem\",\"position\":1,\"name\":\"Home\",\"item\":\"https:\/\/hgv.cert.xcc.smashfly.io\/es\/\"},{\"@type\":\"ListItem\",\"position\":2,\"name\":\"Working at HGV ES\"}]},{\"@type\":\"WebSite\",\"@id\":\"https:\/\/www.hgv.cert.xcc.smashfly.io\/#website\",\"url\":\"https:\/\/www.hgv.cert.xcc.smashfly.io\/\",\"name\":\"Hilton Grand Vacations\",\"description\":\"Hilton Grand Vacations Candidate Experience Site\",\"potentialAction\":[{\"@type\":\"SearchAction\",\"target\":{\"@type\":\"EntryPoint\",\"urlTemplate\":\"https:\/\/www.hgv.cert.xcc.smashfly.io\/?s={search_term_string}\"},\"query-input\":\"required name=search_term_string\"}],\"inLanguage\":\"es\"}]}<\/script>\n<!-- \/ Yoast SEO Premium plugin. -->","yoast_head_json":{"title":"Los miembros del equipo de HGV est\u00e1n entusiasmados por trabajar aqu\u00ed, todos los d\u00edas.","description":"Todos los miembros del equipo de Hilton Grand Vacations descubren del entusiasmo y la energ\u00eda que provienen de ayudar a otros a explorar el mundo. Vea videos.","robots":{"index":"index","follow":"follow","max-snippet":"max-snippet:-1","max-image-preview":"max-image-preview:large","max-video-preview":"max-video-preview:-1"},"canonical":"https:\/\/hgv.cert.xcc.smashfly.io\/es\/working-at-hgv\/","og_locale":"es_ES","og_type":"article","og_title":"Working at HGV ES","og_description":"Todos los miembros del equipo de Hilton Grand Vacations descubren del entusiasmo y la energ\u00eda que provienen de ayudar a otros a explorar el mundo. Vea videos.","og_url":"https:\/\/hgv.cert.xcc.smashfly.io\/es\/working-at-hgv\/","og_site_name":"Hilton Grand Vacations","article_modified_time":"2022-01-25T22:39:57+00:00","og_image":[{"url":"https:\/\/cdn-static.findly.com\/wp-content\/uploads\/sites\/608\/2018\/07\/HC4584-hilgrv-cws-pagetitle-working-spn.png"}],"twitter_misc":{"Tiempo de lectura":"10 minutos"},"schema":{"@context":"https:\/\/schema.org","@graph":[{"@type":"WebPage","@id":"https:\/\/hgv.cert.xcc.smashfly.io\/es\/working-at-hgv\/","url":"https:\/\/hgv.cert.xcc.smashfly.io\/es\/working-at-hgv\/","name":"Los miembros del equipo de HGV est\u00e1n entusiasmados por trabajar aqu\u00ed, todos los d\u00edas.","isPartOf":{"@id":"https:\/\/www.hgv.cert.xcc.smashfly.io\/#website"},"primaryImageOfPage":{"@id":"https:\/\/hgv.cert.xcc.smashfly.io\/es\/working-at-hgv\/#primaryimage"},"image":{"@id":"https:\/\/hgv.cert.xcc.smashfly.io\/es\/working-at-hgv\/#primaryimage"},"thumbnailUrl":"https:\/\/cdn-static.findly.com\/wp-content\/uploads\/sites\/608\/2018\/07\/HC4584-hilgrv-cws-pagetitle-working-spn.png","datePublished":"2019-01-14T04:26:22+00:00","dateModified":"2022-01-25T22:39:57+00:00","description":"Todos los miembros del equipo de Hilton Grand Vacations descubren del entusiasmo y la energ\u00eda que provienen de ayudar a otros a explorar el mundo. Vea videos.","breadcrumb":{"@id":"https:\/\/hgv.cert.xcc.smashfly.io\/es\/working-at-hgv\/#breadcrumb"},"inLanguage":"es","potentialAction":[{"@type":"ReadAction","target":["https:\/\/hgv.cert.xcc.smashfly.io\/es\/working-at-hgv\/"]}]},{"@type":"ImageObject","inLanguage":"es","@id":"https:\/\/hgv.cert.xcc.smashfly.io\/es\/working-at-hgv\/#primaryimage","url":"https:\/\/cdn-static.findly.com\/wp-content\/uploads\/sites\/608\/2018\/07\/HC4584-hilgrv-cws-pagetitle-working-spn.png","contentUrl":"https:\/\/cdn-static.findly.com\/wp-content\/uploads\/sites\/608\/2018\/07\/HC4584-hilgrv-cws-pagetitle-working-spn.png"},{"@type":"BreadcrumbList","@id":"https:\/\/hgv.cert.xcc.smashfly.io\/es\/working-at-hgv\/#breadcrumb","itemListElement":[{"@type":"ListItem","position":1,"name":"Home","item":"https:\/\/hgv.cert.xcc.smashfly.io\/es\/"},{"@type":"ListItem","position":2,"name":"Working at HGV ES"}]},{"@type":"WebSite","@id":"https:\/\/www.hgv.cert.xcc.smashfly.io\/#website","url":"https:\/\/www.hgv.cert.xcc.smashfly.io\/","name":"Hilton Grand Vacations","description":"Hilton Grand Vacations Candidate Experience Site","potentialAction":[{"@type":"SearchAction","target":{"@type":"EntryPoint","urlTemplate":"https:\/\/www.hgv.cert.xcc.smashfly.io\/?s={search_term_string}"},"query-input":"required name=search_term_string"}],"inLanguage":"es"}]}},"_links":{"self":[{"href":"https:\/\/hgv.cert.xcc.smashfly.io\/es\/wp-json\/wp\/v2\/pages\/13483","targetHints":{"allow":["GET"]}}],"collection":[{"href":"https:\/\/hgv.cert.xcc.smashfly.io\/es\/wp-json\/wp\/v2\/pages"}],"about":[{"href":"https:\/\/hgv.cert.xcc.smashfly.io\/es\/wp-json\/wp\/v2\/types\/page"}],"author":[{"embeddable":true,"href":"https:\/\/hgv.cert.xcc.smashfly.io\/es\/wp-json\/wp\/v2\/users\/938"}],"replies":[{"embeddable":true,"href":"https:\/\/hgv.cert.xcc.smashfly.io\/es\/wp-json\/wp\/v2\/comments?post=13483"}],"version-history":[{"count":2,"href":"https:\/\/hgv.cert.xcc.smashfly.io\/es\/wp-json\/wp\/v2\/pages\/13483\/revisions"}],"predecessor-version":[{"id":23638,"href":"https:\/\/hgv.cert.xcc.smashfly.io\/es\/wp-json\/wp\/v2\/pages\/13483\/revisions\/23638"}],"wp:attachment":[{"href":"https:\/\/hgv.cert.xcc.smashfly.io\/es\/wp-json\/wp\/v2\/media?parent=13483"}],"wp:term":[{"taxonomy":"persona","embeddable":true,"href":"https:\/\/hgv.cert.xcc.smashfly.io\/es\/wp-json\/wp\/v2\/persona?post=13483"}],"curies":[{"name":"wp","href":"https:\/\/api.w.org\/{rel}","templated":true}]}}