{"id":15908,"date":"2019-04-19T09:42:44","date_gmt":"2019-04-19T14:42:44","guid":{"rendered":"https:\/\/careers.hgv.com\/launch-career-industry-leader\/"},"modified":"2019-05-24T13:04:07","modified_gmt":"2019-05-24T18:04:07","slug":"launch-career-industry-leader","status":"publish","type":"page","link":"https:\/\/hgv.cert.xcc.smashfly.io\/es\/launch-career-industry-leader\/","title":{"rendered":"Launch Your Career With An Industry Leader"},"content":{"rendered":"<\/div><\/div><\/div><!-- close content main div --><\/div><\/div><div id='av_section_1' class='avia-section main_color avia-section-no-padding avia-no-border-styling avia-bg-style-scroll  full-width-section news-banner container_wrap fullsize'   ><div class='container' ><div class='template-page content  av-content-full alpha units'><div class='post-entry post-entry-type-page post-entry-15908'><div class='entry-content-wrapper clearfix'>\n<div class='avia-image-container  av-styling-    avia-align-center '  itemscope=\"itemscope\" itemtype=\"https:\/\/schema.org\/ImageObject\"  ><div class='avia-image-container-inner'><img class='avia_image ' src='https:\/\/hgv.cert.xcc.smashfly.io\/wp-content\/uploads\/sites\/2484\/2017\/11\/2560x300.jpg' alt='' title=''   itemprop=\"contentURL\"  \/><\/div><\/div>\n\n<\/div><\/div><\/div><!-- close content main div --><\/div><\/div><div id='av_section_2' class='avia-section main_color avia-section-default avia-no-border-styling avia-bg-style-scroll  news-main-content video-transcript container_wrap fullsize'   ><div class='container' ><div class='template-page content  av-content-full alpha units'><div class='post-entry post-entry-type-page post-entry-15908'><div class='entry-content-wrapper clearfix'>\n<section class=\"av_textblock_section\"  itemscope=\"itemscope\" itemtype=\"https:\/\/schema.org\/CreativeWork\" ><div class='avia_textblock '   itemprop=\"text\" ><h1 style=\"text-align: center;\" class=\"post-title entry-title\" tabindex=\"0\">LANCE SU CARRERA CON UN L\u00cdDER EN LA INDUSTRIA<\/h1>\n<p style=\"text-align: center;\">Gracias a nuestra amplia variedad de pasant\u00edas, los futuros l\u00edderes de la industria de la hospitalidad obtienen una experiencia laboral valiosa y crean su red profesional para ayudar a poner en marcha su recorrido profesional. Obtenga m\u00e1s informaci\u00f3n sobre las oportunidades de pasant\u00edas disponibles en su caso.<\/p>\n<\/div><\/section>\n<div style=' margin-top:10px; margin-bottom:15px;'  class='hr hr-custom hr-center hr-icon-no  yellow-sep top-yel'><span class='hr-inner   inner-border-av-border-fat' style=' width:400px; border-color:#f4da40;' ><span class='hr-inner-style'><\/span><\/span><\/div>\n<section class=\"av_textblock_section\"  itemscope=\"itemscope\" itemtype=\"https:\/\/schema.org\/CreativeWork\" ><div class='avia_textblock '   itemprop=\"text\" ><p><!--<img loading=\"lazy\" decoding=\"async\" class=\"size-full wp-image-11327 aligncenter\" src=\"https:\/\/cdn-static.findly.com\/wp-content\/uploads\/sites\/795\/2019\/03\/hgv_careers_intern-video_screenshot.jpg\" alt=\"Team Lead Sales Coach: Ashley\" width=\"631\" height=\"365\" \/>\n\n\n\n\n<div class=\"video-play-button\">\n\n<a href=\" https:\/\/www.youtube.com\/watch?v=7mDEpluO5Fo?rel=0&controls=0?autoplay=1\" class=\"open-popup\"><img decoding=\"async\" class=\"alignnone size-full wp-image-5665\" src=\"https:\/\/cdn-static.findly.com\/wp-content\/uploads\/sites\/608\/2018\/06\/V-Play-Btn.png\" alt=\"Hilton Grand Vacations Internship Program\" \/><\/a><\/div>\n\n\n\n\n--><\/p>\n<p style=\"text-align: center;\"><iframe loading=\"lazy\" width=\"560\" height=\"315\" src=\"https:\/\/www.youtube.com\/embed\/7mDEpluO5Fo\" allow=\"accelerometer; autoplay; encrypted-media; gyroscope; picture-in-picture\" allowfullscreen=\"allowfullscreen\" frameborder=\"0\"><\/iframe><\/p>\n<p><!--<img loading=\"lazy\" decoding=\"async\" class=\"size-full wp-image-11327 aligncenter\" src=\"https:\/\/cdn-static.findly.com\/wp-content\/uploads\/sites\/795\/2019\/03\/hgv_careers_intern-video_screenshot.jpg\" alt=\"Team Lead Sales Coach: Ashley\" width=\"631\" height=\"365\" \/>\n\n\n\n\n<div class=\"video-play-button\"><a href=\"https:\/\/www.youtube.com\/watch?v=7mDEpluO5Fo?rel=0&controls=0?autoplay=1\" class=\"open-popup\"><img decoding=\"async\" class=\"alignnone size-full wp-image-5665\" src=\"https:\/\/cdn-static.findly.com\/wp-content\/uploads\/sites\/608\/2018\/06\/V-Play-Btn.png\" alt=\"Hilton Grand Vacations Internship Program\" \/><\/a><\/div>\n\n\n\n\n--><\/p>\n<\/div><\/section>\n<section class=\"av_textblock_section\"  itemscope=\"itemscope\" itemtype=\"https:\/\/schema.org\/CreativeWork\" ><div class='avia_textblock '   itemprop=\"text\" ><div tabindex=\"0\">\n<p>Stefi: Hi. My name is Stefi. I&#8217;m an intern at the corporate communications department at Hilton Grand Vacations. And I&#8217;m a senior at UCF.<\/p>\n<p>Jessica: Hi. My name is Jessica Denmark. I&#8217;m currently interning in the Tax department.<\/p>\n<p>Elina: Hi I&#8217;m Elina Moon. I&#8217;m an incoming senior at Oklahoma City University. And I&#8217;m interning here in social media.<\/p>\n<p>Neil: Hi. My name is Neil. I&#8217;m interning in the Financial Planning and Analysis department.<\/p>\n<p>Stefi: The culture here is really&#8211; it&#8217;s welcoming. It&#8217;s inviting It makes you happy to be here, in an environment where hospitality is positioned so importantly. Everyone&#8217;s happy to be doing their job, and everyone&#8217;s just smiling all day.<\/p>\n<p>Neil: It&#8217;s definitely very collaborative. I&#8217;ve never really had any trouble reaching out to anyone. Anyone I&#8217;ve asked for help has definitely just gone above and beyond helping me with any questions that I have or any projects that I&#8217;m working on. So it&#8217;s very, just, collaborative&#8211; almost a family, I would say.<\/p>\n<p>Jessica: Diversity is something that is important to me, not necessarily just ethnic or gender but everyone is from some sort of background that provides something new. It&#8217;s indescribable.<\/p>\n<p>Stefi: Through the internship program, we had speakers come in where they tell us about their lives, what their career is like here at HGV, how it&#8217;s impacted them, and how they&#8217;ve impacted the company. On top of that, we&#8217;re going on a volunteering experience this week, to Second Harvest Food Bank. And we have a whole bunch of events planned, this whole semester, that I&#8217;m super excited for.<\/p>\n<p>Neil: One of the events that I&#8217;ve participated in has been the Parc Soleil Tour. And in the Parc Soleil Tour, we not only got a tour of the sales center, where we saw the actual salesmen talking to potential customers, potential owners, but we also got a tour of the different rooms in the resort. And, by seeing the rooms, we really got a good understanding of what it is that HGV does, because this is what the customers see.<\/p>\n<p>Jessica: When I&#8217;m with my team, my questions, ideas, and concerns are given just as much weight as anyone else&#8217;s. And I am not given busywork to just, oh, this is the intern. I am working with my team, to accomplish a mutual goal.<\/p>\n<p>Stefi: The best part of this internship so far has definitely been the people. I really value how much everyone values me. And that&#8217;s just something that can&#8217;t be beat, as an intern, because you go so many other places and, you know, you might be going on coffee runs or filing forms. But here you&#8217;re really part of the team. You&#8217;re really doing genuine work that&#8217;s impacting the lives of so many people.<\/p>\n<p>Elina: I recommend interning with HGV, not only because it&#8217;s a great learning experience but HGV also gives its team members some great benefits. Through the travel-benefits program for team members, I was able to visit a Hilton hotel, near some of the theme parks. And it was just a really great experience. I got to bring my whole family, and they were very excited.<\/p>\n<p>Neil: I would recommend anyone intern with HGV, not only because the people are great but also because you get the opportunity to do actual work.<\/p>\n<\/div>\n<\/div><\/section>\n<section class=\"av_textblock_section\"  itemscope=\"itemscope\" itemtype=\"https:\/\/schema.org\/CreativeWork\" ><div class='avia_textblock '   itemprop=\"text\" ><p><a href=\"#\" onclick=\"location.href = document.referrer; return false;\" aria-label=\"Back to previous page\" class=\"go_back\">Back to previous page<\/a><\/p>\n<\/div><\/section>\n\n","protected":false},"excerpt":{"rendered":"","protected":false},"author":946,"featured_media":0,"parent":0,"menu_order":0,"comment_status":"closed","ping_status":"closed","template":"","meta":{"footnotes":""},"persona":[],"class_list":["post-15908","page","type-page","status-publish","hentry"],"yoast_head":"<!-- This site is optimized with the Yoast SEO Premium plugin v22.8 (Yoast SEO v22.8) - https:\/\/yoast.com\/wordpress\/plugins\/seo\/ -->\n<title>Launch Your Career With An Industry Leader - Hilton Grand Vacations<\/title>\n<meta name=\"robots\" content=\"index, follow, max-snippet:-1, max-image-preview:large, max-video-preview:-1\" \/>\n<link rel=\"canonical\" href=\"https:\/\/hgv.cert.xcc.smashfly.io\/es\/launch-career-industry-leader\/\" \/>\n<meta property=\"og:locale\" content=\"es_ES\" \/>\n<meta property=\"og:type\" content=\"article\" \/>\n<meta property=\"og:title\" content=\"Launch Your Career With An Industry Leader\" \/>\n<meta property=\"og:url\" content=\"https:\/\/hgv.cert.xcc.smashfly.io\/es\/launch-career-industry-leader\/\" \/>\n<meta property=\"og:site_name\" content=\"Hilton Grand Vacations\" \/>\n<meta property=\"article:modified_time\" content=\"2019-05-24T18:04:07+00:00\" \/>\n<meta property=\"og:image\" content=\"https:\/\/cdn-static.findly.com\/wp-content\/uploads\/sites\/795\/2019\/03\/hgv_careers_intern-video_screenshot.jpg\" \/>\n<meta name=\"twitter:label1\" content=\"Tiempo de lectura\" \/>\n\t<meta name=\"twitter:data1\" content=\"5 minutos\" \/>\n<script type=\"application\/ld+json\" class=\"yoast-schema-graph\">{\"@context\":\"https:\/\/schema.org\",\"@graph\":[{\"@type\":\"WebPage\",\"@id\":\"https:\/\/hgv.cert.xcc.smashfly.io\/es\/launch-career-industry-leader\/\",\"url\":\"https:\/\/hgv.cert.xcc.smashfly.io\/es\/launch-career-industry-leader\/\",\"name\":\"Launch Your Career With An Industry Leader - Hilton Grand Vacations\",\"isPartOf\":{\"@id\":\"https:\/\/www.hgv.cert.xcc.smashfly.io\/#website\"},\"primaryImageOfPage\":{\"@id\":\"https:\/\/hgv.cert.xcc.smashfly.io\/es\/launch-career-industry-leader\/#primaryimage\"},\"image\":{\"@id\":\"https:\/\/hgv.cert.xcc.smashfly.io\/es\/launch-career-industry-leader\/#primaryimage\"},\"thumbnailUrl\":\"https:\/\/cdn-static.findly.com\/wp-content\/uploads\/sites\/795\/2019\/03\/hgv_careers_intern-video_screenshot.jpg\",\"datePublished\":\"2019-04-19T14:42:44+00:00\",\"dateModified\":\"2019-05-24T18:04:07+00:00\",\"breadcrumb\":{\"@id\":\"https:\/\/hgv.cert.xcc.smashfly.io\/es\/launch-career-industry-leader\/#breadcrumb\"},\"inLanguage\":\"es\",\"potentialAction\":[{\"@type\":\"ReadAction\",\"target\":[\"https:\/\/hgv.cert.xcc.smashfly.io\/es\/launch-career-industry-leader\/\"]}]},{\"@type\":\"ImageObject\",\"inLanguage\":\"es\",\"@id\":\"https:\/\/hgv.cert.xcc.smashfly.io\/es\/launch-career-industry-leader\/#primaryimage\",\"url\":\"https:\/\/cdn-static.findly.com\/wp-content\/uploads\/sites\/795\/2019\/03\/hgv_careers_intern-video_screenshot.jpg\",\"contentUrl\":\"https:\/\/cdn-static.findly.com\/wp-content\/uploads\/sites\/795\/2019\/03\/hgv_careers_intern-video_screenshot.jpg\"},{\"@type\":\"BreadcrumbList\",\"@id\":\"https:\/\/hgv.cert.xcc.smashfly.io\/es\/launch-career-industry-leader\/#breadcrumb\",\"itemListElement\":[{\"@type\":\"ListItem\",\"position\":1,\"name\":\"Home\",\"item\":\"https:\/\/hgv.cert.xcc.smashfly.io\/es\/\"},{\"@type\":\"ListItem\",\"position\":2,\"name\":\"Launch Your Career With An Industry Leader\"}]},{\"@type\":\"WebSite\",\"@id\":\"https:\/\/www.hgv.cert.xcc.smashfly.io\/#website\",\"url\":\"https:\/\/www.hgv.cert.xcc.smashfly.io\/\",\"name\":\"Hilton Grand Vacations\",\"description\":\"Hilton Grand Vacations Candidate Experience Site\",\"potentialAction\":[{\"@type\":\"SearchAction\",\"target\":{\"@type\":\"EntryPoint\",\"urlTemplate\":\"https:\/\/www.hgv.cert.xcc.smashfly.io\/?s={search_term_string}\"},\"query-input\":\"required name=search_term_string\"}],\"inLanguage\":\"es\"}]}<\/script>\n<!-- \/ Yoast SEO Premium plugin. -->","yoast_head_json":{"title":"Launch Your Career With An Industry Leader - Hilton Grand Vacations","robots":{"index":"index","follow":"follow","max-snippet":"max-snippet:-1","max-image-preview":"max-image-preview:large","max-video-preview":"max-video-preview:-1"},"canonical":"https:\/\/hgv.cert.xcc.smashfly.io\/es\/launch-career-industry-leader\/","og_locale":"es_ES","og_type":"article","og_title":"Launch Your Career With An Industry Leader","og_url":"https:\/\/hgv.cert.xcc.smashfly.io\/es\/launch-career-industry-leader\/","og_site_name":"Hilton Grand Vacations","article_modified_time":"2019-05-24T18:04:07+00:00","og_image":[{"url":"https:\/\/cdn-static.findly.com\/wp-content\/uploads\/sites\/795\/2019\/03\/hgv_careers_intern-video_screenshot.jpg"}],"twitter_misc":{"Tiempo de lectura":"5 minutos"},"schema":{"@context":"https:\/\/schema.org","@graph":[{"@type":"WebPage","@id":"https:\/\/hgv.cert.xcc.smashfly.io\/es\/launch-career-industry-leader\/","url":"https:\/\/hgv.cert.xcc.smashfly.io\/es\/launch-career-industry-leader\/","name":"Launch Your Career With An Industry Leader - Hilton Grand Vacations","isPartOf":{"@id":"https:\/\/www.hgv.cert.xcc.smashfly.io\/#website"},"primaryImageOfPage":{"@id":"https:\/\/hgv.cert.xcc.smashfly.io\/es\/launch-career-industry-leader\/#primaryimage"},"image":{"@id":"https:\/\/hgv.cert.xcc.smashfly.io\/es\/launch-career-industry-leader\/#primaryimage"},"thumbnailUrl":"https:\/\/cdn-static.findly.com\/wp-content\/uploads\/sites\/795\/2019\/03\/hgv_careers_intern-video_screenshot.jpg","datePublished":"2019-04-19T14:42:44+00:00","dateModified":"2019-05-24T18:04:07+00:00","breadcrumb":{"@id":"https:\/\/hgv.cert.xcc.smashfly.io\/es\/launch-career-industry-leader\/#breadcrumb"},"inLanguage":"es","potentialAction":[{"@type":"ReadAction","target":["https:\/\/hgv.cert.xcc.smashfly.io\/es\/launch-career-industry-leader\/"]}]},{"@type":"ImageObject","inLanguage":"es","@id":"https:\/\/hgv.cert.xcc.smashfly.io\/es\/launch-career-industry-leader\/#primaryimage","url":"https:\/\/cdn-static.findly.com\/wp-content\/uploads\/sites\/795\/2019\/03\/hgv_careers_intern-video_screenshot.jpg","contentUrl":"https:\/\/cdn-static.findly.com\/wp-content\/uploads\/sites\/795\/2019\/03\/hgv_careers_intern-video_screenshot.jpg"},{"@type":"BreadcrumbList","@id":"https:\/\/hgv.cert.xcc.smashfly.io\/es\/launch-career-industry-leader\/#breadcrumb","itemListElement":[{"@type":"ListItem","position":1,"name":"Home","item":"https:\/\/hgv.cert.xcc.smashfly.io\/es\/"},{"@type":"ListItem","position":2,"name":"Launch Your Career With An Industry Leader"}]},{"@type":"WebSite","@id":"https:\/\/www.hgv.cert.xcc.smashfly.io\/#website","url":"https:\/\/www.hgv.cert.xcc.smashfly.io\/","name":"Hilton Grand Vacations","description":"Hilton Grand Vacations Candidate Experience Site","potentialAction":[{"@type":"SearchAction","target":{"@type":"EntryPoint","urlTemplate":"https:\/\/www.hgv.cert.xcc.smashfly.io\/?s={search_term_string}"},"query-input":"required name=search_term_string"}],"inLanguage":"es"}]}},"_links":{"self":[{"href":"https:\/\/hgv.cert.xcc.smashfly.io\/es\/wp-json\/wp\/v2\/pages\/15908","targetHints":{"allow":["GET"]}}],"collection":[{"href":"https:\/\/hgv.cert.xcc.smashfly.io\/es\/wp-json\/wp\/v2\/pages"}],"about":[{"href":"https:\/\/hgv.cert.xcc.smashfly.io\/es\/wp-json\/wp\/v2\/types\/page"}],"author":[{"embeddable":true,"href":"https:\/\/hgv.cert.xcc.smashfly.io\/es\/wp-json\/wp\/v2\/users\/946"}],"replies":[{"embeddable":true,"href":"https:\/\/hgv.cert.xcc.smashfly.io\/es\/wp-json\/wp\/v2\/comments?post=15908"}],"version-history":[{"count":1,"href":"https:\/\/hgv.cert.xcc.smashfly.io\/es\/wp-json\/wp\/v2\/pages\/15908\/revisions"}],"predecessor-version":[{"id":26598,"href":"https:\/\/hgv.cert.xcc.smashfly.io\/es\/wp-json\/wp\/v2\/pages\/15908\/revisions\/26598"}],"wp:attachment":[{"href":"https:\/\/hgv.cert.xcc.smashfly.io\/es\/wp-json\/wp\/v2\/media?parent=15908"}],"wp:term":[{"taxonomy":"persona","embeddable":true,"href":"https:\/\/hgv.cert.xcc.smashfly.io\/es\/wp-json\/wp\/v2\/persona?post=15908"}],"curies":[{"name":"wp","href":"https:\/\/api.w.org\/{rel}","templated":true}]}}