{"id":7169,"date":"2018-05-09T14:32:09","date_gmt":"2018-05-09T19:32:09","guid":{"rendered":"http:\/\/hiltongrandvacations-v2.qa.wp.findly.com\/?page_id=7169\/"},"modified":"2022-09-05T06:27:42","modified_gmt":"2022-09-05T11:27:42","slug":"areas-of-talent","status":"publish","type":"page","link":"https:\/\/hgv.cert.xcc.smashfly.io\/es\/areas-of-talent\/","title":{"rendered":"\u00c1reas de talento"},"content":{"rendered":"<\/div><\/div><\/div><!-- close content main div --><\/div><\/div><div id='av_section_1' class='avia-section main_color avia-section-no-padding avia-no-border-styling avia-bg-style-scroll  header-banner container_wrap fullsize'   ><div class='container' ><div class='template-page content  av-content-full alpha units'><div class='post-entry post-entry-type-page post-entry-7169'><div class='entry-content-wrapper clearfix'>\n<div class='avia-image-container  av-styling-    avia-align-center '  itemscope=\"itemscope\" itemtype=\"https:\/\/schema.org\/ImageObject\"  ><div class='avia-image-container-inner'><img class='avia_image ' src='https:\/\/hgv.cert.xcc.smashfly.io\/wp-content\/uploads\/sites\/2484\/2018\/04\/areas1.jpg' alt='smiling HGV team member cook' title=''   itemprop=\"contentURL\"  \/><\/div><\/div>\n\n<\/div><\/div><\/div><!-- close content main div --><\/div><\/div><div id='av_section_2' class='avia-section main_color avia-section-no-padding avia-no-border-styling avia-bg-style-scroll  full-width-section title-bar av-minimum-height av-minimum-height-custom container_wrap fullsize'   ><div class='container' style='height:98px'><div class='template-page content  av-content-full alpha units'><div class='post-entry post-entry-type-page post-entry-7169'><div class='entry-content-wrapper clearfix'>\n<section class=\"av_textblock_section\"  itemscope=\"itemscope\" itemtype=\"https:\/\/schema.org\/CreativeWork\" ><div class='avia_textblock '   itemprop=\"text\" ><h1><img decoding=\"async\" class=\"avia_image \" title=\"\" src=\"https:\/\/cdn-static.findly.com\/wp-content\/uploads\/sites\/608\/2018\/07\/HC4584-hilgrv-cws-pagetitle-talentareas-spn.png\" alt=\"\u00c1reas de talento\" \/><\/h1>\n<\/div><\/section>\n\n<\/div><\/div><\/div><!-- close content main div --><\/div><\/div><div id='av_section_3' class='avia-section main_color avia-section-default avia-no-border-styling avia-bg-style-scroll  body-content container_wrap fullsize'   ><div class='container' ><div class='template-page content  av-content-full alpha units'><div class='post-entry post-entry-type-page post-entry-7169'><div class='entry-content-wrapper clearfix'>\n<div class=\"flex_column av_one_fifth  flex_column_div av-zero-column-padding first  \" style='border-radius:0px; '><\/div><div class=\"flex_column av_three_fifth  flex_column_div av-zero-column-padding   \" style='border-radius:0px; '><section class=\"av_textblock_section\"  itemscope=\"itemscope\" itemtype=\"https:\/\/schema.org\/CreativeWork\" ><div class='avia_textblock '   itemprop=\"text\" ><p>En Hilton Grand Vacations, nuestras \u00e1reas de talentos son tan diversas y variadas como las vacaciones que ofrecemos. Nos esforzamos por crear un entorno que inspire a los miembros de nuestro equipo a aprovechar sus habilidades y su experiencia, a la vez que desarrollan nuevas capacidades a medida que avanzan en su carrera. Sin importar cu\u00e1les sean sus intereses, tenemos un lugar para usted en Hilton Grand Vacations.<\/p>\n<\/div><\/section><\/div><div class=\"flex_column av_one_fifth  flex_column_div av-zero-column-padding   \" style='border-radius:0px; '><\/div>\n\n<\/div><\/div><\/div><!-- close content main div --><\/div><\/div><div id='av_section_4' class='avia-section main_color avia-section-no-padding avia-no-border-styling avia-bg-style-scroll  location-tab-outer full-width-section color-light-blue container_wrap fullsize'   ><div class='container' ><div class='template-page content  av-content-full alpha units'><div class='post-entry post-entry-type-page post-entry-7169'><div class='entry-content-wrapper clearfix'>\n<div class=\"tabcontainer  top_tab   location-tabs areas-tabs fs-medium\">\n\n<section class=\"av_tab_section\"  itemscope=\"itemscope\" itemtype=\"https:\/\/schema.org\/CreativeWork\" >    <div data-fake-id=\"#tab-id-1\" class=\"tab active_tab\"  itemprop=\"headline\" >CENTRO DE ATENCI\u00d3N<br \/>\nTELEF\u00d3NICA<\/div>\n    <div id=\"tab-id-1-container\" class=\"tab_content active_tab_content\">\n        <div class=\"tab_inner_content invers-color\"  itemprop=\"text\" >\n<div class=\"location-inner area-talent\">\n<h2 class=\"area-talent-title\">CENTRO DE ATENCI\u00d3N TELEF\u00d3NICA<\/h2>\n<p>Use un buen nivel de comunicaci\u00f3n y una actitud positiva para dar impulso a los sue\u00f1os vacacionales como miembro del equipo del centro de atenci\u00f3n telef\u00f3nica. En esta funci\u00f3n, ser\u00e1 nuestro experto en soluciones vacacionales, pues conectar\u00e1 a los clientes con sus vacaciones ideales antes de que siquiera pisen el interior de uno de nuestros resorts. En este entorno en\u00e9rgico y din\u00e1mico, hablar\u00e1 con los hu\u00e9spedes todos los d\u00edas para vender paquetes vacacionales, planear aventuras de viaje y generar expectativas de unas vacaciones emocionantes.<\/p>\n<div class=\"cente-align\"><a href=\"\/es\/job-search-results-2\/?parent_category=Call%20Center\" class=\"yellow-btn\">Ver los empleos en los centros de atenci\u00f3n telef\u00f3nica<\/a><\/div>\n<div class=\"video-image\"><a href=\"https:\/\/www.youtube.com\/watch?v=2l7KmWV_yQ0?rel=0&amp;controls=0?autoplay=1\" class=\"open-popup-link\"><img decoding=\"async\" src=\"https:\/\/cdn-static.findly.com\/wp-content\/uploads\/sites\/608\/2018\/06\/HC4147-hilgrv-cws-areasoftalent-video-callcenter.jpg\" alt=\"YouTube video: Opportunity is Calling - Hear From Our Hilton Grand Vacations' Call Center Team\" \/><\/a><br \/>\n<a href=\"\/es\/opportunity-calling-hear-hilton-grand-vacations-call-center-team\/\" aria-label=\"Video transcript for WHAT OPPORTUNITY WILL YOU MAKE? HEAR FROM OUR HILTON GRAND VACATIONS\u2019 SALES TEAM \" class=\"video-trascript-link\" title=\"YouTube video\">Video transcript<\/a><\/div>\n<\/div>\n\n        <\/div>\n    <\/div>\n<\/section>\n\n<section class=\"av_tab_section\"  itemscope=\"itemscope\" itemtype=\"https:\/\/schema.org\/CreativeWork\" >    <div data-fake-id=\"#tab-id-2\" class=\"tab \"  itemprop=\"headline\" >CORPORATIVO<\/div>\n    <div id=\"tab-id-2-container\" class=\"tab_content \">\n        <div class=\"tab_inner_content invers-color\"  itemprop=\"text\" >\n<div class=\"location-inner area-talent\">\n<h2 class=\"area-talent-title\">CORPORATIVO<\/h2>\n<p>\u00danase a un equipo diverso de profesionales motivados y desempe\u00f1e un papel principal en la direcci\u00f3n de nuestra industria. Cada miembro del equipo corporativo desempe\u00f1a un papel integral, pues aporta innovaciones creativas y un liderazgo progresivo para nuestras iniciativas de comercio global. Ofrecemos oportunidades corporativas que coinciden con cada tipo de experiencia, desde tecnolog\u00edas de la informaci\u00f3n hasta desarrollo y legales. Cada \u00e1rea de nuestro entorno corporativo refleja el ambiente informal y acogedor que solo la industria de la hospitalidad puede brindar, a la vez que demuestra su compromiso con la entrega de experiencia, productos y servicios de primer nivel en nuestro trabajo.<\/p>\n<div class=\"cente-align\"><a href=\"\/es\/job-search-results-2\/?parent_category=Corporate\" class=\"yellow-btn\">Vea empleos corporativos<\/a><\/div>\n<p><!--\n\n\n\n\n<div class=\"video-image\"><a href=\"https:\/\/www.youtube.com\/watch?v=zrKcctpeNPo?rel=0&controls=0?autoplay=1\" class=\"open-popup-link\"><img decoding=\"async\" src=\"https:\/\/cdn-static.findly.com\/wp-content\/uploads\/sites\/608\/2018\/06\/HC4147-hilgrv-cws-areasoftalent-video-corp.jpg\" alt=\"YouTube video: What Impact Will You Make? Hear From Our Hilton Grand Vacations' Corporate Team\" \/><\/a>\n<a href=\"\/es\/impact-will-make-hear-hilton-grand-vacations-corporate-team\/\" aria-label=\"Video transcript for What Impact Will You Make? Hear From Our Hilton Grand Vacations' Corporate Team \" class=\"video-trascript-link\" title=\"YouTube video\">Video transcript<\/a><\/div>\n\n\n\n\n--><\/p>\n<\/div>\n\n        <\/div>\n    <\/div>\n<\/section>\n\n<section class=\"av_tab_section\"  itemscope=\"itemscope\" itemtype=\"https:\/\/schema.org\/CreativeWork\" >    <div data-fake-id=\"#tab-id-3\" class=\"tab \"  itemprop=\"headline\" >MARKETING<\/div>\n    <div id=\"tab-id-3-container\" class=\"tab_content \">\n        <div class=\"tab_inner_content invers-color\"  itemprop=\"text\" >\n<div class=\"location-inner area-talent\">\n<h2 class=\"area-talent-title\">MARKETING<\/h2>\n<p>Mu\u00e9streles a los hu\u00e9spedes el primer vistazo de lo que les espera en Hilton Grand Vacations. Promocione nuestra marca y ayude a aumentar la base de miembros del club invitando a hu\u00e9spedes selectos a obtener m\u00e1s informaci\u00f3n sobre las oportunidades de propiedad con una presentaci\u00f3n personal de ventas. Al orientar la experiencia inicial que tienen los hu\u00e9spedes con nuestra marca, tiene la oportunidad de mostrarles a posibles miembros del club c\u00f3mo nuestros destinos vacacionales de primer nivel y nuestros servicios de lujo pueden mejorar su estilo de vida vacacional.<\/p>\n<div class=\"cente-align\"><a href=\"\/es\/job-search-results-2\/?parent_category=Marketing\" class=\"yellow-btn\">Vea empleos en marketing<\/a><\/div>\n<div class=\"video-image\"><a href=\"https:\/\/www.youtube.com\/watch?v=WdDBKl2vOsA?rel=0&amp;controls=0?autoplay=1\" class=\"open-popup-link\"><img decoding=\"async\" src=\"https:\/\/cdn-static.findly.com\/wp-content\/uploads\/sites\/608\/2018\/06\/HC4147-hilgrv-cws-areasoftalent-video-mktg.jpg\" alt=\"YouTube video: Imagine Your Potential - Hear From Our Hilton Grand Vacations' Marketing Team\" \/><\/a><br \/>\n<a href=\"\/es\/imagine-potential-hear-hilton-grand-vacations-marketing-team\/\" aria-label=\"Video transcript for IMAGINE YOUR POTENTIAL \u2013 HEAR FROM OUR HILTON GRAND VACATIONS\u2019 MARKETING TEAM\" class=\"video-trascript-link\" title=\"YouTube video\">Video transcript<\/a><\/div>\n<\/div>\n\n        <\/div>\n    <\/div>\n<\/section>\n\n<section class=\"av_tab_section\"  itemscope=\"itemscope\" itemtype=\"https:\/\/schema.org\/CreativeWork\" >    <div data-fake-id=\"#tab-id-4\" class=\"tab \"  itemprop=\"headline\" >OPERACIONES DE RESORTS<\/div>\n    <div id=\"tab-id-4-container\" class=\"tab_content \">\n        <div class=\"tab_inner_content invers-color\"  itemprop=\"text\" >\n<div class=\"location-inner area-talent\">\n<h2 class=\"area-talent-title\">OPERACIONES DE RESORTS<\/h2>\n<p>\u00danase a nuestro equipo de operaciones de resorts para ser el centro de las experiencias excepcionales para los hu\u00e9spedes. En cada una de nuestras funciones, desde administraci\u00f3n hasta recreaci\u00f3n, alegrar\u00e1 el d\u00eda de las personas, todos los d\u00edas. Sea que est\u00e9 generando un ambiente hermoso en nuestros hoteles y resorts o brindando un esp\u00edritu acogedor y amigable que garantice que cada interacci\u00f3n con los miembros del club y con los hu\u00e9spedes sea especial, su funci\u00f3n en nuestro equipo de operaciones de resorts ser\u00e1 fundamental para generar recuerdos inolvidables para nuestros hu\u00e9spedes.<\/p>\n<div class=\"cente-align\"><a href=\"\/es\/job-search-results-2\/?parent_category=Resort%20Operations\" class=\"yellow-btn\">Vea trabajos en operaciones de resorts<\/a><\/div>\n<div class=\"video-image\"><a href=\"https:\/\/www.youtube.com\/watch?v=neF-ZBH7Xnc?rel=0&amp;controls=0?autoplay=1\" class=\"open-popup-link\"><img decoding=\"async\" src=\"https:\/\/cdn-static.findly.com\/wp-content\/uploads\/sites\/608\/2018\/06\/HC4147-hilgrv-cws-areasoftalent-video-resortope.jpg\" alt=\"YouTube video: Where Will You Grow? Hear From Our Hilton Grand Vacations' Resort Operations Team\" \/><\/a><br \/>\n<a href=\"\/es\/will-grow-hear-hilton-grand-vacations-resort-operations-team\/\" aria-label=\"Video transcript for WHERE WILL YOU GROW? HEAR FROM OUR HILTON GRAND VACATIONS\u2019 RESORT OPERATIONS TEAM \" class=\"video-trascript-link\" title=\"YouTube video\">Video transcript<\/a><\/div>\n<\/div>\n\n        <\/div>\n    <\/div>\n<\/section>\n\n<section class=\"av_tab_section\"  itemscope=\"itemscope\" itemtype=\"https:\/\/schema.org\/CreativeWork\" >    <div data-fake-id=\"#tab-id-5\" class=\"tab \"  itemprop=\"headline\" >VENTAS<\/div>\n    <div id=\"tab-id-5-container\" class=\"tab_content \">\n        <div class=\"tab_inner_content invers-color\"  itemprop=\"text\" >\n<div class=\"location-inner area-talent\">\n<h2 class=\"area-talent-title\">VENTAS<\/h2>\n<p>\u00danase a nuestro equipo de ventas de primer nivel y dirija a miembros del club actuales y futuros a su estilo de vida vacacional perfecto. Con m\u00e1s de 285.000 miembros del club, una presencia global admirable y oportunidades de viaje que se adaptan a pr\u00e1cticamente cualquier tipo de inter\u00e9s vacacional, Hilton Grand Vacations ofrece un alto potencial de ingresos para el personal de ventas con mejor desempe\u00f1o. Los mejores ejecutivos de ventas sienten pasi\u00f3n por nuestro programa de propiedades de tiempo compartido, tienen el deseo de ayudar a los viajeros exigentes a explorar el mundo y son expertos en explicar los beneficios de la experiencia en Hilton Grand Vacations a miembros potenciales del club.<\/p>\n<div class=\"cente-align\"><a href=\"\/es\/job-search-results-2\/?parent_category=Sales\" class=\"yellow-btn\">Vea empleos en ventas<\/a><\/div>\n<div class=\"video-image\"><a href=\"https:\/\/www.youtube.com\/watch?v=t2L9DMboVCk?rel=0&amp;controls=0?autoplay=1\" class=\"open-popup-link\"><img decoding=\"async\" src=\"https:\/\/cdn-static.findly.com\/wp-content\/uploads\/sites\/608\/2018\/06\/HC4147-hilgrv-cws-areasoftalent-video-sales.jpg\" alt=\"YouTube video: What Opportunity Will You Make? Hear From Our Hilton Grand Vacations' Sales Team\" \/><\/a><br \/>\n<a href=\"\/es\/opportunity-will-make-hear-hilton-grand-vacations-sales-team\/\" aria-label=\"Video transcript for WHAT OPPORTUNITY WILL YOU MAKE? HEAR FROM OUR HILTON GRAND VACATIONS\u2019 SALES TEAM \" class=\"video-trascript-link\" title=\"YouTube video\">Video transcript<\/a><\/div>\n<\/div>\n\n        <\/div>\n    <\/div>\n<\/section>\n\n<section class=\"av_tab_section\"  itemscope=\"itemscope\" itemtype=\"https:\/\/schema.org\/CreativeWork\" >    <div data-fake-id=\"#tab-id-6\" class=\"tab \"  itemprop=\"headline\" >PASANT\u00cdAS<\/div>\n    <div id=\"tab-id-6-container\" class=\"tab_content \">\n        <div class=\"tab_inner_content invers-color\"  itemprop=\"text\" >\n<div class=\"location-inner area-talent\">\n<h2 class=\"area-talent-title\">PASANT\u00cdAS<\/h2>\n<p>Hilton Grand Vacations brinda una gran cantidad de oportunidades laborales en algunos de los destinos m\u00e1s buscados del mundo. Gracias a nuestros programas de pasant\u00edas, extendemos oportunidades a los futuros l\u00edderes en la industria de la hospitalidad mediante experiencias supervisadas de aprendizaje en el trabajo, dise\u00f1adas con el desarrollo educativo y profesional como objetivo principal. Nuestras pasant\u00edas les dan a los estudiantes la oportunidad de conocer a l\u00edderes ejecutivos, asistir a eventos de establecimiento de contactos y de realizar trabajos significativos en proyectos complejos para desarrollar su experiencia. Con cada uno de los programas para estudiantes, nos esforzamos por ayudarlo a dar el impulso inicial a su carrera y a alcanzar todo su potencial.<\/p>\n<div class=\"cente-align\"><a href=\"\/es\/job-search-results-2\/?sub_category=Internships\" class=\"yellow-btn\">Vea oportunidades de pasant\u00edas<\/a><\/div>\n<div class=\"video-image\"><!--<a href=\"https:\/\/www.youtube.com\/watch?v=3MzPZvPl2eo?rel=0&controls=0?autoplay=1\" class=\"open-popup-link\"><img decoding=\"async\" src=\"https:\/\/cdn-static.findly.com\/wp-content\/uploads\/sites\/608\/2018\/04\/ved-areas.jpg\" alt=\"imagen del video del centro de atenci\u00f3n telef\u00f3nica\" \/><\/a>--><\/div>\n<\/div>\n\n        <\/div>\n    <\/div>\n<\/section>\n\n<\/div>\n\n\n","protected":false},"excerpt":{"rendered":"","protected":false},"author":179,"featured_media":0,"parent":0,"menu_order":0,"comment_status":"closed","ping_status":"closed","template":"","meta":{"footnotes":""},"persona":[],"class_list":["post-7169","page","type-page","status-publish","hentry"],"yoast_head":"<!-- This site is optimized with the Yoast SEO Premium plugin v22.8 (Yoast SEO v22.8) - https:\/\/yoast.com\/wordpress\/plugins\/seo\/ -->\n<title>Conozca las \u00e1reas de oportunidades laborales en HGV. Tenemos un lugar para usted.<\/title>\n<meta name=\"description\" content=\"En Hilton Grand Vacations, nuestras \u00e1reas de talento son tan variadas como las vacaciones que ofrecemos. Desarrolle nuevas habilidades y avance en su carrera. Conozca los empleos disponibles.\" \/>\n<meta name=\"robots\" content=\"index, follow, max-snippet:-1, max-image-preview:large, max-video-preview:-1\" \/>\n<link rel=\"canonical\" href=\"https:\/\/hgv.cert.xcc.smashfly.io\/es\/areas-of-talent\/\" \/>\n<meta property=\"og:locale\" content=\"es_ES\" \/>\n<meta property=\"og:type\" content=\"article\" \/>\n<meta property=\"og:title\" content=\"\u00c1reas de talento\" \/>\n<meta property=\"og:description\" content=\"En Hilton Grand Vacations, nuestras \u00e1reas de talento son tan variadas como las vacaciones que ofrecemos. Desarrolle nuevas habilidades y avance en su carrera. Conozca los empleos disponibles.\" \/>\n<meta property=\"og:url\" content=\"https:\/\/hgv.cert.xcc.smashfly.io\/es\/areas-of-talent\/\" \/>\n<meta property=\"og:site_name\" content=\"Hilton Grand Vacations\" \/>\n<meta property=\"article:modified_time\" content=\"2022-09-05T11:27:42+00:00\" \/>\n<meta property=\"og:image\" content=\"https:\/\/cdn-static.findly.com\/wp-content\/uploads\/sites\/608\/2018\/07\/HC4584-hilgrv-cws-pagetitle-talentareas-spn.png\" \/>\n<meta name=\"twitter:label1\" content=\"Tiempo de lectura\" \/>\n\t<meta name=\"twitter:data1\" content=\"7 minutos\" \/>\n<script type=\"application\/ld+json\" class=\"yoast-schema-graph\">{\"@context\":\"https:\/\/schema.org\",\"@graph\":[{\"@type\":\"WebPage\",\"@id\":\"https:\/\/hgv.cert.xcc.smashfly.io\/es\/areas-of-talent\/\",\"url\":\"https:\/\/hgv.cert.xcc.smashfly.io\/es\/areas-of-talent\/\",\"name\":\"Conozca las \u00e1reas de oportunidades laborales en HGV. Tenemos un lugar para usted.\",\"isPartOf\":{\"@id\":\"https:\/\/www.hgv.cert.xcc.smashfly.io\/#website\"},\"primaryImageOfPage\":{\"@id\":\"https:\/\/hgv.cert.xcc.smashfly.io\/es\/areas-of-talent\/#primaryimage\"},\"image\":{\"@id\":\"https:\/\/hgv.cert.xcc.smashfly.io\/es\/areas-of-talent\/#primaryimage\"},\"thumbnailUrl\":\"https:\/\/cdn-static.findly.com\/wp-content\/uploads\/sites\/608\/2018\/07\/HC4584-hilgrv-cws-pagetitle-talentareas-spn.png\",\"datePublished\":\"2018-05-09T19:32:09+00:00\",\"dateModified\":\"2022-09-05T11:27:42+00:00\",\"description\":\"En Hilton Grand Vacations, nuestras \u00e1reas de talento son tan variadas como las vacaciones que ofrecemos. Desarrolle nuevas habilidades y avance en su carrera. Conozca los empleos disponibles.\",\"breadcrumb\":{\"@id\":\"https:\/\/hgv.cert.xcc.smashfly.io\/es\/areas-of-talent\/#breadcrumb\"},\"inLanguage\":\"es\",\"potentialAction\":[{\"@type\":\"ReadAction\",\"target\":[\"https:\/\/hgv.cert.xcc.smashfly.io\/es\/areas-of-talent\/\"]}]},{\"@type\":\"ImageObject\",\"inLanguage\":\"es\",\"@id\":\"https:\/\/hgv.cert.xcc.smashfly.io\/es\/areas-of-talent\/#primaryimage\",\"url\":\"https:\/\/cdn-static.findly.com\/wp-content\/uploads\/sites\/608\/2018\/07\/HC4584-hilgrv-cws-pagetitle-talentareas-spn.png\",\"contentUrl\":\"https:\/\/cdn-static.findly.com\/wp-content\/uploads\/sites\/608\/2018\/07\/HC4584-hilgrv-cws-pagetitle-talentareas-spn.png\"},{\"@type\":\"BreadcrumbList\",\"@id\":\"https:\/\/hgv.cert.xcc.smashfly.io\/es\/areas-of-talent\/#breadcrumb\",\"itemListElement\":[{\"@type\":\"ListItem\",\"position\":1,\"name\":\"Home\",\"item\":\"https:\/\/hgv.cert.xcc.smashfly.io\/es\/\"},{\"@type\":\"ListItem\",\"position\":2,\"name\":\"\u00c1reas de talento\"}]},{\"@type\":\"WebSite\",\"@id\":\"https:\/\/www.hgv.cert.xcc.smashfly.io\/#website\",\"url\":\"https:\/\/www.hgv.cert.xcc.smashfly.io\/\",\"name\":\"Hilton Grand Vacations\",\"description\":\"Hilton Grand Vacations Candidate Experience Site\",\"potentialAction\":[{\"@type\":\"SearchAction\",\"target\":{\"@type\":\"EntryPoint\",\"urlTemplate\":\"https:\/\/www.hgv.cert.xcc.smashfly.io\/?s={search_term_string}\"},\"query-input\":\"required name=search_term_string\"}],\"inLanguage\":\"es\"}]}<\/script>\n<!-- \/ Yoast SEO Premium plugin. -->","yoast_head_json":{"title":"Conozca las \u00e1reas de oportunidades laborales en HGV. Tenemos un lugar para usted.","description":"En Hilton Grand Vacations, nuestras \u00e1reas de talento son tan variadas como las vacaciones que ofrecemos. Desarrolle nuevas habilidades y avance en su carrera. Conozca los empleos disponibles.","robots":{"index":"index","follow":"follow","max-snippet":"max-snippet:-1","max-image-preview":"max-image-preview:large","max-video-preview":"max-video-preview:-1"},"canonical":"https:\/\/hgv.cert.xcc.smashfly.io\/es\/areas-of-talent\/","og_locale":"es_ES","og_type":"article","og_title":"\u00c1reas de talento","og_description":"En Hilton Grand Vacations, nuestras \u00e1reas de talento son tan variadas como las vacaciones que ofrecemos. Desarrolle nuevas habilidades y avance en su carrera. Conozca los empleos disponibles.","og_url":"https:\/\/hgv.cert.xcc.smashfly.io\/es\/areas-of-talent\/","og_site_name":"Hilton Grand Vacations","article_modified_time":"2022-09-05T11:27:42+00:00","og_image":[{"url":"https:\/\/cdn-static.findly.com\/wp-content\/uploads\/sites\/608\/2018\/07\/HC4584-hilgrv-cws-pagetitle-talentareas-spn.png"}],"twitter_misc":{"Tiempo de lectura":"7 minutos"},"schema":{"@context":"https:\/\/schema.org","@graph":[{"@type":"WebPage","@id":"https:\/\/hgv.cert.xcc.smashfly.io\/es\/areas-of-talent\/","url":"https:\/\/hgv.cert.xcc.smashfly.io\/es\/areas-of-talent\/","name":"Conozca las \u00e1reas de oportunidades laborales en HGV. Tenemos un lugar para usted.","isPartOf":{"@id":"https:\/\/www.hgv.cert.xcc.smashfly.io\/#website"},"primaryImageOfPage":{"@id":"https:\/\/hgv.cert.xcc.smashfly.io\/es\/areas-of-talent\/#primaryimage"},"image":{"@id":"https:\/\/hgv.cert.xcc.smashfly.io\/es\/areas-of-talent\/#primaryimage"},"thumbnailUrl":"https:\/\/cdn-static.findly.com\/wp-content\/uploads\/sites\/608\/2018\/07\/HC4584-hilgrv-cws-pagetitle-talentareas-spn.png","datePublished":"2018-05-09T19:32:09+00:00","dateModified":"2022-09-05T11:27:42+00:00","description":"En Hilton Grand Vacations, nuestras \u00e1reas de talento son tan variadas como las vacaciones que ofrecemos. Desarrolle nuevas habilidades y avance en su carrera. Conozca los empleos disponibles.","breadcrumb":{"@id":"https:\/\/hgv.cert.xcc.smashfly.io\/es\/areas-of-talent\/#breadcrumb"},"inLanguage":"es","potentialAction":[{"@type":"ReadAction","target":["https:\/\/hgv.cert.xcc.smashfly.io\/es\/areas-of-talent\/"]}]},{"@type":"ImageObject","inLanguage":"es","@id":"https:\/\/hgv.cert.xcc.smashfly.io\/es\/areas-of-talent\/#primaryimage","url":"https:\/\/cdn-static.findly.com\/wp-content\/uploads\/sites\/608\/2018\/07\/HC4584-hilgrv-cws-pagetitle-talentareas-spn.png","contentUrl":"https:\/\/cdn-static.findly.com\/wp-content\/uploads\/sites\/608\/2018\/07\/HC4584-hilgrv-cws-pagetitle-talentareas-spn.png"},{"@type":"BreadcrumbList","@id":"https:\/\/hgv.cert.xcc.smashfly.io\/es\/areas-of-talent\/#breadcrumb","itemListElement":[{"@type":"ListItem","position":1,"name":"Home","item":"https:\/\/hgv.cert.xcc.smashfly.io\/es\/"},{"@type":"ListItem","position":2,"name":"\u00c1reas de talento"}]},{"@type":"WebSite","@id":"https:\/\/www.hgv.cert.xcc.smashfly.io\/#website","url":"https:\/\/www.hgv.cert.xcc.smashfly.io\/","name":"Hilton Grand Vacations","description":"Hilton Grand Vacations Candidate Experience Site","potentialAction":[{"@type":"SearchAction","target":{"@type":"EntryPoint","urlTemplate":"https:\/\/www.hgv.cert.xcc.smashfly.io\/?s={search_term_string}"},"query-input":"required name=search_term_string"}],"inLanguage":"es"}]}},"_links":{"self":[{"href":"https:\/\/hgv.cert.xcc.smashfly.io\/es\/wp-json\/wp\/v2\/pages\/7169","targetHints":{"allow":["GET"]}}],"collection":[{"href":"https:\/\/hgv.cert.xcc.smashfly.io\/es\/wp-json\/wp\/v2\/pages"}],"about":[{"href":"https:\/\/hgv.cert.xcc.smashfly.io\/es\/wp-json\/wp\/v2\/types\/page"}],"author":[{"embeddable":true,"href":"https:\/\/hgv.cert.xcc.smashfly.io\/es\/wp-json\/wp\/v2\/users\/179"}],"replies":[{"embeddable":true,"href":"https:\/\/hgv.cert.xcc.smashfly.io\/es\/wp-json\/wp\/v2\/comments?post=7169"}],"version-history":[{"count":3,"href":"https:\/\/hgv.cert.xcc.smashfly.io\/es\/wp-json\/wp\/v2\/pages\/7169\/revisions"}],"predecessor-version":[{"id":26601,"href":"https:\/\/hgv.cert.xcc.smashfly.io\/es\/wp-json\/wp\/v2\/pages\/7169\/revisions\/26601"}],"wp:attachment":[{"href":"https:\/\/hgv.cert.xcc.smashfly.io\/es\/wp-json\/wp\/v2\/media?parent=7169"}],"wp:term":[{"taxonomy":"persona","embeddable":true,"href":"https:\/\/hgv.cert.xcc.smashfly.io\/es\/wp-json\/wp\/v2\/persona?post=7169"}],"curies":[{"name":"wp","href":"https:\/\/api.w.org\/{rel}","templated":true}]}}