{"id":7209,"date":"2018-05-09T15:07:56","date_gmt":"2018-05-09T20:07:56","guid":{"rendered":"http:\/\/hiltongrandvacations-v2.qa.wp.findly.com\/?page_id=7209\/"},"modified":"2020-03-19T11:46:18","modified_gmt":"2020-03-19T16:46:18","slug":"job-search-results-2","status":"publish","type":"page","link":"https:\/\/hgv.cert.xcc.smashfly.io\/es\/job-search-results-2\/","title":{"rendered":"Resultados de la b\u00fasqueda de empleos"},"content":{"rendered":"<\/div><\/div><\/div><!-- close content main div --><\/div><\/div><div id='av_section_1' class='avia-section alternate_color avia-section-small avia-no-border-styling avia-bg-style-scroll  search-color container_wrap fullsize' style = 'background-color: #ffffff; background-color: #ffffff; '  ><div class='container' ><div class='template-page content  av-content-full alpha units'><div class='post-entry post-entry-type-page post-entry-7209'><div class='entry-content-wrapper clearfix'>\n<div class='flex_column_table av-equal-height-column-flextable' ><div class=\"flex_column av_one_fourth  flex_column_table_cell av-equal-height-column av-align-top av-zero-column-padding first   \" style='border-radius:0px; '><section class=\"av_textblock_section\"  itemscope=\"itemscope\" itemtype=\"https:\/\/schema.org\/CreativeWork\" ><div class='avia_textblock sjobs'   itemprop=\"text\" ><h1 class=\"widgettitle\">BUSCAR TRABAJOS<\/h1>\n<\/div><\/section><br \/>\n<div class='avia-builder-widget-area clearfix '><div id=\"widget_job_search_full-2\" class=\"widget clearfix widget-jobsearch-full\"><a id=\"toggleAdvSearch\" href=\"#\" aria-expanded=\"true\" role=\"button\" class=\"avia-button avia-color-theme-color avia-size-small\" onclick=\"searchToggle();return false;\" aria-controls=\"cws-search-form\"><span class=\"avia_iconbox_title\">Buscar Trabajos<\/span><\/a><div id=\"cws-search-form\" role=\"search\"><div class=\"w-form-row\"><div class=\"w-form-row-label\"><label for=\"cws_jobsearch_keywords\">Keywords or MOS Code<\/label><\/div><div class=\"w-form-row-field\"><input type=\"text\" class=\"text_input keyword_suggest\" name=\"keyword\" id=\"cws_jobsearch_keywords\"  placeholder=\"Palabras clave o c\u00f3digo MOS\"  data-param=\"SearchText\" aria-describedby=\"keyword-help\" value=\"\" \/><span id=\"keyword-help\" class=\"visually-hidden sr-only\" aria-live=\"polite\">Begin typing to find suggestions.<\/span><span class=\"w-form-row-field-bar\"><\/span><\/div><input type=\"hidden\" name=\"fuzzy\" id=\"cws_jobsearch_fuzzy\" data-param=\"fuzzy\" value=\"\" \/><\/div><div class=\"search-control-container container-parent-category custom\"><div class=\"w-form-row-label\"><label for=\"cws_jobsearch_parent_category\">Area of Talent<\/label><\/div><select name=\"parent_category\" id=\"cws_jobsearch_parent_category\" class=\"text_select \" data-param=\"facet\" data-facet=\"parent_category\"><option value=\"\">\u00c1rea de Talento<\/option><option value=\"Call Center\" >Call Center<\/option><option value=\"Corporate\" >Corporativo<\/option><option value=\"Marketing\" >M\u00e1rketing<\/option><option value=\"Resort Operations\" >Resort Operations<\/option><option value=\"Sales\" >Ventas<\/option><\/select><\/div><div class=\"search-control-container container-store-id\"><div class=\"w-form-row-label\"><label for=\"cws_jobsearch_store_id\">Property<\/label><\/div><select name=\"store_id\" id=\"cws_jobsearch_store_id\" class=\"text_select multi\" multiple=\"multiple\" placeholder=\"Hotel\"  data-param=\"facet\" data-facet=\"store_id\"><\/select><\/div><div class=\"search-control-container container-language custom\"><div class=\"w-form-row-label\"><label for=\"cws_jobsearch_language\">Select the langauge<\/label><\/div><select name=\"language\" id=\"cws_jobsearch_language\" class=\"text_select \" data-param=\"facet\" data-facet=\"language\"><option value=\"\">Select the langauge<\/option><option value=\"en\" >English<\/option><option value=\"ja\" >Japanese<\/option><option value=\"es\" >Spanish<\/option><option value=\"fr-FR\" >French<\/option><\/select><\/div><div class=\"w-form-row-label\"><label for=\"cws_jobsearch_location\">Ubicaci\u00f3n<\/label><\/div><div class=\"location-wrapper location-wrapper with_geo\"><input type=\"text\"  class=\"text_input loc_auto\" name=\"location\" id=\"cws_jobsearch_location\"  placeholder=\"Seleccione su pa\u00eds\"  data-param=\"Location\" value=\"\" aria-describedby=\"cws_jobsearch_location-description\" \/><button class=\"geolocation-icon avia-font-entypo-fontello\" id=\"geotooltip\" type=\"button\" tabindex=\"0\" aria-label=\"Use your current location\">&#xe8a3;\n<span class=\"geolocation-tooltip\"  role=\"tooltip\" aria-hidden=\"true\">Use your current location<\/span> <\/button><span id=\"cws_jobsearch_location-description\" style=\"display:none;\">Start typing a location to get suggestions, then press the down arrow to select one.<\/span><span id=\"cws_jobsearch_location_error\" style=\"display:none;\" class=\"location_error\">*Please select location from the dropdown<\/span><\/div><input type=\"hidden\" name=\"latitude\" id=\"cws_jobsearch_latitude\" data-param=\"latitude\" value=\"\" \/><input type=\"hidden\" name=\"longitude\" id=\"cws_jobsearch_longitude\" data-param=\"longitude\" value=\"\" \/><input type=\"hidden\" name=\"state\" id=\"cws_jobsearch_state\" data-param=\"facet\" data-facet=\"primary_state\" value=\"\" \/><input type=\"hidden\" name=\"country\" id=\"cws_jobsearch_country\" data-param=\"facet\" data-facet=\"primary_country\" value=\"\" \/><label for=\"cws_jobsearch__proximity\" class=\"radius-label location-radius-control\">dentro<\/label><div class=\"w-form-row-field location-radius-control\"><select id=\"cws_jobsearch__proximity\" name=\"radius\" title=\"Radius\" data-param=\"LocationRadius\"><option value=\"1\" >1 Milla<\/option><option value=\"5\" >5 Millas<\/option><option value=\"10\" >10 Millas<\/option><option value=\"15\" >15 Millas<\/option><option value=\"20\" >20 Millas<\/option><option value=\"25\" >25 Millas<\/option><option value=\"50\" selected>50 Millas<\/option><option value=\"100\" >100 Millas<\/option><option value=\"200\" >200 Millas<\/option><\/select><\/div><input type=\"hidden\" name=\"pg\" data-param=\"offset\" id=\"cws-search-page\" value=\"\" \/><input type=\"hidden\" name=\"sort\" data-param=\"sortfield\" id=\"cws-search-sortfield\" value=\"\" \/><input type=\"hidden\" name=\"dir\" data-param=\"sortorder\" id=\"cws-search-direction\" value=\"\" \/><span class=\"cws-clear-btn\"><a onclick=\"CWS.jobs.clear_all(this); return false;\"  href=\"#\" role=\"button\" id=\"clear-all-btn\" class=\"avia-button avia-color-theme-color avia-size-medium\">Clear all<\/a><\/span><div class=\"search-submit-btn\"><a href=\"#\" role=\"button\" id=\"cws-adv-search-btn\" class=\"avia-button avia-color-theme-color avia-size-medium\">Buscar<\/a><\/div><\/div>\n<script type=\"text\/javascript\">jQuery(document).ready(function(){if(CWS && CWS.jobs){\n                CWS.jobs.set_api(\"https:\/\/jobsapi-internal.cert.m-cloud.io\/api\/\");\n                CWS.jobs.set_options({\n                    org_id: \"10010\",\n                    jobdetail_path: \"\/es\/job-es\",\n                    search_on_pause: false,\n                    search_on_blur: true,\n                    use_boolean_search: true,\n                    disable_fuzzy: false,\n                    node: \"\",\n                    boost: \"\",\n                    dynamic_criteria: false,\n                    inc_facetcount: false,\n                    filters: [\"brand:External\",\"job_type:Parent Job\"]\n                });\n                \n            }\n            else{\n                CWS.log(\"cws.jobs.js not loaded.\");\n            }\n    \t});\n        <\/script><style id=\"search-form-styles\">#top .date-radio-input:checked::before{ background-color: #000000 }<\/style><\/div><a href=\"\/es\/\/\" class=\"jobcart-counter\" data-hide=\"on\" style=\"display:none;\">Job Cart (<span class=\"jobcart-count\">0<\/span>)<\/a><\/div><\/p><\/div><div class='av-flex-placeholder'><\/div><div class=\"flex_column av_three_fourth  flex_column_table_cell av-equal-height-column av-align-top av-zero-column-padding   search-right-section \" style='border-radius:0px; '><section class=\"av_textblock_section\"  itemscope=\"itemscope\" itemtype=\"https:\/\/schema.org\/CreativeWork\" ><div class='avia_textblock '   itemprop=\"text\" ><div class=\"cws-search-form-title\">\n<h2 class=\"widgettitle\">RESULTADOS DE LA B\u00daSQUEDA<\/h2>\n<\/div>\n<\/div><\/section><br \/>\n<section class=\"avia_codeblock_section avia_code_block_0\"  itemscope=\"itemscope\" itemtype=\"https:\/\/schema.org\/CreativeWork\" ><div class='avia_codeblock '  itemprop=\"text\" > [avia_codeblock_placeholder uid=\"0\"] <\/div><\/section><br \/>\n<div class='avia-builder-widget-area clearfix '><div id=\"text-6\" class=\"widget clearfix widget_text\">\t\t\t<div class=\"textwidget\"><\/div>\n\t\t<\/div><div id=\"widget_job_map-2\" class=\"widget clearfix widget-job-map\"><div id=\"job-map\"><\/div>\n\t\t<script type=\"text\/javascript\">\n\t\t\tjQuery(document).ready(function () {\n\t\t\t\tif (typeof CWS !== 'undefined' && CWS.map) {\n\t\t\t\t\tCWS.map.set_options({\"org_id\":\"10010\",\"api_url\":\"https:\\\/\\\/jobsapi-internal.cert.m-cloud.io\\\/api\\\/map\",\"jobdetail_path\":\"\\\/es\\\/job-es\",\"marker_cluster\":true,\"cluster_radius\":40,\"tilemap\":\"https:\\\/\\\/{s}.tile.openstreetmap.org\\\/{z}\\\/{x}\\\/{y}.png\",\"starting_coords\":[39.2037532,-96.6201883],\"starting_zoom\":4,\"max_zoom\":12,\"include_geolocation\":true,\"include_directions\":false,\"high_volume\":true});\n\t\t\t\t\tCWS.map.set_filters([\"brand:External\",\"job_type:Parent Job\"]);\n\t\t\t\t\tCWS.map.init();\n\t\t\t\t}\n\t\t\t});\n\t\t<\/script>\n\t\t\n\t\t<script type=\"text\/javascript\">\n\t\t\tjQuery(document).ready(function(){\n\t\t\t\tif (CWS && CWS.jobs) {\n\t\t\t\t\tCWS.jobs.set_options({\n\t\t\t\t\t\tfilter_od: ''\t\n\t\t\t\t\t});\n\t\t\t\t}\n\t\t\t});\t\n\t\t<\/script>\n\n\t\t<\/div><div id=\"widget_job_search_results_table_tiles-2\" class=\"widget clearfix widget-jobsearch-results table_tile original list\"><div class=\"clearfix\">\n\t\t\t<div id=\"live-results\" tabindex=\"-1\"><span\n\t\t\t\tid=\"live-results-counter\">0<\/span> Resultados activos<\/div>\n        <div id=\"live-results-aria\" class=\"sr-only visually-hidden\" role=\"status\"><\/div>\n<\/div>\n\n<ul id=\"search-filters\"><\/ul>\n<div id=\"result-modifications\">\n        <div class=\"views\">\n        <fieldset>\n        <legend class=\"result-view-legend\">View By<\/legend>\n\t            <div class=\"btn-group clearfix\">\n            <a href=\"#\" role=\"button\" id=\"result-view-list\" class=\"btn-default active\" aria-current=\"true\"><span class=\"view-icon list-icon\"><\/span>List<\/a>\n            <a href=\"#\" role=\"button\" id=\"result-view-grid\" class=\"btn-default \" aria-current=\"false\"><span class=\"view-icon grid-icon\"><\/span>Grid<\/a>\n        <\/div>\n                <\/fieldset>\n    <\/div>\n                <div class=\"pages\">\n                <label for=\"result-pages\">Jobs per page<\/label>\n                <select id=\"result-pages\">\n                    <option value=\"12\" selected>12<\/option>\n                    <option value=\"24\">24<\/option>\n                    <option value=\"48\">48<\/option>\n                    <option value=\"96\">96<\/option>\n                <\/select>\n            <\/div>\n            <\/div>\n\n<div id=\"loader\"><\/div>\n\n<div class=\"search-results-table\" role=\"table\" aria-label=\"Job Search Results\">\n    <div role=\"rowgroup\">\n        <div role=\"row\" class=\"search-columns entry-content-wrapper clearfix flex_column\">\n            <div id=\"colhead-title\" role=\"columnheader\" class=\"flex_column av_one_fifth first\" data-param=\"title\"><span role=\"button\" tabindex=\"0\">Job Title<span class=\"col-controls\"><span class=\" av-icon-char col-control ascending\" aria-hidden=\"true\" data-av_icon=\"\ue873\" data-av_iconfont=\"entypo-fontello\" ><\/span><span class=\" av-icon-char col-control descending\" aria-hidden=\"true\" data-av_icon=\"\ue876\" data-av_iconfont=\"entypo-fontello\" ><\/span><\/span><\/span><\/div><div id=\"colhead-parent_category\" role=\"columnheader\" class=\"flex_column av_one_fifth\" data-param=\"parent_category\"><span role=\"button\" tabindex=\"0\">Area of Talent<span class=\"col-controls\"><span class=\" av-icon-char col-control ascending\" aria-hidden=\"true\" data-av_icon=\"\ue873\" data-av_iconfont=\"entypo-fontello\" ><\/span><span class=\" av-icon-char col-control descending\" aria-hidden=\"true\" data-av_icon=\"\ue876\" data-av_iconfont=\"entypo-fontello\" ><\/span><\/span><\/span><\/div><div id=\"colhead-sub_category\" role=\"columnheader\" class=\"flex_column av_one_fifth\" data-param=\"sub_category\"><span role=\"button\" tabindex=\"0\">Categor\u00eda<span class=\"col-controls\"><span class=\" av-icon-char col-control ascending\" aria-hidden=\"true\" data-av_icon=\"\ue873\" data-av_iconfont=\"entypo-fontello\" ><\/span><span class=\" av-icon-char col-control descending\" aria-hidden=\"true\" data-av_icon=\"\ue876\" data-av_iconfont=\"entypo-fontello\" ><\/span><\/span><\/span><\/div><div id=\"colhead-store_id\" role=\"columnheader\" class=\"flex_column av_one_fifth\" data-param=\"store_id\"><span role=\"button\" tabindex=\"0\">PROPERTY<span class=\"col-controls\"><span class=\" av-icon-char col-control ascending\" aria-hidden=\"true\" data-av_icon=\"\ue873\" data-av_iconfont=\"entypo-fontello\" ><\/span><span class=\" av-icon-char col-control descending\" aria-hidden=\"true\" data-av_icon=\"\ue876\" data-av_iconfont=\"entypo-fontello\" ><\/span><\/span><\/span><\/div><div id=\"colhead-city_state_country\" role=\"columnheader\" class=\"flex_column av_one_fifth\" data-param=\"primary_city\"><span role=\"button\" tabindex=\"0\">Ubicaci\u00f3n<span class=\"col-controls\"><span class=\" av-icon-char col-control ascending\" aria-hidden=\"true\" data-av_icon=\"\ue873\" data-av_iconfont=\"entypo-fontello\" ><\/span><span class=\" av-icon-char col-control descending\" aria-hidden=\"true\" data-av_icon=\"\ue876\" data-av_iconfont=\"entypo-fontello\" ><\/span><\/span><\/span><\/div>        <\/div>\n    <\/div>\n    <div class=\"entry-content-wrapper clearfix\" role=\"rowgroup\">\n        <div id=\"widget-jobsearch-results-list\" role=\"presentation\"><\/div>\n    <\/div>\n<\/div>\n<nav id=\"widget-jobsearch-results-pages\" aria-label=\"Pagination\"><\/nav>\n<script>\njQuery(document).ready(function(){    \n\tif (CWS && CWS.jobs) {\n\t\t\/\/ The search form might have taken care of this, but this can also go on the locations page, so just in case...\n\t\twidget_jobsearch_full_horizontal = jQuery('.widget-jobsearch-full-horizontal').length > 0 ? 'widget-jobsearch-full-horizontal' : 'widget-jobsearch-full';\n\t\tif (jQuery && jQuery('.'+widget_jobsearch_full_horizontal).length == 0) {\n\t\t\tCWS.jobs.set_api(\" https:\/\/jobsapi-internal.cert.m-cloud.io\/api\/\");\n\t\t\tCWS.jobs.set_options({\n\t\t\t\torg_id: \"10010\",\n\t\t\t\tjobdetail_path: \"\/es\/job-es\",\n                job_custom_css: \"primary_category\",\n\t\t\t\tlocations_page_search_by: \"radius\",\n\t\t\t\tlocations_page_radius: \"50\",\n\t\t\t\tresults_none: \"Currently, no jobs match your search criteria. Please change your search requirements.\",\n                tag_criteria: true,\n                view_by_layout: \"original\",\n                mapPosition: \"right\",\n                job_apply_button_text: \"Apply Here\",\n                job_apply_link: \"seo_url\",\n                limit: 10,\n                hide_pagination_job_list: false,\n\n\t\t\t});\n\t\t\tCWS.jobs.set_columns(\"title,parent_category,sub_category,store_id,city_state_country\", \"av_one_fifth,av_one_fifth,av_one_fifth,av_one_fifth,av_one_fifth\", \"Job%20Title,Area%20of%20Talent,Category,PROPERTY,Location\");\n\t\t}\n\t\telse {\n\t\t\tCWS.jobs.set_options({\n\t\t\t\tresults_none: \"Currently, no jobs match your search criteria. Please change your search requirements.\",\n\t\t\t\tsortfield: \"open_date\",\n\t\t\t\tsortorder: \"descending\",\n\t\t\t\tjob_custom_css: \"primary_category\",\n                tag_criteria: true,\n                view_by_layout: \"original\",\n                mapPosition : \"right\",\n                job_apply_button_text: \"Apply Here\",\n                job_apply_link: \"seo_url\",\n                limit: 10,\n                hide_pagination_job_list: false\t\t\t});\n\t\t}\n\t\tCWS.jobs.sortby(\"open_date\", \"descending\");\n\t\tCWS.jobs.set_columns(\"title,parent_category,sub_category,store_id,city_state_country\", \"av_one_fifth,av_one_fifth,av_one_fifth,av_one_fifth,av_one_fifth\", \"Job Title,Area of Talent,Category,PROPERTY,Location\");\n\n\t}\n\telse {\n\t\tCWS.log(\"cws.jobs.js not loaded.\");\n\t}\n});\n<\/script>\n\t\t<script type=\"text\/javascript\">\n\t\t\tjQuery(document).ready(function(){\t\n\t\t\t\tif (CWS && CWS.jobs) {\n\t\t\t\t\tCWS.jobs.set_options({\n\t\t\t\t\t\tfilter_od: ''\t\n\t\t\t\t\t});\n\t\t\t\t}\n\t\t\t});\t\n\t\t<\/script>\n\n\t\t<\/div><\/div><\/p><\/div><\/div><!--close column table wrapper. Autoclose:  --><section class=\"avia_codeblock_section avia_code_block_1\"  itemscope=\"itemscope\" itemtype=\"https:\/\/schema.org\/CreativeWork\" ><div class='avia_codeblock '  itemprop=\"text\" > [avia_codeblock_placeholder uid=\"1\"] <\/div><\/section><\/p>\n","protected":false},"excerpt":{"rendered":"","protected":false},"author":3,"featured_media":0,"parent":0,"menu_order":0,"comment_status":"open","ping_status":"open","template":"","meta":{"footnotes":""},"persona":[],"class_list":["post-7209","page","type-page","status-publish","hentry"],"yoast_head":"<!-- This site is optimized with the Yoast SEO Premium plugin v22.8 (Yoast SEO v22.8) - https:\/\/yoast.com\/wordpress\/plugins\/seo\/ -->\n<title>Buscar empleos en Hilton Grand Vacations<\/title>\n<meta name=\"description\" content=\"\u00a1Las oportunidades laborales en Hilton Grand Vacations est\u00e1n aqu\u00ed! Explore los lugares m\u00e1s maravillosos del mundo en una empresa donde su carrera puede florecer. Encuentre su lugar.\" \/>\n<meta name=\"robots\" content=\"index, follow, max-snippet:-1, max-image-preview:large, max-video-preview:-1\" \/>\n<link rel=\"canonical\" href=\"https:\/\/hgv.cert.xcc.smashfly.io\/es\/job-search-results-2\/\" \/>\n<meta property=\"og:locale\" content=\"es_ES\" \/>\n<meta property=\"og:type\" content=\"article\" \/>\n<meta property=\"og:title\" content=\"Resultados de la b\u00fasqueda de empleos\" \/>\n<meta property=\"og:description\" content=\"\u00a1Las oportunidades laborales en Hilton Grand Vacations est\u00e1n aqu\u00ed! Explore los lugares m\u00e1s maravillosos del mundo en una empresa donde su carrera puede florecer. Encuentre su lugar.\" \/>\n<meta property=\"og:url\" content=\"https:\/\/hgv.cert.xcc.smashfly.io\/es\/job-search-results-2\/\" \/>\n<meta property=\"og:site_name\" content=\"Hilton Grand Vacations\" \/>\n<meta property=\"article:modified_time\" content=\"2020-03-19T16:46:18+00:00\" \/>\n<meta property=\"og:image\" content=\"https:\/\/hgv.cert.xcc.smashfly.io\/wp-content\/uploads\/sites\/2484\/2019\/03\/hgv_careers_intern-video_screenshot.jpg\" \/>\n\t<meta property=\"og:image:width\" content=\"633\" \/>\n\t<meta property=\"og:image:height\" content=\"367\" \/>\n\t<meta property=\"og:image:type\" content=\"image\/jpeg\" \/>\n<meta name=\"twitter:label1\" content=\"Tiempo de lectura\" \/>\n\t<meta name=\"twitter:data1\" content=\"1 minuto\" \/>\n<script type=\"application\/ld+json\" class=\"yoast-schema-graph\">{\"@context\":\"https:\/\/schema.org\",\"@graph\":[{\"@type\":\"WebPage\",\"@id\":\"https:\/\/hgv.cert.xcc.smashfly.io\/es\/job-search-results-2\/\",\"url\":\"https:\/\/hgv.cert.xcc.smashfly.io\/es\/job-search-results-2\/\",\"name\":\"Buscar empleos en Hilton Grand Vacations\",\"isPartOf\":{\"@id\":\"https:\/\/www.hgv.cert.xcc.smashfly.io\/#website\"},\"datePublished\":\"2018-05-09T20:07:56+00:00\",\"dateModified\":\"2020-03-19T16:46:18+00:00\",\"description\":\"\u00a1Las oportunidades laborales en Hilton Grand Vacations est\u00e1n aqu\u00ed! Explore los lugares m\u00e1s maravillosos del mundo en una empresa donde su carrera puede florecer. Encuentre su lugar.\",\"breadcrumb\":{\"@id\":\"https:\/\/hgv.cert.xcc.smashfly.io\/es\/job-search-results-2\/#breadcrumb\"},\"inLanguage\":\"es\",\"potentialAction\":[{\"@type\":\"ReadAction\",\"target\":[\"https:\/\/hgv.cert.xcc.smashfly.io\/es\/job-search-results-2\/\"]}]},{\"@type\":\"BreadcrumbList\",\"@id\":\"https:\/\/hgv.cert.xcc.smashfly.io\/es\/job-search-results-2\/#breadcrumb\",\"itemListElement\":[{\"@type\":\"ListItem\",\"position\":1,\"name\":\"Home\",\"item\":\"https:\/\/hgv.cert.xcc.smashfly.io\/es\/\"},{\"@type\":\"ListItem\",\"position\":2,\"name\":\"Resultados de la b\u00fasqueda de empleos\"}]},{\"@type\":\"WebSite\",\"@id\":\"https:\/\/www.hgv.cert.xcc.smashfly.io\/#website\",\"url\":\"https:\/\/www.hgv.cert.xcc.smashfly.io\/\",\"name\":\"Hilton Grand Vacations\",\"description\":\"Hilton Grand Vacations Candidate Experience Site\",\"potentialAction\":[{\"@type\":\"SearchAction\",\"target\":{\"@type\":\"EntryPoint\",\"urlTemplate\":\"https:\/\/www.hgv.cert.xcc.smashfly.io\/?s={search_term_string}\"},\"query-input\":\"required name=search_term_string\"}],\"inLanguage\":\"es\"}]}<\/script>\n<!-- \/ Yoast SEO Premium plugin. -->","yoast_head_json":{"title":"Buscar empleos en Hilton Grand Vacations","description":"\u00a1Las oportunidades laborales en Hilton Grand Vacations est\u00e1n aqu\u00ed! Explore los lugares m\u00e1s maravillosos del mundo en una empresa donde su carrera puede florecer. Encuentre su lugar.","robots":{"index":"index","follow":"follow","max-snippet":"max-snippet:-1","max-image-preview":"max-image-preview:large","max-video-preview":"max-video-preview:-1"},"canonical":"https:\/\/hgv.cert.xcc.smashfly.io\/es\/job-search-results-2\/","og_locale":"es_ES","og_type":"article","og_title":"Resultados de la b\u00fasqueda de empleos","og_description":"\u00a1Las oportunidades laborales en Hilton Grand Vacations est\u00e1n aqu\u00ed! Explore los lugares m\u00e1s maravillosos del mundo en una empresa donde su carrera puede florecer. Encuentre su lugar.","og_url":"https:\/\/hgv.cert.xcc.smashfly.io\/es\/job-search-results-2\/","og_site_name":"Hilton Grand Vacations","article_modified_time":"2020-03-19T16:46:18+00:00","og_image":[{"width":633,"height":367,"url":"https:\/\/hgv.cert.xcc.smashfly.io\/wp-content\/uploads\/sites\/2484\/2019\/03\/hgv_careers_intern-video_screenshot.jpg","type":"image\/jpeg"}],"twitter_misc":{"Tiempo de lectura":"1 minuto"},"schema":{"@context":"https:\/\/schema.org","@graph":[{"@type":"WebPage","@id":"https:\/\/hgv.cert.xcc.smashfly.io\/es\/job-search-results-2\/","url":"https:\/\/hgv.cert.xcc.smashfly.io\/es\/job-search-results-2\/","name":"Buscar empleos en Hilton Grand Vacations","isPartOf":{"@id":"https:\/\/www.hgv.cert.xcc.smashfly.io\/#website"},"datePublished":"2018-05-09T20:07:56+00:00","dateModified":"2020-03-19T16:46:18+00:00","description":"\u00a1Las oportunidades laborales en Hilton Grand Vacations est\u00e1n aqu\u00ed! Explore los lugares m\u00e1s maravillosos del mundo en una empresa donde su carrera puede florecer. Encuentre su lugar.","breadcrumb":{"@id":"https:\/\/hgv.cert.xcc.smashfly.io\/es\/job-search-results-2\/#breadcrumb"},"inLanguage":"es","potentialAction":[{"@type":"ReadAction","target":["https:\/\/hgv.cert.xcc.smashfly.io\/es\/job-search-results-2\/"]}]},{"@type":"BreadcrumbList","@id":"https:\/\/hgv.cert.xcc.smashfly.io\/es\/job-search-results-2\/#breadcrumb","itemListElement":[{"@type":"ListItem","position":1,"name":"Home","item":"https:\/\/hgv.cert.xcc.smashfly.io\/es\/"},{"@type":"ListItem","position":2,"name":"Resultados de la b\u00fasqueda de empleos"}]},{"@type":"WebSite","@id":"https:\/\/www.hgv.cert.xcc.smashfly.io\/#website","url":"https:\/\/www.hgv.cert.xcc.smashfly.io\/","name":"Hilton Grand Vacations","description":"Hilton Grand Vacations Candidate Experience Site","potentialAction":[{"@type":"SearchAction","target":{"@type":"EntryPoint","urlTemplate":"https:\/\/www.hgv.cert.xcc.smashfly.io\/?s={search_term_string}"},"query-input":"required name=search_term_string"}],"inLanguage":"es"}]}},"_links":{"self":[{"href":"https:\/\/hgv.cert.xcc.smashfly.io\/es\/wp-json\/wp\/v2\/pages\/7209","targetHints":{"allow":["GET"]}}],"collection":[{"href":"https:\/\/hgv.cert.xcc.smashfly.io\/es\/wp-json\/wp\/v2\/pages"}],"about":[{"href":"https:\/\/hgv.cert.xcc.smashfly.io\/es\/wp-json\/wp\/v2\/types\/page"}],"author":[{"embeddable":true,"href":"https:\/\/hgv.cert.xcc.smashfly.io\/es\/wp-json\/wp\/v2\/users\/3"}],"replies":[{"embeddable":true,"href":"https:\/\/hgv.cert.xcc.smashfly.io\/es\/wp-json\/wp\/v2\/comments?post=7209"}],"version-history":[{"count":0,"href":"https:\/\/hgv.cert.xcc.smashfly.io\/es\/wp-json\/wp\/v2\/pages\/7209\/revisions"}],"wp:attachment":[{"href":"https:\/\/hgv.cert.xcc.smashfly.io\/es\/wp-json\/wp\/v2\/media?parent=7209"}],"wp:term":[{"taxonomy":"persona","embeddable":true,"href":"https:\/\/hgv.cert.xcc.smashfly.io\/es\/wp-json\/wp\/v2\/persona?post=7209"}],"curies":[{"name":"wp","href":"https:\/\/api.w.org\/{rel}","templated":true}]}}