{"id":7224,"date":"2018-05-09T15:10:23","date_gmt":"2018-05-09T20:10:23","guid":{"rendered":"http:\/\/hiltongrandvacations-v2.qa.wp.findly.com\/?page_id=7224\/"},"modified":"2019-02-11T15:06:10","modified_gmt":"2019-02-11T20:06:10","slug":"nuestras-ubicaciones","status":"publish","type":"page","link":"https:\/\/hgv.cert.xcc.smashfly.io\/es\/nuestras-ubicaciones\/","title":{"rendered":"Nuestras ubicaciones"},"content":{"rendered":"<\/div><\/div><\/div><!-- close content main div --><\/div><\/div><div id='av_section_1' class='avia-section main_color avia-section-no-padding avia-no-border-styling avia-bg-style-scroll  header-banner container_wrap fullsize'   ><div class='container' ><div class='template-page content  av-content-full alpha units'><div class='post-entry post-entry-type-page post-entry-7224'><div class='entry-content-wrapper clearfix'>\n<div class='avia-image-container  av-styling-    avia-align-center '  itemscope=\"itemscope\" itemtype=\"https:\/\/schema.org\/ImageObject\"  ><div class='avia-image-container-inner'><img class='avia_image ' src='https:\/\/hgv.cert.xcc.smashfly.io\/wp-content\/uploads\/sites\/2484\/2018\/04\/location.jpg' alt='interior hotel seating area' title=''   itemprop=\"contentURL\"  \/><\/div><\/div>\n\n<\/div><\/div><\/div><!-- close content main div --><\/div><\/div><div id='av_section_2' class='avia-section main_color avia-section-no-padding avia-no-border-styling avia-bg-style-scroll  full-width-section title-bar av-minimum-height av-minimum-height-custom container_wrap fullsize'   ><div class='container' style='height:98px'><div class='template-page content  av-content-full alpha units'><div class='post-entry post-entry-type-page post-entry-7224'><div class='entry-content-wrapper clearfix'>\n<section class=\"av_textblock_section\"  itemscope=\"itemscope\" itemtype=\"https:\/\/schema.org\/CreativeWork\" ><div class='avia_textblock '   itemprop=\"text\" ><h1><img decoding=\"async\" class=\"avia_image \" title=\"\" src=\"https:\/\/cdn-static.findly.com\/wp-content\/uploads\/sites\/680\/2018\/09\/HC5059-hilgrv-cws-pagetitle-locations-spn.png\" alt=\"Nuestras oficinas y propiedades\" \/><\/h1>\n<\/div><\/section>\n\n<\/div><\/div><\/div><!-- close content main div --><\/div><\/div><div id='av_section_3' class='avia-section main_color avia-section-default avia-no-border-styling avia-bg-style-scroll  body-content container_wrap fullsize'   ><div class='container' ><div class='template-page content  av-content-full alpha units'><div class='post-entry post-entry-type-page post-entry-7224'><div class='entry-content-wrapper clearfix'>\n<div class=\"flex_column av_one_fifth  flex_column_div av-zero-column-padding first  \" style='border-radius:0px; '><\/div><div class=\"flex_column av_three_fifth  flex_column_div av-zero-column-padding    \" style='border-radius:0px; '><section class=\"av_textblock_section\"  itemscope=\"itemscope\" itemtype=\"https:\/\/schema.org\/CreativeWork\" ><div class='avia_textblock '   itemprop=\"text\" ><p><br class=\"xliff-newline\" \/><\/p>\n<p style=\"text-align: center;\">Nuestros hoteles, resorts y oficinas est\u00e1n ubicados en algunos de los destinos m\u00e1s populares de todo el mundo. Sea que est\u00e9 buscando desarrollar su carrera en su hogar o iniciar una nueva aventura en un nuevo rinc\u00f3n del mundo, tenemos una oportunidad para que forme parte de la familia de Hilton Grand Vacations.<br \/>\nDescubra hasta d\u00f3nde puede conducirlo una carrera con nosotros y hasta d\u00f3nde puede llevarlo la inspiraci\u00f3n.<\/p>\n<\/div><\/section><\/div><div class=\"flex_column av_one_fifth  flex_column_div av-zero-column-padding   \" style='border-radius:0px; '><\/div>\n\n<\/div><\/div><\/div><!-- close content main div --><\/div><\/div><div id='av_section_4' class='avia-section main_color avia-section-no-padding avia-no-border-styling avia-bg-style-scroll  location-tab-outer full-width-section color-light-blue  container_wrap fullsize'   ><div class='container' ><div class='template-page content  av-content-full alpha units'><div class='post-entry post-entry-type-page post-entry-7224'><div class='entry-content-wrapper clearfix'>\n<div class=\"tabcontainer  top_tab   location-tabs fs-medium\">\n\n<section class=\"av_tab_section\"  itemscope=\"itemscope\" itemtype=\"https:\/\/schema.org\/CreativeWork\" >    <div data-fake-id=\"#tab-id-1\" class=\"tab active_tab\"  itemprop=\"headline\" >NORESTE DE LOS EE. UU.<\/div>\n    <div id=\"tab-id-1-container\" class=\"tab_content active_tab_content\">\n        <div class=\"tab_inner_content invers-color\"  itemprop=\"text\" >\n<p><img loading=\"lazy\" decoding=\"async\" class=\"alignnone size-full wp-image-5408\" src=\"https:\/\/cdn-static.findly.com\/wp-content\/uploads\/sites\/608\/2018\/05\/HC4096-hilgrv-cws-locations-northeastus.jpg\" alt=\"\" width=\"1441\" height=\"441\" \/><\/p>\n<div class=\"tab-img-right\"><img decoding=\"async\" src=\"https:\/\/cdn-static.findly.com\/wp-content\/uploads\/sites\/608\/2018\/04\/rdt1.png\" alt=\"\" \/><\/div>\n<div class=\"location-inner\">\n<h2 class=\"inner-header cente-align\">NORESTE DE LOS EE. UU.<\/h2>\n<p>Descubra las recompensas de trabajar en los destinos urbanos m\u00e1s codiciados del mundo. Disfrute de las luces brillantes, la grandeza de la gran ciudad y el arte y la cultura de fama internacional que hacen de Manhattan una escapada global inigualable. O sum\u00e9rjase en el esplendor de la capital en Washington D. C., con sus maravillas hist\u00f3ricas y sus prodigios modernos, entre los que se encuentran monumentos y museos famosos, as\u00ed como modernas tiendas, restaurantes y vida nocturna. Desde las operaciones y servicios para hu\u00e9spedes hasta el marketing y las ventas, los miembros de nuestro equipo del noreste abarcan muchos aspectos de nuestro negocio a la vez que cumplen un papel importante en lograr que cada miembro del club y cada hu\u00e9sped tenga una experiencia inolvidable.<\/p>\n<div class=\"cente-align\"><a href=\"\/es\/job-search-results-2\/\" class=\"yellow-btn\">Ver todos los empleos<\/a><\/div>\n<div class=\"tab-img-left-bot\"><img decoding=\"async\" src=\"https:\/\/cdn-static.findly.com\/wp-content\/uploads\/sites\/608\/2018\/04\/cut21.png\" alt=\"\" \/><\/div>\n<\/div>\n\n        <\/div>\n    <\/div>\n<\/section>\n\n<section class=\"av_tab_section\"  itemscope=\"itemscope\" itemtype=\"https:\/\/schema.org\/CreativeWork\" >    <div data-fake-id=\"#tab-id-2\" class=\"tab \"  itemprop=\"headline\" >SURESTE DE LOS EE. UU.<\/div>\n    <div id=\"tab-id-2-container\" class=\"tab_content \">\n        <div class=\"tab_inner_content invers-color\"  itemprop=\"text\" >\n<p><img loading=\"lazy\" decoding=\"async\" class=\"alignnone size-full wp-image-5408\" src=\"https:\/\/cdn-static.findly.com\/wp-content\/uploads\/sites\/608\/2018\/05\/HC4096-hilgrv-cws-locations-southeastus.jpg\" alt=\"\" width=\"1441\" height=\"441\" \/><\/p>\n<div class=\"tab-img-right\"><img decoding=\"async\" src=\"https:\/\/cdn-static.findly.com\/wp-content\/uploads\/sites\/608\/2018\/04\/rdt1.png\" alt=\"\" \/><\/div>\n<div class=\"location-inner\">\n<h2 class=\"inner-header cente-align\">SURESTE DE LOS EE. UU.<\/h2>\n<p>Comparta nuestra hospitalidad sure\u00f1a y brinde una experiencia vacacional perfecta rodeada de los placeres id\u00edlicos de nuestros destinos del sudeste, que abarcan kil\u00f3metros infinitos de playas, parques tem\u00e1ticos de fama mundial y campos de golf de nivel profesional. El sudeste es donde dejamos nuestra primera huella en la industria de las propiedades de tiempo compartido cuando se estableci\u00f3 Hilton Grand Vacations en Fort Myers, Florida en 1992. Hoy, Orlando, Florida, es la sede de nuestras oficinas corporativas y de las amplias operaciones del centro de atenci\u00f3n telef\u00f3nica. En los \u00faltimos a\u00f1os, hemos expandido nuestra presencia en la costa de Carolina del Sur, en Myrtle Beach y Hilton Head Island.<\/p>\n<div class=\"cente-align\"><a href=\"\/es\/job-search-results-2\/\" class=\"yellow-btn\">Ver todos los empleos<\/a><\/div>\n<div class=\"tab-img-left-bot\"><img decoding=\"async\" src=\"https:\/\/cdn-static.findly.com\/wp-content\/uploads\/sites\/608\/2018\/04\/cut21.png\" alt=\"\" \/><\/div>\n<\/div>\n\n        <\/div>\n    <\/div>\n<\/section>\n\n<section class=\"av_tab_section\"  itemscope=\"itemscope\" itemtype=\"https:\/\/schema.org\/CreativeWork\" >    <div data-fake-id=\"#tab-id-3\" class=\"tab \"  itemprop=\"headline\" >OESTE DE LOS EE. UU.<\/div>\n    <div id=\"tab-id-3-container\" class=\"tab_content \">\n        <div class=\"tab_inner_content invers-color\"  itemprop=\"text\" >\n<p><img loading=\"lazy\" decoding=\"async\" class=\"alignnone size-full wp-image-5408\" src=\"https:\/\/cdn-static.findly.com\/wp-content\/uploads\/sites\/608\/2018\/05\/HC4096-hilgrv-cws-locations-western.jpg\" alt=\"\" width=\"1441\" height=\"441\" \/><\/p>\n<div class=\"tab-img-right\"><img decoding=\"async\" src=\"https:\/\/cdn-static.findly.com\/wp-content\/uploads\/sites\/608\/2018\/04\/rdt1.png\" alt=\"\" \/><\/div>\n<div class=\"location-inner\">\n<h2 class=\"inner-header cente-align\">OESTE DE LOS EE. UU.<\/h2>\n<p>Hilton Grand Vacations prospera en el oeste de los EE. UU. En Las Vegas, Nevada, ofrecemos cuatro resorts exclusivos que representan nuestra presencia l\u00edder de tiempo compartido en el mercado. Nuestra galer\u00eda de ventas de avanzada tecnolog\u00eda y el centro de atenci\u00f3n telef\u00f3nica brindan el estilo de servicio con la firma de Hilton Grand Vacation, a la vez que funcionan como un enlace importante entre nuestros clientes y nuestros productos. En Colorado y en Utah, Hilton Grand Vacations ofrece una variedad de puestos de operaciones de resorts, ventas y marketing. En la concurrida ciudad tur\u00edstica de Carlsbad, nuestras operaciones de marketing y ventas en el hotel les presentan a los hu\u00e9spedes una mejor manera de vacacionar gracias a las propiedades de tiempo compartido.<\/p>\n<div class=\"cente-align\"><a href=\"\/es\/job-search-results-2\/\" class=\"yellow-btn\">Ver todos los empleos<\/a><\/div>\n<div class=\"tab-img-left-bot\"><img decoding=\"async\" src=\"https:\/\/cdn-static.findly.com\/wp-content\/uploads\/sites\/608\/2018\/04\/cut21.png\" alt=\"\" \/><\/div>\n<\/div>\n\n        <\/div>\n    <\/div>\n<\/section>\n\n<section class=\"av_tab_section\"  itemscope=\"itemscope\" itemtype=\"https:\/\/schema.org\/CreativeWork\" >    <div data-fake-id=\"#tab-id-4\" class=\"tab \"  itemprop=\"headline\" >EUROPA<\/div>\n    <div id=\"tab-id-4-container\" class=\"tab_content \">\n        <div class=\"tab_inner_content invers-color\"  itemprop=\"text\" >\n<p><img loading=\"lazy\" decoding=\"async\" class=\"alignnone size-full wp-image-5408\" src=\"https:\/\/cdn-static.findly.com\/wp-content\/uploads\/sites\/608\/2018\/06\/HC4096-hilgrv-cws-locations-europe.jpg\" alt=\"\" width=\"1441\" height=\"441\" \/><\/p>\n<div class=\"tab-img-right\"><img decoding=\"async\" src=\"https:\/\/cdn-static.findly.com\/wp-content\/uploads\/sites\/608\/2018\/04\/rdt1.png\" alt=\"\" \/><\/div>\n<div class=\"location-inner\">\n<h2 class=\"inner-header cente-align\">EUROPA<\/h2>\n<p>Descubra el encanto hist\u00f3rico de Europa mientras desarrolla una carrera tan cautivadora como la historia de las ciudades antiguas m\u00e1s grandiosas de este continente. Ya sea que se deje hechizar por las Highlands escocesas o que encuentre la alegr\u00eda de vivir entre los ondulados vi\u00f1edos de Toscana, unirse a nuestro equipo europeo significa que tendr\u00e1 la oportunidad de compartir la calidez y el entusiasmo que provienen de trabajar en el lugar que uno ama.<\/p>\n<div class=\"cente-align\"><a href=\"\/es\/job-search-results-2\/\" class=\"yellow-btn\">Ver todos los empleos<\/a><\/div>\n<div class=\"tab-img-left-bot\"><img decoding=\"async\" src=\"https:\/\/cdn-static.findly.com\/wp-content\/uploads\/sites\/608\/2018\/04\/cut21.png\" alt=\"\" \/><\/div>\n<\/div>\n\n        <\/div>\n    <\/div>\n<\/section>\n\n<section class=\"av_tab_section\"  itemscope=\"itemscope\" itemtype=\"https:\/\/schema.org\/CreativeWork\" >    <div data-fake-id=\"#tab-id-5\" class=\"tab \"  itemprop=\"headline\" >HAWAI<\/div>\n    <div id=\"tab-id-5-container\" class=\"tab_content \">\n        <div class=\"tab_inner_content invers-color\"  itemprop=\"text\" >\n<p><br class=\"xliff-newline\" \/><img loading=\"lazy\" decoding=\"async\" class=\"alignnone size-full wp-image-5408\" src=\"https:\/\/cdn-static.findly.com\/wp-content\/uploads\/sites\/608\/2018\/04\/img11.jpg\" alt=\"\" width=\"1441\" height=\"441\" \/><br \/>\n<br class=\"xliff-newline\" \/><\/p>\n<div class=\"tab-img-right\"><img decoding=\"async\" src=\"https:\/\/cdn-static.findly.com\/wp-content\/uploads\/sites\/608\/2018\/04\/rdt1.png\" alt=\"\" \/><\/div>\n<div class=\"location-inner\">\n<h2 class=\"inner-header cente-align\">HAWAI<\/h2>\n<p>Aproveche el impulso del \u00e9xito con nuestras oportunidades excepcionales en Hawai. Con ubicaciones que se extienden desde la legendaria playa Waikiki Beach en la isla de Oahu hasta la dram\u00e1tica costa Kohala en la Isla Mayor de Hawai, Hilton Grand Vacations le ofrece oportunidades laborales que son tan \u00fanicas como los espectaculares paisajes de las islas. Sea que est\u00e9 trabajando en uno de nuestros nueve famosos resorts o como parte de nuestros equipos de marketing y ventas, se unir\u00e1 a una empresa dedicada a mostrarles a nuestros miembros del club y a los hu\u00e9spedes todo lo que Hawai tiene para ofrecer.<\/p>\n<div class=\"cente-align\"><a href=\"\/es\/job-search-results-2\/?primary_state=HI\" class=\"yellow-btn\">Ver todos los empleos<\/a><\/div>\n<div class=\"tab-img-left-bot\"><img decoding=\"async\" src=\"https:\/\/cdn-static.findly.com\/wp-content\/uploads\/sites\/608\/2018\/04\/cut21.png\" alt=\"\" \/><\/div>\n<\/div>\n\n        <\/div>\n    <\/div>\n<\/section>\n\n<section class=\"av_tab_section\"  itemscope=\"itemscope\" itemtype=\"https:\/\/schema.org\/CreativeWork\" >    <div data-fake-id=\"#tab-id-6\" class=\"tab \"  itemprop=\"headline\" >ASIA PAC\u00cdFICO<\/div>\n    <div id=\"tab-id-6-container\" class=\"tab_content \">\n        <div class=\"tab_inner_content invers-color\"  itemprop=\"text\" >\n<p><img loading=\"lazy\" decoding=\"async\" class=\"alignnone size-full wp-image-5408\" src=\"https:\/\/cdn-static.findly.com\/wp-content\/uploads\/sites\/608\/2018\/05\/HC4096-hilgrv-cws-locations-japan.jpg\" alt=\"\" width=\"1441\" height=\"441\" \/><\/p>\n<div class=\"tab-img-right\"><img decoding=\"async\" src=\"https:\/\/cdn-static.findly.com\/wp-content\/uploads\/sites\/608\/2018\/04\/rdt1.png\" alt=\"\" \/><\/div>\n<div class=\"location-inner\">\n<h2 class=\"inner-header cente-align\">ASIA PAC\u00cdFICO<\/h2>\n<p>Forje una carrera tan polifac\u00e9tica como el variado paisaje de Jap\u00f3n. Como una de las empresas de propiedades de tiempo compartido m\u00e1s activas en Asia, Hilton Grand Vacations tiene hoy m\u00e1s de 56.000 familias japonesas como miembros del club y sigue aumentando su base de miembros. Formado por m\u00e1s de 500 miembros, nuestro equipo de Jap\u00f3n le a\u00f1ade una profundidad fundamental a la organizaci\u00f3n, gracias a su trabajo en puestos corporativos, de marketing y de ventas, a la vez que contribuye a brindar experiencias vacacionales excepcionales que duran de por vida, tanto en Jap\u00f3n como en toda la regi\u00f3n de Asia.<\/p>\n<div class=\"cente-align\"><a href=\"\/es\/job-search-results-2\/\" class=\"yellow-btn\">Ver todos los empleos<\/a><\/div>\n<div class=\"tab-img-left-bot\"><img decoding=\"async\" src=\"https:\/\/cdn-static.findly.com\/wp-content\/uploads\/sites\/608\/2018\/04\/cut21.png\" alt=\"\" \/><\/div>\n<\/div>\n\n        <\/div>\n    <\/div>\n<\/section>\n\n<\/div>\n\n\n","protected":false},"excerpt":{"rendered":"","protected":false},"author":179,"featured_media":0,"parent":0,"menu_order":0,"comment_status":"closed","ping_status":"closed","template":"","meta":{"footnotes":""},"persona":[],"class_list":["post-7224","page","type-page","status-publish","hentry"],"yoast_head":"<!-- This site is optimized with the Yoast SEO Premium plugin v22.8 (Yoast SEO v22.8) - https:\/\/yoast.com\/wordpress\/plugins\/seo\/ -->\n<title>Nuestras ubicaciones - Hilton Grand Vacations<\/title>\n<meta name=\"robots\" content=\"index, follow, max-snippet:-1, max-image-preview:large, max-video-preview:-1\" \/>\n<link rel=\"canonical\" href=\"https:\/\/hgv.cert.xcc.smashfly.io\/es\/nuestras-ubicaciones\/\" \/>\n<meta property=\"og:locale\" content=\"es_ES\" \/>\n<meta property=\"og:type\" content=\"article\" \/>\n<meta property=\"og:title\" content=\"Nuestras ubicaciones\" \/>\n<meta property=\"og:url\" content=\"https:\/\/hgv.cert.xcc.smashfly.io\/es\/nuestras-ubicaciones\/\" \/>\n<meta property=\"og:site_name\" content=\"Hilton Grand Vacations\" \/>\n<meta property=\"article:modified_time\" content=\"2019-02-11T20:06:10+00:00\" \/>\n<meta property=\"og:image\" content=\"https:\/\/cdn-static.findly.com\/wp-content\/uploads\/sites\/680\/2018\/09\/HC5059-hilgrv-cws-pagetitle-locations-spn.png\" \/>\n<meta name=\"twitter:label1\" content=\"Tiempo de lectura\" \/>\n\t<meta name=\"twitter:data1\" content=\"7 minutos\" \/>\n<script type=\"application\/ld+json\" class=\"yoast-schema-graph\">{\"@context\":\"https:\/\/schema.org\",\"@graph\":[{\"@type\":\"WebPage\",\"@id\":\"https:\/\/hgv.cert.xcc.smashfly.io\/es\/nuestras-ubicaciones\/\",\"url\":\"https:\/\/hgv.cert.xcc.smashfly.io\/es\/nuestras-ubicaciones\/\",\"name\":\"Nuestras ubicaciones - Hilton Grand Vacations\",\"isPartOf\":{\"@id\":\"https:\/\/www.hgv.cert.xcc.smashfly.io\/#website\"},\"primaryImageOfPage\":{\"@id\":\"https:\/\/hgv.cert.xcc.smashfly.io\/es\/nuestras-ubicaciones\/#primaryimage\"},\"image\":{\"@id\":\"https:\/\/hgv.cert.xcc.smashfly.io\/es\/nuestras-ubicaciones\/#primaryimage\"},\"thumbnailUrl\":\"https:\/\/cdn-static.findly.com\/wp-content\/uploads\/sites\/680\/2018\/09\/HC5059-hilgrv-cws-pagetitle-locations-spn.png\",\"datePublished\":\"2018-05-09T20:10:23+00:00\",\"dateModified\":\"2019-02-11T20:06:10+00:00\",\"breadcrumb\":{\"@id\":\"https:\/\/hgv.cert.xcc.smashfly.io\/es\/nuestras-ubicaciones\/#breadcrumb\"},\"inLanguage\":\"es\",\"potentialAction\":[{\"@type\":\"ReadAction\",\"target\":[\"https:\/\/hgv.cert.xcc.smashfly.io\/es\/nuestras-ubicaciones\/\"]}]},{\"@type\":\"ImageObject\",\"inLanguage\":\"es\",\"@id\":\"https:\/\/hgv.cert.xcc.smashfly.io\/es\/nuestras-ubicaciones\/#primaryimage\",\"url\":\"https:\/\/cdn-static.findly.com\/wp-content\/uploads\/sites\/680\/2018\/09\/HC5059-hilgrv-cws-pagetitle-locations-spn.png\",\"contentUrl\":\"https:\/\/cdn-static.findly.com\/wp-content\/uploads\/sites\/680\/2018\/09\/HC5059-hilgrv-cws-pagetitle-locations-spn.png\"},{\"@type\":\"BreadcrumbList\",\"@id\":\"https:\/\/hgv.cert.xcc.smashfly.io\/es\/nuestras-ubicaciones\/#breadcrumb\",\"itemListElement\":[{\"@type\":\"ListItem\",\"position\":1,\"name\":\"Home\",\"item\":\"https:\/\/hgv.cert.xcc.smashfly.io\/es\/\"},{\"@type\":\"ListItem\",\"position\":2,\"name\":\"Nuestras ubicaciones\"}]},{\"@type\":\"WebSite\",\"@id\":\"https:\/\/www.hgv.cert.xcc.smashfly.io\/#website\",\"url\":\"https:\/\/www.hgv.cert.xcc.smashfly.io\/\",\"name\":\"Hilton Grand Vacations\",\"description\":\"Hilton Grand Vacations Candidate Experience Site\",\"potentialAction\":[{\"@type\":\"SearchAction\",\"target\":{\"@type\":\"EntryPoint\",\"urlTemplate\":\"https:\/\/www.hgv.cert.xcc.smashfly.io\/?s={search_term_string}\"},\"query-input\":\"required name=search_term_string\"}],\"inLanguage\":\"es\"}]}<\/script>\n<!-- \/ Yoast SEO Premium plugin. -->","yoast_head_json":{"title":"Nuestras ubicaciones - Hilton Grand Vacations","robots":{"index":"index","follow":"follow","max-snippet":"max-snippet:-1","max-image-preview":"max-image-preview:large","max-video-preview":"max-video-preview:-1"},"canonical":"https:\/\/hgv.cert.xcc.smashfly.io\/es\/nuestras-ubicaciones\/","og_locale":"es_ES","og_type":"article","og_title":"Nuestras ubicaciones","og_url":"https:\/\/hgv.cert.xcc.smashfly.io\/es\/nuestras-ubicaciones\/","og_site_name":"Hilton Grand Vacations","article_modified_time":"2019-02-11T20:06:10+00:00","og_image":[{"url":"https:\/\/cdn-static.findly.com\/wp-content\/uploads\/sites\/680\/2018\/09\/HC5059-hilgrv-cws-pagetitle-locations-spn.png"}],"twitter_misc":{"Tiempo de lectura":"7 minutos"},"schema":{"@context":"https:\/\/schema.org","@graph":[{"@type":"WebPage","@id":"https:\/\/hgv.cert.xcc.smashfly.io\/es\/nuestras-ubicaciones\/","url":"https:\/\/hgv.cert.xcc.smashfly.io\/es\/nuestras-ubicaciones\/","name":"Nuestras ubicaciones - Hilton Grand Vacations","isPartOf":{"@id":"https:\/\/www.hgv.cert.xcc.smashfly.io\/#website"},"primaryImageOfPage":{"@id":"https:\/\/hgv.cert.xcc.smashfly.io\/es\/nuestras-ubicaciones\/#primaryimage"},"image":{"@id":"https:\/\/hgv.cert.xcc.smashfly.io\/es\/nuestras-ubicaciones\/#primaryimage"},"thumbnailUrl":"https:\/\/cdn-static.findly.com\/wp-content\/uploads\/sites\/680\/2018\/09\/HC5059-hilgrv-cws-pagetitle-locations-spn.png","datePublished":"2018-05-09T20:10:23+00:00","dateModified":"2019-02-11T20:06:10+00:00","breadcrumb":{"@id":"https:\/\/hgv.cert.xcc.smashfly.io\/es\/nuestras-ubicaciones\/#breadcrumb"},"inLanguage":"es","potentialAction":[{"@type":"ReadAction","target":["https:\/\/hgv.cert.xcc.smashfly.io\/es\/nuestras-ubicaciones\/"]}]},{"@type":"ImageObject","inLanguage":"es","@id":"https:\/\/hgv.cert.xcc.smashfly.io\/es\/nuestras-ubicaciones\/#primaryimage","url":"https:\/\/cdn-static.findly.com\/wp-content\/uploads\/sites\/680\/2018\/09\/HC5059-hilgrv-cws-pagetitle-locations-spn.png","contentUrl":"https:\/\/cdn-static.findly.com\/wp-content\/uploads\/sites\/680\/2018\/09\/HC5059-hilgrv-cws-pagetitle-locations-spn.png"},{"@type":"BreadcrumbList","@id":"https:\/\/hgv.cert.xcc.smashfly.io\/es\/nuestras-ubicaciones\/#breadcrumb","itemListElement":[{"@type":"ListItem","position":1,"name":"Home","item":"https:\/\/hgv.cert.xcc.smashfly.io\/es\/"},{"@type":"ListItem","position":2,"name":"Nuestras ubicaciones"}]},{"@type":"WebSite","@id":"https:\/\/www.hgv.cert.xcc.smashfly.io\/#website","url":"https:\/\/www.hgv.cert.xcc.smashfly.io\/","name":"Hilton Grand Vacations","description":"Hilton Grand Vacations Candidate Experience Site","potentialAction":[{"@type":"SearchAction","target":{"@type":"EntryPoint","urlTemplate":"https:\/\/www.hgv.cert.xcc.smashfly.io\/?s={search_term_string}"},"query-input":"required name=search_term_string"}],"inLanguage":"es"}]}},"_links":{"self":[{"href":"https:\/\/hgv.cert.xcc.smashfly.io\/es\/wp-json\/wp\/v2\/pages\/7224","targetHints":{"allow":["GET"]}}],"collection":[{"href":"https:\/\/hgv.cert.xcc.smashfly.io\/es\/wp-json\/wp\/v2\/pages"}],"about":[{"href":"https:\/\/hgv.cert.xcc.smashfly.io\/es\/wp-json\/wp\/v2\/types\/page"}],"author":[{"embeddable":true,"href":"https:\/\/hgv.cert.xcc.smashfly.io\/es\/wp-json\/wp\/v2\/users\/179"}],"replies":[{"embeddable":true,"href":"https:\/\/hgv.cert.xcc.smashfly.io\/es\/wp-json\/wp\/v2\/comments?post=7224"}],"version-history":[{"count":0,"href":"https:\/\/hgv.cert.xcc.smashfly.io\/es\/wp-json\/wp\/v2\/pages\/7224\/revisions"}],"wp:attachment":[{"href":"https:\/\/hgv.cert.xcc.smashfly.io\/es\/wp-json\/wp\/v2\/media?parent=7224"}],"wp:term":[{"taxonomy":"persona","embeddable":true,"href":"https:\/\/hgv.cert.xcc.smashfly.io\/es\/wp-json\/wp\/v2\/persona?post=7224"}],"curies":[{"name":"wp","href":"https:\/\/api.w.org\/{rel}","templated":true}]}}