{"id":7259,"date":"2018-05-09T15:15:13","date_gmt":"2018-05-09T20:15:13","guid":{"rendered":"http:\/\/hiltongrandvacations-v2.qa.wp.findly.com\/?page_id=7259\/"},"modified":"2022-08-20T13:24:47","modified_gmt":"2022-08-20T18:24:47","slug":"pasantias","status":"publish","type":"page","link":"https:\/\/hgv.cert.xcc.smashfly.io\/es\/pasantias\/","title":{"rendered":"Pasant\u00edas"},"content":{"rendered":"<\/div><\/div><\/div><!-- close content main div --><\/div><\/div><div id='av_section_1' class='avia-section main_color avia-section-no-padding avia-no-border-styling avia-bg-style-scroll  header-banner container_wrap fullsize'   ><div class='container' ><div class='template-page content  av-content-full alpha units'><div class='post-entry post-entry-type-page post-entry-7259'><div class='entry-content-wrapper clearfix'>\n<div class='avia-image-container  av-styling-    avia-align-center '  itemscope=\"itemscope\" itemtype=\"https:\/\/schema.org\/ImageObject\"  ><div class='avia-image-container-inner'><img class='avia_image ' src='https:\/\/hgv.cert.xcc.smashfly.io\/wp-content\/uploads\/sites\/2484\/2018\/04\/students.jpg' alt='young, hgv team member' title=''   itemprop=\"contentURL\"  \/><\/div><\/div>\n\n<\/div><\/div><\/div><!-- close content main div --><\/div><\/div><div id='av_section_2' class='avia-section main_color avia-section-no-padding avia-no-border-styling avia-bg-style-scroll  full-width-section title-bar av-minimum-height av-minimum-height-custom container_wrap fullsize'   ><div class='container' style='height:98px'><div class='template-page content  av-content-full alpha units'><div class='post-entry post-entry-type-page post-entry-7259'><div class='entry-content-wrapper clearfix'>\n<section class=\"av_textblock_section\"  itemscope=\"itemscope\" itemtype=\"https:\/\/schema.org\/CreativeWork\" ><div class='avia_textblock '   itemprop=\"text\" ><h1><img decoding=\"async\" class=\"avia_image \" title=\"\" src=\"https:\/\/cdn-static.findly.com\/wp-content\/uploads\/sites\/680\/2018\/09\/HC5059-hilgrv-cws-pagetitle-internships-spn.png\" alt=\"Descubres nuestras oportunidades de pasant\u00edas\" \/><\/h1>\n<\/div><\/section>\n\n<\/div><\/div><\/div><!-- close content main div --><\/div><\/div><div id='av_section_3' class='avia-section main_color avia-section-default avia-no-border-styling avia-bg-style-scroll  body-content container_wrap fullsize'   ><div class='container' ><div class='template-page content  av-content-full alpha units'><div class='post-entry post-entry-type-page post-entry-7259'><div class='entry-content-wrapper clearfix'>\n<div class=\"flex_column av_one_fifth  flex_column_div av-zero-column-padding first  \" style='border-radius:0px; '><\/div><div class=\"flex_column av_three_fifth  flex_column_div av-zero-column-padding   fs-medium \" style='border-radius:0px; '><section class=\"av_textblock_section\"  itemscope=\"itemscope\" itemtype=\"https:\/\/schema.org\/CreativeWork\" ><div class='avia_textblock '   itemprop=\"text\" ><h2 style=\"text-align: center;\" class=\"main-heading inner-hdr mb40\">Lance su carrera con un l\u00edder en la industria<\/h2>\n<p style=\"text-align: center;\">Gracias a nuestra amplia variedad de pasant\u00edas, los futuros l\u00edderes de la industria de la hospitalidad obtienen una experiencia laboral valiosa y crean su red profesional para ayudar a poner en marcha su recorrido profesional. Obtenga m\u00e1s informaci\u00f3n sobre las oportunidades de pasant\u00edas disponibles en su caso.<\/p>\n<\/div><\/section><br \/>\n<section class=\"av_textblock_section\"  itemscope=\"itemscope\" itemtype=\"https:\/\/schema.org\/CreativeWork\" ><div class='avia_textblock '   itemprop=\"text\" ><p><img loading=\"lazy\" decoding=\"async\" class=\"size-full wp-image-11327 aligncenter\" src=\"https:\/\/cdn-static.findly.com\/wp-content\/uploads\/sites\/795\/2019\/03\/hgv_careers_intern-video_screenshot.jpg\" alt=\"Team Lead Sales Coach: Ashley\" width=\"631\" height=\"365\" \/><\/p>\n<div class=\"video-play-button\">\n<p><a href=\" https:\/\/www.youtube.com\/watch?v=7mDEpluO5Fo?rel=0&amp;controls=0?autoplay=1\" class=\"open-popup video-icon\"><img decoding=\"async\" class=\"alignnone size-full wp-image-5665\" style=\"margin-top: 75%;\" src=\"https:\/\/cdn-static.findly.com\/wp-content\/uploads\/sites\/608\/2018\/06\/V-Play-Btn.png\" alt=\"Hilton Grand Vacations Internship Program\" \/><\/a><\/p>\n<\/div>\n<p><a href=\"\/es\/launch-career-industry-leader\/\" aria-label=\"Video transcript for Hilton Grand Vacations Internship Program\" class=\"video-trascript-link\">Video transcript<\/a><\/p>\n<\/div><\/section><\/p><\/div><div class=\"flex_column av_one_fifth  flex_column_div av-zero-column-padding   \" style='border-radius:0px; '><\/div><\/div><\/div><\/div><!-- close content main div --><\/div><\/div><div id='av_section_4' class='avia-section main_color avia-section-default avia-no-border-styling avia-bg-style-scroll  blue-bg-outer fs-medium color-light-blue container_wrap fullsize' style = 'background-color: #00b0b9; background-color: #00b0b9; '  ><div class='container' ><div class='template-page content  av-content-full alpha units'><div class='post-entry post-entry-type-page post-entry-7259'><div class='entry-content-wrapper clearfix'>\n<div class='flex_column_table av-equal-height-column-flextable' ><div class=\"flex_column av_one_full  no_margin flex_column_table_cell av-equal-height-column av-align-middle first  white-bg-outer \" style='padding:50px; background-color:#ffffff; border-radius:0px; '><section class=\"av_textblock_section\"  itemscope=\"itemscope\" itemtype=\"https:\/\/schema.org\/CreativeWork\" ><div class='avia_textblock '   itemprop=\"text\" ><h2 style=\"text-align: center;\" class=\"main-heading lgt-blue-hdr\">Nuestras oportunidades de pasant\u00edas<\/h2>\n<\/div><\/section><br \/>\n<section class=\"av_textblock_section\"  itemscope=\"itemscope\" itemtype=\"https:\/\/schema.org\/CreativeWork\" ><div class='avia_textblock  av_inherit_color'  style='color:#165c7d; '  itemprop=\"text\" ><p>Hilton Grand Vacations ofrece pasant\u00edas corporativas en una amplia variedad de campos, entre ellos:<\/p>\n<div class=\"two-col-ul\">\n<ul>\n<li>Contabilidad<\/li>\n<li>Administraci\u00f3n comercial<\/li>\n<li>Comunicaciones<\/li>\n<li>Remuneraci\u00f3n<\/li>\n<li>Finanzas<\/li>\n<li>Recursos humanos<\/li>\n<li>Sistemas de informaci\u00f3n<\/li>\n<\/ul>\n<ul>\n<li>TI<\/li>\n<li>Gesti\u00f3n de inventario<\/li>\n<li>Marketing<\/li>\n<li>Multimedia<\/li>\n<li>Redes sociales<\/li>\n<li>TCapacitaci\u00f3n y desarrollo<\/li>\n<li>Adquisici\u00f3n de talentos<\/li>\n<\/ul>\n<\/div>\n<p>Cualesquiera sean sus intereses, tenemos una oportunidad de pasant\u00eda para ayudarle a impulsar su desarrollo profesional. Descubra su oportunidad y empiece a desarrollar su carrera hoy mismo.<\/p>\n<div class=\"cente-align\"><a href=\"\/es\/job-search-results-2\/?sub_category=Internships\" class=\"yellow-btn yellow-apply\">Postularse<\/a><\/div>\n<\/div><\/section><\/p><\/div><\/div><!--close column table wrapper. Autoclose:  -->\n<\/p>\n<\/div><\/div><\/div><!-- close content main div --><\/div><\/div><div id='av_section_5' class='avia-section main_color avia-section-default avia-no-border-styling avia-bg-style-scroll  circle-gallery first-circle-round container_wrap fullsize'   ><div class='container' ><div class='template-page content  av-content-full alpha units'><div class='post-entry post-entry-type-page post-entry-7259'><div class='entry-content-wrapper clearfix'>\n<div class=\"flex_column av_one_fifth  flex_column_div av-zero-column-padding first  \" style='border-radius:0px; '><\/div><div class=\"flex_column av_three_fifth  flex_column_div   circle-content \" style='padding:80px; background-color:#8de6e6; border-radius:50%; '><section class=\"av_textblock_section\"  itemscope=\"itemscope\" itemtype=\"https:\/\/schema.org\/CreativeWork\" ><div class='avia_textblock '   itemprop=\"text\" ><div class=\"left-circle-img\"><img decoding=\"async\" src=\"https:\/\/cdn-static.findly.com\/wp-content\/uploads\/sites\/608\/2018\/04\/rd1.png\" \/><\/div>\n<p>\u201cMuy pocas empresas buscan verdaderamente promover sus valores de manera constante. Lamentablemente, es muy com\u00fan que la misi\u00f3n, la visi\u00f3n y los pilares de una empresa solo sean algo que est\u00e1 pintado en la pared de una oficina corporativa. Aqu\u00ed en Hilton Grand Vacations, est\u00e1 arraigado en las personas. Esto pone de manifiesto la eficacia de los l\u00edderes, desde los supervisores hasta el director ejecutivo\u201d<\/p>\n<p class=\"circle-last\">&#8211; Jackie, interna en Recursos humanos<\/p>\n<\/div><\/section><\/div><div class=\"flex_column av_one_fifth  flex_column_div av-zero-column-padding    \" style='border-radius:0px; '><\/div>\n\n<\/div><\/div><\/div><!-- close content main div --><\/div><\/div><div id='av_section_6' class='avia-section main_color avia-section-no-padding avia-no-border-styling avia-bg-style-scroll  full-width-section bg-si-mid container_wrap fullsize'   ><div class='container' ><div class='template-page content  av-content-full alpha units'><div class='post-entry post-entry-type-page post-entry-7259'><div class='entry-content-wrapper clearfix'>\n<div class='avia-image-container  av-styling-    avia-align-center '  itemscope=\"itemscope\" itemtype=\"https:\/\/schema.org\/ImageObject\"  ><div class='avia-image-container-inner'><img class='avia_image ' src='https:\/\/hgv.cert.xcc.smashfly.io\/wp-content\/uploads\/sites\/2484\/2018\/04\/bg-st.png' alt='' title=''   itemprop=\"contentURL\"  \/><\/div><\/div>\n\n<\/div><\/div><\/div><!-- close content main div --><\/div><\/div><div id='av_section_7' class='avia-section main_color avia-section-no-padding avia-no-border-styling avia-bg-style-scroll  circle-gallery sec-circle-round container_wrap fullsize'   ><div class='container' ><div class='template-page content  av-content-full alpha units'><div class='post-entry post-entry-type-page post-entry-7259'><div class='entry-content-wrapper clearfix'>\n<div class='flex_column_table av-equal-height-column-flextable' ><div class=\"flex_column av_one_fifth  flex_column_table_cell av-equal-height-column av-align-middle av-zero-column-padding first   \" style='border-radius:0px; '><\/div><div class='av-flex-placeholder'><\/div><div class=\"flex_column av_three_fifth  flex_column_table_cell av-equal-height-column av-align-middle   circle-content content-rahul \" style='padding:80px; background-color:#358496; border-radius:50%; '><section class=\"av_textblock_section\"  itemscope=\"itemscope\" itemtype=\"https:\/\/schema.org\/CreativeWork\" ><div class='avia_textblock '   itemprop=\"text\" ><p><br class=\"xliff-newline\" \/><\/p>\n<div class=\"right-circle-img\"><img decoding=\"async\" src=\"https:\/\/cdn-static.findly.com\/wp-content\/uploads\/sites\/608\/2018\/04\/rahul.png\" \/><\/div>\n<p>\u201cLo m\u00e1s dif\u00edcil fue aprender a realizar tareas m\u00faltiples y esforzarme al m\u00e1ximo por no cometer errores. Sin embargo, mi equipo me ayud\u00f3 mucho y siempre estaba disponible para responder cualquier pregunta para facilitarme las cosas. El entorno laboral es abierto, tolerante y divertido\u201d.<\/p>\n<p class=\"circle-last\">&#8211; Rahul, interno en Gesti\u00f3n de inventario<\/p>\n<p><br class=\"xliff-newline\" \/><\/p>\n<\/div><\/section><\/div><div class='av-flex-placeholder'><\/div><div class=\"flex_column av_one_fifth  flex_column_table_cell av-equal-height-column av-align-middle av-zero-column-padding    \" style='border-radius:0px; '><\/div><\/div><!--close column table wrapper. Autoclose:  -->\n\n<\/div><\/div><\/div><!-- close content main div --><\/div><\/div><div id='av_section_8' class='avia-section main_color avia-section-no-padding avia-no-border-styling avia-bg-style-scroll  full-width-section bg-si-mid container_wrap fullsize'   ><div class='container' ><div class='template-page content  av-content-full alpha units'><div class='post-entry post-entry-type-page post-entry-7259'><div class='entry-content-wrapper clearfix'>\n<div class='avia-image-container  av-styling-    avia-align-center '  itemscope=\"itemscope\" itemtype=\"https:\/\/schema.org\/ImageObject\"  ><div class='avia-image-container-inner'><img class='avia_image ' src='https:\/\/hgv.cert.xcc.smashfly.io\/wp-content\/uploads\/sites\/2484\/2018\/04\/bg-st.png' alt='' title=''   itemprop=\"contentURL\"  \/><\/div><\/div>\n\n<\/div><\/div><\/div><!-- close content main div --><\/div><\/div><div id='av_section_9' class='avia-section main_color avia-section-default avia-no-border-styling avia-bg-style-scroll  circle-gallery container_wrap fullsize'   ><div class='container' ><div class='template-page content  av-content-full alpha units'><div class='post-entry post-entry-type-page post-entry-7259'><div class='entry-content-wrapper clearfix'>\n<div class=\"flex_column av_one_fifth  flex_column_div av-zero-column-padding first  \" style='border-radius:0px; '><\/div><div class=\"flex_column av_three_fifth  flex_column_div   circle-content \" style='padding:80px; background-color:#8de6e6; border-radius:50%; '><section class=\"av_textblock_section\"  itemscope=\"itemscope\" itemtype=\"https:\/\/schema.org\/CreativeWork\" ><div class='avia_textblock '   itemprop=\"text\" ><div class=\"left-circle-img\"><img decoding=\"async\" src=\"https:\/\/cdn-static.findly.com\/wp-content\/uploads\/sites\/608\/2018\/04\/alysha.png\" \/><\/div>\n<p>\u201cLo que m\u00e1s me gusta de trabajar en Hilton Grand Vacations son las personas con las que he tenido el placer de trabajar. Mi equipo realmente me acogi\u00f3 bajo sus alas y sacaban tiempo de su ocupado horario para ense\u00f1arme habilidades nuevas. Estoy muy agradecida de trabajar con un grupo de personas tan incre\u00edble y de conocer a otros en el camino\u201d<\/p>\n<p class=\"circle-last\">&#8211; Alysha, interna en Sistemas de informaci\u00f3n de recursos humanos<\/p>\n<\/div><\/section><\/div><div class=\"flex_column av_one_fifth  flex_column_div av-zero-column-padding   \" style='border-radius:0px; '><\/div>\n\n<\/div><\/div><\/div><!-- close content main div --><\/div><\/div><div id='av_section_10' class='avia-section main_color avia-section-small avia-no-border-styling avia-bg-style-scroll  flexible-height-container fs-medium color-light-blue container_wrap fullsize' style = 'background-color: #f4d940; background-color: #f4d940; '  ><div class='container' ><div class='template-page content  av-content-full alpha units'><div class='post-entry post-entry-type-page post-entry-7259'><div class='entry-content-wrapper clearfix'>\n<div class='flex_column_table av-equal-height-column-flextable' ><div class=\"flex_column av_one_half  flex_column_table_cell av-equal-height-column av-align-top first   \" style='padding:30px 0 20px 0 ; background-color:#ffffff; border-radius:0px; '><section class=\"av_textblock_section\"  itemscope=\"itemscope\" itemtype=\"https:\/\/schema.org\/CreativeWork\" ><div class='avia_textblock under-graduate-display'   itemprop=\"text\" ><h2 style=\"text-align: center;\" class=\"main-heading lgt-blue-hdr\">Estudiantes no graduados<\/h2>\n<p>Prep\u00e1rese para el \u00e9xito con nuestras pasant\u00edas para estudiantes universitarios. Los internos universitarios son miembros valorados del equipo, y muchos llegan a tener puestos de tiempo completo en Hilton Grand Vacations despu\u00e9s de su graduaci\u00f3n o al terminar la pasant\u00eda.<\/p>\n<div class=\"showHide-content\">\n<ul>\n<li>Puestos disponibles para los semestres de primavera, verano y oto\u00f1o.<\/li>\n<li>Se ofrece remuneraci\u00f3n competitiva<\/li>\n<\/ul>\n<\/div>\n<p class=\"show-content\">espect\u00e1culo<\/p>\n<\/div><\/section><\/div><div class='av-flex-placeholder'><\/div><div class=\"flex_column av_one_half  flex_column_table_cell av-equal-height-column av-align-top    \" style='padding:30px 0 20px 0 ; background-color:#ffffff; border-radius:0px; '><section class=\"av_textblock_section\"  itemscope=\"itemscope\" itemtype=\"https:\/\/schema.org\/CreativeWork\" ><div class='avia_textblock graduate-display'   itemprop=\"text\" ><h2 style=\"text-align: center;\" class=\"main-heading lgt-blue-hdr\">Estudiantes graduados<\/h2>\n<p>En Hilton Grand Vacations, nos esforzamos por contratar y desarrollar a los profesionales de la m\u00e1s alta calidad que pueden seguir fomentando experiencias excepcionales para los hu\u00e9spedes ahora y en los a\u00f1os por venir. Nuestras pasant\u00edas para graduados cumplen un papel fundamental en darle forma a este futuro, pues nos permiten conocer a los mejores estudiantes de la industria de la hospitalidad por todo el mundo.<\/p>\n<div class=\"showHide-content\">\n<ul>\n<li style=\"list-style-type: none;\">\n<ul>\n<li>Puestos disponibles para los semestres de primavera, verano y oto\u00f1o<\/li>\n<\/ul>\n<\/li>\n<\/ul>\n<ul>\n<li style=\"list-style-type: none;\">\n<ul>\n<li>Se ofrece remuneraci\u00f3n competitiva<\/li>\n<\/ul>\n<\/li>\n<\/ul>\n<\/div>\n<p class=\"show-content\">espect\u00e1culo<\/p>\n<\/div><\/section><\/div><\/div><!--close column table wrapper. Autoclose:  -->\n\n<\/div><\/div><\/div><!-- close content main div --><\/div><\/div><div id='av_section_11' class='avia-section main_color avia-section-default avia-no-border-styling avia-bg-style-scroll  student-events container_wrap fullsize'   ><div class='container' ><div class='template-page content  av-content-full alpha units'><div class='post-entry post-entry-type-page post-entry-7259'><div class='entry-content-wrapper clearfix'>\n<div class=\"flex_column av_one_full  flex_column_div av-zero-column-padding first  \" style='border-radius:0px; '><section class=\"av_textblock_section\"  itemscope=\"itemscope\" itemtype=\"https:\/\/schema.org\/CreativeWork\" ><div class='avia_textblock '   itemprop=\"text\" ><h2 style=\"text-align: center;\" class=\"main-heading lgt-blue-hdr\">Con\u00f3zcanos en la universidad<\/h2>\n<\/div><\/section><br \/>\n<\/p><\/div>\n\n","protected":false},"excerpt":{"rendered":"","protected":false},"author":179,"featured_media":0,"parent":0,"menu_order":0,"comment_status":"closed","ping_status":"closed","template":"","meta":{"footnotes":""},"persona":[],"class_list":["post-7259","page","type-page","status-publish","hentry"],"yoast_head":"<!-- This site is optimized with the Yoast SEO Premium plugin v22.8 (Yoast SEO v22.8) - https:\/\/yoast.com\/wordpress\/plugins\/seo\/ -->\n<title>Inicie su carrera como interno con HGV<\/title>\n<meta name=\"description\" content=\"Los internos de Hilton Grand Vacations adquieren una valiosa experiencia laboral y crean una red profesional con un l\u00edder de la industria. Obtenga m\u00e1s informaci\u00f3n sobre las oportunidades de pasant\u00edas internas.\" \/>\n<meta name=\"robots\" content=\"index, follow, max-snippet:-1, max-image-preview:large, max-video-preview:-1\" \/>\n<link rel=\"canonical\" href=\"https:\/\/hgv.cert.xcc.smashfly.io\/es\/pasantias\/\" \/>\n<meta property=\"og:locale\" content=\"es_ES\" \/>\n<meta property=\"og:type\" content=\"article\" \/>\n<meta property=\"og:title\" content=\"Pasant\u00edas\" \/>\n<meta property=\"og:description\" content=\"Los internos de Hilton Grand Vacations adquieren una valiosa experiencia laboral y crean una red profesional con un l\u00edder de la industria. Obtenga m\u00e1s informaci\u00f3n sobre las oportunidades de pasant\u00edas internas.\" \/>\n<meta property=\"og:url\" content=\"https:\/\/hgv.cert.xcc.smashfly.io\/es\/pasantias\/\" \/>\n<meta property=\"og:site_name\" content=\"Hilton Grand Vacations\" \/>\n<meta property=\"article:modified_time\" content=\"2022-08-20T18:24:47+00:00\" \/>\n<meta property=\"og:image\" content=\"https:\/\/cdn-static.findly.com\/wp-content\/uploads\/sites\/680\/2018\/09\/HC5059-hilgrv-cws-pagetitle-internships-spn.png\" \/>\n<meta name=\"twitter:label1\" content=\"Tiempo de lectura\" \/>\n\t<meta name=\"twitter:data1\" content=\"13 minutos\" \/>\n<script type=\"application\/ld+json\" class=\"yoast-schema-graph\">{\"@context\":\"https:\/\/schema.org\",\"@graph\":[{\"@type\":\"WebPage\",\"@id\":\"https:\/\/hgv.cert.xcc.smashfly.io\/es\/pasantias\/\",\"url\":\"https:\/\/hgv.cert.xcc.smashfly.io\/es\/pasantias\/\",\"name\":\"Inicie su carrera como interno con HGV\",\"isPartOf\":{\"@id\":\"https:\/\/www.hgv.cert.xcc.smashfly.io\/#website\"},\"primaryImageOfPage\":{\"@id\":\"https:\/\/hgv.cert.xcc.smashfly.io\/es\/pasantias\/#primaryimage\"},\"image\":{\"@id\":\"https:\/\/hgv.cert.xcc.smashfly.io\/es\/pasantias\/#primaryimage\"},\"thumbnailUrl\":\"https:\/\/cdn-static.findly.com\/wp-content\/uploads\/sites\/680\/2018\/09\/HC5059-hilgrv-cws-pagetitle-internships-spn.png\",\"datePublished\":\"2018-05-09T20:15:13+00:00\",\"dateModified\":\"2022-08-20T18:24:47+00:00\",\"description\":\"Los internos de Hilton Grand Vacations adquieren una valiosa experiencia laboral y crean una red profesional con un l\u00edder de la industria. Obtenga m\u00e1s informaci\u00f3n sobre las oportunidades de pasant\u00edas internas.\",\"breadcrumb\":{\"@id\":\"https:\/\/hgv.cert.xcc.smashfly.io\/es\/pasantias\/#breadcrumb\"},\"inLanguage\":\"es\",\"potentialAction\":[{\"@type\":\"ReadAction\",\"target\":[\"https:\/\/hgv.cert.xcc.smashfly.io\/es\/pasantias\/\"]}]},{\"@type\":\"ImageObject\",\"inLanguage\":\"es\",\"@id\":\"https:\/\/hgv.cert.xcc.smashfly.io\/es\/pasantias\/#primaryimage\",\"url\":\"https:\/\/cdn-static.findly.com\/wp-content\/uploads\/sites\/680\/2018\/09\/HC5059-hilgrv-cws-pagetitle-internships-spn.png\",\"contentUrl\":\"https:\/\/cdn-static.findly.com\/wp-content\/uploads\/sites\/680\/2018\/09\/HC5059-hilgrv-cws-pagetitle-internships-spn.png\"},{\"@type\":\"BreadcrumbList\",\"@id\":\"https:\/\/hgv.cert.xcc.smashfly.io\/es\/pasantias\/#breadcrumb\",\"itemListElement\":[{\"@type\":\"ListItem\",\"position\":1,\"name\":\"Home\",\"item\":\"https:\/\/hgv.cert.xcc.smashfly.io\/es\/\"},{\"@type\":\"ListItem\",\"position\":2,\"name\":\"Pasant\u00edas\"}]},{\"@type\":\"WebSite\",\"@id\":\"https:\/\/www.hgv.cert.xcc.smashfly.io\/#website\",\"url\":\"https:\/\/www.hgv.cert.xcc.smashfly.io\/\",\"name\":\"Hilton Grand Vacations\",\"description\":\"Hilton Grand Vacations Candidate Experience Site\",\"potentialAction\":[{\"@type\":\"SearchAction\",\"target\":{\"@type\":\"EntryPoint\",\"urlTemplate\":\"https:\/\/www.hgv.cert.xcc.smashfly.io\/?s={search_term_string}\"},\"query-input\":\"required name=search_term_string\"}],\"inLanguage\":\"es\"}]}<\/script>\n<!-- \/ Yoast SEO Premium plugin. -->","yoast_head_json":{"title":"Inicie su carrera como interno con HGV","description":"Los internos de Hilton Grand Vacations adquieren una valiosa experiencia laboral y crean una red profesional con un l\u00edder de la industria. Obtenga m\u00e1s informaci\u00f3n sobre las oportunidades de pasant\u00edas internas.","robots":{"index":"index","follow":"follow","max-snippet":"max-snippet:-1","max-image-preview":"max-image-preview:large","max-video-preview":"max-video-preview:-1"},"canonical":"https:\/\/hgv.cert.xcc.smashfly.io\/es\/pasantias\/","og_locale":"es_ES","og_type":"article","og_title":"Pasant\u00edas","og_description":"Los internos de Hilton Grand Vacations adquieren una valiosa experiencia laboral y crean una red profesional con un l\u00edder de la industria. Obtenga m\u00e1s informaci\u00f3n sobre las oportunidades de pasant\u00edas internas.","og_url":"https:\/\/hgv.cert.xcc.smashfly.io\/es\/pasantias\/","og_site_name":"Hilton Grand Vacations","article_modified_time":"2022-08-20T18:24:47+00:00","og_image":[{"url":"https:\/\/cdn-static.findly.com\/wp-content\/uploads\/sites\/680\/2018\/09\/HC5059-hilgrv-cws-pagetitle-internships-spn.png"}],"twitter_misc":{"Tiempo de lectura":"13 minutos"},"schema":{"@context":"https:\/\/schema.org","@graph":[{"@type":"WebPage","@id":"https:\/\/hgv.cert.xcc.smashfly.io\/es\/pasantias\/","url":"https:\/\/hgv.cert.xcc.smashfly.io\/es\/pasantias\/","name":"Inicie su carrera como interno con HGV","isPartOf":{"@id":"https:\/\/www.hgv.cert.xcc.smashfly.io\/#website"},"primaryImageOfPage":{"@id":"https:\/\/hgv.cert.xcc.smashfly.io\/es\/pasantias\/#primaryimage"},"image":{"@id":"https:\/\/hgv.cert.xcc.smashfly.io\/es\/pasantias\/#primaryimage"},"thumbnailUrl":"https:\/\/cdn-static.findly.com\/wp-content\/uploads\/sites\/680\/2018\/09\/HC5059-hilgrv-cws-pagetitle-internships-spn.png","datePublished":"2018-05-09T20:15:13+00:00","dateModified":"2022-08-20T18:24:47+00:00","description":"Los internos de Hilton Grand Vacations adquieren una valiosa experiencia laboral y crean una red profesional con un l\u00edder de la industria. Obtenga m\u00e1s informaci\u00f3n sobre las oportunidades de pasant\u00edas internas.","breadcrumb":{"@id":"https:\/\/hgv.cert.xcc.smashfly.io\/es\/pasantias\/#breadcrumb"},"inLanguage":"es","potentialAction":[{"@type":"ReadAction","target":["https:\/\/hgv.cert.xcc.smashfly.io\/es\/pasantias\/"]}]},{"@type":"ImageObject","inLanguage":"es","@id":"https:\/\/hgv.cert.xcc.smashfly.io\/es\/pasantias\/#primaryimage","url":"https:\/\/cdn-static.findly.com\/wp-content\/uploads\/sites\/680\/2018\/09\/HC5059-hilgrv-cws-pagetitle-internships-spn.png","contentUrl":"https:\/\/cdn-static.findly.com\/wp-content\/uploads\/sites\/680\/2018\/09\/HC5059-hilgrv-cws-pagetitle-internships-spn.png"},{"@type":"BreadcrumbList","@id":"https:\/\/hgv.cert.xcc.smashfly.io\/es\/pasantias\/#breadcrumb","itemListElement":[{"@type":"ListItem","position":1,"name":"Home","item":"https:\/\/hgv.cert.xcc.smashfly.io\/es\/"},{"@type":"ListItem","position":2,"name":"Pasant\u00edas"}]},{"@type":"WebSite","@id":"https:\/\/www.hgv.cert.xcc.smashfly.io\/#website","url":"https:\/\/www.hgv.cert.xcc.smashfly.io\/","name":"Hilton Grand Vacations","description":"Hilton Grand Vacations Candidate Experience Site","potentialAction":[{"@type":"SearchAction","target":{"@type":"EntryPoint","urlTemplate":"https:\/\/www.hgv.cert.xcc.smashfly.io\/?s={search_term_string}"},"query-input":"required name=search_term_string"}],"inLanguage":"es"}]}},"_links":{"self":[{"href":"https:\/\/hgv.cert.xcc.smashfly.io\/es\/wp-json\/wp\/v2\/pages\/7259","targetHints":{"allow":["GET"]}}],"collection":[{"href":"https:\/\/hgv.cert.xcc.smashfly.io\/es\/wp-json\/wp\/v2\/pages"}],"about":[{"href":"https:\/\/hgv.cert.xcc.smashfly.io\/es\/wp-json\/wp\/v2\/types\/page"}],"author":[{"embeddable":true,"href":"https:\/\/hgv.cert.xcc.smashfly.io\/es\/wp-json\/wp\/v2\/users\/179"}],"replies":[{"embeddable":true,"href":"https:\/\/hgv.cert.xcc.smashfly.io\/es\/wp-json\/wp\/v2\/comments?post=7259"}],"version-history":[{"count":2,"href":"https:\/\/hgv.cert.xcc.smashfly.io\/es\/wp-json\/wp\/v2\/pages\/7259\/revisions"}],"predecessor-version":[{"id":25009,"href":"https:\/\/hgv.cert.xcc.smashfly.io\/es\/wp-json\/wp\/v2\/pages\/7259\/revisions\/25009"}],"wp:attachment":[{"href":"https:\/\/hgv.cert.xcc.smashfly.io\/es\/wp-json\/wp\/v2\/media?parent=7259"}],"wp:term":[{"taxonomy":"persona","embeddable":true,"href":"https:\/\/hgv.cert.xcc.smashfly.io\/es\/wp-json\/wp\/v2\/persona?post=7259"}],"curies":[{"name":"wp","href":"https:\/\/api.w.org\/{rel}","templated":true}]}}