{"id":23717,"date":"2022-08-10T00:27:55","date_gmt":"2022-08-10T05:27:55","guid":{"rendered":"https:\/\/hiltongrandvacations-french.qa.wp.findly.com\/?page_id=23717"},"modified":"2022-09-05T05:42:05","modified_gmt":"2022-09-05T10:42:05","slug":"stages","status":"publish","type":"page","link":"https:\/\/hgv.cert.xcc.smashfly.io\/fr\/stages\/","title":{"rendered":"Student and interns"},"content":{"rendered":"<\/div><\/div><\/div><!-- close content main div --><\/div><\/div><div id='av_section_1' class='avia-section main_color avia-section-no-padding avia-no-border-styling avia-bg-style-scroll  header-banner container_wrap fullsize'   ><div class='container' ><div class='template-page content  av-content-full alpha units'><div class='post-entry post-entry-type-page post-entry-23717'><div class='entry-content-wrapper clearfix'>\n<div class='avia-image-container  av-styling-    avia-align-center '  itemscope=\"itemscope\" itemtype=\"https:\/\/schema.org\/ImageObject\"  ><div class='avia-image-container-inner'><img class='avia_image ' src='https:\/\/hgv.cert.xcc.smashfly.io\/wp-content\/uploads\/sites\/2484\/2018\/04\/students.jpg' alt='young, hgv team member' title=''   itemprop=\"contentURL\"  \/><\/div><\/div>\n\n<\/div><\/div><\/div><!-- close content main div --><\/div><\/div><div id='av_section_2' class='avia-section main_color avia-section-no-padding avia-no-border-styling avia-bg-style-scroll  full-width-section title-bar av-minimum-height av-minimum-height-custom container_wrap fullsize'   ><div class='container' style='height:98px'><div class='template-page content  av-content-full alpha units'><div class='post-entry post-entry-type-page post-entry-23717'><div class='entry-content-wrapper clearfix'>\n<section class=\"av_textblock_section\"  itemscope=\"itemscope\" itemtype=\"https:\/\/schema.org\/CreativeWork\" ><div class='avia_textblock '   itemprop=\"text\" ><h1><img decoding=\"async\" class=\"avia_image \" title=\"\" src=\"https:\/\/cdn-static.findly.com\/wp-content\/uploads\/sites\/2484\/2022\/08\/22102946\/internship.png\" alt=\"Des Stages\" \/><\/h1>\n<\/div><\/section>\n\n<\/div><\/div><\/div><!-- close content main div --><\/div><\/div><div id='av_section_3' class='avia-section main_color avia-section-default avia-no-border-styling avia-bg-style-scroll  body-content container_wrap fullsize'   ><div class='container' ><div class='template-page content  av-content-full alpha units'><div class='post-entry post-entry-type-page post-entry-23717'><div class='entry-content-wrapper clearfix'>\n<div class=\"flex_column av_one_fifth  flex_column_div av-zero-column-padding first  \" style='border-radius:0px; '><\/div><div class=\"flex_column av_three_fifth  flex_column_div av-zero-column-padding   fs-medium \" style='border-radius:0px; '><section class=\"av_textblock_section\"  itemscope=\"itemscope\" itemtype=\"https:\/\/schema.org\/CreativeWork\" ><div class='avia_textblock '   itemprop=\"text\" ><h2 style=\"text-align: center;\" class=\"main-heading inner-hdr mb40\">LANCEZ VOTRE CARRI\u00c8RE AVEC UN CHEF DE FILE DE L&rsquo;INDUSTRIE<\/h2>\n<p style=\"text-align: center;\">Gr\u00e2ce \u00e0 notre large \u00e9ventail de stages, les futurs leaders de l&rsquo;industrie h\u00f4teli\u00e8re acqui\u00e8rent une exp\u00e9rience de travail pr\u00e9cieuse et construisent leur r\u00e9seau professionnel pour aider \u00e0 mettre en mouvement leur parcours professionnel. En savoir plus sur les possibilit\u00e9s de stages qui s&rsquo;offrent \u00e0 vous.<\/p>\n<\/div><\/section><br \/>\n<section class=\"av_textblock_section\"  itemscope=\"itemscope\" itemtype=\"https:\/\/schema.org\/CreativeWork\" ><div class='avia_textblock '   itemprop=\"text\" ><p><img loading=\"lazy\" decoding=\"async\" class=\"size-full wp-image-11327 aligncenter\" src=\"https:\/\/cdn-static.findly.com\/wp-content\/uploads\/sites\/795\/2019\/03\/hgv_careers_intern-video_screenshot.jpg\" alt=\"Team Lead Sales Coach: Ashley\" width=\"631\" height=\"365\" \/><\/p>\n<div class=\"video-play-button\">\n<p><a href=\"https:\/\/www.youtube.com\/watch?v=7mDEpluO5Fo?rel=0&amp;controls=0?autoplay=1\" class=\"open-popup video-icon\"><img decoding=\"async\" class=\"alignnone size-full wp-image-5665\" style=\"margin-top: 75%;\" src=\"https:\/\/cdn-static.findly.com\/wp-content\/uploads\/sites\/608\/2018\/06\/V-Play-Btn.png\" alt=\"Hilton Grand Vacations Internship Program\" \/><\/a><\/p>\n<\/div>\n<p><a href=\"\/fr\/launch-career-industry-leader\/\" aria-label=\"Video transcript for Hilton Grand Vacations Internship Program\" class=\"video-trascript-link\">Transcription de la vid\u00e9o<\/a><\/p>\n<\/div><\/section><\/p><\/div><div class=\"flex_column av_one_fifth  flex_column_div av-zero-column-padding   \" style='border-radius:0px; '><\/div>\n\n<\/div><\/div><\/div><!-- close content main div --><\/div><\/div><div id='av_section_4' class='avia-section main_color avia-section-default avia-no-border-styling avia-bg-style-scroll  blue-bg-outer fs-medium color-light-blue container_wrap fullsize' style = 'background-color: #00b0b9; background-color: #00b0b9; '  ><div class='container' ><div class='template-page content  av-content-full alpha units'><div class='post-entry post-entry-type-page post-entry-23717'><div class='entry-content-wrapper clearfix'>\n<div class='flex_column_table av-equal-height-column-flextable' ><div class=\"flex_column av_one_full  no_margin flex_column_table_cell av-equal-height-column av-align-middle first  white-bg-outer \" style='padding:50px; background-color:#ffffff; border-radius:0px; '><section class=\"av_textblock_section\"  itemscope=\"itemscope\" itemtype=\"https:\/\/schema.org\/CreativeWork\" ><div class='avia_textblock '   itemprop=\"text\" ><h2 style=\"text-align: center;\" class=\"main-heading lgt-blue-hdr\">NOS POSSIBILIT\u00c9S DE STAGES<\/h2>\n<\/div><\/section><br \/>\n<section class=\"av_textblock_section\"  itemscope=\"itemscope\" itemtype=\"https:\/\/schema.org\/CreativeWork\" ><div class='avia_textblock  av_inherit_color'  style='color:#165c7d; '  itemprop=\"text\" ><p>Hilton Grand Vacations propose des stages en entreprise dans une grande vari\u00e9t\u00e9 de domaines, notamment\u00a0:<\/p>\n<div class=\"two-col-ul\">\n<ul>\n<li>Comptabilit\u00e9<\/li>\n<li>Gestion d&rsquo;entreprise<\/li>\n<li>Communications<\/li>\n<li>R\u00e9mun\u00e9ration<\/li>\n<li>Finances<\/li>\n<li>Ressources humaines<\/li>\n<li>Syst\u00e8mes d&rsquo;information<\/li>\n<\/ul>\n<ul>\n<li>TI<\/li>\n<li>Gestion des stocks<\/li>\n<li>Marketing<\/li>\n<li>Multim\u00e9dia<\/li>\n<li>M\u00e9dias sociaux<\/li>\n<li>Formation et perfectionnement<\/li>\n<li>Acquisition de talents<\/li>\n<\/ul>\n<\/div>\n<p>Quels que soient vos int\u00e9r\u00eats, nous avons une possibilit\u00e9 de stage pour favoriser votre d\u00e9veloppement professionnel. D\u00e9couvrez les possibilit\u00e9s et commencez \u00e0 b\u00e2tir votre carri\u00e8re d\u00e8s aujourd&rsquo;hui.<\/p>\n<div class=\"cente-align\"><a href=\"\/fr\/job-search-results\/?sub_category=Internships\" class=\"yellow-btn yellow-apply\">SOUMETTRE VOTRE CANDIDATURE<\/a><\/div>\n<\/div><\/section><\/p><\/div><\/div><!--close column table wrapper. Autoclose:  --><\/div><\/div><\/div><!-- close content main div --><\/div><\/div><div id='av_section_5' class='avia-section main_color avia-section-default avia-no-border-styling avia-bg-style-scroll  circle-gallery first-circle-round container_wrap fullsize'   ><div class='container' ><div class='template-page content  av-content-full alpha units'><div class='post-entry post-entry-type-page post-entry-23717'><div class='entry-content-wrapper clearfix'>\n<div class=\"flex_column av_one_fifth  flex_column_div av-zero-column-padding first  \" style='border-radius:0px; '><\/div><div class=\"flex_column av_three_fifth  flex_column_div   circle-content \" style='padding:80px; background-color:#8de6e6; border-radius:50%; '><section class=\"av_textblock_section\"  itemscope=\"itemscope\" itemtype=\"https:\/\/schema.org\/CreativeWork\" ><div class='avia_textblock '   itemprop=\"text\" ><div class=\"left-circle-img\"><img decoding=\"async\" src=\"https:\/\/cdn-static.findly.com\/wp-content\/uploads\/sites\/608\/2018\/04\/rd1.png\" \/><\/div>\n<p>\u00ab\u00a0Tr\u00e8s peu d&rsquo;entreprises cherchent constamment \u00e0 vraiment promouvoir leurs valeurs. Malheureusement, il est trop courant que la mission, la vision et les piliers d&rsquo;une entreprise soient simplement peints sur un mur du si\u00e8ge social. Ici, chez Hilton Grand Vacations, c&rsquo;est ancr\u00e9 dans les gens. Cela t\u00e9moigne de l&rsquo;efficacit\u00e9 des dirigeants, des gestionnaires jusqu&rsquo;au PDG.\u00a0\u00bb<\/p>\n<p class=\"circle-last\">\u2013 Jackie, stagiaire en ressources humaines<\/p>\n<\/div><\/section><\/div><div class=\"flex_column av_one_fifth  flex_column_div av-zero-column-padding    \" style='border-radius:0px; '><\/div>\n<\/p>\n<\/div><\/div><\/div><!-- close content main div --><\/div><\/div><div id='av_section_6' class='avia-section main_color avia-section-no-padding avia-no-border-styling avia-bg-style-scroll  full-width-section bg-si-mid container_wrap fullsize'   ><div class='container' ><div class='template-page content  av-content-full alpha units'><div class='post-entry post-entry-type-page post-entry-23717'><div class='entry-content-wrapper clearfix'>\n<div class='avia-image-container  av-styling-    avia-align-center '  itemscope=\"itemscope\" itemtype=\"https:\/\/schema.org\/ImageObject\"  ><div class='avia-image-container-inner'><img class='avia_image ' src='https:\/\/hgv.cert.xcc.smashfly.io\/wp-content\/uploads\/sites\/2484\/2018\/04\/bg-st.png' alt='' title=''   itemprop=\"contentURL\"  \/><\/div><\/div>\n\n<\/div><\/div><\/div><!-- close content main div --><\/div><\/div><div id='av_section_7' class='avia-section main_color avia-section-no-padding avia-no-border-styling avia-bg-style-scroll  circle-gallery sec-circle-round container_wrap fullsize'   ><div class='container' ><div class='template-page content  av-content-full alpha units'><div class='post-entry post-entry-type-page post-entry-23717'><div class='entry-content-wrapper clearfix'>\n<div class='flex_column_table av-equal-height-column-flextable' ><div class=\"flex_column av_one_fifth  flex_column_table_cell av-equal-height-column av-align-middle av-zero-column-padding first   \" style='border-radius:0px; '><\/div><div class='av-flex-placeholder'><\/div><div class=\"flex_column av_three_fifth  flex_column_table_cell av-equal-height-column av-align-middle   circle-content content-rahul \" style='padding:80px; background-color:#358496; border-radius:50%; '><section class=\"av_textblock_section\"  itemscope=\"itemscope\" itemtype=\"https:\/\/schema.org\/CreativeWork\" ><div class='avia_textblock '   itemprop=\"text\" ><div class=\"right-circle-img\"><img decoding=\"async\" src=\"https:\/\/cdn-static.findly.com\/wp-content\/uploads\/sites\/608\/2018\/04\/rahul.png\" \/><\/div>\n<p>\u00ab\u00a0La partie la plus difficile a \u00e9t\u00e9 d&rsquo;apprendre plusieurs t\u00e2ches et de faire de mon mieux pour ne pas faire d&rsquo;erreurs. Cependant, mon \u00e9quipe a \u00e9t\u00e9 tr\u00e8s utile et \u00e9tait toujours disponible pour r\u00e9pondre \u00e0 toutes les questions afin de me faciliter la t\u00e2che. Le climat de travail est ouvert, tol\u00e9rant et amusant.\u00a0\u00bb<\/p>\n<p class=\"circle-last\">\u2013 Rahul, stagiaire en gestion des stocks<\/p>\n<\/div><\/section><\/div><div class='av-flex-placeholder'><\/div><div class=\"flex_column av_one_fifth  flex_column_table_cell av-equal-height-column av-align-middle av-zero-column-padding    \" style='border-radius:0px; '><\/div><\/div><!--close column table wrapper. Autoclose:  -->\n\n<\/div><\/div><\/div><!-- close content main div --><\/div><\/div><div id='av_section_8' class='avia-section main_color avia-section-no-padding avia-no-border-styling avia-bg-style-scroll  full-width-section bg-si-mid container_wrap fullsize'   ><div class='container' ><div class='template-page content  av-content-full alpha units'><div class='post-entry post-entry-type-page post-entry-23717'><div class='entry-content-wrapper clearfix'>\n<div class='avia-image-container  av-styling-    avia-align-center '  itemscope=\"itemscope\" itemtype=\"https:\/\/schema.org\/ImageObject\"  ><div class='avia-image-container-inner'><img class='avia_image ' src='https:\/\/hgv.cert.xcc.smashfly.io\/wp-content\/uploads\/sites\/2484\/2018\/04\/bg-st.png' alt='' title=''   itemprop=\"contentURL\"  \/><\/div><\/div>\n\n<\/div><\/div><\/div><!-- close content main div --><\/div><\/div><div id='av_section_9' class='avia-section main_color avia-section-default avia-no-border-styling avia-bg-style-scroll  circle-gallery container_wrap fullsize'   ><div class='container' ><div class='template-page content  av-content-full alpha units'><div class='post-entry post-entry-type-page post-entry-23717'><div class='entry-content-wrapper clearfix'>\n<div class=\"flex_column av_one_fifth  flex_column_div av-zero-column-padding first  \" style='border-radius:0px; '><\/div><div class=\"flex_column av_three_fifth  flex_column_div   circle-content \" style='padding:70px; background-color:#8de6e6; border-radius:50%; '><section class=\"av_textblock_section\"  itemscope=\"itemscope\" itemtype=\"https:\/\/schema.org\/CreativeWork\" ><div class='avia_textblock '   itemprop=\"text\" ><div class=\"left-circle-img\"><img decoding=\"async\" src=\"https:\/\/cdn-static.findly.com\/wp-content\/uploads\/sites\/608\/2018\/04\/alysha.png\" \/><\/div>\n<p>\u00ab\u00a0Ce que j&rsquo;aime le plus dans mon travail chez Hilton Grand Vacations, ce sont les personnes avec qui j&rsquo;ai eu le plaisir de travailler. Mon \u00e9quipe m&rsquo;a vraiment pris sous son aile ses membres ont pris le temps, malgr\u00e9 leur horaire charg\u00e9, de m&rsquo;enseigner de nouvelles comp\u00e9tences. Je suis tellement reconnaissant de travailler avec un groupe de personnes aussi extraordinaire et d&rsquo;en rencontrer d&rsquo;autres en cours de route.\u00a0\u00bb<\/p>\n<p class=\"circle-last\">\u2013 Alysha, stagiaire en syst\u00e8mes d&rsquo;information sur les ressources humaines<\/p>\n<\/div><\/section><\/div><div class=\"flex_column av_one_fifth  flex_column_div av-zero-column-padding   \" style='border-radius:0px; '><\/div>\n\n<\/div><\/div><\/div><!-- close content main div --><\/div><\/div><div id='av_section_10' class='avia-section main_color avia-section-small avia-no-border-styling avia-bg-style-scroll  flexible-height-container fs-medium color-light-blue container_wrap fullsize' style = 'background-color: #f4d940; background-color: #f4d940; '  ><div class='container' ><div class='template-page content  av-content-full alpha units'><div class='post-entry post-entry-type-page post-entry-23717'><div class='entry-content-wrapper clearfix'>\n<div class='flex_column_table av-equal-height-column-flextable' ><div class=\"flex_column av_one_half  flex_column_table_cell av-equal-height-column av-align-top first   \" style='padding:30px 0 20px 0 ; background-color:#ffffff; border-radius:0px; '><section class=\"av_textblock_section\"  itemscope=\"itemscope\" itemtype=\"https:\/\/schema.org\/CreativeWork\" ><div class='avia_textblock under-graduate-display'   itemprop=\"text\" ><h2 style=\"text-align: center;\" class=\"main-heading lgt-blue-hdr\">\u00c9TUDIANTS DE PREMIER CYCLE<\/h2>\n<p>Pr\u00e9parez-vous au succ\u00e8s avec nos stages de premier cycle. Nos stagiaires de premier cycle sont des membres appr\u00e9ci\u00e9s de l&rsquo;\u00e9quipe, dont beaucoup acc\u00e8dent \u00e0 des postes \u00e0 temps plein chez Hilton Grand Vacations apr\u00e8s l&rsquo;obtention de leur dipl\u00f4me ou la fin de leur stage.<\/p>\n<div class=\"showHide-content\">\n<ul>\n<li>Positions Available for Spring, Summer and Fall semesters<\/li>\n<li>Competitive compensation offered<\/li>\n<\/ul>\n<\/div>\n<p class=\"show-content\">show<\/p>\n<\/div><\/section><\/div><div class='av-flex-placeholder'><\/div><div class=\"flex_column av_one_half  flex_column_table_cell av-equal-height-column av-align-top    \" style='padding:30px 0 20px 0 ; background-color:#ffffff; border-radius:0px; '><section class=\"av_textblock_section\"  itemscope=\"itemscope\" itemtype=\"https:\/\/schema.org\/CreativeWork\" ><div class='avia_textblock graduate-display'   itemprop=\"text\" ><h2 style=\"text-align: center;\" class=\"main-heading lgt-blue-hdr\">\u00c9TUDIANTS DIPL\u00d4M\u00c9S<\/h2>\n<p>Chez Hilton Grand Vacations, nous nous effor\u00e7ons d&#8217;embaucher et de d\u00e9velopper uniquement des professionnels de la plus haute qualit\u00e9 qui peuvent continuer \u00e0 offrir des exp\u00e9riences exceptionnelles \u00e0 nos clients aujourd&rsquo;hui et pour les ann\u00e9es \u00e0 venir. Nos stages pour dipl\u00f4m\u00e9s jouent un r\u00f4le important dans la formation de cet avenir, en nous faisant conna\u00eetre par les meilleurs \u00e9tudiants en h\u00f4tellerie du monde entier.<\/p>\n<div class=\"showHide-content\">\n<ul>\n<li>Positions Available for Spring, Summer and Fall semesters<\/li>\n<li>Competitive compensation offered<\/li>\n<\/ul>\n<\/div>\n<p class=\"show-content\">show<\/p>\n<\/div><\/section><\/div><\/div><!--close column table wrapper. Autoclose:  -->\n\n<\/div><\/div><\/div><!-- close content main div --><\/div><\/div><div id='av_section_11' class='avia-section main_color avia-section-default avia-no-border-styling avia-bg-style-scroll  student-events container_wrap fullsize'   ><div class='container' ><div class='template-page content  av-content-full alpha units'><div class='post-entry post-entry-type-page post-entry-23717'><div class='entry-content-wrapper clearfix'>\n<div class=\"flex_column av_one_full  flex_column_div av-zero-column-padding first  \" style='border-radius:0px; '><section class=\"av_textblock_section\"  itemscope=\"itemscope\" itemtype=\"https:\/\/schema.org\/CreativeWork\" ><div class='avia_textblock french-upcoming-events'   itemprop=\"text\" ><h2 style=\"text-align: center;\" class=\"main-heading lgt-blue-hdr\">\u00c9V\u00c9NEMENTS \u00c0 VENIR<\/h2>\n<\/div><\/section><br \/>\n<\/p><\/div>\n\n","protected":false},"excerpt":{"rendered":"","protected":false},"author":1703,"featured_media":0,"parent":0,"menu_order":0,"comment_status":"closed","ping_status":"closed","template":"","meta":{"footnotes":""},"persona":[],"class_list":["post-23717","page","type-page","status-publish","hentry"],"yoast_head":"<!-- This site is optimized with the Yoast SEO Premium plugin v22.8 (Yoast SEO v22.8) - https:\/\/yoast.com\/wordpress\/plugins\/seo\/ -->\n<title>Student and interns - Hiltongrandvacation<\/title>\n<meta name=\"robots\" content=\"index, follow, max-snippet:-1, max-image-preview:large, max-video-preview:-1\" \/>\n<link rel=\"canonical\" href=\"https:\/\/hgv.cert.xcc.smashfly.io\/fr\/stages\/\" \/>\n<meta property=\"og:locale\" content=\"fr_FR\" \/>\n<meta property=\"og:type\" content=\"article\" \/>\n<meta property=\"og:title\" content=\"Student and interns\" \/>\n<meta property=\"og:url\" content=\"https:\/\/hgv.cert.xcc.smashfly.io\/fr\/stages\/\" \/>\n<meta property=\"og:site_name\" content=\"Hiltongrandvacation\" \/>\n<meta property=\"article:modified_time\" content=\"2022-09-05T10:42:05+00:00\" \/>\n<meta property=\"og:image\" content=\"https:\/\/cdn-static.findly.com\/wp-content\/uploads\/sites\/2484\/2022\/08\/22102946\/internship.png\" \/>\n<meta name=\"twitter:label1\" content=\"Dur\u00e9e de lecture estim\u00e9e\" \/>\n\t<meta name=\"twitter:data1\" content=\"13 minutes\" \/>\n<script type=\"application\/ld+json\" class=\"yoast-schema-graph\">{\"@context\":\"https:\/\/schema.org\",\"@graph\":[{\"@type\":\"WebPage\",\"@id\":\"https:\/\/hgv.cert.xcc.smashfly.io\/fr\/stages\/\",\"url\":\"https:\/\/hgv.cert.xcc.smashfly.io\/fr\/stages\/\",\"name\":\"Student and interns - Hiltongrandvacation\",\"isPartOf\":{\"@id\":\"https:\/\/www.hgv.cert.xcc.smashfly.io\/#website\"},\"primaryImageOfPage\":{\"@id\":\"https:\/\/hgv.cert.xcc.smashfly.io\/fr\/stages\/#primaryimage\"},\"image\":{\"@id\":\"https:\/\/hgv.cert.xcc.smashfly.io\/fr\/stages\/#primaryimage\"},\"thumbnailUrl\":\"https:\/\/cdn-static.findly.com\/wp-content\/uploads\/sites\/2484\/2022\/08\/22102946\/internship.png\",\"datePublished\":\"2022-08-10T05:27:55+00:00\",\"dateModified\":\"2022-09-05T10:42:05+00:00\",\"breadcrumb\":{\"@id\":\"https:\/\/hgv.cert.xcc.smashfly.io\/fr\/stages\/#breadcrumb\"},\"inLanguage\":\"fr-FR\",\"potentialAction\":[{\"@type\":\"ReadAction\",\"target\":[\"https:\/\/hgv.cert.xcc.smashfly.io\/fr\/stages\/\"]}]},{\"@type\":\"ImageObject\",\"inLanguage\":\"fr-FR\",\"@id\":\"https:\/\/hgv.cert.xcc.smashfly.io\/fr\/stages\/#primaryimage\",\"url\":\"https:\/\/cdn-static.findly.com\/wp-content\/uploads\/sites\/2484\/2022\/08\/22102946\/internship.png\",\"contentUrl\":\"https:\/\/cdn-static.findly.com\/wp-content\/uploads\/sites\/2484\/2022\/08\/22102946\/internship.png\"},{\"@type\":\"BreadcrumbList\",\"@id\":\"https:\/\/hgv.cert.xcc.smashfly.io\/fr\/stages\/#breadcrumb\",\"itemListElement\":[{\"@type\":\"ListItem\",\"position\":1,\"name\":\"Home\",\"item\":\"https:\/\/hgv.cert.xcc.smashfly.io\/fr\/\"},{\"@type\":\"ListItem\",\"position\":2,\"name\":\"Student and interns\"}]},{\"@type\":\"WebSite\",\"@id\":\"https:\/\/www.hgv.cert.xcc.smashfly.io\/#website\",\"url\":\"https:\/\/www.hgv.cert.xcc.smashfly.io\/\",\"name\":\"Hiltongrandvacation\",\"description\":\"XCloud Candidate Experience Demo Site\",\"potentialAction\":[{\"@type\":\"SearchAction\",\"target\":{\"@type\":\"EntryPoint\",\"urlTemplate\":\"https:\/\/www.hgv.cert.xcc.smashfly.io\/?s={search_term_string}\"},\"query-input\":\"required name=search_term_string\"}],\"inLanguage\":\"fr-FR\"}]}<\/script>\n<!-- \/ Yoast SEO Premium plugin. -->","yoast_head_json":{"title":"Student and interns - Hiltongrandvacation","robots":{"index":"index","follow":"follow","max-snippet":"max-snippet:-1","max-image-preview":"max-image-preview:large","max-video-preview":"max-video-preview:-1"},"canonical":"https:\/\/hgv.cert.xcc.smashfly.io\/fr\/stages\/","og_locale":"fr_FR","og_type":"article","og_title":"Student and interns","og_url":"https:\/\/hgv.cert.xcc.smashfly.io\/fr\/stages\/","og_site_name":"Hiltongrandvacation","article_modified_time":"2022-09-05T10:42:05+00:00","og_image":[{"url":"https:\/\/cdn-static.findly.com\/wp-content\/uploads\/sites\/2484\/2022\/08\/22102946\/internship.png"}],"twitter_misc":{"Dur\u00e9e de lecture estim\u00e9e":"13 minutes"},"schema":{"@context":"https:\/\/schema.org","@graph":[{"@type":"WebPage","@id":"https:\/\/hgv.cert.xcc.smashfly.io\/fr\/stages\/","url":"https:\/\/hgv.cert.xcc.smashfly.io\/fr\/stages\/","name":"Student and interns - Hiltongrandvacation","isPartOf":{"@id":"https:\/\/www.hgv.cert.xcc.smashfly.io\/#website"},"primaryImageOfPage":{"@id":"https:\/\/hgv.cert.xcc.smashfly.io\/fr\/stages\/#primaryimage"},"image":{"@id":"https:\/\/hgv.cert.xcc.smashfly.io\/fr\/stages\/#primaryimage"},"thumbnailUrl":"https:\/\/cdn-static.findly.com\/wp-content\/uploads\/sites\/2484\/2022\/08\/22102946\/internship.png","datePublished":"2022-08-10T05:27:55+00:00","dateModified":"2022-09-05T10:42:05+00:00","breadcrumb":{"@id":"https:\/\/hgv.cert.xcc.smashfly.io\/fr\/stages\/#breadcrumb"},"inLanguage":"fr-FR","potentialAction":[{"@type":"ReadAction","target":["https:\/\/hgv.cert.xcc.smashfly.io\/fr\/stages\/"]}]},{"@type":"ImageObject","inLanguage":"fr-FR","@id":"https:\/\/hgv.cert.xcc.smashfly.io\/fr\/stages\/#primaryimage","url":"https:\/\/cdn-static.findly.com\/wp-content\/uploads\/sites\/2484\/2022\/08\/22102946\/internship.png","contentUrl":"https:\/\/cdn-static.findly.com\/wp-content\/uploads\/sites\/2484\/2022\/08\/22102946\/internship.png"},{"@type":"BreadcrumbList","@id":"https:\/\/hgv.cert.xcc.smashfly.io\/fr\/stages\/#breadcrumb","itemListElement":[{"@type":"ListItem","position":1,"name":"Home","item":"https:\/\/hgv.cert.xcc.smashfly.io\/fr\/"},{"@type":"ListItem","position":2,"name":"Student and interns"}]},{"@type":"WebSite","@id":"https:\/\/www.hgv.cert.xcc.smashfly.io\/#website","url":"https:\/\/www.hgv.cert.xcc.smashfly.io\/","name":"Hiltongrandvacation","description":"XCloud Candidate Experience Demo Site","potentialAction":[{"@type":"SearchAction","target":{"@type":"EntryPoint","urlTemplate":"https:\/\/www.hgv.cert.xcc.smashfly.io\/?s={search_term_string}"},"query-input":"required name=search_term_string"}],"inLanguage":"fr-FR"}]}},"_links":{"self":[{"href":"https:\/\/hgv.cert.xcc.smashfly.io\/fr\/wp-json\/wp\/v2\/pages\/23717","targetHints":{"allow":["GET"]}}],"collection":[{"href":"https:\/\/hgv.cert.xcc.smashfly.io\/fr\/wp-json\/wp\/v2\/pages"}],"about":[{"href":"https:\/\/hgv.cert.xcc.smashfly.io\/fr\/wp-json\/wp\/v2\/types\/page"}],"author":[{"embeddable":true,"href":"https:\/\/hgv.cert.xcc.smashfly.io\/fr\/wp-json\/wp\/v2\/users\/1703"}],"replies":[{"embeddable":true,"href":"https:\/\/hgv.cert.xcc.smashfly.io\/fr\/wp-json\/wp\/v2\/comments?post=23717"}],"version-history":[{"count":14,"href":"https:\/\/hgv.cert.xcc.smashfly.io\/fr\/wp-json\/wp\/v2\/pages\/23717\/revisions"}],"predecessor-version":[{"id":25424,"href":"https:\/\/hgv.cert.xcc.smashfly.io\/fr\/wp-json\/wp\/v2\/pages\/23717\/revisions\/25424"}],"wp:attachment":[{"href":"https:\/\/hgv.cert.xcc.smashfly.io\/fr\/wp-json\/wp\/v2\/media?parent=23717"}],"wp:term":[{"taxonomy":"persona","embeddable":true,"href":"https:\/\/hgv.cert.xcc.smashfly.io\/fr\/wp-json\/wp\/v2\/persona?post=23717"}],"curies":[{"name":"wp","href":"https:\/\/api.w.org\/{rel}","templated":true}]}}