{"id":23724,"date":"2022-08-10T01:33:45","date_gmt":"2022-08-10T06:33:45","guid":{"rendered":"https:\/\/hiltongrandvacations-french.qa.wp.findly.com\/?page_id=23724"},"modified":"2022-09-05T06:34:09","modified_gmt":"2022-09-05T11:34:09","slug":"areas-of-talent","status":"publish","type":"page","link":"https:\/\/hgv.cert.xcc.smashfly.io\/fr\/areas-of-talent\/","title":{"rendered":"Areas of Talent"},"content":{"rendered":"<\/div><\/div><\/div><!-- close content main div --><\/div><\/div><div id='av_section_1' class='avia-section main_color avia-section-no-padding avia-no-border-styling avia-bg-style-scroll  header-banner container_wrap fullsize'   ><div class='container' ><div class='template-page content  av-content-full alpha units'><div class='post-entry post-entry-type-page post-entry-23724'><div class='entry-content-wrapper clearfix'>\n<div class='avia-image-container  av-styling-    avia-align-center '  itemscope=\"itemscope\" itemtype=\"https:\/\/schema.org\/ImageObject\"  ><div class='avia-image-container-inner'><img class='avia_image ' src='https:\/\/hgv.cert.xcc.smashfly.io\/wp-content\/uploads\/sites\/2484\/2018\/04\/areas1.jpg' alt='smiling HGV team member cook' title=''   itemprop=\"contentURL\"  \/><\/div><\/div>\n\n<\/div><\/div><\/div><!-- close content main div --><\/div><\/div><div id='av_section_2' class='avia-section main_color avia-section-no-padding avia-no-border-styling avia-bg-style-scroll  full-width-section title-bar av-minimum-height av-minimum-height-custom container_wrap fullsize'   ><div class='container' style='height:98px'><div class='template-page content  av-content-full alpha units'><div class='post-entry post-entry-type-page post-entry-23724'><div class='entry-content-wrapper clearfix'>\n<section class=\"av_textblock_section\"  itemscope=\"itemscope\" itemtype=\"https:\/\/schema.org\/CreativeWork\" ><div class='avia_textblock '   itemprop=\"text\" ><h1><img decoding=\"async\" class=\"avia_image \" title=\"\" src=\"https:\/\/cdn-static.findly.com\/wp-content\/uploads\/sites\/2484\/2022\/08\/22122100\/areas.png\" alt=\"centres d'int\u00e9r\u00eat \" \/><\/h1>\n<\/div><\/section>\n\n<\/div><\/div><\/div><!-- close content main div --><\/div><\/div><div id='av_section_3' class='avia-section main_color avia-section-default avia-no-border-styling avia-bg-style-scroll  body-content container_wrap fullsize'   ><div class='container' ><div class='template-page content  av-content-full alpha units'><div class='post-entry post-entry-type-page post-entry-23724'><div class='entry-content-wrapper clearfix'>\n<div class=\"flex_column av_one_fifth  flex_column_div av-zero-column-padding first  \" style='border-radius:0px; '><\/div><div class=\"flex_column av_three_fifth  flex_column_div av-zero-column-padding   \" style='border-radius:0px; '><section class=\"av_textblock_section\"  itemscope=\"itemscope\" itemtype=\"https:\/\/schema.org\/CreativeWork\" ><div class='avia_textblock '   itemprop=\"text\" ><p>Chez Hilton Grand Vacations, nos champs de comp\u00e9tences sont aussi diversifi\u00e9s et vari\u00e9s que les vacances que nous proposons. Nous nous effor\u00e7ons de cr\u00e9er un environnement qui inspire les membres de notre \u00e9quipe \u00e0 tirer parti de leurs capacit\u00e9s et de leur expertise tout en d\u00e9veloppant de nouvelles comp\u00e9tences au fur et \u00e0 mesure de leur progression professionnelle. Quels que soient vos int\u00e9r\u00eats, nous avons une place pour vous chez Hilton Grand Vacations.<\/p>\n<\/div><\/section><\/div><div class=\"flex_column av_one_fifth  flex_column_div av-zero-column-padding   \" style='border-radius:0px; '><\/div>\n\n<\/div><\/div><\/div><!-- close content main div --><\/div><\/div><div id='av_section_4' class='avia-section main_color avia-section-no-padding avia-no-border-styling avia-bg-style-scroll  location-tab-outer full-width-section color-light-blue tabfontadj container_wrap fullsize'   ><div class='container' ><div class='template-page content  av-content-full alpha units'><div class='post-entry post-entry-type-page post-entry-23724'><div class='entry-content-wrapper clearfix'>\n<div class=\"tabcontainer  top_tab   location-tabs areas-tabs fs-medium\">\n\n<section class=\"av_tab_section\"  itemscope=\"itemscope\" itemtype=\"https:\/\/schema.org\/CreativeWork\" >    <div data-fake-id=\"#tab-id-1\" class=\"tab active_tab\"  itemprop=\"headline\" >CENTRE D\u2019APPEL<\/div>\n    <div id=\"tab-id-1-container\" class=\"tab_content active_tab_content\">\n        <div class=\"tab_inner_content invers-color\"  itemprop=\"text\" >\n<div class=\"location-inner area-talent\">\n<h2 class=\"area-talent-title\">CENTRE D&rsquo;APPEL<\/h2>\n<p>Utilisez vos comp\u00e9tences en communication et votre attitude positive pour alimenter vos r\u00eaves de vacances en tant que membre de l&rsquo;\u00e9quipe du centre d&rsquo;appels. Dans ce r\u00f4le, vous agirez en tant qu&rsquo;expert en solutions de vacances, reliant les clients \u00e0 leurs vacances id\u00e9ales avant m\u00eame qu&rsquo;ils ne mettent les pieds dans l&rsquo;un de nos centres de vill\u00e9giature. Dans cet environnement dynamique et au rythme effr\u00e9n\u00e9, vous discuterez avec les clients tous les jours, vendrez des forfaits vacances, planifierez des aventures de voyage et susciterez l&rsquo;anticipation de s\u00e9jours passionnants.<\/p>\n<div class=\"cente-align\"><a href=\"\/fr\/job-search-results\/?parent_category=Call%20Center\" class=\"yellow-btn\">VOIR LES EMPLOIS DU CENTRE D&rsquo;APPELS<\/a><\/div>\n<div class=\"video-image\"><a href=\"https:\/\/www.youtube.com\/watch?v=2l7KmWV_yQ0?rel=0&amp;controls=0?autoplay=1\" class=\"open-popup-link\"><img decoding=\"async\" src=\"https:\/\/cdn-static.findly.com\/wp-content\/uploads\/sites\/608\/2018\/06\/HC4147-hilgrv-cws-areasoftalent-video-callcenter.jpg\" alt=\"Vid\u00e9o YouTube\u00a0: L'occasion se pr\u00e9sente. D\u00e9couvrez l'\u00e9quipe de notre centre d'appels Hilton Grand Vacations \" \/><\/a><br \/>\n<a href=\"\/fr\/opportunity-calling-hear-hilton-grand-vacations-call-center-team\/\" aria-label=\"Video transcript for L'occasion se pr\u00e9sente. D\u00e9couvrez l'\u00e9quipe de notre centre d'appels Hilton Grand Vacations\" class=\"video-trascript-link\">Transcription de la vid\u00e9o<\/a><\/div>\n<\/div>\n\n        <\/div>\n    <\/div>\n<\/section>\n\n<section class=\"av_tab_section\"  itemscope=\"itemscope\" itemtype=\"https:\/\/schema.org\/CreativeWork\" >    <div data-fake-id=\"#tab-id-2\" class=\"tab \"  itemprop=\"headline\" >ADMINISTRATION<\/div>\n    <div id=\"tab-id-2-container\" class=\"tab_content \">\n        <div class=\"tab_inner_content invers-color\"  itemprop=\"text\" >\n<div class=\"location-inner area-talent\">\n<h2 class=\"area-talent-title\">ADMINISTRATION<\/h2>\n<p>Jouez un r\u00f4le cl\u00e9 dans le leadership de notre industrie en vous joignant \u00e0 une \u00e9quipe diversifi\u00e9e de professionnels motiv\u00e9s. Chaque membre de l&rsquo;\u00e9quipe administrative joue un r\u00f4le essentiel, apportant des innovations cr\u00e9atives et un leadership progressif \u00e0 nos initiatives commerciales mondiales. Nous offrons aux entreprises des possibilit\u00e9s correspondant \u00e0 chaque type d&rsquo;expertise, de la technologie de l&rsquo;information au d\u00e9veloppement en passant par le juridique. Chaque aspect de notre environnement d&rsquo;entreprise refl\u00e8te la chaleur et l&rsquo;ouverture que seule l&rsquo;industrie h\u00f4teli\u00e8re peut offrir, tout en d\u00e9montrant notre engagement \u00e0 fournir une expertise, des produits et des services de classe internationale dans notre travail.<\/p>\n<div class=\"cente-align\"><a href=\"\/fr\/job-search-results\/?parent_category=Corporate\" class=\"yellow-btn\">VOIR LES EMPLOIS ADMINISTRATIFS<\/a><\/div>\n<p><!--\n\n\n\n\n<div class=\"video-image\"><a href=\"https:\/\/www.youtube.com\/watch?v=i-QJ-kgsEkI?rel=0&controls=0?autoplay=1\" class=\"open-popup-link\"><img decoding=\"async\" src=\"https:\/\/cdn-static.findly.com\/wp-content\/uploads\/sites\/608\/2018\/06\/HC4147-hilgrv-cws-areasoftalent-video-corp.jpg\" alt=\"YouTube video: What Impact Will You Make? Hear From Our Hilton Grand Vacations' Corporate Team\" \/><\/a>\n<a href=\"\/impact-will-make-hear-hilton-grand-vacations-corporate-team\/\" aria-label=\"Video transcript for What Impact Will You Make? Hear From Our Hilton Grand Vacations' Corporate Team \" class=\"video-trascript-link\">Video transcript<\/a><\/div>\n\n\n\n\n<\/div>\n\n\n\n\n--><\/p>\n<\/div>\n\n        <\/div>\n    <\/div>\n<\/section>\n\n<section class=\"av_tab_section\"  itemscope=\"itemscope\" itemtype=\"https:\/\/schema.org\/CreativeWork\" >    <div data-fake-id=\"#tab-id-3\" class=\"tab \"  itemprop=\"headline\" >MARKETING<\/div>\n    <div id=\"tab-id-3-container\" class=\"tab_content \">\n        <div class=\"tab_inner_content invers-color\"  itemprop=\"text\" >\n<div class=\"location-inner area-talent\">\n<h2 class=\"area-talent-title\">MARKETING<\/h2>\n<p>Montrez aux clients un premier aper\u00e7u de ce qui les attend chez Hilton Grand Vacations.<br \/>\nD\u00e9fendez notre marque et aidez \u00e0 d\u00e9velopper la base de membres de notre Club en invitant des invit\u00e9s qualifi\u00e9s \u00e0 en apprendre davantage sur les possibilit\u00e9s de propri\u00e9t\u00e9 gr\u00e2ce \u00e0 une pr\u00e9sentation de vente personnelle. En guidant l&rsquo;exp\u00e9rience initiale de nos clients avec notre marque, vous avez la possibilit\u00e9 de montrer aux membres potentiels du Club comment nos destinations de vacances de classe mondiale et nos luxueuses installations de luxe peuvent am\u00e9liorer leur style de vie de vacances.<\/p>\n<div class=\"cente-align\"><a href=\"\/fr\/job-search-results\/?parent_category=Marketing\" class=\"yellow-btn\">VOIR LES EMPLOIS EN MARKETING<\/a><\/div>\n<div class=\"video-image\"><a href=\"https:\/\/www.youtube.com\/watch?v=CYSHKHfEnVQ?rel=0&amp;controls=0?autoplay=1\" class=\"open-popup-link\"><img decoding=\"async\" src=\"https:\/\/cdn-static.findly.com\/wp-content\/uploads\/sites\/608\/2018\/06\/HC4147-hilgrv-cws-areasoftalent-video-mktg.jpg\" alt=\"Vid\u00e9o YouTube\u00a0: Imaginez votre potentiel. \u00c9coutez l'\u00e9quipe marketing de notre Hilton Grand Vacations\" \/><\/a><br \/>\n<a href=\"\/imagine-potential-hear-hilton-grand-vacations-marketing-team\/\" aria-label=\"Video transcript for Imaginez votre potentiel. \u00c9coutez l'\u00e9quipe marketing de notre Hilton Grand Vacations\" class=\"video-trascript-link\">Transcription de la vid\u00e9o<\/a><\/div>\n<\/div>\n\n        <\/div>\n    <\/div>\n<\/section>\n\n<section class=\"av_tab_section\"  itemscope=\"itemscope\" itemtype=\"https:\/\/schema.org\/CreativeWork\" >    <div data-fake-id=\"#tab-id-4\" class=\"tab \"  itemprop=\"headline\" >EXPLOITAITON DE CENTRES DE VILL\u00c9GIATURE<\/div>\n    <div id=\"tab-id-4-container\" class=\"tab_content \">\n        <div class=\"tab_inner_content invers-color\"  itemprop=\"text\" >\n<div class=\"location-inner area-talent\">\n<h2 class=\"area-talent-title\">EXPLOITAITON DE CENTRES DE VILL\u00c9GIATURE<\/h2>\n<p>Soyez au c\u0153ur d&rsquo;exp\u00e9riences clients exceptionnelles en rejoignant nos \u00e9quipes d&rsquo;exploitation de centres de vill\u00e9giature. Dans chacune de nos fonctions, de l&rsquo;administration aux loisirs, vous agr\u00e9menterez chaque jour la vie de nos h\u00f4tes. Que ce soit en cr\u00e9ant une belle ambiance dans nos propri\u00e9t\u00e9s et centres de vill\u00e9giature, ou un esprit chaleureux et amical qui garantit que chaque interaction avec les membres et les invit\u00e9s de notre Club est sp\u00e9ciale, votre r\u00f4le au sein de notre \u00e9quipe d&rsquo;exploitation de centre de vill\u00e9giature sera essentiel pour offrir des souvenirs inoubliables \u00e0 nos h\u00f4tes.<\/p>\n<div class=\"cente-align\"><a href=\"\/fr\/job-search-results\/?parent_category=Resort%20Operations\" class=\"yellow-btn\">VOIR LES EMPLOIS DANS L&rsquo;EXPLOITATION DE CENTRES DE VILL\u00c9GIATURE<\/a><\/div>\n<div class=\"video-image\"><a href=\"https:\/\/www.youtube.com\/watch?v=zhCYux3-hC0?rel=0&amp;controls=0?autoplay=1\" class=\"open-popup-link\"><img decoding=\"async\" src=\"https:\/\/cdn-static.findly.com\/wp-content\/uploads\/sites\/608\/2018\/06\/HC4147-hilgrv-cws-areasoftalent-video-resortope.jpg\" alt=\"Vid\u00e9o YouTube\u00a0: O\u00f9 allez-vous grandir? \u00c9coutez l'\u00e9quipe de l'exploitation de centres de vill\u00e9giature Hilton Grand Vacations\" \/><\/a><br \/>\n<a href=\"\/will-grow-hear-hilton-grand-vacations-resort-operations-team\/\" aria-label=\"Video transcript for O\u00f9 allez-vous grandir? \u00c9coutez l'\u00e9quipe de l'exploitation de centres de vill\u00e9giature Hilton Grand Vacations \" class=\"video-trascript-link\">Transcription de la vid\u00e9o<\/a><\/div>\n<\/div>\n\n        <\/div>\n    <\/div>\n<\/section>\n\n<section class=\"av_tab_section\"  itemscope=\"itemscope\" itemtype=\"https:\/\/schema.org\/CreativeWork\" >    <div data-fake-id=\"#tab-id-5\" class=\"tab \"  itemprop=\"headline\" >VENTES<\/div>\n    <div id=\"tab-id-5-container\" class=\"tab_content \">\n        <div class=\"tab_inner_content invers-color\"  itemprop=\"text\" >\n<div class=\"location-inner area-talent\">\n<h2 class=\"area-talent-title\">VENTES<\/h2>\n<p>Menez les membres futurs et actuels du Club vers leur style de vie de vacances ultime en rejoignant notre \u00e9quipe de vente de calibre international. Avec plus de 290\u00a0000 membres du Club, une pr\u00e9sence mondiale remarquable et des possibilit\u00e9s de voyage adapt\u00e9es \u00e0 presque tous les types de vacances et tous les int\u00e9r\u00eats, Hilton Grand Vacations offre un potentiel de revenu \u00e9lev\u00e9 aux vendeurs les plus performants. Les meilleurs responsables des ventes ont une passion pour notre programme de propri\u00e9t\u00e9 de vacances, un d\u00e9sir d&rsquo;aider les voyageurs exigeants \u00e0 explorer le monde, et ils sont aptes \u00e0 expliquer les avantages de l&rsquo;exp\u00e9rience Hilton Grand Vacations aux membres potentiels du Club.<\/p>\n<div class=\"cente-align\"><a href=\"\/fr\/job-search-results\/?parent_category=Sales\" class=\"yellow-btn\">VOIR LES EMPLOIS EN VENTE<\/a><\/div>\n<div class=\"video-image\"><a href=\"https:\/\/www.youtube.com\/watch?v=epqwRaEAz4o?rel=0&amp;controls=0?autoplay=1\" class=\"open-popup-link\"><img decoding=\"async\" src=\"https:\/\/cdn-static.findly.com\/wp-content\/uploads\/sites\/608\/2018\/06\/HC4147-hilgrv-cws-areasoftalent-video-sales.jpg\" alt=\"Vid\u00e9o YouTube\u00a0: Quelles occasions saisirez-vous? - \u00c9coutez notre \u00e9quipe de vente Hilton Grand Vacations\" \/><\/a><br \/>\n<a href=\"\/opportunity-will-make-hear-hilton-grand-vacations-sales-team\/\" aria-label=\"Video transcript for Quelles occasions saisirez-vous? - \u00c9coutez notre \u00e9quipe de vente Hilton Grand Vacations \" class=\"video-trascript-link\">Transcription de la vid\u00e9o<\/a><\/div>\n<\/div>\n\n        <\/div>\n    <\/div>\n<\/section>\n\n<section class=\"av_tab_section\"  itemscope=\"itemscope\" itemtype=\"https:\/\/schema.org\/CreativeWork\" >    <div data-fake-id=\"#tab-id-6\" class=\"tab \"  itemprop=\"headline\" >STAGES<\/div>\n    <div id=\"tab-id-6-container\" class=\"tab_content \">\n        <div class=\"tab_inner_content invers-color\"  itemprop=\"text\" >\n<div class=\"location-inner area-talent\">\n<h2 class=\"area-talent-title\">STAGES<\/h2>\n<p>Gr\u00e2ce \u00e0 nos programmes de stages, nous \u00e9largissons les possibilit\u00e9s pour les futurs leaders de l&rsquo;industrie h\u00f4teli\u00e8re gr\u00e2ce \u00e0 des exp\u00e9riences d&rsquo;apprentissage supervis\u00e9es sur le terrain con\u00e7ues avec l&rsquo;\u00e9ducation et le d\u00e9veloppement professionnel comme objectif principal. Nos stages permettent aux aspirants professionnels de rencontrer des dirigeants, d&rsquo;assister \u00e0 des \u00e9v\u00e9nements de r\u00e9seautage et de d\u00e9velopper leur exp\u00e9rience en effectuant un travail important sur des projets complexes. \u00c0 travers chacun de nos programmes de stages, nous nous effor\u00e7ons de vous aider \u00e0 d\u00e9marrer votre carri\u00e8re et \u00e0 r\u00e9aliser votre plein potentiel.<\/p>\n<div class=\"cente-align\"><a href=\"\/fr\/job-search-results\/?sub_category=Internships\" class=\"yellow-btn\">VOIR LES POSSIBILIT\u00c9S DE STAGES<\/a><\/div>\n<div class=\"video-image\"><!--<a href=\"https:\/\/www.youtube.com\/watch?v=3MzPZvPl2eo?rel=0&controls=0?autoplay=1\" class=\"open-popup-link\"><img decoding=\"async\" src=\"https:\/\/cdn-static.findly.com\/wp-content\/uploads\/sites\/608\/2018\/04\/ved-areas.jpg\" alt=\"call center video image\" \/><\/a>--><\/div>\n<\/div>\n\n        <\/div>\n    <\/div>\n<\/section>\n\n<\/div>\n\n\n","protected":false},"excerpt":{"rendered":"","protected":false},"author":1703,"featured_media":0,"parent":0,"menu_order":0,"comment_status":"closed","ping_status":"closed","template":"","meta":{"footnotes":""},"persona":[],"class_list":["post-23724","page","type-page","status-publish","hentry"],"yoast_head":"<!-- This site is optimized with the Yoast SEO Premium plugin v22.8 (Yoast SEO v22.8) - https:\/\/yoast.com\/wordpress\/plugins\/seo\/ -->\n<title>Areas of Talent - Hiltongrandvacation<\/title>\n<meta name=\"robots\" content=\"index, follow, max-snippet:-1, max-image-preview:large, max-video-preview:-1\" \/>\n<link rel=\"canonical\" href=\"https:\/\/hgv.cert.xcc.smashfly.io\/fr\/areas-of-talent\/\" \/>\n<meta property=\"og:locale\" content=\"fr_FR\" \/>\n<meta property=\"og:type\" content=\"article\" \/>\n<meta property=\"og:title\" content=\"Areas of Talent\" \/>\n<meta property=\"og:url\" content=\"https:\/\/hgv.cert.xcc.smashfly.io\/fr\/areas-of-talent\/\" \/>\n<meta property=\"og:site_name\" content=\"Hiltongrandvacation\" \/>\n<meta property=\"article:modified_time\" content=\"2022-09-05T11:34:09+00:00\" \/>\n<meta property=\"og:image\" content=\"https:\/\/cdn-static.findly.com\/wp-content\/uploads\/sites\/2484\/2022\/08\/22122100\/areas.png\" \/>\n<meta name=\"twitter:label1\" content=\"Dur\u00e9e de lecture estim\u00e9e\" \/>\n\t<meta name=\"twitter:data1\" content=\"7 minutes\" \/>\n<script type=\"application\/ld+json\" class=\"yoast-schema-graph\">{\"@context\":\"https:\/\/schema.org\",\"@graph\":[{\"@type\":\"WebPage\",\"@id\":\"https:\/\/hgv.cert.xcc.smashfly.io\/fr\/areas-of-talent\/\",\"url\":\"https:\/\/hgv.cert.xcc.smashfly.io\/fr\/areas-of-talent\/\",\"name\":\"Areas of Talent - Hiltongrandvacation\",\"isPartOf\":{\"@id\":\"https:\/\/www.hgv.cert.xcc.smashfly.io\/#website\"},\"primaryImageOfPage\":{\"@id\":\"https:\/\/hgv.cert.xcc.smashfly.io\/fr\/areas-of-talent\/#primaryimage\"},\"image\":{\"@id\":\"https:\/\/hgv.cert.xcc.smashfly.io\/fr\/areas-of-talent\/#primaryimage\"},\"thumbnailUrl\":\"https:\/\/cdn-static.findly.com\/wp-content\/uploads\/sites\/2484\/2022\/08\/22122100\/areas.png\",\"datePublished\":\"2022-08-10T06:33:45+00:00\",\"dateModified\":\"2022-09-05T11:34:09+00:00\",\"breadcrumb\":{\"@id\":\"https:\/\/hgv.cert.xcc.smashfly.io\/fr\/areas-of-talent\/#breadcrumb\"},\"inLanguage\":\"fr-FR\",\"potentialAction\":[{\"@type\":\"ReadAction\",\"target\":[\"https:\/\/hgv.cert.xcc.smashfly.io\/fr\/areas-of-talent\/\"]}]},{\"@type\":\"ImageObject\",\"inLanguage\":\"fr-FR\",\"@id\":\"https:\/\/hgv.cert.xcc.smashfly.io\/fr\/areas-of-talent\/#primaryimage\",\"url\":\"https:\/\/cdn-static.findly.com\/wp-content\/uploads\/sites\/2484\/2022\/08\/22122100\/areas.png\",\"contentUrl\":\"https:\/\/cdn-static.findly.com\/wp-content\/uploads\/sites\/2484\/2022\/08\/22122100\/areas.png\"},{\"@type\":\"BreadcrumbList\",\"@id\":\"https:\/\/hgv.cert.xcc.smashfly.io\/fr\/areas-of-talent\/#breadcrumb\",\"itemListElement\":[{\"@type\":\"ListItem\",\"position\":1,\"name\":\"Home\",\"item\":\"https:\/\/hgv.cert.xcc.smashfly.io\/fr\/\"},{\"@type\":\"ListItem\",\"position\":2,\"name\":\"Areas of Talent\"}]},{\"@type\":\"WebSite\",\"@id\":\"https:\/\/www.hgv.cert.xcc.smashfly.io\/#website\",\"url\":\"https:\/\/www.hgv.cert.xcc.smashfly.io\/\",\"name\":\"Hiltongrandvacation\",\"description\":\"XCloud Candidate Experience Demo Site\",\"potentialAction\":[{\"@type\":\"SearchAction\",\"target\":{\"@type\":\"EntryPoint\",\"urlTemplate\":\"https:\/\/www.hgv.cert.xcc.smashfly.io\/?s={search_term_string}\"},\"query-input\":\"required name=search_term_string\"}],\"inLanguage\":\"fr-FR\"}]}<\/script>\n<!-- \/ Yoast SEO Premium plugin. -->","yoast_head_json":{"title":"Areas of Talent - Hiltongrandvacation","robots":{"index":"index","follow":"follow","max-snippet":"max-snippet:-1","max-image-preview":"max-image-preview:large","max-video-preview":"max-video-preview:-1"},"canonical":"https:\/\/hgv.cert.xcc.smashfly.io\/fr\/areas-of-talent\/","og_locale":"fr_FR","og_type":"article","og_title":"Areas of Talent","og_url":"https:\/\/hgv.cert.xcc.smashfly.io\/fr\/areas-of-talent\/","og_site_name":"Hiltongrandvacation","article_modified_time":"2022-09-05T11:34:09+00:00","og_image":[{"url":"https:\/\/cdn-static.findly.com\/wp-content\/uploads\/sites\/2484\/2022\/08\/22122100\/areas.png"}],"twitter_misc":{"Dur\u00e9e de lecture estim\u00e9e":"7 minutes"},"schema":{"@context":"https:\/\/schema.org","@graph":[{"@type":"WebPage","@id":"https:\/\/hgv.cert.xcc.smashfly.io\/fr\/areas-of-talent\/","url":"https:\/\/hgv.cert.xcc.smashfly.io\/fr\/areas-of-talent\/","name":"Areas of Talent - Hiltongrandvacation","isPartOf":{"@id":"https:\/\/www.hgv.cert.xcc.smashfly.io\/#website"},"primaryImageOfPage":{"@id":"https:\/\/hgv.cert.xcc.smashfly.io\/fr\/areas-of-talent\/#primaryimage"},"image":{"@id":"https:\/\/hgv.cert.xcc.smashfly.io\/fr\/areas-of-talent\/#primaryimage"},"thumbnailUrl":"https:\/\/cdn-static.findly.com\/wp-content\/uploads\/sites\/2484\/2022\/08\/22122100\/areas.png","datePublished":"2022-08-10T06:33:45+00:00","dateModified":"2022-09-05T11:34:09+00:00","breadcrumb":{"@id":"https:\/\/hgv.cert.xcc.smashfly.io\/fr\/areas-of-talent\/#breadcrumb"},"inLanguage":"fr-FR","potentialAction":[{"@type":"ReadAction","target":["https:\/\/hgv.cert.xcc.smashfly.io\/fr\/areas-of-talent\/"]}]},{"@type":"ImageObject","inLanguage":"fr-FR","@id":"https:\/\/hgv.cert.xcc.smashfly.io\/fr\/areas-of-talent\/#primaryimage","url":"https:\/\/cdn-static.findly.com\/wp-content\/uploads\/sites\/2484\/2022\/08\/22122100\/areas.png","contentUrl":"https:\/\/cdn-static.findly.com\/wp-content\/uploads\/sites\/2484\/2022\/08\/22122100\/areas.png"},{"@type":"BreadcrumbList","@id":"https:\/\/hgv.cert.xcc.smashfly.io\/fr\/areas-of-talent\/#breadcrumb","itemListElement":[{"@type":"ListItem","position":1,"name":"Home","item":"https:\/\/hgv.cert.xcc.smashfly.io\/fr\/"},{"@type":"ListItem","position":2,"name":"Areas of Talent"}]},{"@type":"WebSite","@id":"https:\/\/www.hgv.cert.xcc.smashfly.io\/#website","url":"https:\/\/www.hgv.cert.xcc.smashfly.io\/","name":"Hiltongrandvacation","description":"XCloud Candidate Experience Demo Site","potentialAction":[{"@type":"SearchAction","target":{"@type":"EntryPoint","urlTemplate":"https:\/\/www.hgv.cert.xcc.smashfly.io\/?s={search_term_string}"},"query-input":"required name=search_term_string"}],"inLanguage":"fr-FR"}]}},"_links":{"self":[{"href":"https:\/\/hgv.cert.xcc.smashfly.io\/fr\/wp-json\/wp\/v2\/pages\/23724","targetHints":{"allow":["GET"]}}],"collection":[{"href":"https:\/\/hgv.cert.xcc.smashfly.io\/fr\/wp-json\/wp\/v2\/pages"}],"about":[{"href":"https:\/\/hgv.cert.xcc.smashfly.io\/fr\/wp-json\/wp\/v2\/types\/page"}],"author":[{"embeddable":true,"href":"https:\/\/hgv.cert.xcc.smashfly.io\/fr\/wp-json\/wp\/v2\/users\/1703"}],"replies":[{"embeddable":true,"href":"https:\/\/hgv.cert.xcc.smashfly.io\/fr\/wp-json\/wp\/v2\/comments?post=23724"}],"version-history":[{"count":15,"href":"https:\/\/hgv.cert.xcc.smashfly.io\/fr\/wp-json\/wp\/v2\/pages\/23724\/revisions"}],"predecessor-version":[{"id":25451,"href":"https:\/\/hgv.cert.xcc.smashfly.io\/fr\/wp-json\/wp\/v2\/pages\/23724\/revisions\/25451"}],"wp:attachment":[{"href":"https:\/\/hgv.cert.xcc.smashfly.io\/fr\/wp-json\/wp\/v2\/media?parent=23724"}],"wp:term":[{"taxonomy":"persona","embeddable":true,"href":"https:\/\/hgv.cert.xcc.smashfly.io\/fr\/wp-json\/wp\/v2\/persona?post=23724"}],"curies":[{"name":"wp","href":"https:\/\/api.w.org\/{rel}","templated":true}]}}