{"id":23731,"date":"2022-08-10T02:03:54","date_gmt":"2022-08-10T07:03:54","guid":{"rendered":"https:\/\/hiltongrandvacations-french.qa.wp.findly.com\/?page_id=23731"},"modified":"2022-09-05T00:17:22","modified_gmt":"2022-09-05T05:17:22","slug":"our-locations","status":"publish","type":"page","link":"https:\/\/hgv.cert.xcc.smashfly.io\/fr\/our-locations\/","title":{"rendered":"Locations"},"content":{"rendered":"<\/div><\/div><\/div><!-- close content main div --><\/div><\/div><div id='av_section_1' class='avia-section main_color avia-section-no-padding avia-no-border-styling avia-bg-style-scroll  header-banner container_wrap fullsize'   ><div class='container' ><div class='template-page content  av-content-full alpha units'><div class='post-entry post-entry-type-page post-entry-23731'><div class='entry-content-wrapper clearfix'>\n<div class='avia-image-container  av-styling-    avia-align-center '  itemscope=\"itemscope\" itemtype=\"https:\/\/schema.org\/ImageObject\"  ><div class='avia-image-container-inner'><img class='avia_image ' src='https:\/\/hgv.cert.xcc.smashfly.io\/wp-content\/uploads\/sites\/2484\/2018\/04\/location.jpg' alt='interior hotel seating area' title=''   itemprop=\"contentURL\"  \/><\/div><\/div>\n\n<\/div><\/div><\/div><!-- close content main div --><\/div><\/div><div id='av_section_2' class='avia-section main_color avia-section-no-padding avia-no-border-styling avia-bg-style-scroll  full-width-section title-bar av-minimum-height av-minimum-height-custom container_wrap fullsize'   ><div class='container' style='height:98px'><div class='template-page content  av-content-full alpha units'><div class='post-entry post-entry-type-page post-entry-23731'><div class='entry-content-wrapper clearfix'>\n<section class=\"av_textblock_section\"  itemscope=\"itemscope\" itemtype=\"https:\/\/schema.org\/CreativeWork\" ><div class='avia_textblock '   itemprop=\"text\" ><h1><img decoding=\"async\" class=\"avia_image \" title=\"\" src=\"https:\/\/cdn-static.findly.com\/wp-content\/uploads\/sites\/2484\/2022\/08\/22102624\/our-location.png\" alt=\"Nos Emplacements\" \/><\/h1>\n<\/div><\/section>\n\n<\/div><\/div><\/div><!-- close content main div --><\/div><\/div><div id='av_section_3' class='avia-section main_color avia-section-default avia-no-border-styling avia-bg-style-scroll  body-content container_wrap fullsize'   ><div class='container' ><div class='template-page content  av-content-full alpha units'><div class='post-entry post-entry-type-page post-entry-23731'><div class='entry-content-wrapper clearfix'>\n<div class=\"flex_column av_one_fifth  flex_column_div av-zero-column-padding first  \" style='border-radius:0px; '><\/div><div class=\"flex_column av_three_fifth  flex_column_div av-zero-column-padding    \" style='border-radius:0px; '><section class=\"av_textblock_section\"  itemscope=\"itemscope\" itemtype=\"https:\/\/schema.org\/CreativeWork\" ><div class='avia_textblock '   itemprop=\"text\" ><p style=\"text-align: center;\">Nos propri\u00e9t\u00e9s, centres de vill\u00e9giature et bureaux sont situ\u00e9s dans certaines des destinations les plus populaires au monde. Que vous cherchiez \u00e0 b\u00e2tir votre carri\u00e8re chez vous ou \u00e0 d\u00e9marrer une nouvelle aventure dans un nouveau coin du monde, nous avons la possibilit\u00e9 pour vous de faire partie de la famille Hilton Grand Vacations.<\/p>\n<p style=\"text-align: center;\">D\u00e9couvrez o\u00f9 une carri\u00e8re chez nous vous m\u00e8nera et o\u00f9 l&rsquo;inspiration peut vous mener.<\/p>\n<\/div><\/section><\/div><div class=\"flex_column av_one_fifth  flex_column_div av-zero-column-padding   \" style='border-radius:0px; '><\/div>\n\n<\/div><\/div><\/div><!-- close content main div --><\/div><\/div><div id='av_section_4' class='avia-section main_color avia-section-no-padding avia-no-border-styling avia-bg-style-scroll  location-tab-outer full-width-section color-light-blue  container_wrap fullsize'   ><div class='container' ><div class='template-page content  av-content-full alpha units'><div class='post-entry post-entry-type-page post-entry-23731'><div class='entry-content-wrapper clearfix'>\n<div class=\"tabcontainer  top_tab   location-tabs fs-medium\">\n\n<section class=\"av_tab_section\"  itemscope=\"itemscope\" itemtype=\"https:\/\/schema.org\/CreativeWork\" >    <div data-fake-id=\"#tab-id-1\" class=\"tab active_tab\"  itemprop=\"headline\" >NORD-EST DES \u00c9TATS-UNIS<\/div>\n    <div id=\"tab-id-1-container\" class=\"tab_content active_tab_content\">\n        <div class=\"tab_inner_content invers-color\"  itemprop=\"text\" >\n<p><img loading=\"lazy\" decoding=\"async\" class=\"alignnone size-full wp-image-5408\" src=\"https:\/\/cdn-static.findly.com\/wp-content\/uploads\/sites\/608\/2018\/05\/HC4096-hilgrv-cws-locations-northeastus.jpg\" alt=\"Toits de la ville de New York\" width=\"1441\" height=\"441\" \/><\/p>\n<div class=\"tab-img-right\"><img decoding=\"async\" src=\"https:\/\/cdn-static.findly.com\/wp-content\/uploads\/sites\/608\/2018\/04\/rdt1.png\" alt=\"Toits de la ville de New York\" \/><\/div>\n<div class=\"location-inner\">\n<h2 class=\"inner-header cente-align\">NORD-EST DES \u00c9TATS-UNIS<\/h2>\n<p>D\u00e9couvrez les avantages de travailler dans les destinations urbaines les plus pris\u00e9es au monde. Impr\u00e9gnez-vous des lumi\u00e8res vives, de la magnificence d&rsquo;une grande ville et des arts et de la culture de renomm\u00e9e mondiale qui font de Manhattan une escapade internationale unique en son genre. Ou plongez dans la splendeur de la capitale Washington, DC avec ses merveilles historiques et modernes, y compris des monuments c\u00e9l\u00e8bres, des m\u00e9moriaux, des mus\u00e9es et des boutiques, des restaurants \u00e0 la mode et une vie nocturne tr\u00e9pidante. Du service aux clients \u00e0 l&rsquo;exploitation en passant par le marketing et les ventes, les membres de notre \u00e9quipe bas\u00e9s dans le nord-est touchent de nombreux aspects de notre entreprise tout en jouant un r\u00f4le important pour offrir \u00e0 chaque membre du Club et \u00e0 chaque invit\u00e9 une exp\u00e9rience m\u00e9morable.<\/p>\n<div class=\"cente-align\"><a href=\"\/fr\/job-search-results\/\" class=\"yellow-btn\">VOIR TOUS LES EMPLOIS<\/a><\/div>\n<div class=\"tab-img-left-bot\"><img decoding=\"async\" src=\"https:\/\/cdn-static.findly.com\/wp-content\/uploads\/sites\/608\/2018\/04\/cut21.png\" alt=\"\" \/><\/div>\n<\/div>\n\n        <\/div>\n    <\/div>\n<\/section>\n\n<section class=\"av_tab_section\"  itemscope=\"itemscope\" itemtype=\"https:\/\/schema.org\/CreativeWork\" >    <div data-fake-id=\"#tab-id-2\" class=\"tab \"  itemprop=\"headline\" >SUD-EST DES \u00c9TATS-UNIS<\/div>\n    <div id=\"tab-id-2-container\" class=\"tab_content \">\n        <div class=\"tab_inner_content invers-color\"  itemprop=\"text\" >\n<p><img loading=\"lazy\" decoding=\"async\" class=\"alignnone size-full wp-image-5408\" src=\"https:\/\/cdn-static.findly.com\/wp-content\/uploads\/sites\/608\/2018\/05\/HC4096-hilgrv-cws-locations-southeastus.jpg\" alt=\"H\u00f4tel Hilton Grand Vacations en Floride\" width=\"1441\" height=\"441\" \/><\/p>\n<div class=\"tab-img-right\"><img decoding=\"async\" src=\"https:\/\/cdn-static.findly.com\/wp-content\/uploads\/sites\/608\/2018\/04\/rdt1.png\" alt=\"H\u00f4tel Hilton Grand Vacations en Floride\" \/><\/div>\n<div class=\"location-inner\">\n<h2 class=\"inner-header cente-align\">SUD-EST DES \u00c9TATS-UNIS.<\/h2>\n<p>Partagez notre hospitalit\u00e9 du sud et offrez des exp\u00e9riences de vacances ultimes agr\u00e9ment\u00e9es des plaisirs idylliques de nos destinations du sud-est, y compris des kilom\u00e8tres de plages, des parcs \u00e0 th\u00e8me de renomm\u00e9e mondiale et des parcours de golf de championnat. C&rsquo;est dans le sud-est que nous avons fait notre marque dans le secteur de la propri\u00e9t\u00e9 de vacances lorsque Hilton Grand Vacations a \u00e9t\u00e9 cr\u00e9\u00e9 \u00e0 Fort Myers, en Floride, en 1992. Orlando, en Floride, sert aujourd&rsquo;hui de si\u00e8ge social \u00e0 nos bureaux et \u00e0 nos vastes op\u00e9rations de centre d&rsquo;appels. Ces derni\u00e8res ann\u00e9es, nous avons \u00e9tendu notre pr\u00e9sence le long de la c\u00f4te de la Caroline \u00e0 Myrtle Beach et Hilton Head Island en Caroline du Sud.<\/p>\n<div class=\"cente-align\"><a href=\"\/fr\/job-search-results\/\" class=\"yellow-btn\">VOIR TOUS LES EMPLOIS<\/a><\/div>\n<div class=\"tab-img-left-bot\"><img decoding=\"async\" src=\"https:\/\/cdn-static.findly.com\/wp-content\/uploads\/sites\/608\/2018\/04\/cut21.png\" alt=\"\" \/><\/div>\n<\/div>\n\n        <\/div>\n    <\/div>\n<\/section>\n\n<section class=\"av_tab_section\"  itemscope=\"itemscope\" itemtype=\"https:\/\/schema.org\/CreativeWork\" >    <div data-fake-id=\"#tab-id-3\" class=\"tab \"  itemprop=\"headline\" >OUEST DES \u00c9TATS-UNIS<\/div>\n    <div id=\"tab-id-3-container\" class=\"tab_content \">\n        <div class=\"tab_inner_content invers-color\"  itemprop=\"text\" >\n<p><img loading=\"lazy\" decoding=\"async\" class=\"alignnone size-full wp-image-5408\" src=\"https:\/\/cdn-static.findly.com\/wp-content\/uploads\/sites\/608\/2018\/05\/HC4096-hilgrv-cws-locations-western.jpg\" alt=\"La Strip de Las Vegas\" width=\"1441\" height=\"441\" \/><\/p>\n<div class=\"tab-img-right\"><img decoding=\"async\" src=\"https:\/\/cdn-static.findly.com\/wp-content\/uploads\/sites\/608\/2018\/04\/rdt1.png\" alt=\"La Strip de Las Vegas\" \/><\/div>\n<div class=\"location-inner\">\n<h2 class=\"inner-header cente-align\">OUEST DES \u00c9TATS-UNIS.<\/h2>\n<p>Hilton Grand Vacations prosp\u00e8re dans l&rsquo;ouest des \u00c9tats-Unis. \u00c0 Las Vegas au Nevada, nous proposons quatre centres de vill\u00e9giature distincts qui repr\u00e9sentent la principale pr\u00e9sence de multipropri\u00e9t\u00e9 sur le march\u00e9. Notre galerie de vente et notre centre d&rsquo;appels ultramodernes offrent le style de service caract\u00e9ristique de Hilton Grand Vacations tout en servant de lien important entre nos clients et notre produit. Dans le Colorado et l&rsquo;Utah, Hilton Grand Vacations propose un \u00e9ventail d&rsquo;activit\u00e9s d&rsquo;exploitation, de vente et de marketing dans les centres de vill\u00e9giature. Dans la station baln\u00e9aire anim\u00e9e de Carlsbad, nos op\u00e9rations de marketing et de vente sur place pr\u00e9sentent aux clients une meilleure fa\u00e7on de passer leurs vacances gr\u00e2ce \u00e0 la propri\u00e9t\u00e9 de vill\u00e9giature.<\/p>\n<div class=\"cente-align\"><a href=\"\/fr\/job-search-results\/\" class=\"yellow-btn\">VOIR TOUS LES EMPLOIS<\/a><\/div>\n<div class=\"tab-img-left-bot\"><img decoding=\"async\" src=\"https:\/\/cdn-static.findly.com\/wp-content\/uploads\/sites\/608\/2018\/04\/cut21.png\" alt=\"\" \/><\/div>\n<\/div>\n\n        <\/div>\n    <\/div>\n<\/section>\n\n<section class=\"av_tab_section\"  itemscope=\"itemscope\" itemtype=\"https:\/\/schema.org\/CreativeWork\" >    <div data-fake-id=\"#tab-id-4\" class=\"tab \"  itemprop=\"headline\" >EUROPE<\/div>\n    <div id=\"tab-id-4-container\" class=\"tab_content \">\n        <div class=\"tab_inner_content invers-color\"  itemprop=\"text\" >\n<p><img loading=\"lazy\" decoding=\"async\" class=\"alignnone size-full wp-image-5408\" src=\"https:\/\/cdn-static.findly.com\/wp-content\/uploads\/sites\/608\/2018\/06\/HC4096-hilgrv-cws-locations-europe.jpg\" alt=\"Hilton Grand Vacations Club \u00e0 Craigendarroch Suites\" width=\"1441\" height=\"441\" \/><\/p>\n<div class=\"tab-img-right\"><img decoding=\"async\" src=\"https:\/\/cdn-static.findly.com\/wp-content\/uploads\/sites\/608\/2018\/04\/rdt1.png\" alt=\"Hilton Grand Vacations Club \u00e0 Craigendarroch Suites\" \/><\/div>\n<div class=\"location-inner\">\n<h2 class=\"inner-header cente-align\">EUROPE<\/h2>\n<p>D\u00e9couvrez le charme s\u00e9culaire de l&rsquo;Europe tout en construisant une carri\u00e8re aussi captivante que l&rsquo;histoire des plus grandes villes anciennes de ce continent. Que vous vous abandonniez au charme des Highlands \u00e9cossais ou que vous trouviez votre joie de vivre au milieu des vignobles vallonn\u00e9s de la Toscane, rejoindre notre \u00e9quipe bas\u00e9e en Europe signifie avoir la possibilit\u00e9 de partager la chaleur et l&rsquo;enthousiasme qui d\u00e9coulent du travail dans un endroit que vous adorez.<\/p>\n<div class=\"cente-align\"><a href=\"\/fr\/job-search-results\/\" class=\"yellow-btn\">VOIR TOUS LES EMPLOIS<\/a><\/div>\n<div class=\"tab-img-left-bot\"><img decoding=\"async\" src=\"https:\/\/cdn-static.findly.com\/wp-content\/uploads\/sites\/608\/2018\/04\/cut21.png\" alt=\"\" \/><\/div>\n<\/div>\n\n        <\/div>\n    <\/div>\n<\/section>\n\n<section class=\"av_tab_section\"  itemscope=\"itemscope\" itemtype=\"https:\/\/schema.org\/CreativeWork\" >    <div data-fake-id=\"#tab-id-5\" class=\"tab \"  itemprop=\"headline\" >HAWA\u00cf<\/div>\n    <div id=\"tab-id-5-container\" class=\"tab_content \">\n        <div class=\"tab_inner_content invers-color\"  itemprop=\"text\" >\n<p><img loading=\"lazy\" decoding=\"async\" class=\"alignnone size-full wp-image-5408\" src=\"https:\/\/cdn-static.findly.com\/wp-content\/uploads\/sites\/608\/2018\/04\/img11.jpg\" alt=\"Plage de Waikiki, Hawa\u00ef\" width=\"1441\" height=\"441\" \/><\/p>\n<div class=\"tab-img-right\"><img decoding=\"async\" src=\"https:\/\/cdn-static.findly.com\/wp-content\/uploads\/sites\/608\/2018\/04\/rdt1.png\" alt=\"Plage de Waikiki, Hawa\u00ef\" \/><\/div>\n<div class=\"location-inner\">\n<h2 class=\"inner-header cente-align\">HAWA\u00cf<\/h2>\n<p>Surfez sur la vague du succ\u00e8s avec nos possibilit\u00e9s exceptionnelles \u00e0 Hawa\u00ef. Avec des emplacements allant de la l\u00e9gendaire plage de Waikiki sur l&rsquo;\u00eele d&rsquo;Oahu \u00e0 la spectaculaire c\u00f4te de Kohala sur la grande \u00eele d&rsquo;Hawa\u00ef, Hilton Grand Vacations offre des possibilit\u00e9s de carri\u00e8re aussi uniques que les paysages spectaculaires des \u00eeles. Que vous travailliez dans l&rsquo;un de nos neuf centres de vill\u00e9giature c\u00e9l\u00e8bres ou au sein de nos \u00e9quipes de marketing et de vente, vous rejoindrez une entreprise d\u00e9di\u00e9e \u00e0 montrer aux membres du Club et \u00e0 nos invit\u00e9s tout ce que Hawa\u00ef peut offrir.<\/p>\n<div class=\"cente-align\"><a href=\"\/fr\/job-search-results\/?primary_state=HI\" class=\"yellow-btn\">VOIR TOUS LES EMPLOIS<\/a><\/div>\n<div class=\"tab-img-left-bot\"><img decoding=\"async\" src=\"https:\/\/cdn-static.findly.com\/wp-content\/uploads\/sites\/608\/2018\/04\/cut21.png\" alt=\"\" \/><\/div>\n<\/div>\n\n        <\/div>\n    <\/div>\n<\/section>\n\n<section class=\"av_tab_section\"  itemscope=\"itemscope\" itemtype=\"https:\/\/schema.org\/CreativeWork\" >    <div data-fake-id=\"#tab-id-6\" class=\"tab \"  itemprop=\"headline\" >ASIE-PACIFIQUE<\/div>\n    <div id=\"tab-id-6-container\" class=\"tab_content \">\n        <div class=\"tab_inner_content invers-color\"  itemprop=\"text\" >\n<p><img loading=\"lazy\" decoding=\"async\" class=\"alignnone size-full wp-image-5408\" src=\"https:\/\/cdn-static.findly.com\/wp-content\/uploads\/sites\/608\/2018\/05\/HC4096-hilgrv-cws-locations-japan.jpg\" alt=\"Mont Fuji surplombant les toits de la ville de Yokohama\" width=\"1441\" height=\"441\" \/><\/p>\n<div class=\"tab-img-right\"><img decoding=\"async\" src=\"https:\/\/cdn-static.findly.com\/wp-content\/uploads\/sites\/608\/2018\/04\/rdt1.png\" alt=\"Mont Fuji surplombant les toits de la ville de Yokohama\" \/><\/div>\n<div class=\"location-inner\">\n<h2 class=\"inner-header cente-align\">ASIE-PACIFIQUE<\/h2>\n<p>Forgez-vous une carri\u00e8re aussi polyvalente que le paysage diversifi\u00e9 du Japon. En tant que l&rsquo;une des soci\u00e9t\u00e9s de propri\u00e9t\u00e9 de vacances les plus actives d&rsquo;Asie, Hilton Grand Vacations compte aujourd&rsquo;hui plus de 56 000 familles membres de Clubs japonais et continue d&rsquo;\u00e9largir sa base de membres. Compos\u00e9e de plus de 500 membres, notre \u00e9quipe japonaise ajoute une profondeur vitale \u00e0 notre organisation en occupant des fonctions administratives, de marketing et de vente tout en contribuant \u00e0 offrir des exp\u00e9riences de vacances exceptionnelles inoubliables au Japon et dans la grande r\u00e9gion asiatique.<\/p>\n<div class=\"cente-align\"><a href=\"\/fr\/job-search-results\/\" class=\"yellow-btn\">VOIR TOUS LES EMPLOIS<\/a><\/div>\n<div class=\"tab-img-left-bot\"><img decoding=\"async\" src=\"https:\/\/cdn-static.findly.com\/wp-content\/uploads\/sites\/608\/2018\/04\/cut21.png\" alt=\"\" \/><\/div>\n<\/div>\n\n        <\/div>\n    <\/div>\n<\/section>\n\n<\/div>\n\n\n","protected":false},"excerpt":{"rendered":"","protected":false},"author":1703,"featured_media":0,"parent":0,"menu_order":0,"comment_status":"open","ping_status":"open","template":"","meta":{"footnotes":""},"persona":[],"class_list":["post-23731","page","type-page","status-publish","hentry"],"yoast_head":"<!-- This site is optimized with the Yoast SEO Premium plugin v22.8 (Yoast SEO v22.8) - https:\/\/yoast.com\/wordpress\/plugins\/seo\/ -->\n<title>Locations - Hiltongrandvacation<\/title>\n<meta name=\"robots\" content=\"index, follow, max-snippet:-1, max-image-preview:large, max-video-preview:-1\" \/>\n<link rel=\"canonical\" href=\"https:\/\/hgv.cert.xcc.smashfly.io\/fr\/our-locations\/\" \/>\n<meta property=\"og:locale\" content=\"fr_FR\" \/>\n<meta property=\"og:type\" content=\"article\" \/>\n<meta property=\"og:title\" content=\"Locations\" \/>\n<meta property=\"og:url\" content=\"https:\/\/hgv.cert.xcc.smashfly.io\/fr\/our-locations\/\" \/>\n<meta property=\"og:site_name\" content=\"Hiltongrandvacation\" \/>\n<meta property=\"article:modified_time\" content=\"2022-09-05T05:17:22+00:00\" \/>\n<meta property=\"og:image\" content=\"https:\/\/cdn-static.findly.com\/wp-content\/uploads\/sites\/2484\/2022\/08\/22102624\/our-location.png\" \/>\n<meta name=\"twitter:label1\" content=\"Dur\u00e9e de lecture estim\u00e9e\" \/>\n\t<meta name=\"twitter:data1\" content=\"7 minutes\" \/>\n<script type=\"application\/ld+json\" class=\"yoast-schema-graph\">{\"@context\":\"https:\/\/schema.org\",\"@graph\":[{\"@type\":\"WebPage\",\"@id\":\"https:\/\/hgv.cert.xcc.smashfly.io\/fr\/our-locations\/\",\"url\":\"https:\/\/hgv.cert.xcc.smashfly.io\/fr\/our-locations\/\",\"name\":\"Locations - Hiltongrandvacation\",\"isPartOf\":{\"@id\":\"https:\/\/www.hgv.cert.xcc.smashfly.io\/#website\"},\"primaryImageOfPage\":{\"@id\":\"https:\/\/hgv.cert.xcc.smashfly.io\/fr\/our-locations\/#primaryimage\"},\"image\":{\"@id\":\"https:\/\/hgv.cert.xcc.smashfly.io\/fr\/our-locations\/#primaryimage\"},\"thumbnailUrl\":\"https:\/\/cdn-static.findly.com\/wp-content\/uploads\/sites\/2484\/2022\/08\/22102624\/our-location.png\",\"datePublished\":\"2022-08-10T07:03:54+00:00\",\"dateModified\":\"2022-09-05T05:17:22+00:00\",\"breadcrumb\":{\"@id\":\"https:\/\/hgv.cert.xcc.smashfly.io\/fr\/our-locations\/#breadcrumb\"},\"inLanguage\":\"fr-FR\",\"potentialAction\":[{\"@type\":\"ReadAction\",\"target\":[\"https:\/\/hgv.cert.xcc.smashfly.io\/fr\/our-locations\/\"]}]},{\"@type\":\"ImageObject\",\"inLanguage\":\"fr-FR\",\"@id\":\"https:\/\/hgv.cert.xcc.smashfly.io\/fr\/our-locations\/#primaryimage\",\"url\":\"https:\/\/cdn-static.findly.com\/wp-content\/uploads\/sites\/2484\/2022\/08\/22102624\/our-location.png\",\"contentUrl\":\"https:\/\/cdn-static.findly.com\/wp-content\/uploads\/sites\/2484\/2022\/08\/22102624\/our-location.png\"},{\"@type\":\"BreadcrumbList\",\"@id\":\"https:\/\/hgv.cert.xcc.smashfly.io\/fr\/our-locations\/#breadcrumb\",\"itemListElement\":[{\"@type\":\"ListItem\",\"position\":1,\"name\":\"Home\",\"item\":\"https:\/\/hgv.cert.xcc.smashfly.io\/fr\/\"},{\"@type\":\"ListItem\",\"position\":2,\"name\":\"Locations\"}]},{\"@type\":\"WebSite\",\"@id\":\"https:\/\/www.hgv.cert.xcc.smashfly.io\/#website\",\"url\":\"https:\/\/www.hgv.cert.xcc.smashfly.io\/\",\"name\":\"Hiltongrandvacation\",\"description\":\"XCloud Candidate Experience Demo Site\",\"potentialAction\":[{\"@type\":\"SearchAction\",\"target\":{\"@type\":\"EntryPoint\",\"urlTemplate\":\"https:\/\/www.hgv.cert.xcc.smashfly.io\/?s={search_term_string}\"},\"query-input\":\"required name=search_term_string\"}],\"inLanguage\":\"fr-FR\"}]}<\/script>\n<!-- \/ Yoast SEO Premium plugin. -->","yoast_head_json":{"title":"Locations - Hiltongrandvacation","robots":{"index":"index","follow":"follow","max-snippet":"max-snippet:-1","max-image-preview":"max-image-preview:large","max-video-preview":"max-video-preview:-1"},"canonical":"https:\/\/hgv.cert.xcc.smashfly.io\/fr\/our-locations\/","og_locale":"fr_FR","og_type":"article","og_title":"Locations","og_url":"https:\/\/hgv.cert.xcc.smashfly.io\/fr\/our-locations\/","og_site_name":"Hiltongrandvacation","article_modified_time":"2022-09-05T05:17:22+00:00","og_image":[{"url":"https:\/\/cdn-static.findly.com\/wp-content\/uploads\/sites\/2484\/2022\/08\/22102624\/our-location.png"}],"twitter_misc":{"Dur\u00e9e de lecture estim\u00e9e":"7 minutes"},"schema":{"@context":"https:\/\/schema.org","@graph":[{"@type":"WebPage","@id":"https:\/\/hgv.cert.xcc.smashfly.io\/fr\/our-locations\/","url":"https:\/\/hgv.cert.xcc.smashfly.io\/fr\/our-locations\/","name":"Locations - Hiltongrandvacation","isPartOf":{"@id":"https:\/\/www.hgv.cert.xcc.smashfly.io\/#website"},"primaryImageOfPage":{"@id":"https:\/\/hgv.cert.xcc.smashfly.io\/fr\/our-locations\/#primaryimage"},"image":{"@id":"https:\/\/hgv.cert.xcc.smashfly.io\/fr\/our-locations\/#primaryimage"},"thumbnailUrl":"https:\/\/cdn-static.findly.com\/wp-content\/uploads\/sites\/2484\/2022\/08\/22102624\/our-location.png","datePublished":"2022-08-10T07:03:54+00:00","dateModified":"2022-09-05T05:17:22+00:00","breadcrumb":{"@id":"https:\/\/hgv.cert.xcc.smashfly.io\/fr\/our-locations\/#breadcrumb"},"inLanguage":"fr-FR","potentialAction":[{"@type":"ReadAction","target":["https:\/\/hgv.cert.xcc.smashfly.io\/fr\/our-locations\/"]}]},{"@type":"ImageObject","inLanguage":"fr-FR","@id":"https:\/\/hgv.cert.xcc.smashfly.io\/fr\/our-locations\/#primaryimage","url":"https:\/\/cdn-static.findly.com\/wp-content\/uploads\/sites\/2484\/2022\/08\/22102624\/our-location.png","contentUrl":"https:\/\/cdn-static.findly.com\/wp-content\/uploads\/sites\/2484\/2022\/08\/22102624\/our-location.png"},{"@type":"BreadcrumbList","@id":"https:\/\/hgv.cert.xcc.smashfly.io\/fr\/our-locations\/#breadcrumb","itemListElement":[{"@type":"ListItem","position":1,"name":"Home","item":"https:\/\/hgv.cert.xcc.smashfly.io\/fr\/"},{"@type":"ListItem","position":2,"name":"Locations"}]},{"@type":"WebSite","@id":"https:\/\/www.hgv.cert.xcc.smashfly.io\/#website","url":"https:\/\/www.hgv.cert.xcc.smashfly.io\/","name":"Hiltongrandvacation","description":"XCloud Candidate Experience Demo Site","potentialAction":[{"@type":"SearchAction","target":{"@type":"EntryPoint","urlTemplate":"https:\/\/www.hgv.cert.xcc.smashfly.io\/?s={search_term_string}"},"query-input":"required name=search_term_string"}],"inLanguage":"fr-FR"}]}},"_links":{"self":[{"href":"https:\/\/hgv.cert.xcc.smashfly.io\/fr\/wp-json\/wp\/v2\/pages\/23731","targetHints":{"allow":["GET"]}}],"collection":[{"href":"https:\/\/hgv.cert.xcc.smashfly.io\/fr\/wp-json\/wp\/v2\/pages"}],"about":[{"href":"https:\/\/hgv.cert.xcc.smashfly.io\/fr\/wp-json\/wp\/v2\/types\/page"}],"author":[{"embeddable":true,"href":"https:\/\/hgv.cert.xcc.smashfly.io\/fr\/wp-json\/wp\/v2\/users\/1703"}],"replies":[{"embeddable":true,"href":"https:\/\/hgv.cert.xcc.smashfly.io\/fr\/wp-json\/wp\/v2\/comments?post=23731"}],"version-history":[{"count":10,"href":"https:\/\/hgv.cert.xcc.smashfly.io\/fr\/wp-json\/wp\/v2\/pages\/23731\/revisions"}],"predecessor-version":[{"id":25374,"href":"https:\/\/hgv.cert.xcc.smashfly.io\/fr\/wp-json\/wp\/v2\/pages\/23731\/revisions\/25374"}],"wp:attachment":[{"href":"https:\/\/hgv.cert.xcc.smashfly.io\/fr\/wp-json\/wp\/v2\/media?parent=23731"}],"wp:term":[{"taxonomy":"persona","embeddable":true,"href":"https:\/\/hgv.cert.xcc.smashfly.io\/fr\/wp-json\/wp\/v2\/persona?post=23731"}],"curies":[{"name":"wp","href":"https:\/\/api.w.org\/{rel}","templated":true}]}}