{"id":23754,"date":"2022-08-10T05:37:18","date_gmt":"2022-08-10T10:37:18","guid":{"rendered":"https:\/\/hiltongrandvacations-french.qa.wp.findly.com\/?page_id=23754"},"modified":"2025-06-26T05:29:37","modified_gmt":"2025-06-26T10:29:37","slug":"job-search-results","status":"publish","type":"page","link":"https:\/\/hgv.cert.xcc.smashfly.io\/fr\/job-search-results\/","title":{"rendered":"Job Search Results"},"content":{"rendered":"<\/div><\/div><\/div><!-- close content main div --><\/div><\/div><div id='av_section_1' class='avia-section alternate_color avia-section-small avia-no-border-styling avia-bg-style-scroll  search-color container_wrap fullsize' style = 'background-color: #ffffff; background-color: #ffffff; '  ><div class='container' ><div class='template-page content  av-content-full alpha units'><div class='post-entry post-entry-type-page post-entry-23754'><div class='entry-content-wrapper clearfix'>\n<div class='flex_column_table av-equal-height-column-flextable' ><div class=\"flex_column av_one_fourth  flex_column_table_cell av-equal-height-column av-align-top av-zero-column-padding first   \" style='border-radius:0px; '><section class=\"av_textblock_section\"  itemscope=\"itemscope\" itemtype=\"https:\/\/schema.org\/CreativeWork\" ><div class='avia_textblock sjobs'   itemprop=\"text\" ><h1 class=\"widgettitle\">RECHERCHE D&rsquo;EMPLOIS<\/h1>\n<\/div><\/section><br \/>\n<div class='avia-builder-widget-area clearfix '><div id=\"widget_job_search_full-3\" class=\"widget clearfix widget-jobsearch-full\"><a id=\"toggleAdvSearch\" href=\"#\" aria-expanded=\"true\" role=\"button\" class=\"avia-button avia-color-theme-color avia-size-small\" onclick=\"searchToggle();return false;\" aria-controls=\"cws-search-form\"><span class=\"avia_iconbox_title\">Rechercher des annonces<\/span><\/a><div id=\"cws-search-form\" role=\"search\"><div class=\"w-form-row\"><div class=\"w-form-row-label\"><label for=\"cws_jobsearch_keywords\">Mots cl\u00e9s ou code MOS<\/label><\/div><div class=\"w-form-row-field\"><input type=\"text\" class=\"text_input keyword_suggest\" name=\"keyword\" id=\"cws_jobsearch_keywords\"  placeholder=\"Mots cl\u00e9s ou code MOS\"  data-param=\"SearchText\" aria-describedby=\"keyword-help\" value=\"\" \/><span id=\"keyword-help\" class=\"visually-hidden sr-only\" aria-live=\"polite\">Begin typing to find suggestions.<\/span><span class=\"w-form-row-field-bar\"><\/span><\/div><input type=\"hidden\" name=\"fuzzy\" id=\"cws_jobsearch_fuzzy\" data-param=\"fuzzy\" value=\"\" \/><\/div><div class=\"search-control-container container-parent-category custom\"><div class=\"w-form-row-label\"><label for=\"cws_jobsearch_parent_category\">Champs de comp\u00e9tence<\/label><\/div><select name=\"parent_category\" id=\"cws_jobsearch_parent_category\" class=\"text_select \" data-param=\"facet\" data-facet=\"parent_category\"><option value=\"\">Champs de comp\u00e9tence<\/option><option value=\"Call Center\" >Call Center<\/option><option value=\"Corporate\" >d'entreprise<\/option><option value=\"Marketing\" >Commercialisation<\/option><option value=\"Resort Operations\" >Resort Operations<\/option><option value=\"Sales\" >Ventes<\/option><\/select><\/div><div class=\"search-control-container container-sub-category custom\"><div class=\"w-form-row-label\"><label for=\"cws_jobsearch_sub_category\">Cat\u00e9gorie<\/label><\/div><select name=\"sub_category\" id=\"cws_jobsearch_sub_category\" class=\"text_select \" data-param=\"facet\" data-facet=\"sub_category\"><option value=\"\">Cat\u00e9gorie<\/option><option value=\"Administrative & General\" >Administrative & General<\/option><option value=\"Branding & Communications\" >Branding & Communications<\/option><option value=\"Business Operations - S&M\" >Fr - Business operation<\/option><option value=\"Call Center Reservations Telemarketing\" >Call Center Reservations Telemarketing<\/option><option value=\"Call Center Support\" >Fr - call center support<\/option><option value=\"Corporate\" >d'entreprise<\/option><option value=\"Development\" >Development<\/option><option value=\"Engineering Maintenance Facilities\" >Engineering Maintenance Facilities<\/option><option value=\"Executive\" >Executive<\/option><option value=\"Finance\" >La finance<\/option><option value=\"Food & Beverage\" >Food & Beverage<\/option><option value=\"Guest Services\/Operations\" >Guest Services\/Operations<\/option><option value=\"Housekeeping\" >Housekeeping<\/option><option value=\"Human Resources\" >Ressources humaines<\/option><option value=\"International Operations\" >International Operations<\/option><option value=\"Internships\" >Internships<\/option><option value=\"Inventory Management\" >Inventory Management<\/option><option value=\"IT\/Systems\" >IT\/Systems<\/option><option value=\"Legal\" >Legal<\/option><option value=\"Management\" >Management<\/option><option value=\"Marketing\" >Commercialisation<\/option><option value=\"Rental & Resale\" >Rental & Resale<\/option><option value=\"Sales\" >Ventes<\/option><option value=\"Security\/Loss Prevention\" >Security\/Loss Prevention<\/option><option value=\"Spa & Recreation\" >Spa & Recreation<\/option><option value=\"Work From Home\" >Work From Home<\/option><\/select><\/div><div class=\"search-control-container container-store-id\"><div class=\"w-form-row-label\"><label for=\"cws_jobsearch_store_id\">Propri\u00e9t\u00e9<\/label><\/div><select name=\"store_id\" id=\"cws_jobsearch_store_id\" class=\"text_select \" data-param=\"facet\" data-facet=\"store_id\"><option value=\"\">Propri\u00e9t\u00e9<\/option><\/select><\/div><div class=\"search-control-container container-language custom\"><div class=\"w-form-row-label\"><label for=\"cws_jobsearch_language\">S\u00e9lectionnez la langue<\/label><\/div><select name=\"language\" id=\"cws_jobsearch_language\" class=\"text_select \" data-param=\"facet\" data-facet=\"language\"><option value=\"\">S\u00e9lectionnez la langue<\/option><option value=\"en\" >English<\/option><option value=\"ja\" >Japanese<\/option><option value=\"es\" >Spanish<\/option><option value=\"fr-FR\" >French<\/option><\/select><\/div><input type=\"hidden\" name=\"pg\" data-param=\"offset\" id=\"cws-search-page\" value=\"\" \/><input type=\"hidden\" name=\"sort\" data-param=\"sortfield\" id=\"cws-search-sortfield\" value=\"\" \/><input type=\"hidden\" name=\"dir\" data-param=\"sortorder\" id=\"cws-search-direction\" value=\"\" \/><span class=\"cws-clear-btn\"><a onclick=\"CWS.jobs.clear_all(this); return false;\"  href=\"#\" role=\"button\" id=\"clear-all-btn\" class=\"avia-button avia-color-theme-color avia-size-medium\">Tout effacer<\/a><\/span><div class=\"search-submit-btn\"><a href=\"#\" role=\"button\" id=\"cws-adv-search-btn\" class=\"avia-button avia-color-theme-color avia-size-medium\">RECHERCHER<\/a><\/div><\/div>\n<script type=\"text\/javascript\">jQuery(document).ready(function(){if(CWS && CWS.jobs){\n                CWS.jobs.set_api(\"https:\/\/jobsapi-internal.cert.m-cloud.io\/api\/\");\n                CWS.jobs.set_options({\n                    org_id: \"10010\",\n                    jobdetail_path: \"\/fr\/job-fr\",\n                    search_on_pause: false,\n                    search_on_blur: true,\n                    use_boolean_search: true,\n                    disable_fuzzy: false,\n                    node: \"\",\n                    boost: \"\",\n                    dynamic_criteria: false,\n                    inc_facetcount: false,\n                    filters: [\"brand:External\",\"job_type:Parent Job\"]\n                });\n                \n            }\n            else{\n                CWS.log(\"cws.jobs.js not loaded.\");\n            }\n    \t});\n        <\/script><style id=\"search-form-styles\">#top .date-radio-input:checked::before{ background-color: #000000 }<\/style><\/div><a href=\"\/fr\/\/\" class=\"jobcart-counter\" data-hide=\"on\" style=\"display:none;\">Job Cart (<span class=\"jobcart-count\">0<\/span>)<\/a><\/div><\/p><\/div><div class='av-flex-placeholder'><\/div><div class=\"flex_column av_three_fourth  flex_column_table_cell av-equal-height-column av-align-top av-zero-column-padding   search-right-section \" style='border-radius:0px; '><section class=\"av_textblock_section\"  itemscope=\"itemscope\" itemtype=\"https:\/\/schema.org\/CreativeWork\" ><div class='avia_textblock frsearchtitle'   itemprop=\"text\" ><div class=\"cws-search-form-title\">\n<h2 class=\"widgettitle\">R\u00c9SULTATS DE RECHERCHE (Testing the WPML Plugin)<\/h2>\n<\/div>\n<\/div><\/section><br \/>\n<section class=\"avia_codeblock_section avia_code_block_0\"  itemscope=\"itemscope\" itemtype=\"https:\/\/schema.org\/CreativeWork\" ><div class='avia_codeblock '  itemprop=\"text\" > [avia_codeblock_placeholder uid=\"0\"] <\/div><\/section><br \/>\n<div class='avia-builder-widget-area clearfix '><div id=\"widget_job_map-3\" class=\"widget clearfix widget-job-map\"><div id=\"job-map\"><\/div>\n\t\t<script type=\"text\/javascript\">\n\t\t\tjQuery(document).ready(function () {\n\t\t\t\tif (typeof CWS !== 'undefined' && CWS.map) {\n\t\t\t\t\tCWS.map.set_options({\"org_id\":\"10010\",\"api_url\":\"https:\\\/\\\/jobsapi-internal.cert.m-cloud.io\\\/api\\\/map\",\"jobdetail_path\":\"\\\/fr\\\/job-fr\",\"marker_cluster\":true,\"cluster_radius\":40,\"tilemap\":\"google\",\"starting_coords\":[39.2037532,-96.6201883],\"starting_zoom\":4,\"max_zoom\":12,\"include_geolocation\":true,\"include_directions\":false,\"high_volume\":true});\n\t\t\t\t\tCWS.map.set_filters([\"brand:External\",\"job_type:Parent Job\"]);\n\t\t\t\t\tCWS.map.init();\n\t\t\t\t}\n\t\t\t});\n\t\t<\/script>\n\t\t\n\t\t<script type=\"text\/javascript\">\n\t\t\tjQuery(document).ready(function(){\n\t\t\t\tif (CWS && CWS.jobs) {\n\t\t\t\t\tCWS.jobs.set_options({\n\t\t\t\t\t\tfilter_od: ''\t\n\t\t\t\t\t});\n\t\t\t\t}\n\t\t\t});\t\n\t\t<\/script>\n\n\t\t<\/div><div id=\"widget_job_search_results_table_tiles-3\" class=\"widget clearfix widget-jobsearch-results table_tile original list\"><div class=\"clearfix\">\n\t\t\t<div id=\"live-results\" tabindex=\"-1\"><span\n\t\t\t\tid=\"live-results-counter\">0<\/span> R\u00e9sultats<\/div>\n        <div id=\"live-results-aria\" class=\"sr-only visually-hidden\" role=\"status\"><\/div>\n<\/div>\n\n<ul id=\"search-filters\"><\/ul>\n<div id=\"result-modifications\">\n        <div class=\"views\">\n        <fieldset>\n        <legend class=\"result-view-legend\">View By<\/legend>\n\t            <div class=\"btn-group clearfix\">\n            <a href=\"#\" role=\"button\" id=\"result-view-list\" class=\"btn-default active\" aria-current=\"true\"><span class=\"view-icon list-icon\"><\/span>List<\/a>\n            <a href=\"#\" role=\"button\" id=\"result-view-grid\" class=\"btn-default \" aria-current=\"false\"><span class=\"view-icon grid-icon\"><\/span>Grid<\/a>\n        <\/div>\n                <\/fieldset>\n    <\/div>\n                <div class=\"pages\">\n                <label for=\"result-pages\">Jobs per page<\/label>\n                <select id=\"result-pages\">\n                    <option value=\"12\" selected>12<\/option>\n                    <option value=\"24\">24<\/option>\n                    <option value=\"48\">48<\/option>\n                    <option value=\"96\">96<\/option>\n                <\/select>\n            <\/div>\n            <\/div>\n\n<div id=\"loader\"><\/div>\n\n<div class=\"search-results-table\" role=\"table\" aria-label=\"Job Search Results\">\n    <div role=\"rowgroup\">\n        <div role=\"row\" class=\"search-columns entry-content-wrapper clearfix flex_column\">\n            <div id=\"colhead-title\" role=\"columnheader\" class=\"flex_column av_one_fifth first\" data-param=\"title\"><span role=\"button\" tabindex=\"0\">Job Title<span class=\"col-controls\"><span class=\" av-icon-char col-control ascending\" aria-hidden=\"true\" data-av_icon=\"\ue873\" data-av_iconfont=\"entypo-fontello\" ><\/span><span class=\" av-icon-char col-control descending\" aria-hidden=\"true\" data-av_icon=\"\ue876\" data-av_iconfont=\"entypo-fontello\" ><\/span><\/span><\/span><\/div><div id=\"colhead-parent_category\" role=\"columnheader\" class=\"flex_column av_one_fifth\" data-param=\"parent_category\"><span role=\"button\" tabindex=\"0\">Area of Talent<span class=\"col-controls\"><span class=\" av-icon-char col-control ascending\" aria-hidden=\"true\" data-av_icon=\"\ue873\" data-av_iconfont=\"entypo-fontello\" ><\/span><span class=\" av-icon-char col-control descending\" aria-hidden=\"true\" data-av_icon=\"\ue876\" data-av_iconfont=\"entypo-fontello\" ><\/span><\/span><\/span><\/div><div id=\"colhead-sub_category\" role=\"columnheader\" class=\"flex_column av_one_fifth\" data-param=\"sub_category\"><span role=\"button\" tabindex=\"0\">Cat\u00e9gorie<span class=\"col-controls\"><span class=\" av-icon-char col-control ascending\" aria-hidden=\"true\" data-av_icon=\"\ue873\" data-av_iconfont=\"entypo-fontello\" ><\/span><span class=\" av-icon-char col-control descending\" aria-hidden=\"true\" data-av_icon=\"\ue876\" data-av_iconfont=\"entypo-fontello\" ><\/span><\/span><\/span><\/div><div id=\"colhead-store_id\" role=\"columnheader\" class=\"flex_column av_one_fifth\" data-param=\"store_id\"><span role=\"button\" tabindex=\"0\">PROPERTY<span class=\"col-controls\"><span class=\" av-icon-char col-control ascending\" aria-hidden=\"true\" data-av_icon=\"\ue873\" data-av_iconfont=\"entypo-fontello\" ><\/span><span class=\" av-icon-char col-control descending\" aria-hidden=\"true\" data-av_icon=\"\ue876\" data-av_iconfont=\"entypo-fontello\" ><\/span><\/span><\/span><\/div><div id=\"colhead-city_state_country\" role=\"columnheader\" class=\"flex_column av_one_fifth\" data-param=\"primary_city\"><span role=\"button\" tabindex=\"0\">Emplacement<span class=\"col-controls\"><span class=\" av-icon-char col-control ascending\" aria-hidden=\"true\" data-av_icon=\"\ue873\" data-av_iconfont=\"entypo-fontello\" ><\/span><span class=\" av-icon-char col-control descending\" aria-hidden=\"true\" data-av_icon=\"\ue876\" data-av_iconfont=\"entypo-fontello\" ><\/span><\/span><\/span><\/div>        <\/div>\n    <\/div>\n    <div class=\"entry-content-wrapper clearfix\" role=\"rowgroup\">\n        <div id=\"widget-jobsearch-results-list\" role=\"presentation\"><\/div>\n    <\/div>\n<\/div>\n<nav id=\"widget-jobsearch-results-pages\" aria-label=\"Pagination\"><\/nav>\n<script>\njQuery(document).ready(function(){    \n\tif (CWS && CWS.jobs) {\n\t\t\/\/ The search form might have taken care of this, but this can also go on the locations page, so just in case...\n\t\twidget_jobsearch_full_horizontal = jQuery('.widget-jobsearch-full-horizontal').length > 0 ? 'widget-jobsearch-full-horizontal' : 'widget-jobsearch-full';\n\t\tif (jQuery && jQuery('.'+widget_jobsearch_full_horizontal).length == 0) {\n\t\t\tCWS.jobs.set_api(\" https:\/\/jobsapi-internal.cert.m-cloud.io\/api\/\");\n\t\t\tCWS.jobs.set_options({\n\t\t\t\torg_id: \"10010\",\n\t\t\t\tjobdetail_path: \"\/fr\/job-fr\",\n                job_custom_css: \"primary_category\",\n\t\t\t\tlocations_page_search_by: \"radius\",\n\t\t\t\tlocations_page_radius: \"50\",\n\t\t\t\tresults_none: \"Actuellement, aucune offre ne correspond \u00e0 vos crit\u00e8res de recherche. Veuillez modifier vos crit\u00e8res de recherche.\",\n                tag_criteria: false,\n                view_by_layout: \"original\",\n                mapPosition: \"right\",\n                job_apply_button_text: \"Apply Here\",\n                job_apply_link: \"seo_url\",\n                limit: 10,\n                hide_pagination_job_list: false,\n\n\t\t\t});\n\t\t\tCWS.jobs.set_columns(\"title,parent_category,sub_category,store_id,city_state_country\", \"av_one_fifth,av_one_fifth,av_one_fifth,av_one_fifth,av_one_fifth\", \"Job%20Title,Area%20of%20Talent,Category,PROPERTY,Location\");\n\t\t}\n\t\telse {\n\t\t\tCWS.jobs.set_options({\n\t\t\t\tresults_none: \"Actuellement, aucune offre ne correspond \u00e0 vos crit\u00e8res de recherche. Veuillez modifier vos crit\u00e8res de recherche.\",\n\t\t\t\tsortfield: \"open_date\",\n\t\t\t\tsortorder: \"descending\",\n\t\t\t\tjob_custom_css: \"primary_category\",\n                tag_criteria: false,\n                view_by_layout: \"original\",\n                mapPosition : \"right\",\n                job_apply_button_text: \"Apply Here\",\n                job_apply_link: \"seo_url\",\n                limit: 10,\n                hide_pagination_job_list: false\t\t\t});\n\t\t}\n\t\tCWS.jobs.sortby(\"open_date\", \"descending\");\n\t\tCWS.jobs.set_columns(\"title,parent_category,sub_category,store_id,city_state_country\", \"av_one_fifth,av_one_fifth,av_one_fifth,av_one_fifth,av_one_fifth\", \"Job Title,Area of Talent,Category,PROPERTY,Location\");\n\n\t}\n\telse {\n\t\tCWS.log(\"cws.jobs.js not loaded.\");\n\t}\n});\n<\/script>\n\t\t<script type=\"text\/javascript\">\n\t\t\tjQuery(document).ready(function(){\t\n\t\t\t\tif (CWS && CWS.jobs) {\n\t\t\t\t\tCWS.jobs.set_options({\n\t\t\t\t\t\tfilter_od: ''\t\n\t\t\t\t\t});\n\t\t\t\t}\n\t\t\t});\t\n\t\t<\/script>\n\n\t\t<\/div><\/div><br \/>\n<section class=\"avia_codeblock_section avia_code_block_1\"  itemscope=\"itemscope\" itemtype=\"https:\/\/schema.org\/CreativeWork\" ><div class='avia_codeblock '  itemprop=\"text\" > [avia_codeblock_placeholder uid=\"1\"] <\/div><\/section><\/p><\/div><\/div><!--close column table wrapper. Autoclose:  -->\n","protected":false},"excerpt":{"rendered":"","protected":false},"author":1703,"featured_media":0,"parent":0,"menu_order":0,"comment_status":"open","ping_status":"open","template":"","meta":{"footnotes":""},"persona":[],"class_list":["post-23754","page","type-page","status-publish","hentry"],"yoast_head":"<!-- This site is optimized with the Yoast SEO Premium plugin v22.8 (Yoast SEO v22.8) - https:\/\/yoast.com\/wordpress\/plugins\/seo\/ -->\n<title>Job Search Results - Hiltongrandvacation<\/title>\n<meta name=\"robots\" content=\"index, follow, max-snippet:-1, max-image-preview:large, max-video-preview:-1\" \/>\n<link rel=\"canonical\" href=\"https:\/\/hgv.cert.xcc.smashfly.io\/fr\/job-search-results\/\" \/>\n<meta property=\"og:locale\" content=\"fr_FR\" \/>\n<meta property=\"og:type\" content=\"article\" \/>\n<meta property=\"og:title\" content=\"Job Search Results\" \/>\n<meta property=\"og:url\" content=\"https:\/\/hgv.cert.xcc.smashfly.io\/fr\/job-search-results\/\" \/>\n<meta property=\"og:site_name\" content=\"Hiltongrandvacation\" \/>\n<meta property=\"article:modified_time\" content=\"2025-06-26T10:29:37+00:00\" \/>\n<meta property=\"og:image\" content=\"https:\/\/hgv.cert.xcc.smashfly.io\/wp-content\/uploads\/sites\/2484\/2019\/03\/hgv_careers_intern-video_screenshot.jpg\" \/>\n\t<meta property=\"og:image:width\" content=\"633\" \/>\n\t<meta property=\"og:image:height\" content=\"367\" \/>\n\t<meta property=\"og:image:type\" content=\"image\/jpeg\" \/>\n<meta name=\"twitter:label1\" content=\"Dur\u00e9e de lecture estim\u00e9e\" \/>\n\t<meta name=\"twitter:data1\" content=\"1 minute\" \/>\n<script type=\"application\/ld+json\" class=\"yoast-schema-graph\">{\"@context\":\"https:\/\/schema.org\",\"@graph\":[{\"@type\":\"WebPage\",\"@id\":\"https:\/\/hgv.cert.xcc.smashfly.io\/fr\/job-search-results\/\",\"url\":\"https:\/\/hgv.cert.xcc.smashfly.io\/fr\/job-search-results\/\",\"name\":\"Job Search Results - Hiltongrandvacation\",\"isPartOf\":{\"@id\":\"https:\/\/www.hgv.cert.xcc.smashfly.io\/#website\"},\"datePublished\":\"2022-08-10T10:37:18+00:00\",\"dateModified\":\"2025-06-26T10:29:37+00:00\",\"breadcrumb\":{\"@id\":\"https:\/\/hgv.cert.xcc.smashfly.io\/fr\/job-search-results\/#breadcrumb\"},\"inLanguage\":\"fr-FR\",\"potentialAction\":[{\"@type\":\"ReadAction\",\"target\":[\"https:\/\/hgv.cert.xcc.smashfly.io\/fr\/job-search-results\/\"]}]},{\"@type\":\"BreadcrumbList\",\"@id\":\"https:\/\/hgv.cert.xcc.smashfly.io\/fr\/job-search-results\/#breadcrumb\",\"itemListElement\":[{\"@type\":\"ListItem\",\"position\":1,\"name\":\"Home\",\"item\":\"https:\/\/hgv.cert.xcc.smashfly.io\/fr\/\"},{\"@type\":\"ListItem\",\"position\":2,\"name\":\"Job Search Results\"}]},{\"@type\":\"WebSite\",\"@id\":\"https:\/\/www.hgv.cert.xcc.smashfly.io\/#website\",\"url\":\"https:\/\/www.hgv.cert.xcc.smashfly.io\/\",\"name\":\"Hiltongrandvacation\",\"description\":\"XCloud Candidate Experience Demo Site\",\"potentialAction\":[{\"@type\":\"SearchAction\",\"target\":{\"@type\":\"EntryPoint\",\"urlTemplate\":\"https:\/\/www.hgv.cert.xcc.smashfly.io\/?s={search_term_string}\"},\"query-input\":\"required name=search_term_string\"}],\"inLanguage\":\"fr-FR\"}]}<\/script>\n<!-- \/ Yoast SEO Premium plugin. -->","yoast_head_json":{"title":"Job Search Results - Hiltongrandvacation","robots":{"index":"index","follow":"follow","max-snippet":"max-snippet:-1","max-image-preview":"max-image-preview:large","max-video-preview":"max-video-preview:-1"},"canonical":"https:\/\/hgv.cert.xcc.smashfly.io\/fr\/job-search-results\/","og_locale":"fr_FR","og_type":"article","og_title":"Job Search Results","og_url":"https:\/\/hgv.cert.xcc.smashfly.io\/fr\/job-search-results\/","og_site_name":"Hiltongrandvacation","article_modified_time":"2025-06-26T10:29:37+00:00","og_image":[{"width":633,"height":367,"url":"https:\/\/hgv.cert.xcc.smashfly.io\/wp-content\/uploads\/sites\/2484\/2019\/03\/hgv_careers_intern-video_screenshot.jpg","type":"image\/jpeg"}],"twitter_misc":{"Dur\u00e9e de lecture estim\u00e9e":"1 minute"},"schema":{"@context":"https:\/\/schema.org","@graph":[{"@type":"WebPage","@id":"https:\/\/hgv.cert.xcc.smashfly.io\/fr\/job-search-results\/","url":"https:\/\/hgv.cert.xcc.smashfly.io\/fr\/job-search-results\/","name":"Job Search Results - Hiltongrandvacation","isPartOf":{"@id":"https:\/\/www.hgv.cert.xcc.smashfly.io\/#website"},"datePublished":"2022-08-10T10:37:18+00:00","dateModified":"2025-06-26T10:29:37+00:00","breadcrumb":{"@id":"https:\/\/hgv.cert.xcc.smashfly.io\/fr\/job-search-results\/#breadcrumb"},"inLanguage":"fr-FR","potentialAction":[{"@type":"ReadAction","target":["https:\/\/hgv.cert.xcc.smashfly.io\/fr\/job-search-results\/"]}]},{"@type":"BreadcrumbList","@id":"https:\/\/hgv.cert.xcc.smashfly.io\/fr\/job-search-results\/#breadcrumb","itemListElement":[{"@type":"ListItem","position":1,"name":"Home","item":"https:\/\/hgv.cert.xcc.smashfly.io\/fr\/"},{"@type":"ListItem","position":2,"name":"Job Search Results"}]},{"@type":"WebSite","@id":"https:\/\/www.hgv.cert.xcc.smashfly.io\/#website","url":"https:\/\/www.hgv.cert.xcc.smashfly.io\/","name":"Hiltongrandvacation","description":"XCloud Candidate Experience Demo Site","potentialAction":[{"@type":"SearchAction","target":{"@type":"EntryPoint","urlTemplate":"https:\/\/www.hgv.cert.xcc.smashfly.io\/?s={search_term_string}"},"query-input":"required name=search_term_string"}],"inLanguage":"fr-FR"}]}},"_links":{"self":[{"href":"https:\/\/hgv.cert.xcc.smashfly.io\/fr\/wp-json\/wp\/v2\/pages\/23754","targetHints":{"allow":["GET"]}}],"collection":[{"href":"https:\/\/hgv.cert.xcc.smashfly.io\/fr\/wp-json\/wp\/v2\/pages"}],"about":[{"href":"https:\/\/hgv.cert.xcc.smashfly.io\/fr\/wp-json\/wp\/v2\/types\/page"}],"author":[{"embeddable":true,"href":"https:\/\/hgv.cert.xcc.smashfly.io\/fr\/wp-json\/wp\/v2\/users\/1703"}],"replies":[{"embeddable":true,"href":"https:\/\/hgv.cert.xcc.smashfly.io\/fr\/wp-json\/wp\/v2\/comments?post=23754"}],"version-history":[{"count":14,"href":"https:\/\/hgv.cert.xcc.smashfly.io\/fr\/wp-json\/wp\/v2\/pages\/23754\/revisions"}],"predecessor-version":[{"id":27031,"href":"https:\/\/hgv.cert.xcc.smashfly.io\/fr\/wp-json\/wp\/v2\/pages\/23754\/revisions\/27031"}],"wp:attachment":[{"href":"https:\/\/hgv.cert.xcc.smashfly.io\/fr\/wp-json\/wp\/v2\/media?parent=23754"}],"wp:term":[{"taxonomy":"persona","embeddable":true,"href":"https:\/\/hgv.cert.xcc.smashfly.io\/fr\/wp-json\/wp\/v2\/persona?post=23754"}],"curies":[{"name":"wp","href":"https:\/\/api.w.org\/{rel}","templated":true}]}}