{"id":23864,"date":"2022-08-14T11:12:01","date_gmt":"2022-08-14T16:12:01","guid":{"rendered":"https:\/\/hiltongrandvacations-french.qa.wp.findly.com\/?page_id=23864"},"modified":"2022-08-23T00:01:20","modified_gmt":"2022-08-23T05:01:20","slug":"working-at-hgv","status":"publish","type":"page","link":"https:\/\/hgv.cert.xcc.smashfly.io\/fr\/working-at-hgv\/","title":{"rendered":"Working at HGV"},"content":{"rendered":"<\/div><\/div><\/div><!-- close content main div --><\/div><\/div><div id='av_section_1' class='avia-section main_color avia-section-no-padding avia-no-border-styling avia-bg-style-scroll  header-banner container_wrap fullsize'   ><div class='container' ><div class='template-page content  av-content-full alpha units'><div class='post-entry post-entry-type-page post-entry-23864'><div class='entry-content-wrapper clearfix'>\n<div class='avia-image-container  av-styling-    avia-align-center '  itemscope=\"itemscope\" itemtype=\"https:\/\/schema.org\/ImageObject\"  ><div class='avia-image-container-inner'><img class='avia_image ' src='https:\/\/hgv.cert.xcc.smashfly.io\/wp-content\/uploads\/sites\/2484\/2019\/06\/HRCORP-MISC-14023_Working_HGV.jpg' alt='' title='HRCORP-MISC-14023_Working_HGV'   itemprop=\"contentURL\"  \/><\/div><\/div>\n\n<\/div><\/div><\/div><!-- close content main div --><\/div><\/div><div id='av_section_2' class='avia-section main_color avia-section-no-padding avia-no-border-styling avia-bg-style-scroll  full-width-section title-bar av-minimum-height av-minimum-height-custom container_wrap fullsize'   ><div class='container' style='height:98px'><div class='template-page content  av-content-full alpha units'><div class='post-entry post-entry-type-page post-entry-23864'><div class='entry-content-wrapper clearfix'>\n<section class=\"av_textblock_section\"  itemscope=\"itemscope\" itemtype=\"https:\/\/schema.org\/CreativeWork\" ><div class='avia_textblock '   itemprop=\"text\" ><h1><img decoding=\"async\" class=\"avia_image \" title=\"\" src=\"https:\/\/cdn-static.findly.com\/wp-content\/uploads\/sites\/2484\/2022\/08\/22235917\/HC15021-hilgrv-cws-pagetitle-canfrn-1440px-workingathgv.png\" alt=\"Travailler chez HGV\" \/><\/h1>\n<\/div><\/section>\n<\/div><\/div><\/div><!-- close content main div --><\/div><\/div><div id='av_section_3' class='avia-section main_color avia-section-default avia-no-border-styling avia-bg-style-scroll  body-content container_wrap fullsize'   ><div class='container' ><div class='template-page content  av-content-full alpha units'><div class='post-entry post-entry-type-page post-entry-23864'><div class='entry-content-wrapper clearfix'>\n<div class=\"flex_column av_one_fifth  flex_column_div av-zero-column-padding first  \" style='border-radius:0px; '><\/div><div class=\"flex_column av_three_fifth  flex_column_div av-zero-column-padding   \" style='border-radius:0px; '><section class=\"av_textblock_section\"  itemscope=\"itemscope\" itemtype=\"https:\/\/schema.org\/CreativeWork\" ><div class='avia_textblock '   itemprop=\"text\" ><p>Il n&rsquo;y a pas de meilleure \u00e9motion que d&rsquo;\u00eatre enthousiaste \u00e0 l&rsquo;id\u00e9e de venir travailler tous les jours, et personne ne le comprend mieux que les membres de notre \u00e9quipe. De nos cadres commerciaux \u00e0 nos agents de r\u00e9ception, chacun des membres de notre \u00e9quipe ressent l&rsquo;enthousiasme et l&rsquo;\u00e9nergie qui accompagnent le fait d&rsquo;aider les autres \u00e0 explorer le monde. \u00c9coutez par vous-m\u00eame ce que les membres de notre \u00e9quipe pensent de Hilton Grand Vacations.<\/p>\n<\/div><\/section><\/div><div class=\"flex_column av_one_fifth  flex_column_div av-zero-column-padding   \" style='border-radius:0px; '><\/div>\n<\/p>\n<\/div><\/div><\/div><!-- close content main div --><\/div><\/div><div id='av_section_4' class='avia-section main_color avia-section-large avia-no-border-styling avia-bg-style-scroll  body-content work-two-col full-width-section container_wrap fullsize' style = 'background-color: #f1f5f7; background-color: #f1f5f7; '  ><div class='container' ><div class='template-page content  av-content-full alpha units'><div class='post-entry post-entry-type-page post-entry-23864'><div class='entry-content-wrapper clearfix'>\n<div class='flex_column_table av-equal-height-column-flextable' ><div class=\"flex_column av_one_half  flex_column_table_cell av-equal-height-column av-align-middle av-zero-column-padding first  work-left-bg \" style='background-image:url(https:\/\/hgv.cert.xcc.smashfly.io\/wp-content\/uploads\/sites\/2484\/2018\/04\/yellow-layer.jpg); background-position:top left; background-repeat:no-repeat; border-radius:0px; '><section class=\"av_textblock_section\"  itemscope=\"itemscope\" itemtype=\"https:\/\/schema.org\/CreativeWork\" ><div class='avia_textblock '   itemprop=\"text\" ><p><img loading=\"lazy\" decoding=\"async\" class=\"alignnone size-full wp-image-11327\" src=\"https:\/\/cdn-static.findly.com\/wp-content\/uploads\/sites\/680\/2018\/10\/HC5325-hilgrv-cws-areasoftalent-video-cc-ashley.jpg\" alt=\"Team Lead Sales Coach: Ashley\" width=\"631\" height=\"365\" \/><\/p>\n<div class=\"video-play-button\">\n<p><a href=\"https:\/\/www.youtube.com\/watch?v=2l7KmWV_yQ0?rel=0&amp;controls=0?autoplay=1\" class=\"open-popup\"><img decoding=\"async\" class=\"alignnone size-full wp-image-5665\" src=\"https:\/\/cdn-static.findly.com\/wp-content\/uploads\/sites\/608\/2018\/06\/V-Play-Btn.png\" alt=\"Ashley, Call Center\" \/><\/a><\/p>\n<\/div>\n<p><a href=\"\/fr\/opportunity-calling-hear-hilton-grand-vacations-call-center-team\/\" aria-label=\"Video transcript for \u00e9coutez Marlene : rien n'est impossible\" class=\"video-trascript-link\">Transcription de la vid\u00e9o<\/a><\/p>\n<\/div><\/section><\/div><div class='av-flex-placeholder'><\/div><div class=\"flex_column av_one_half  flex_column_table_cell av-equal-height-column av-align-middle av-zero-column-padding   work-right-con \" style='border-radius:0px; '><section class=\"av_textblock_section\"  itemscope=\"itemscope\" itemtype=\"https:\/\/schema.org\/CreativeWork\" ><div class='avia_textblock '   itemprop=\"text\" ><p>\u00ab La direction ici se soucie de notre succ\u00e8s et cela m&rsquo;a offert des possibilit\u00e9s que je ne pense pas que la plupart des gens de mon \u00e2ge aient eues. \u00bb<\/p>\n<p>&#8211; Ashley, chef d&rsquo;\u00e9quipe, coaching des ventes<\/p>\n<\/div><\/section><\/div><\/div><!--close column table wrapper. Autoclose:  -->\n\n<\/div><\/div><\/div><!-- close content main div --><\/div><\/div><div id='av_section_5' class='avia-section main_color avia-section-large avia-no-border-styling avia-bg-style-scroll  body-content work-two-col full-width-section container_wrap fullsize'   ><div class='container' ><div class='template-page content  av-content-full alpha units'><div class='post-entry post-entry-type-page post-entry-23864'><div class='entry-content-wrapper clearfix'>\n<div class='flex_column_table av-equal-height-column-flextable' ><div class=\"flex_column av_one_half  flex_column_table_cell av-equal-height-column av-align-middle av-zero-column-padding first  work-left-con \" style='border-radius:0px; '><section class=\"av_textblock_section\"  itemscope=\"itemscope\" itemtype=\"https:\/\/schema.org\/CreativeWork\" ><div class='avia_textblock '   itemprop=\"text\" ><p>\u00ab Je crois vraiment que HGV se soucie de ses employ\u00e9s. \u00bb<\/p>\n<p>&#8211; Bill, directeur des ventes, Action Line<\/p>\n<\/div><\/section><\/div><div class='av-flex-placeholder'><\/div><div class=\"flex_column av_one_half  flex_column_table_cell av-equal-height-column av-align-middle av-zero-column-padding   work-right-bg \" style='background-image:url(https:\/\/hgv.cert.xcc.smashfly.io\/wp-content\/uploads\/sites\/2484\/2018\/04\/yellow-layer.jpg); background-position:top right; background-repeat:no-repeat; border-radius:0px; '><section class=\"av_textblock_section\"  itemscope=\"itemscope\" itemtype=\"https:\/\/schema.org\/CreativeWork\" ><div class='avia_textblock '   itemprop=\"text\" ><p><img loading=\"lazy\" decoding=\"async\" class=\"alignnone size-full wp-image-11327\" src=\"https:\/\/cdn-static.findly.com\/wp-content\/uploads\/sites\/608\/2018\/06\/HC4147-hilgrv-cws-areasoftalent-video-sales1.jpg\" alt=\"Bill, Sales Executive, Action Line\" width=\"631\" height=\"365\" \/><\/p>\n<div class=\"video-play-button\"><a href=\"https:\/\/www.youtube.com\/watch?v=epqwRaEAz4o?rel=0&amp;controls=0?autoplay=1\" class=\"open-popup\"><img decoding=\"async\" class=\"alignnone size-full wp-image-5665\" src=\"https:\/\/cdn-static.findly.com\/wp-content\/uploads\/sites\/608\/2018\/06\/V-Play-Btn.png\" alt=\"Bill, Sales Executive, Action Line\" \/><\/a><\/div>\n<p><a href=\"\/fr\/opportunity-will-make-hear-hilton-grand-vacations-sales-team\/\" aria-label=\"Video transcript for \u00e9coutez Ryan : HGV - un chemin de progr\u00e8s \" class=\"video-trascript-link\">Transcription de la vid\u00e9o<\/a><\/p>\n<\/div><\/section><\/div><\/div><!--close column table wrapper. Autoclose:  -->\n\n<\/div><\/div><\/div><!-- close content main div --><\/div><\/div><div id='av_section_6' class='avia-section main_color avia-section-large avia-no-border-styling avia-bg-style-scroll  body-content work-two-col full-width-section container_wrap fullsize' style = 'background-color: #f1f5f7; background-color: #f1f5f7; '  ><div class='container' ><div class='template-page content  av-content-full alpha units'><div class='post-entry post-entry-type-page post-entry-23864'><div class='entry-content-wrapper clearfix'>\n<div class='flex_column_table av-equal-height-column-flextable' ><div class=\"flex_column av_one_half  flex_column_table_cell av-equal-height-column av-align-middle av-zero-column-padding first  work-left-bg \" style='background-image:url(https:\/\/hgv.cert.xcc.smashfly.io\/wp-content\/uploads\/sites\/2484\/2018\/04\/yellow-layer.jpg); background-position:top left; background-repeat:no-repeat; border-radius:0px; '><section class=\"av_textblock_section\"  itemscope=\"itemscope\" itemtype=\"https:\/\/schema.org\/CreativeWork\" ><div class='avia_textblock '   itemprop=\"text\" ><p><img loading=\"lazy\" decoding=\"async\" class=\"alignnone size-full wp-image-5666\" src=\"https:\/\/cdn-static.findly.com\/wp-content\/uploads\/sites\/608\/2018\/06\/HC4147-hilgrv-cws-areasoftalent-video-mktg1.jpg\" alt=\"Sharon, Pre-Arrival coordinator\" width=\"633\" height=\"370\" \/><\/p>\n<div class=\"video-play-button\"><a href=\"https:\/\/www.youtube.com\/watch?v=CYSHKHfEnVQ?rel=0&amp;controls=0?autoplay=1\" class=\"open-popup\"><img decoding=\"async\" class=\"alignnone size-full wp-image-5665\" src=\"https:\/\/cdn-static.findly.com\/wp-content\/uploads\/sites\/608\/2018\/06\/V-Play-Btn.png\" alt=\"Sharon, Pre-Arrival coordinator\" \/><\/a><\/div>\n<p><a href=\"\/fr\/imagine-potential-hear-hilton-grand-vacations-marketing-team\/\" aria-label=\"Video transcript for Nous ne sommes pas simplement une \u00e9quipe, nous sommes une famille; Sharon, coordonnatrice avant l'arriv\u00e9e\" class=\"video-trascript-link\">Transcription de la vid\u00e9o<\/a><\/p>\n<\/div><\/section><\/div><div class='av-flex-placeholder'><\/div><div class=\"flex_column av_one_half  flex_column_table_cell av-equal-height-column av-align-middle av-zero-column-padding   work-right-con \" style='border-radius:0px; '><section class=\"av_textblock_section\"  itemscope=\"itemscope\" itemtype=\"https:\/\/schema.org\/CreativeWork\" ><div class='avia_textblock '   itemprop=\"text\" ><p>\u00ab Nos gestionnaires sont tr\u00e8s favorables \u00e0 notre croissance au sein de l&rsquo;entreprise. \u00bb<\/p>\n<p>&#8211; Sharon, coordonnatrice avant l&rsquo;arriv\u00e9e<\/p>\n<\/div><\/section><\/div><\/div><!--close column table wrapper. Autoclose:  -->\n\n<\/div><\/div><\/div><!-- close content main div --><\/div><\/div><div id='av_section_7' class='avia-section main_color avia-section-large avia-no-border-styling avia-bg-style-scroll  body-content work-two-col full-width-section container_wrap fullsize'   ><div class='container' ><div class='template-page content  av-content-full alpha units'><div class='post-entry post-entry-type-page post-entry-23864'><div class='entry-content-wrapper clearfix'>\n<div class='flex_column_table av-equal-height-column-flextable' ><div class=\"flex_column av_one_half  flex_column_table_cell av-equal-height-column av-align-middle av-zero-column-padding first  work-left-con \" style='border-radius:0px; '><section class=\"av_textblock_section\"  itemscope=\"itemscope\" itemtype=\"https:\/\/schema.org\/CreativeWork\" ><div class='avia_textblock '   itemprop=\"text\" ><p>\u00ab J&rsquo;adore cet endroit. J&rsquo;aime la fa\u00e7on dont nous nous r\u00e9unissons tous en \u00e9quipe. \u00bb<\/p>\n<p>&#8211; Guirlene, superviseure de l&rsquo;entretien m\u00e9nager<\/p>\n<\/div><\/section><\/div><div class='av-flex-placeholder'><\/div><div class=\"flex_column av_one_half  flex_column_table_cell av-equal-height-column av-align-middle av-zero-column-padding   work-right-bg \" style='background-image:url(https:\/\/hgv.cert.xcc.smashfly.io\/wp-content\/uploads\/sites\/2484\/2018\/04\/yellow-layer.jpg); background-position:top right; background-repeat:no-repeat; border-radius:0px; '><section class=\"av_textblock_section\"  itemscope=\"itemscope\" itemtype=\"https:\/\/schema.org\/CreativeWork\" ><div class='avia_textblock '   itemprop=\"text\" ><p><img loading=\"lazy\" decoding=\"async\" class=\"alignnone size-full wp-image-5666\" src=\"https:\/\/cdn-static.findly.com\/wp-content\/uploads\/sites\/608\/2018\/06\/HC4147-hilgrv-cws-areasoftalent-video-resortope1.jpg\" alt=\"Guirlene, Housekeeping Supervisor\" width=\"633\" height=\"370\" \/><\/p>\n<div class=\"video-play-button\"><a href=\"https:\/\/www.youtube.com\/watch?v=zhCYux3-hC0?rel=0&amp;controls=0?autoplay=1\" class=\"open-popup\"><img decoding=\"async\" class=\"alignnone size-full wp-image-5665\" src=\"https:\/\/cdn-static.findly.com\/wp-content\/uploads\/sites\/608\/2018\/06\/V-Play-Btn.png\" alt=\"Guirlene, Housekeeping Supervisor\" \/><\/a><\/div>\n<p><a href=\"\/fr\/will-grow-hear-hilton-grand-vacations-resort-operations-team\/\" aria-label=\"Video transcript for Where will you grow? Hear from our Hilton Grand Vacations' Resort Operations Team \" class=\"video-trascript-link\">Transcription de la vid\u00e9o<\/a><\/p>\n<\/div><\/section><\/div><\/div><!--close column table wrapper. Autoclose:  -->\n\n<\/div><\/div><\/div><!-- close content main div --><\/div><\/div><div id='av_section_8' class='avia-section main_color avia-section-large avia-no-border-styling avia-bg-style-scroll  body-content work-two-col full-width-section container_wrap fullsize' style = 'background-color: #f1f5f7; background-color: #f1f5f7; '  ><div class='container' ><div class='template-page content  av-content-full alpha units'><div class='post-entry post-entry-type-page post-entry-23864'><div class='entry-content-wrapper clearfix'>\n<div class='flex_column_table av-equal-height-column-flextable' ><div class=\"flex_column av_one_half  flex_column_table_cell av-equal-height-column av-align-middle av-zero-column-padding first  work-left-bg \" style='background-image:url(https:\/\/hgv.cert.xcc.smashfly.io\/wp-content\/uploads\/sites\/2484\/2018\/04\/yellow-layer.jpg); background-position:top left; background-repeat:no-repeat; border-radius:0px; '><section class=\"av_textblock_section\"  itemscope=\"itemscope\" itemtype=\"https:\/\/schema.org\/CreativeWork\" ><div class='avia_textblock '   itemprop=\"text\" ><p><img decoding=\"async\" class=\"alignnone size-full wp-image-5664\" src=\"https:\/\/cdn-static.findly.com\/wp-content\/uploads\/sites\/680\/2018\/10\/HC5325-hilgrv-cws-areasoftalent-video-corp-laura1.jpg\" alt=\"Laura, Vice President, Talent Acquisition\" \/><\/p>\n<div class=\"video-play-button\"><a href=\"https:\/\/www.youtube.com\/watch?v=YTqfG07uvDo?rel=0&amp;controls=0?autoplay=1\" class=\"open-popup\"><img decoding=\"async\" class=\"alignnone size-full wp-image-5665\" src=\"https:\/\/cdn-static.findly.com\/wp-content\/uploads\/sites\/608\/2018\/06\/V-Play-Btn.png\" alt=\"Laura, Vice President, Talent Acquisition\" \/><\/a><\/div>\n<p><a href=\"\/fr\/path-will-take-hear-hilton-grand-vacations-team\/\" aria-label=\"Video transcript for QUEL CHEMIN PRENDREZ-VOUS? \u00c9COUTEZ NOTRE \u00c9QUIPE DE HILTON GRAND VACATIONS\" class=\"video-trascript-link\">Transcription de la vid\u00e9o<\/a><\/p>\n<\/div><\/section><\/div><div class='av-flex-placeholder'><\/div><div class=\"flex_column av_one_half  flex_column_table_cell av-equal-height-column av-align-middle av-zero-column-padding   work-right-con \" style='border-radius:0px; '><section class=\"av_textblock_section\"  itemscope=\"itemscope\" itemtype=\"https:\/\/schema.org\/CreativeWork\" ><div class='avia_textblock '   itemprop=\"text\" ><p>\u00ab Les gens ici sont extraordinaires. L&rsquo;ambiance est g\u00e9niale. La culture est empreinte de solidarit\u00e9. \u00bb<\/p>\n<p>&#8211; Laura, vice-pr\u00e9sidente, acquisition de talents<\/p>\n<\/div><\/section><\/div><\/div><!--close column table wrapper. Autoclose:  -->\n\n","protected":false},"excerpt":{"rendered":"","protected":false},"author":1583,"featured_media":0,"parent":0,"menu_order":0,"comment_status":"closed","ping_status":"closed","template":"","meta":{"footnotes":""},"persona":[],"class_list":["post-23864","page","type-page","status-publish","hentry"],"yoast_head":"<!-- This site is optimized with the Yoast SEO Premium plugin v22.8 (Yoast SEO v22.8) - https:\/\/yoast.com\/wordpress\/plugins\/seo\/ -->\n<title>Working at HGV - Hiltongrandvacation<\/title>\n<meta name=\"robots\" content=\"index, follow, max-snippet:-1, max-image-preview:large, max-video-preview:-1\" \/>\n<link rel=\"canonical\" href=\"https:\/\/hgv.cert.xcc.smashfly.io\/fr\/working-at-hgv\/\" \/>\n<meta property=\"og:locale\" content=\"fr_FR\" \/>\n<meta property=\"og:type\" content=\"article\" \/>\n<meta property=\"og:title\" content=\"Working at HGV\" \/>\n<meta property=\"og:url\" content=\"https:\/\/hgv.cert.xcc.smashfly.io\/fr\/working-at-hgv\/\" \/>\n<meta property=\"og:site_name\" content=\"Hiltongrandvacation\" \/>\n<meta property=\"article:modified_time\" content=\"2022-08-23T05:01:20+00:00\" \/>\n<meta property=\"og:image\" content=\"https:\/\/cdn-static.findly.com\/wp-content\/uploads\/sites\/2484\/2022\/08\/22235917\/HC15021-hilgrv-cws-pagetitle-canfrn-1440px-workingathgv.png\" \/>\n<meta name=\"twitter:label1\" content=\"Dur\u00e9e de lecture estim\u00e9e\" \/>\n\t<meta name=\"twitter:data1\" content=\"10 minutes\" \/>\n<script type=\"application\/ld+json\" class=\"yoast-schema-graph\">{\"@context\":\"https:\/\/schema.org\",\"@graph\":[{\"@type\":\"WebPage\",\"@id\":\"https:\/\/hgv.cert.xcc.smashfly.io\/fr\/working-at-hgv\/\",\"url\":\"https:\/\/hgv.cert.xcc.smashfly.io\/fr\/working-at-hgv\/\",\"name\":\"Working at HGV - Hiltongrandvacation\",\"isPartOf\":{\"@id\":\"https:\/\/www.hgv.cert.xcc.smashfly.io\/#website\"},\"primaryImageOfPage\":{\"@id\":\"https:\/\/hgv.cert.xcc.smashfly.io\/fr\/working-at-hgv\/#primaryimage\"},\"image\":{\"@id\":\"https:\/\/hgv.cert.xcc.smashfly.io\/fr\/working-at-hgv\/#primaryimage\"},\"thumbnailUrl\":\"https:\/\/cdn-static.findly.com\/wp-content\/uploads\/sites\/2484\/2022\/08\/22235917\/HC15021-hilgrv-cws-pagetitle-canfrn-1440px-workingathgv.png\",\"datePublished\":\"2022-08-14T16:12:01+00:00\",\"dateModified\":\"2022-08-23T05:01:20+00:00\",\"breadcrumb\":{\"@id\":\"https:\/\/hgv.cert.xcc.smashfly.io\/fr\/working-at-hgv\/#breadcrumb\"},\"inLanguage\":\"fr-FR\",\"potentialAction\":[{\"@type\":\"ReadAction\",\"target\":[\"https:\/\/hgv.cert.xcc.smashfly.io\/fr\/working-at-hgv\/\"]}]},{\"@type\":\"ImageObject\",\"inLanguage\":\"fr-FR\",\"@id\":\"https:\/\/hgv.cert.xcc.smashfly.io\/fr\/working-at-hgv\/#primaryimage\",\"url\":\"https:\/\/cdn-static.findly.com\/wp-content\/uploads\/sites\/2484\/2022\/08\/22235917\/HC15021-hilgrv-cws-pagetitle-canfrn-1440px-workingathgv.png\",\"contentUrl\":\"https:\/\/cdn-static.findly.com\/wp-content\/uploads\/sites\/2484\/2022\/08\/22235917\/HC15021-hilgrv-cws-pagetitle-canfrn-1440px-workingathgv.png\"},{\"@type\":\"BreadcrumbList\",\"@id\":\"https:\/\/hgv.cert.xcc.smashfly.io\/fr\/working-at-hgv\/#breadcrumb\",\"itemListElement\":[{\"@type\":\"ListItem\",\"position\":1,\"name\":\"Home\",\"item\":\"https:\/\/hgv.cert.xcc.smashfly.io\/fr\/\"},{\"@type\":\"ListItem\",\"position\":2,\"name\":\"Working at HGV\"}]},{\"@type\":\"WebSite\",\"@id\":\"https:\/\/www.hgv.cert.xcc.smashfly.io\/#website\",\"url\":\"https:\/\/www.hgv.cert.xcc.smashfly.io\/\",\"name\":\"Hiltongrandvacation\",\"description\":\"XCloud Candidate Experience Demo Site\",\"potentialAction\":[{\"@type\":\"SearchAction\",\"target\":{\"@type\":\"EntryPoint\",\"urlTemplate\":\"https:\/\/www.hgv.cert.xcc.smashfly.io\/?s={search_term_string}\"},\"query-input\":\"required name=search_term_string\"}],\"inLanguage\":\"fr-FR\"}]}<\/script>\n<!-- \/ Yoast SEO Premium plugin. -->","yoast_head_json":{"title":"Working at HGV - Hiltongrandvacation","robots":{"index":"index","follow":"follow","max-snippet":"max-snippet:-1","max-image-preview":"max-image-preview:large","max-video-preview":"max-video-preview:-1"},"canonical":"https:\/\/hgv.cert.xcc.smashfly.io\/fr\/working-at-hgv\/","og_locale":"fr_FR","og_type":"article","og_title":"Working at HGV","og_url":"https:\/\/hgv.cert.xcc.smashfly.io\/fr\/working-at-hgv\/","og_site_name":"Hiltongrandvacation","article_modified_time":"2022-08-23T05:01:20+00:00","og_image":[{"url":"https:\/\/cdn-static.findly.com\/wp-content\/uploads\/sites\/2484\/2022\/08\/22235917\/HC15021-hilgrv-cws-pagetitle-canfrn-1440px-workingathgv.png"}],"twitter_misc":{"Dur\u00e9e de lecture estim\u00e9e":"10 minutes"},"schema":{"@context":"https:\/\/schema.org","@graph":[{"@type":"WebPage","@id":"https:\/\/hgv.cert.xcc.smashfly.io\/fr\/working-at-hgv\/","url":"https:\/\/hgv.cert.xcc.smashfly.io\/fr\/working-at-hgv\/","name":"Working at HGV - Hiltongrandvacation","isPartOf":{"@id":"https:\/\/www.hgv.cert.xcc.smashfly.io\/#website"},"primaryImageOfPage":{"@id":"https:\/\/hgv.cert.xcc.smashfly.io\/fr\/working-at-hgv\/#primaryimage"},"image":{"@id":"https:\/\/hgv.cert.xcc.smashfly.io\/fr\/working-at-hgv\/#primaryimage"},"thumbnailUrl":"https:\/\/cdn-static.findly.com\/wp-content\/uploads\/sites\/2484\/2022\/08\/22235917\/HC15021-hilgrv-cws-pagetitle-canfrn-1440px-workingathgv.png","datePublished":"2022-08-14T16:12:01+00:00","dateModified":"2022-08-23T05:01:20+00:00","breadcrumb":{"@id":"https:\/\/hgv.cert.xcc.smashfly.io\/fr\/working-at-hgv\/#breadcrumb"},"inLanguage":"fr-FR","potentialAction":[{"@type":"ReadAction","target":["https:\/\/hgv.cert.xcc.smashfly.io\/fr\/working-at-hgv\/"]}]},{"@type":"ImageObject","inLanguage":"fr-FR","@id":"https:\/\/hgv.cert.xcc.smashfly.io\/fr\/working-at-hgv\/#primaryimage","url":"https:\/\/cdn-static.findly.com\/wp-content\/uploads\/sites\/2484\/2022\/08\/22235917\/HC15021-hilgrv-cws-pagetitle-canfrn-1440px-workingathgv.png","contentUrl":"https:\/\/cdn-static.findly.com\/wp-content\/uploads\/sites\/2484\/2022\/08\/22235917\/HC15021-hilgrv-cws-pagetitle-canfrn-1440px-workingathgv.png"},{"@type":"BreadcrumbList","@id":"https:\/\/hgv.cert.xcc.smashfly.io\/fr\/working-at-hgv\/#breadcrumb","itemListElement":[{"@type":"ListItem","position":1,"name":"Home","item":"https:\/\/hgv.cert.xcc.smashfly.io\/fr\/"},{"@type":"ListItem","position":2,"name":"Working at HGV"}]},{"@type":"WebSite","@id":"https:\/\/www.hgv.cert.xcc.smashfly.io\/#website","url":"https:\/\/www.hgv.cert.xcc.smashfly.io\/","name":"Hiltongrandvacation","description":"XCloud Candidate Experience Demo Site","potentialAction":[{"@type":"SearchAction","target":{"@type":"EntryPoint","urlTemplate":"https:\/\/www.hgv.cert.xcc.smashfly.io\/?s={search_term_string}"},"query-input":"required name=search_term_string"}],"inLanguage":"fr-FR"}]}},"_links":{"self":[{"href":"https:\/\/hgv.cert.xcc.smashfly.io\/fr\/wp-json\/wp\/v2\/pages\/23864","targetHints":{"allow":["GET"]}}],"collection":[{"href":"https:\/\/hgv.cert.xcc.smashfly.io\/fr\/wp-json\/wp\/v2\/pages"}],"about":[{"href":"https:\/\/hgv.cert.xcc.smashfly.io\/fr\/wp-json\/wp\/v2\/types\/page"}],"author":[{"embeddable":true,"href":"https:\/\/hgv.cert.xcc.smashfly.io\/fr\/wp-json\/wp\/v2\/users\/1583"}],"replies":[{"embeddable":true,"href":"https:\/\/hgv.cert.xcc.smashfly.io\/fr\/wp-json\/wp\/v2\/comments?post=23864"}],"version-history":[{"count":8,"href":"https:\/\/hgv.cert.xcc.smashfly.io\/fr\/wp-json\/wp\/v2\/pages\/23864\/revisions"}],"predecessor-version":[{"id":25112,"href":"https:\/\/hgv.cert.xcc.smashfly.io\/fr\/wp-json\/wp\/v2\/pages\/23864\/revisions\/25112"}],"wp:attachment":[{"href":"https:\/\/hgv.cert.xcc.smashfly.io\/fr\/wp-json\/wp\/v2\/media?parent=23864"}],"wp:term":[{"taxonomy":"persona","embeddable":true,"href":"https:\/\/hgv.cert.xcc.smashfly.io\/fr\/wp-json\/wp\/v2\/persona?post=23864"}],"curies":[{"name":"wp","href":"https:\/\/api.w.org\/{rel}","templated":true}]}}