{"id":25021,"date":"2022-08-21T12:07:20","date_gmt":"2022-08-21T17:07:20","guid":{"rendered":"https:\/\/hiltongrandvacations-french.qa.wp.findly.com\/?page_id=25021"},"modified":"2022-08-22T11:56:02","modified_gmt":"2022-08-22T16:56:02","slug":"testimonial-2","status":"publish","type":"page","link":"https:\/\/hgv.cert.xcc.smashfly.io\/fr\/our-locations\/japan\/testimonial-2\/","title":{"rendered":"Testimonial 2"},"content":{"rendered":"<\/div><\/div><\/div><!-- close content main div --><\/div><\/div><div id='av_section_1' class='avia-section main_color avia-section-default avia-no-shadow avia-bg-style-scroll  testi-full container_wrap fullsize'   ><div class='container' ><div class='template-page content  av-content-full alpha units'><div class='post-entry post-entry-type-page post-entry-25021'><div class='entry-content-wrapper clearfix'>\n<section class=\"av_textblock_section\"  itemscope=\"itemscope\" itemtype=\"https:\/\/schema.org\/CreativeWork\" ><div class='avia_textblock testi-con'   itemprop=\"text\" ><p><img loading=\"lazy\" decoding=\"async\" class=\"alignleft size-full wp-image-1846\" src=\"https:\/\/cdn-static.findly.com\/wp-content\/uploads\/sites\/476\/2017\/11\/ryuta-yasuda.png\" alt=\"Ryuta Yasuda\" width=\"154\" height=\"154\" srcset=\"https:\/\/hgv.cert.xcc.smashfly.io\/wp-content\/uploads\/sites\/2484\/2017\/11\/ryuta-yasuda.png 154w, https:\/\/hgv.cert.xcc.smashfly.io\/wp-content\/uploads\/sites\/2484\/2017\/11\/ryuta-yasuda-80x80.png 80w, https:\/\/hgv.cert.xcc.smashfly.io\/wp-content\/uploads\/sites\/2484\/2017\/11\/ryuta-yasuda-36x36.png 36w, https:\/\/hgv.cert.xcc.smashfly.io\/wp-content\/uploads\/sites\/2484\/2017\/11\/ryuta-yasuda-120x120.png 120w\" sizes=\"auto, (max-width: 154px) 100vw, 154px\" \/><\/p>\n<h2>RYUTA YASUDA<\/h2>\n<h3>Responsable des ventes (SE)<\/h3>\n<div class=\"t-spc\"><\/div>\n<p><strong>A rejoint l&rsquo;entreprise en tant que Responsable de marketing (ME) au sein du d\u00e9partement marketing en janvier 2011. Transf\u00e9r\u00e9 au d\u00e9partement des ventes en juin 2013 et occupant le poste actuel.<\/strong><\/p>\n<p><strong>(Q) En quoi consiste votre travail?<\/strong><\/p>\n<p><strong>(A) <\/strong>Pr\u00e9senter des argumentaires de vente de 90 minutes aux clients qui se pr\u00e9sentent \u00e0 la Galerie, en pr\u00e9sentant la propri\u00e9t\u00e9 en temps partag\u00e9 de chambres de type condominium dans des centres de vill\u00e9giature, dont on peut profiter en vacances, en commen\u00e7ant par Hawa\u00ef. Guider les clients vers des stands distincts et proposer des produits qui r\u00e9pondent aux besoins de chaque client.<\/p>\n<p><strong>(Q) Pourquoi avez-vous choisi Hilton Grand Vacations? <\/strong><\/p>\n<p><strong>(A)<\/strong> Apr\u00e8s avoir regard\u00e9 l&rsquo;offre d&#8217;emploi, je ne savais pas de quel genre d&rsquo;entreprise il s&rsquo;agissait, mais cela semblait amusant et int\u00e9ressant. Je me suis dit que je pouvais mettre \u00e0 profit mon exp\u00e9rience de vendeur, et j&rsquo;ai donc postul\u00e9. \u00c0 mon dernier emploi, il y avait beaucoup d&rsquo;entreprises qui n&rsquo;autorisaient qu&rsquo;un jour de cong\u00e9 ou le travail un samedi sur deux, mais chez Hilton Grand Vacations, le nombre moyen de jours de cong\u00e9 que l&rsquo;on peut prendre est de 124 jours par an et j&rsquo;ai pens\u00e9 que c&rsquo;\u00e9tait beaucoup, au point de douter qu&rsquo;il existe vraiment une entreprise o\u00f9 les salaires sont \u00e9lev\u00e9s pour un poste de vendeur et o\u00f9 les conditions sont aussi bonnes. Je ne pensais pas qu&rsquo;il pouvait y avoir un \u00e9quilibre entre un bon salaire et du temps libre. Je pensais que si vous vouliez gagner 10 millions de yens dans la vingtaine, vous devriez y consacrer toute votre vie personnelle, et j&rsquo;ai trouv\u00e9 g\u00e9nial que chez Hilton Grand Vacations, vous puissiez aussi prendre des vacances.<br \/>\n<strong>(Q) Satisfaction tir\u00e9e du travail<\/strong><\/p>\n<p><strong>(A) <\/strong> Au d\u00e9but, la multipropri\u00e9t\u00e9 \u00e9tait un produit que je n&rsquo;ai jamais pu atteindre et j&rsquo;avais l&rsquo;image que je devais vendre un produit dont j&rsquo;avais envie. Cependant, en aidant nos clients \u00e0 devenir propri\u00e9taires, j&rsquo;ai pu r\u00e9aliser mes propres souhaits pour ma famille et mon d\u00e9sir de profiter de la vie et j&rsquo;ai senti que le produit devenait quelque chose de tr\u00e8s proche de moi. Je crois qu&rsquo;il y a beaucoup de gens qui, m\u00eame s&rsquo;ils ne peuvent pas prendre de cong\u00e9s, sont pr\u00eats \u00e0 endurer 1, 2 ou 3 ans de dur labeur. Je suis tr\u00e8s heureuse d&rsquo;avoir eu l&rsquo;occasion de r\u00e9fl\u00e9chir \u00e0 la mani\u00e8re de prendre le temps de se rafra\u00eechir, ne serait-ce qu&rsquo;une fois par an dans ma vie.<\/p>\n<p><strong>(Q) Qu&rsquo;essayez-vous de faire pour tirer parti de vos comp\u00e9tences et de vos capacit\u00e9s au travail? <\/strong><\/p>\n<p><strong>(A)<\/strong> \u00catre ob\u00e9issant, etc. Cela ne signifie pas se perdre soi-m\u00eame, mais pr\u00eater l&rsquo;oreille \u00e0 ce que les autres ont \u00e0 dire et dig\u00e9rer r\u00e9ellement ces informations. Plut\u00f4t que de rester attach\u00e9 \u00e0 la fa\u00e7on de penser jusqu&rsquo;\u00e0 pr\u00e9sent, soyez courageux et int\u00e9grez de bonnes choses. Plus je pourrai aider les autres \u00e0 devenir propri\u00e9taires, plus les autres auront une bonne opinion de moi, alors sans avoir peur, concentrez-vous sur vos objectifs et ne vous laissez pas distraire. En outre, lorsque les choses ne vont pas bien, j&rsquo;essaie de faire le tri dans mes sentiments. Si je ne m&rsquo;amuse pas, alors ce sentiment d&rsquo;amusement ne sera pas communiqu\u00e9 aux clients; j&rsquo;essaie donc de faire en sorte d&rsquo;enrichir ma vie quotidienne.<\/p>\n<p><strong>(Q) Message \u00e0 l\u2019intention de nouveaux futures employ\u00e9s<\/strong><\/p>\n<p><strong>(A)<\/strong> Il n&rsquo;existe vraiment aucune soci\u00e9t\u00e9 de vente japonaise o\u00f9 l&rsquo;on se sente chez soi et \u00e0 l&rsquo;aise d\u00e8s son entr\u00e9e. Ce n&rsquo;est pas qu&rsquo;il n&rsquo;y a pas de formation au management et que des r\u00e9unions sont organis\u00e9es p\u00e9riodiquement. Ce travail ne convient pas \u00e0 ceux qui veulent se faire dire par d&rsquo;autres ce qu&rsquo;ils doivent faire, mais plut\u00f4t \u00e0 ceux qui peuvent prendre des initiatives et travailler pour leur propre compte.<\/p>\n<\/div><\/section>\n\n","protected":false},"excerpt":{"rendered":"","protected":false},"author":1703,"featured_media":0,"parent":23689,"menu_order":0,"comment_status":"closed","ping_status":"closed","template":"template-blank.php","meta":{"footnotes":""},"persona":[],"class_list":["post-25021","page","type-page","status-publish","hentry"],"yoast_head":"<!-- This site is optimized with the Yoast SEO Premium plugin v22.8 (Yoast SEO v22.8) - https:\/\/yoast.com\/wordpress\/plugins\/seo\/ -->\n<title>Testimonial 2 - Hiltongrandvacation<\/title>\n<meta name=\"robots\" content=\"index, follow, max-snippet:-1, max-image-preview:large, max-video-preview:-1\" \/>\n<link rel=\"canonical\" href=\"https:\/\/hgv.cert.xcc.smashfly.io\/fr\/our-locations\/japan\/testimonial-2\/\" \/>\n<meta property=\"og:locale\" content=\"fr_FR\" \/>\n<meta property=\"og:type\" content=\"article\" \/>\n<meta property=\"og:title\" content=\"Testimonial 2\" \/>\n<meta property=\"og:url\" content=\"https:\/\/hgv.cert.xcc.smashfly.io\/fr\/our-locations\/japan\/testimonial-2\/\" \/>\n<meta property=\"og:site_name\" content=\"Hiltongrandvacation\" \/>\n<meta property=\"article:modified_time\" content=\"2022-08-22T16:56:02+00:00\" \/>\n<meta property=\"og:image\" content=\"https:\/\/cdn-static.findly.com\/wp-content\/uploads\/sites\/476\/2017\/11\/ryuta-yasuda.png\" \/>\n<meta name=\"twitter:label1\" content=\"Dur\u00e9e de lecture estim\u00e9e\" \/>\n\t<meta name=\"twitter:data1\" content=\"4 minutes\" \/>\n<script type=\"application\/ld+json\" class=\"yoast-schema-graph\">{\"@context\":\"https:\/\/schema.org\",\"@graph\":[{\"@type\":\"WebPage\",\"@id\":\"https:\/\/hgv.cert.xcc.smashfly.io\/fr\/our-locations\/japan\/testimonial-2\/\",\"url\":\"https:\/\/hgv.cert.xcc.smashfly.io\/fr\/our-locations\/japan\/testimonial-2\/\",\"name\":\"Testimonial 2 - Hiltongrandvacation\",\"isPartOf\":{\"@id\":\"https:\/\/www.hgv.cert.xcc.smashfly.io\/#website\"},\"primaryImageOfPage\":{\"@id\":\"https:\/\/hgv.cert.xcc.smashfly.io\/fr\/our-locations\/japan\/testimonial-2\/#primaryimage\"},\"image\":{\"@id\":\"https:\/\/hgv.cert.xcc.smashfly.io\/fr\/our-locations\/japan\/testimonial-2\/#primaryimage\"},\"thumbnailUrl\":\"https:\/\/cdn-static.findly.com\/wp-content\/uploads\/sites\/476\/2017\/11\/ryuta-yasuda.png\",\"datePublished\":\"2022-08-21T17:07:20+00:00\",\"dateModified\":\"2022-08-22T16:56:02+00:00\",\"breadcrumb\":{\"@id\":\"https:\/\/hgv.cert.xcc.smashfly.io\/fr\/our-locations\/japan\/testimonial-2\/#breadcrumb\"},\"inLanguage\":\"fr-FR\",\"potentialAction\":[{\"@type\":\"ReadAction\",\"target\":[\"https:\/\/hgv.cert.xcc.smashfly.io\/fr\/our-locations\/japan\/testimonial-2\/\"]}]},{\"@type\":\"ImageObject\",\"inLanguage\":\"fr-FR\",\"@id\":\"https:\/\/hgv.cert.xcc.smashfly.io\/fr\/our-locations\/japan\/testimonial-2\/#primaryimage\",\"url\":\"https:\/\/cdn-static.findly.com\/wp-content\/uploads\/sites\/476\/2017\/11\/ryuta-yasuda.png\",\"contentUrl\":\"https:\/\/cdn-static.findly.com\/wp-content\/uploads\/sites\/476\/2017\/11\/ryuta-yasuda.png\"},{\"@type\":\"BreadcrumbList\",\"@id\":\"https:\/\/hgv.cert.xcc.smashfly.io\/fr\/our-locations\/japan\/testimonial-2\/#breadcrumb\",\"itemListElement\":[{\"@type\":\"ListItem\",\"position\":1,\"name\":\"Home\",\"item\":\"https:\/\/hgv.cert.xcc.smashfly.io\/fr\/\"},{\"@type\":\"ListItem\",\"position\":2,\"name\":\"Locations\",\"item\":\"https:\/\/hgv.cert.xcc.smashfly.io\/fr\/our-locations\/\"},{\"@type\":\"ListItem\",\"position\":3,\"name\":\"Japan\",\"item\":\"https:\/\/hgv.cert.xcc.smashfly.io\/fr\/our-locations\/japan\/\"},{\"@type\":\"ListItem\",\"position\":4,\"name\":\"Testimonial 2\"}]},{\"@type\":\"WebSite\",\"@id\":\"https:\/\/www.hgv.cert.xcc.smashfly.io\/#website\",\"url\":\"https:\/\/www.hgv.cert.xcc.smashfly.io\/\",\"name\":\"Hiltongrandvacation\",\"description\":\"XCloud Candidate Experience Demo Site\",\"potentialAction\":[{\"@type\":\"SearchAction\",\"target\":{\"@type\":\"EntryPoint\",\"urlTemplate\":\"https:\/\/www.hgv.cert.xcc.smashfly.io\/?s={search_term_string}\"},\"query-input\":\"required name=search_term_string\"}],\"inLanguage\":\"fr-FR\"}]}<\/script>\n<!-- \/ Yoast SEO Premium plugin. -->","yoast_head_json":{"title":"Testimonial 2 - Hiltongrandvacation","robots":{"index":"index","follow":"follow","max-snippet":"max-snippet:-1","max-image-preview":"max-image-preview:large","max-video-preview":"max-video-preview:-1"},"canonical":"https:\/\/hgv.cert.xcc.smashfly.io\/fr\/our-locations\/japan\/testimonial-2\/","og_locale":"fr_FR","og_type":"article","og_title":"Testimonial 2","og_url":"https:\/\/hgv.cert.xcc.smashfly.io\/fr\/our-locations\/japan\/testimonial-2\/","og_site_name":"Hiltongrandvacation","article_modified_time":"2022-08-22T16:56:02+00:00","og_image":[{"url":"https:\/\/cdn-static.findly.com\/wp-content\/uploads\/sites\/476\/2017\/11\/ryuta-yasuda.png"}],"twitter_misc":{"Dur\u00e9e de lecture estim\u00e9e":"4 minutes"},"schema":{"@context":"https:\/\/schema.org","@graph":[{"@type":"WebPage","@id":"https:\/\/hgv.cert.xcc.smashfly.io\/fr\/our-locations\/japan\/testimonial-2\/","url":"https:\/\/hgv.cert.xcc.smashfly.io\/fr\/our-locations\/japan\/testimonial-2\/","name":"Testimonial 2 - Hiltongrandvacation","isPartOf":{"@id":"https:\/\/www.hgv.cert.xcc.smashfly.io\/#website"},"primaryImageOfPage":{"@id":"https:\/\/hgv.cert.xcc.smashfly.io\/fr\/our-locations\/japan\/testimonial-2\/#primaryimage"},"image":{"@id":"https:\/\/hgv.cert.xcc.smashfly.io\/fr\/our-locations\/japan\/testimonial-2\/#primaryimage"},"thumbnailUrl":"https:\/\/cdn-static.findly.com\/wp-content\/uploads\/sites\/476\/2017\/11\/ryuta-yasuda.png","datePublished":"2022-08-21T17:07:20+00:00","dateModified":"2022-08-22T16:56:02+00:00","breadcrumb":{"@id":"https:\/\/hgv.cert.xcc.smashfly.io\/fr\/our-locations\/japan\/testimonial-2\/#breadcrumb"},"inLanguage":"fr-FR","potentialAction":[{"@type":"ReadAction","target":["https:\/\/hgv.cert.xcc.smashfly.io\/fr\/our-locations\/japan\/testimonial-2\/"]}]},{"@type":"ImageObject","inLanguage":"fr-FR","@id":"https:\/\/hgv.cert.xcc.smashfly.io\/fr\/our-locations\/japan\/testimonial-2\/#primaryimage","url":"https:\/\/cdn-static.findly.com\/wp-content\/uploads\/sites\/476\/2017\/11\/ryuta-yasuda.png","contentUrl":"https:\/\/cdn-static.findly.com\/wp-content\/uploads\/sites\/476\/2017\/11\/ryuta-yasuda.png"},{"@type":"BreadcrumbList","@id":"https:\/\/hgv.cert.xcc.smashfly.io\/fr\/our-locations\/japan\/testimonial-2\/#breadcrumb","itemListElement":[{"@type":"ListItem","position":1,"name":"Home","item":"https:\/\/hgv.cert.xcc.smashfly.io\/fr\/"},{"@type":"ListItem","position":2,"name":"Locations","item":"https:\/\/hgv.cert.xcc.smashfly.io\/fr\/our-locations\/"},{"@type":"ListItem","position":3,"name":"Japan","item":"https:\/\/hgv.cert.xcc.smashfly.io\/fr\/our-locations\/japan\/"},{"@type":"ListItem","position":4,"name":"Testimonial 2"}]},{"@type":"WebSite","@id":"https:\/\/www.hgv.cert.xcc.smashfly.io\/#website","url":"https:\/\/www.hgv.cert.xcc.smashfly.io\/","name":"Hiltongrandvacation","description":"XCloud Candidate Experience Demo Site","potentialAction":[{"@type":"SearchAction","target":{"@type":"EntryPoint","urlTemplate":"https:\/\/www.hgv.cert.xcc.smashfly.io\/?s={search_term_string}"},"query-input":"required name=search_term_string"}],"inLanguage":"fr-FR"}]}},"_links":{"self":[{"href":"https:\/\/hgv.cert.xcc.smashfly.io\/fr\/wp-json\/wp\/v2\/pages\/25021","targetHints":{"allow":["GET"]}}],"collection":[{"href":"https:\/\/hgv.cert.xcc.smashfly.io\/fr\/wp-json\/wp\/v2\/pages"}],"about":[{"href":"https:\/\/hgv.cert.xcc.smashfly.io\/fr\/wp-json\/wp\/v2\/types\/page"}],"author":[{"embeddable":true,"href":"https:\/\/hgv.cert.xcc.smashfly.io\/fr\/wp-json\/wp\/v2\/users\/1703"}],"replies":[{"embeddable":true,"href":"https:\/\/hgv.cert.xcc.smashfly.io\/fr\/wp-json\/wp\/v2\/comments?post=25021"}],"version-history":[{"count":6,"href":"https:\/\/hgv.cert.xcc.smashfly.io\/fr\/wp-json\/wp\/v2\/pages\/25021\/revisions"}],"predecessor-version":[{"id":25091,"href":"https:\/\/hgv.cert.xcc.smashfly.io\/fr\/wp-json\/wp\/v2\/pages\/25021\/revisions\/25091"}],"up":[{"embeddable":true,"href":"https:\/\/hgv.cert.xcc.smashfly.io\/fr\/wp-json\/wp\/v2\/pages\/23689"}],"wp:attachment":[{"href":"https:\/\/hgv.cert.xcc.smashfly.io\/fr\/wp-json\/wp\/v2\/media?parent=25021"}],"wp:term":[{"taxonomy":"persona","embeddable":true,"href":"https:\/\/hgv.cert.xcc.smashfly.io\/fr\/wp-json\/wp\/v2\/persona?post=25021"}],"curies":[{"name":"wp","href":"https:\/\/api.w.org\/{rel}","templated":true}]}}