{"id":25027,"date":"2022-08-21T12:17:00","date_gmt":"2022-08-21T17:17:00","guid":{"rendered":"https:\/\/hiltongrandvacations-french.qa.wp.findly.com\/?page_id=25027"},"modified":"2022-08-22T11:38:32","modified_gmt":"2022-08-22T16:38:32","slug":"testimonial-3","status":"publish","type":"page","link":"https:\/\/hgv.cert.xcc.smashfly.io\/fr\/our-locations\/japan\/testimonial-3\/","title":{"rendered":"Testimonial 3"},"content":{"rendered":"<\/div><\/div><\/div><!-- close content main div --><\/div><\/div><div id='av_section_1' class='avia-section main_color avia-section-default avia-no-shadow avia-bg-style-scroll  testi-full container_wrap fullsize'   ><div class='container' ><div class='template-page content  av-content-full alpha units'><div class='post-entry post-entry-type-page post-entry-25027'><div class='entry-content-wrapper clearfix'>\n<section class=\"av_textblock_section\"  itemscope=\"itemscope\" itemtype=\"https:\/\/schema.org\/CreativeWork\" ><div class='avia_textblock testi-con'   itemprop=\"text\" ><p><img loading=\"lazy\" decoding=\"async\" class=\"alignleft size-full wp-image-1845\" src=\"https:\/\/cdn-static.findly.com\/wp-content\/uploads\/sites\/476\/2017\/11\/miho-oe.png\" alt=\"Miho Oe\" width=\"154\" height=\"154\" srcset=\"https:\/\/hgv.cert.xcc.smashfly.io\/wp-content\/uploads\/sites\/2484\/2017\/11\/miho-oe.png 154w, https:\/\/hgv.cert.xcc.smashfly.io\/wp-content\/uploads\/sites\/2484\/2017\/11\/miho-oe-80x80.png 80w, https:\/\/hgv.cert.xcc.smashfly.io\/wp-content\/uploads\/sites\/2484\/2017\/11\/miho-oe-36x36.png 36w, https:\/\/hgv.cert.xcc.smashfly.io\/wp-content\/uploads\/sites\/2484\/2017\/11\/miho-oe-120x120.png 120w\" sizes=\"auto, (max-width: 154px) 100vw, 154px\" \/><\/p>\n<h2>MIHO OE<\/h2>\n<h3>Responsable du d\u00e9partement D\u00e9veloppement du marketing<\/h3>\n<div class=\"t-spc\"><\/div>\n<p><strong>A rejoint l&rsquo;entreprise en septembre 2006 au sein du d\u00e9partement des ventes en tant que coordinateur des excursions. Apr\u00e8s avoir occup\u00e9 le poste de directeur adjoint &#8211; ventes directes et marketing, elle a b\u00e9n\u00e9fici\u00e9 d&rsquo;un cong\u00e9 parental apr\u00e8s avoir accouch\u00e9. Elle est retourn\u00e9e au travail en tant que directrice adjointe &#8211; E-Marketing et occupe son poste actuel depuis juin 2016.<\/strong><\/p>\n<p><strong>(Q) En quoi consiste votre travail? <\/strong><\/p>\n<p><strong>(A)<\/strong> Je travaille dans le d\u00e9partement du d\u00e9veloppement du marketing pour planifier et mettre en \u0153uvre des promotions avec des entreprises partenaires afin d&rsquo;aider l&rsquo;organisation \u00e0 augmenter le nombre de clients. En tant que responsable, mon travail consiste \u00e0 conna\u00eetre les progr\u00e8s r\u00e9alis\u00e9s et, afin de les acc\u00e9l\u00e9rer, \u00e0 collaborer avec les entreprises partenaires et \u00e0 assurer la coordination interne au si\u00e8ge d&rsquo;Orlando et dans les succursales d&rsquo;Hawa\u00ef. Il y a beaucoup de projets qui seront exp\u00e9riment\u00e9s pour la premi\u00e8re fois dans l&rsquo;entreprise, nous allons donc explorer et d\u00e9terminer ce qui doit \u00eatre fait.<\/p>\n<p><strong>(Q) Satisfaction tir\u00e9e du travail<\/strong><\/p>\n<p><strong>(A)<\/strong> Comme l&rsquo;entreprise est en pleine croissance, j&rsquo;\u00e9prouve une grande satisfaction \u00e0 m&rsquo;attaquer \u00e0 de nouvelles choses dans mon d\u00e9partement actuel. Je me suis lanc\u00e9 des d\u00e9fis que je n&rsquo;avais jamais relev\u00e9s auparavant et, tout en me battant pour trouver la bonne personne \u00e0 qui demander certaines choses, j&rsquo;ai l&rsquo;impression de grandir en m\u00eame temps.<\/p>\n<p><strong>(Q) Quelles exp\u00e9riences utilisez-vous?<\/strong><\/p>\n<p><strong>(A)<\/strong> L&rsquo;analyse et les pr\u00e9visions sont n\u00e9cessaires lorsque l&rsquo;on fait de nouvelles tentatives. La mesure dans laquelle une telle analyse est n\u00e9cessaire d\u00e9pend du poste, mais c&rsquo;est quelque chose que j&rsquo;ai fait tous les jours en entrant dans l&rsquo;entreprise, et je voudrais donc utiliser les diverses exp\u00e9riences que j&rsquo;ai acquises jusqu&rsquo;\u00e0 pr\u00e9sent. En outre, apr\u00e8s avoir fait l&rsquo;exp\u00e9rience du d\u00e9partement des ventes et du d\u00e9partement du marketing, de nombreuses personnes se souviennent de mon visage et de mon nom dans l&rsquo;entreprise. Il est donc plus facile pour moi de communiquer avec les principaux points de contact des autres d\u00e9partements et, en m\u00eame temps, il est plus facile pour les gens de coop\u00e9rer avec moi.<\/p>\n<p><strong>(Q) Message aux candidats<\/strong><\/p>\n<p><strong>(A)<\/strong> L&rsquo;entreprise vend des \u00ab\u00a0vacances\u00a0\u00bb et je pense qu&rsquo;il est plus facile pour les employ\u00e9s de prendre des cong\u00e9s pay\u00e9s. Il y a beaucoup de femmes dans l&rsquo;\u00e9quipe et, par rapport \u00e0 l&rsquo;\u00e9poque o\u00f9 j&rsquo;ai rejoint l&rsquo;entreprise, il y a eu une augmentation du nombre de m\u00e8res qui travaillent et j&rsquo;ai le sentiment de travailler dans un environnement o\u00f9 cela est facilement compris et soutenu par mon entourage. Les clients et les ventes sont des facteurs importants pour la croissance de l&rsquo;entreprise. Cependant, du point de vue du travail, je pense que les membres de l&rsquo;\u00e9quipe avec qui je travaille sont tr\u00e8s importants. Pour moi, le meilleur point du travail dans cette entreprise est de pouvoir travailler ensemble d&rsquo;une mani\u00e8re soutenue par les membres de mon \u00e9quipe.<\/p>\n<\/div><\/section>\n\n","protected":false},"excerpt":{"rendered":"","protected":false},"author":1703,"featured_media":0,"parent":23689,"menu_order":0,"comment_status":"closed","ping_status":"closed","template":"template-blank.php","meta":{"footnotes":""},"persona":[],"class_list":["post-25027","page","type-page","status-publish","hentry"],"yoast_head":"<!-- This site is optimized with the Yoast SEO Premium plugin v22.8 (Yoast SEO v22.8) - https:\/\/yoast.com\/wordpress\/plugins\/seo\/ -->\n<title>Testimonial 3 - Hiltongrandvacation<\/title>\n<meta name=\"robots\" content=\"index, follow, max-snippet:-1, max-image-preview:large, max-video-preview:-1\" \/>\n<link rel=\"canonical\" href=\"https:\/\/hgv.cert.xcc.smashfly.io\/fr\/our-locations\/japan\/testimonial-3\/\" \/>\n<meta property=\"og:locale\" content=\"fr_FR\" \/>\n<meta property=\"og:type\" content=\"article\" \/>\n<meta property=\"og:title\" content=\"Testimonial 3\" \/>\n<meta property=\"og:url\" content=\"https:\/\/hgv.cert.xcc.smashfly.io\/fr\/our-locations\/japan\/testimonial-3\/\" \/>\n<meta property=\"og:site_name\" content=\"Hiltongrandvacation\" \/>\n<meta property=\"article:modified_time\" content=\"2022-08-22T16:38:32+00:00\" \/>\n<meta property=\"og:image\" content=\"https:\/\/cdn-static.findly.com\/wp-content\/uploads\/sites\/476\/2017\/11\/miho-oe.png\" \/>\n<meta name=\"twitter:label1\" content=\"Dur\u00e9e de lecture estim\u00e9e\" \/>\n\t<meta name=\"twitter:data1\" content=\"3 minutes\" \/>\n<script type=\"application\/ld+json\" class=\"yoast-schema-graph\">{\"@context\":\"https:\/\/schema.org\",\"@graph\":[{\"@type\":\"WebPage\",\"@id\":\"https:\/\/hgv.cert.xcc.smashfly.io\/fr\/our-locations\/japan\/testimonial-3\/\",\"url\":\"https:\/\/hgv.cert.xcc.smashfly.io\/fr\/our-locations\/japan\/testimonial-3\/\",\"name\":\"Testimonial 3 - Hiltongrandvacation\",\"isPartOf\":{\"@id\":\"https:\/\/www.hgv.cert.xcc.smashfly.io\/#website\"},\"primaryImageOfPage\":{\"@id\":\"https:\/\/hgv.cert.xcc.smashfly.io\/fr\/our-locations\/japan\/testimonial-3\/#primaryimage\"},\"image\":{\"@id\":\"https:\/\/hgv.cert.xcc.smashfly.io\/fr\/our-locations\/japan\/testimonial-3\/#primaryimage\"},\"thumbnailUrl\":\"https:\/\/cdn-static.findly.com\/wp-content\/uploads\/sites\/476\/2017\/11\/miho-oe.png\",\"datePublished\":\"2022-08-21T17:17:00+00:00\",\"dateModified\":\"2022-08-22T16:38:32+00:00\",\"breadcrumb\":{\"@id\":\"https:\/\/hgv.cert.xcc.smashfly.io\/fr\/our-locations\/japan\/testimonial-3\/#breadcrumb\"},\"inLanguage\":\"fr-FR\",\"potentialAction\":[{\"@type\":\"ReadAction\",\"target\":[\"https:\/\/hgv.cert.xcc.smashfly.io\/fr\/our-locations\/japan\/testimonial-3\/\"]}]},{\"@type\":\"ImageObject\",\"inLanguage\":\"fr-FR\",\"@id\":\"https:\/\/hgv.cert.xcc.smashfly.io\/fr\/our-locations\/japan\/testimonial-3\/#primaryimage\",\"url\":\"https:\/\/cdn-static.findly.com\/wp-content\/uploads\/sites\/476\/2017\/11\/miho-oe.png\",\"contentUrl\":\"https:\/\/cdn-static.findly.com\/wp-content\/uploads\/sites\/476\/2017\/11\/miho-oe.png\"},{\"@type\":\"BreadcrumbList\",\"@id\":\"https:\/\/hgv.cert.xcc.smashfly.io\/fr\/our-locations\/japan\/testimonial-3\/#breadcrumb\",\"itemListElement\":[{\"@type\":\"ListItem\",\"position\":1,\"name\":\"Home\",\"item\":\"https:\/\/hgv.cert.xcc.smashfly.io\/fr\/\"},{\"@type\":\"ListItem\",\"position\":2,\"name\":\"Locations\",\"item\":\"https:\/\/hgv.cert.xcc.smashfly.io\/fr\/our-locations\/\"},{\"@type\":\"ListItem\",\"position\":3,\"name\":\"Japan\",\"item\":\"https:\/\/hgv.cert.xcc.smashfly.io\/fr\/our-locations\/japan\/\"},{\"@type\":\"ListItem\",\"position\":4,\"name\":\"Testimonial 3\"}]},{\"@type\":\"WebSite\",\"@id\":\"https:\/\/www.hgv.cert.xcc.smashfly.io\/#website\",\"url\":\"https:\/\/www.hgv.cert.xcc.smashfly.io\/\",\"name\":\"Hiltongrandvacation\",\"description\":\"XCloud Candidate Experience Demo Site\",\"potentialAction\":[{\"@type\":\"SearchAction\",\"target\":{\"@type\":\"EntryPoint\",\"urlTemplate\":\"https:\/\/www.hgv.cert.xcc.smashfly.io\/?s={search_term_string}\"},\"query-input\":\"required name=search_term_string\"}],\"inLanguage\":\"fr-FR\"}]}<\/script>\n<!-- \/ Yoast SEO Premium plugin. -->","yoast_head_json":{"title":"Testimonial 3 - Hiltongrandvacation","robots":{"index":"index","follow":"follow","max-snippet":"max-snippet:-1","max-image-preview":"max-image-preview:large","max-video-preview":"max-video-preview:-1"},"canonical":"https:\/\/hgv.cert.xcc.smashfly.io\/fr\/our-locations\/japan\/testimonial-3\/","og_locale":"fr_FR","og_type":"article","og_title":"Testimonial 3","og_url":"https:\/\/hgv.cert.xcc.smashfly.io\/fr\/our-locations\/japan\/testimonial-3\/","og_site_name":"Hiltongrandvacation","article_modified_time":"2022-08-22T16:38:32+00:00","og_image":[{"url":"https:\/\/cdn-static.findly.com\/wp-content\/uploads\/sites\/476\/2017\/11\/miho-oe.png"}],"twitter_misc":{"Dur\u00e9e de lecture estim\u00e9e":"3 minutes"},"schema":{"@context":"https:\/\/schema.org","@graph":[{"@type":"WebPage","@id":"https:\/\/hgv.cert.xcc.smashfly.io\/fr\/our-locations\/japan\/testimonial-3\/","url":"https:\/\/hgv.cert.xcc.smashfly.io\/fr\/our-locations\/japan\/testimonial-3\/","name":"Testimonial 3 - Hiltongrandvacation","isPartOf":{"@id":"https:\/\/www.hgv.cert.xcc.smashfly.io\/#website"},"primaryImageOfPage":{"@id":"https:\/\/hgv.cert.xcc.smashfly.io\/fr\/our-locations\/japan\/testimonial-3\/#primaryimage"},"image":{"@id":"https:\/\/hgv.cert.xcc.smashfly.io\/fr\/our-locations\/japan\/testimonial-3\/#primaryimage"},"thumbnailUrl":"https:\/\/cdn-static.findly.com\/wp-content\/uploads\/sites\/476\/2017\/11\/miho-oe.png","datePublished":"2022-08-21T17:17:00+00:00","dateModified":"2022-08-22T16:38:32+00:00","breadcrumb":{"@id":"https:\/\/hgv.cert.xcc.smashfly.io\/fr\/our-locations\/japan\/testimonial-3\/#breadcrumb"},"inLanguage":"fr-FR","potentialAction":[{"@type":"ReadAction","target":["https:\/\/hgv.cert.xcc.smashfly.io\/fr\/our-locations\/japan\/testimonial-3\/"]}]},{"@type":"ImageObject","inLanguage":"fr-FR","@id":"https:\/\/hgv.cert.xcc.smashfly.io\/fr\/our-locations\/japan\/testimonial-3\/#primaryimage","url":"https:\/\/cdn-static.findly.com\/wp-content\/uploads\/sites\/476\/2017\/11\/miho-oe.png","contentUrl":"https:\/\/cdn-static.findly.com\/wp-content\/uploads\/sites\/476\/2017\/11\/miho-oe.png"},{"@type":"BreadcrumbList","@id":"https:\/\/hgv.cert.xcc.smashfly.io\/fr\/our-locations\/japan\/testimonial-3\/#breadcrumb","itemListElement":[{"@type":"ListItem","position":1,"name":"Home","item":"https:\/\/hgv.cert.xcc.smashfly.io\/fr\/"},{"@type":"ListItem","position":2,"name":"Locations","item":"https:\/\/hgv.cert.xcc.smashfly.io\/fr\/our-locations\/"},{"@type":"ListItem","position":3,"name":"Japan","item":"https:\/\/hgv.cert.xcc.smashfly.io\/fr\/our-locations\/japan\/"},{"@type":"ListItem","position":4,"name":"Testimonial 3"}]},{"@type":"WebSite","@id":"https:\/\/www.hgv.cert.xcc.smashfly.io\/#website","url":"https:\/\/www.hgv.cert.xcc.smashfly.io\/","name":"Hiltongrandvacation","description":"XCloud Candidate Experience Demo Site","potentialAction":[{"@type":"SearchAction","target":{"@type":"EntryPoint","urlTemplate":"https:\/\/www.hgv.cert.xcc.smashfly.io\/?s={search_term_string}"},"query-input":"required name=search_term_string"}],"inLanguage":"fr-FR"}]}},"_links":{"self":[{"href":"https:\/\/hgv.cert.xcc.smashfly.io\/fr\/wp-json\/wp\/v2\/pages\/25027","targetHints":{"allow":["GET"]}}],"collection":[{"href":"https:\/\/hgv.cert.xcc.smashfly.io\/fr\/wp-json\/wp\/v2\/pages"}],"about":[{"href":"https:\/\/hgv.cert.xcc.smashfly.io\/fr\/wp-json\/wp\/v2\/types\/page"}],"author":[{"embeddable":true,"href":"https:\/\/hgv.cert.xcc.smashfly.io\/fr\/wp-json\/wp\/v2\/users\/1703"}],"replies":[{"embeddable":true,"href":"https:\/\/hgv.cert.xcc.smashfly.io\/fr\/wp-json\/wp\/v2\/comments?post=25027"}],"version-history":[{"count":6,"href":"https:\/\/hgv.cert.xcc.smashfly.io\/fr\/wp-json\/wp\/v2\/pages\/25027\/revisions"}],"predecessor-version":[{"id":25089,"href":"https:\/\/hgv.cert.xcc.smashfly.io\/fr\/wp-json\/wp\/v2\/pages\/25027\/revisions\/25089"}],"up":[{"embeddable":true,"href":"https:\/\/hgv.cert.xcc.smashfly.io\/fr\/wp-json\/wp\/v2\/pages\/23689"}],"wp:attachment":[{"href":"https:\/\/hgv.cert.xcc.smashfly.io\/fr\/wp-json\/wp\/v2\/media?parent=25027"}],"wp:term":[{"taxonomy":"persona","embeddable":true,"href":"https:\/\/hgv.cert.xcc.smashfly.io\/fr\/wp-json\/wp\/v2\/persona?post=25027"}],"curies":[{"name":"wp","href":"https:\/\/api.w.org\/{rel}","templated":true}]}}