{"id":25033,"date":"2022-08-21T12:21:51","date_gmt":"2022-08-21T17:21:51","guid":{"rendered":"https:\/\/hiltongrandvacations-french.qa.wp.findly.com\/?page_id=25033"},"modified":"2022-08-22T12:03:06","modified_gmt":"2022-08-22T17:03:06","slug":"testimonial-4","status":"publish","type":"page","link":"https:\/\/hgv.cert.xcc.smashfly.io\/fr\/our-locations\/japan\/testimonial-4\/","title":{"rendered":"Testimonial 4"},"content":{"rendered":"<\/div><\/div><\/div><!-- close content main div --><\/div><\/div><div id='av_section_1' class='avia-section main_color avia-section-default avia-no-shadow avia-bg-style-scroll  testi-full container_wrap fullsize'   ><div class='container' ><div class='template-page content  av-content-full alpha units'><div class='post-entry post-entry-type-page post-entry-25033'><div class='entry-content-wrapper clearfix'>\n<section class=\"av_textblock_section\"  itemscope=\"itemscope\" itemtype=\"https:\/\/schema.org\/CreativeWork\" ><div class='avia_textblock testi-con'   itemprop=\"text\" ><p><img loading=\"lazy\" decoding=\"async\" class=\"alignleft size-full wp-image-1847\" src=\"https:\/\/cdn-static.findly.com\/wp-content\/uploads\/sites\/476\/2017\/11\/shun-suzuki.png\" alt=\"Shun Suzuki\" width=\"154\" height=\"154\" srcset=\"https:\/\/hgv.cert.xcc.smashfly.io\/wp-content\/uploads\/sites\/2484\/2017\/11\/shun-suzuki.png 154w, https:\/\/hgv.cert.xcc.smashfly.io\/wp-content\/uploads\/sites\/2484\/2017\/11\/shun-suzuki-80x80.png 80w, https:\/\/hgv.cert.xcc.smashfly.io\/wp-content\/uploads\/sites\/2484\/2017\/11\/shun-suzuki-36x36.png 36w, https:\/\/hgv.cert.xcc.smashfly.io\/wp-content\/uploads\/sites\/2484\/2017\/11\/shun-suzuki-120x120.png 120w\" sizes=\"auto, (max-width: 154px) 100vw, 154px\" \/><\/p>\n<h2>SHUN SUZUKI<\/h2>\n<h3>Superviseur du marketing<\/h3>\n<div class=\"t-spc\"><\/div>\n<p><strong>Responsable des \u00e9quipes de la pr\u00e9fecture de Kanagawa et de Shizuoka en tant que superviseur du marketing.<\/strong><\/p>\n<p>A rejoint l&rsquo;entreprise en avril 2013 au sein du d\u00e9partement marketing en tant que Marketing Executive (ME). Dirigeant ME depuis avril 2015 et occupe le poste actuel depuis septembre 2016.<\/p>\n<p><strong>(Q) Parlez-nous de votre fonction de responsable du marketing (ME). <\/strong><\/p>\n<p><strong>(A)<\/strong> Nous pr\u00e9sentons le \u00ab\u00a0programme de multipropri\u00e9t\u00e9\u00a0\u00bb de Hilton Grand Vacations aux clients qui arrivent dans les h\u00f4tels Hilton, les a\u00e9roports, les installations commerciales, les \u00e9v\u00e9nements, etc. et nous \u00e9veillons leur int\u00e9r\u00eat. En m\u00eame temps, nous programmons des r\u00e9unions explicatives qui se tiennent \u00e0 une date ult\u00e9rieure pour discuter des ventes. J&rsquo;ai \u00e9t\u00e9 nomm\u00e9 superviseur de l&rsquo;\u00e9quipe ME Kanagawa et Shizuoka \u00e0 partir de septembre et j&rsquo;ai assum\u00e9 ces responsabilit\u00e9s.<\/p>\n<p><strong>(Q) Racontez-nous comment vous avez d\u00e9cid\u00e9 de rejoindre l&rsquo;entreprise. <\/strong><\/p>\n<p><strong>(A)<\/strong> C&rsquo;est un ami d&rsquo;enfance qui me l&rsquo;a pr\u00e9sent\u00e9. Mon ami a commenc\u00e9 \u00e0 se sentir vivant apr\u00e8s avoir rejoint Hilton Grand Vacations et j&rsquo;\u00e9tais curieux de savoir \u00e0 quel type de travail mon ami \u00e9tait associ\u00e9. J&rsquo;entendais des choses sur l&rsquo;am\u00e9lioration de la qualit\u00e9 de vie et les aspects positifs du travail, et je me suis dit que si mon ami pouvait s&rsquo;engager activement dans ce travail, je pouvais aussi faire de m\u00eame. J&rsquo;ai donc demand\u00e9 \u00e0 mon ami de me pr\u00e9senter au responsable du recrutement.<\/p>\n<p><strong>(Q) Quels types de personnes conviennent au ME?<\/strong><\/p>\n<p><strong>(A)<\/strong> Quelqu&rsquo;un de positif, qui aime gagner, et quelqu&rsquo;un de sto\u00efque. \u00catre bien inform\u00e9, studieux et bavard est mis au second plan. On commence par accueillir les clients et le travail demande aussi une certaine force physique. Il faut avoir l&rsquo;\u00e9nergie mentale n\u00e9cessaire pour rester positif pendant huit heures chaque jour. L&rsquo;accent est mis sur les performances individuelles, mais aussi sur le travail d&rsquo;\u00e9quipe. Si les membres de l&rsquo;\u00e9quipe parviennent \u00e0 cr\u00e9er une bonne atmosph\u00e8re sur le lieu de travail, ils obtiendront de bons r\u00e9sultats.<\/p>\n<p><strong>(Q) Attrait de Hilton Grand Vacations<\/strong><\/p>\n<p><strong>(A)<\/strong> Mon exp\u00e9rience personnelle des vacances est b\u00e9n\u00e9fique pour mon travail. J&rsquo;ai donc commenc\u00e9 \u00e0 prendre des vacances que je n&rsquo;aurais jamais prises auparavant et j&rsquo;ai \u00e9galement accumul\u00e9 des miles. \u00c0 mon dernier emploi, le m\u00eame salaire \u00e9tait vers\u00e9 \u00e0 ceux qui ne produisaient pas de r\u00e9sultats et cela m&rsquo;a beaucoup contrari\u00e9. Cependant, en tant que ME, mes propres efforts sont refl\u00e9t\u00e9s dans le salaire en tant qu&rsquo;incitation et je trouve cela tr\u00e8s gratifiant. Au d\u00e9part, je ne connaissais rien \u00e0 l&rsquo;\u00e9tranger et j&rsquo;\u00e9tais nerveuse de porter la marque \u00ab\u00a0Hilton\u00a0\u00bb sur mes \u00e9paules. Cependant, depuis que j&rsquo;ai commenc\u00e9 \u00e0 \u00ab\u00a0travailler \u00e0 mes propres conditions\u00a0\u00bb, j&rsquo;ai commenc\u00e9 \u00e0 prendre plaisir \u00e0 travailler chaque jour. Je pense que l&rsquo;entreprise a chang\u00e9 mes valeurs ainsi que ma vie. Je pense que le produit de multipropri\u00e9t\u00e9 propos\u00e9 par notre entreprise change \u00e9galement la vie des clients et que mes propres valeurs ont \u00e9galement chang\u00e9 en travaillant chez Hilton Grand Vacations. Les cong\u00e9s ne sont pas non plus un probl\u00e8me et l&rsquo;entreprise me permet de profiter librement de mon temps. Selon la fa\u00e7on dont vous travaillez, vous avez la possibilit\u00e9 de vous am\u00e9liorer consid\u00e9rablement.<br \/>\n<strong>(Q) Partagez avec nous votre vision de carri\u00e8re \u00e0 venir <\/strong><\/p>\n<p><strong>(A)<\/strong> En tant que superviseur, j&rsquo;aimerais contribuer \u00e0 ce que les \u00e9quipes de Kanagawa et de Shizuoka puissent cr\u00e9er un environnement centr\u00e9 sur le travail d&rsquo;\u00e9quipe, dans lequel le travail peut \u00eatre effectu\u00e9 dans un esprit joyeux et positif. Je voudrais que chacun soit heureux, fasse son travail et r\u00e9pande ce bonheur sur les clients. Je pense que le champ de vision s&rsquo;est ouvert. Lorsqu&rsquo;un environnement change, je pense que la fa\u00e7on de penser et les valeurs changent \u00e9galement, donc s&rsquo;il y a des postes attrayants \u00e0 l&rsquo;avenir, j&rsquo;aimerais me lancer de plus en plus de d\u00e9fis dans de tels postes.<\/p>\n<\/div><\/section>\n\n","protected":false},"excerpt":{"rendered":"","protected":false},"author":1703,"featured_media":0,"parent":23689,"menu_order":0,"comment_status":"closed","ping_status":"closed","template":"template-blank.php","meta":{"footnotes":""},"persona":[],"class_list":["post-25033","page","type-page","status-publish","hentry"],"yoast_head":"<!-- This site is optimized with the Yoast SEO Premium plugin v22.8 (Yoast SEO v22.8) - https:\/\/yoast.com\/wordpress\/plugins\/seo\/ -->\n<title>Testimonial 4 - Hiltongrandvacation<\/title>\n<meta name=\"robots\" content=\"index, follow, max-snippet:-1, max-image-preview:large, max-video-preview:-1\" \/>\n<link rel=\"canonical\" href=\"https:\/\/hgv.cert.xcc.smashfly.io\/fr\/our-locations\/japan\/testimonial-4\/\" \/>\n<meta property=\"og:locale\" content=\"fr_FR\" \/>\n<meta property=\"og:type\" content=\"article\" \/>\n<meta property=\"og:title\" content=\"Testimonial 4\" \/>\n<meta property=\"og:url\" content=\"https:\/\/hgv.cert.xcc.smashfly.io\/fr\/our-locations\/japan\/testimonial-4\/\" \/>\n<meta property=\"og:site_name\" content=\"Hiltongrandvacation\" \/>\n<meta property=\"article:modified_time\" content=\"2022-08-22T17:03:06+00:00\" \/>\n<meta property=\"og:image\" content=\"https:\/\/cdn-static.findly.com\/wp-content\/uploads\/sites\/476\/2017\/11\/shun-suzuki.png\" \/>\n<meta name=\"twitter:label1\" content=\"Dur\u00e9e de lecture estim\u00e9e\" \/>\n\t<meta name=\"twitter:data1\" content=\"4 minutes\" \/>\n<script type=\"application\/ld+json\" class=\"yoast-schema-graph\">{\"@context\":\"https:\/\/schema.org\",\"@graph\":[{\"@type\":\"WebPage\",\"@id\":\"https:\/\/hgv.cert.xcc.smashfly.io\/fr\/our-locations\/japan\/testimonial-4\/\",\"url\":\"https:\/\/hgv.cert.xcc.smashfly.io\/fr\/our-locations\/japan\/testimonial-4\/\",\"name\":\"Testimonial 4 - Hiltongrandvacation\",\"isPartOf\":{\"@id\":\"https:\/\/www.hgv.cert.xcc.smashfly.io\/#website\"},\"primaryImageOfPage\":{\"@id\":\"https:\/\/hgv.cert.xcc.smashfly.io\/fr\/our-locations\/japan\/testimonial-4\/#primaryimage\"},\"image\":{\"@id\":\"https:\/\/hgv.cert.xcc.smashfly.io\/fr\/our-locations\/japan\/testimonial-4\/#primaryimage\"},\"thumbnailUrl\":\"https:\/\/cdn-static.findly.com\/wp-content\/uploads\/sites\/476\/2017\/11\/shun-suzuki.png\",\"datePublished\":\"2022-08-21T17:21:51+00:00\",\"dateModified\":\"2022-08-22T17:03:06+00:00\",\"breadcrumb\":{\"@id\":\"https:\/\/hgv.cert.xcc.smashfly.io\/fr\/our-locations\/japan\/testimonial-4\/#breadcrumb\"},\"inLanguage\":\"fr-FR\",\"potentialAction\":[{\"@type\":\"ReadAction\",\"target\":[\"https:\/\/hgv.cert.xcc.smashfly.io\/fr\/our-locations\/japan\/testimonial-4\/\"]}]},{\"@type\":\"ImageObject\",\"inLanguage\":\"fr-FR\",\"@id\":\"https:\/\/hgv.cert.xcc.smashfly.io\/fr\/our-locations\/japan\/testimonial-4\/#primaryimage\",\"url\":\"https:\/\/cdn-static.findly.com\/wp-content\/uploads\/sites\/476\/2017\/11\/shun-suzuki.png\",\"contentUrl\":\"https:\/\/cdn-static.findly.com\/wp-content\/uploads\/sites\/476\/2017\/11\/shun-suzuki.png\"},{\"@type\":\"BreadcrumbList\",\"@id\":\"https:\/\/hgv.cert.xcc.smashfly.io\/fr\/our-locations\/japan\/testimonial-4\/#breadcrumb\",\"itemListElement\":[{\"@type\":\"ListItem\",\"position\":1,\"name\":\"Home\",\"item\":\"https:\/\/hgv.cert.xcc.smashfly.io\/fr\/\"},{\"@type\":\"ListItem\",\"position\":2,\"name\":\"Locations\",\"item\":\"https:\/\/hgv.cert.xcc.smashfly.io\/fr\/our-locations\/\"},{\"@type\":\"ListItem\",\"position\":3,\"name\":\"Japan\",\"item\":\"https:\/\/hgv.cert.xcc.smashfly.io\/fr\/our-locations\/japan\/\"},{\"@type\":\"ListItem\",\"position\":4,\"name\":\"Testimonial 4\"}]},{\"@type\":\"WebSite\",\"@id\":\"https:\/\/www.hgv.cert.xcc.smashfly.io\/#website\",\"url\":\"https:\/\/www.hgv.cert.xcc.smashfly.io\/\",\"name\":\"Hiltongrandvacation\",\"description\":\"XCloud Candidate Experience Demo Site\",\"potentialAction\":[{\"@type\":\"SearchAction\",\"target\":{\"@type\":\"EntryPoint\",\"urlTemplate\":\"https:\/\/www.hgv.cert.xcc.smashfly.io\/?s={search_term_string}\"},\"query-input\":\"required name=search_term_string\"}],\"inLanguage\":\"fr-FR\"}]}<\/script>\n<!-- \/ Yoast SEO Premium plugin. -->","yoast_head_json":{"title":"Testimonial 4 - Hiltongrandvacation","robots":{"index":"index","follow":"follow","max-snippet":"max-snippet:-1","max-image-preview":"max-image-preview:large","max-video-preview":"max-video-preview:-1"},"canonical":"https:\/\/hgv.cert.xcc.smashfly.io\/fr\/our-locations\/japan\/testimonial-4\/","og_locale":"fr_FR","og_type":"article","og_title":"Testimonial 4","og_url":"https:\/\/hgv.cert.xcc.smashfly.io\/fr\/our-locations\/japan\/testimonial-4\/","og_site_name":"Hiltongrandvacation","article_modified_time":"2022-08-22T17:03:06+00:00","og_image":[{"url":"https:\/\/cdn-static.findly.com\/wp-content\/uploads\/sites\/476\/2017\/11\/shun-suzuki.png"}],"twitter_misc":{"Dur\u00e9e de lecture estim\u00e9e":"4 minutes"},"schema":{"@context":"https:\/\/schema.org","@graph":[{"@type":"WebPage","@id":"https:\/\/hgv.cert.xcc.smashfly.io\/fr\/our-locations\/japan\/testimonial-4\/","url":"https:\/\/hgv.cert.xcc.smashfly.io\/fr\/our-locations\/japan\/testimonial-4\/","name":"Testimonial 4 - Hiltongrandvacation","isPartOf":{"@id":"https:\/\/www.hgv.cert.xcc.smashfly.io\/#website"},"primaryImageOfPage":{"@id":"https:\/\/hgv.cert.xcc.smashfly.io\/fr\/our-locations\/japan\/testimonial-4\/#primaryimage"},"image":{"@id":"https:\/\/hgv.cert.xcc.smashfly.io\/fr\/our-locations\/japan\/testimonial-4\/#primaryimage"},"thumbnailUrl":"https:\/\/cdn-static.findly.com\/wp-content\/uploads\/sites\/476\/2017\/11\/shun-suzuki.png","datePublished":"2022-08-21T17:21:51+00:00","dateModified":"2022-08-22T17:03:06+00:00","breadcrumb":{"@id":"https:\/\/hgv.cert.xcc.smashfly.io\/fr\/our-locations\/japan\/testimonial-4\/#breadcrumb"},"inLanguage":"fr-FR","potentialAction":[{"@type":"ReadAction","target":["https:\/\/hgv.cert.xcc.smashfly.io\/fr\/our-locations\/japan\/testimonial-4\/"]}]},{"@type":"ImageObject","inLanguage":"fr-FR","@id":"https:\/\/hgv.cert.xcc.smashfly.io\/fr\/our-locations\/japan\/testimonial-4\/#primaryimage","url":"https:\/\/cdn-static.findly.com\/wp-content\/uploads\/sites\/476\/2017\/11\/shun-suzuki.png","contentUrl":"https:\/\/cdn-static.findly.com\/wp-content\/uploads\/sites\/476\/2017\/11\/shun-suzuki.png"},{"@type":"BreadcrumbList","@id":"https:\/\/hgv.cert.xcc.smashfly.io\/fr\/our-locations\/japan\/testimonial-4\/#breadcrumb","itemListElement":[{"@type":"ListItem","position":1,"name":"Home","item":"https:\/\/hgv.cert.xcc.smashfly.io\/fr\/"},{"@type":"ListItem","position":2,"name":"Locations","item":"https:\/\/hgv.cert.xcc.smashfly.io\/fr\/our-locations\/"},{"@type":"ListItem","position":3,"name":"Japan","item":"https:\/\/hgv.cert.xcc.smashfly.io\/fr\/our-locations\/japan\/"},{"@type":"ListItem","position":4,"name":"Testimonial 4"}]},{"@type":"WebSite","@id":"https:\/\/www.hgv.cert.xcc.smashfly.io\/#website","url":"https:\/\/www.hgv.cert.xcc.smashfly.io\/","name":"Hiltongrandvacation","description":"XCloud Candidate Experience Demo Site","potentialAction":[{"@type":"SearchAction","target":{"@type":"EntryPoint","urlTemplate":"https:\/\/www.hgv.cert.xcc.smashfly.io\/?s={search_term_string}"},"query-input":"required name=search_term_string"}],"inLanguage":"fr-FR"}]}},"_links":{"self":[{"href":"https:\/\/hgv.cert.xcc.smashfly.io\/fr\/wp-json\/wp\/v2\/pages\/25033","targetHints":{"allow":["GET"]}}],"collection":[{"href":"https:\/\/hgv.cert.xcc.smashfly.io\/fr\/wp-json\/wp\/v2\/pages"}],"about":[{"href":"https:\/\/hgv.cert.xcc.smashfly.io\/fr\/wp-json\/wp\/v2\/types\/page"}],"author":[{"embeddable":true,"href":"https:\/\/hgv.cert.xcc.smashfly.io\/fr\/wp-json\/wp\/v2\/users\/1703"}],"replies":[{"embeddable":true,"href":"https:\/\/hgv.cert.xcc.smashfly.io\/fr\/wp-json\/wp\/v2\/comments?post=25033"}],"version-history":[{"count":5,"href":"https:\/\/hgv.cert.xcc.smashfly.io\/fr\/wp-json\/wp\/v2\/pages\/25033\/revisions"}],"predecessor-version":[{"id":25095,"href":"https:\/\/hgv.cert.xcc.smashfly.io\/fr\/wp-json\/wp\/v2\/pages\/25033\/revisions\/25095"}],"up":[{"embeddable":true,"href":"https:\/\/hgv.cert.xcc.smashfly.io\/fr\/wp-json\/wp\/v2\/pages\/23689"}],"wp:attachment":[{"href":"https:\/\/hgv.cert.xcc.smashfly.io\/fr\/wp-json\/wp\/v2\/media?parent=25033"}],"wp:term":[{"taxonomy":"persona","embeddable":true,"href":"https:\/\/hgv.cert.xcc.smashfly.io\/fr\/wp-json\/wp\/v2\/persona?post=25033"}],"curies":[{"name":"wp","href":"https:\/\/api.w.org\/{rel}","templated":true}]}}