{"id":25038,"date":"2022-08-21T12:27:57","date_gmt":"2022-08-21T17:27:57","guid":{"rendered":"https:\/\/hiltongrandvacations-french.qa.wp.findly.com\/?page_id=25038"},"modified":"2022-08-21T12:32:37","modified_gmt":"2022-08-21T17:32:37","slug":"testimonial-5","status":"publish","type":"page","link":"https:\/\/hgv.cert.xcc.smashfly.io\/fr\/our-locations\/japan\/testimonial-5\/","title":{"rendered":"Testimonial 5"},"content":{"rendered":"<\/div><\/div><\/div><!-- close content main div --><\/div><\/div><div id='av_section_1' class='avia-section main_color avia-section-default avia-no-shadow avia-bg-style-scroll  testi-full container_wrap fullsize'   ><div class='container' ><div class='template-page content  av-content-full alpha units'><div class='post-entry post-entry-type-page post-entry-25038'><div class='entry-content-wrapper clearfix'>\n<section class=\"av_textblock_section\"  itemscope=\"itemscope\" itemtype=\"https:\/\/schema.org\/CreativeWork\" ><div class='avia_textblock testi-con'   itemprop=\"text\" ><p><img loading=\"lazy\" decoding=\"async\" class=\"alignleft size-full wp-image-1848\" src=\"https:\/\/cdn-static.findly.com\/wp-content\/uploads\/sites\/476\/2017\/11\/tomoko-yamazoe.png\" alt=\"Tomoko Yamazoe\" width=\"154\" height=\"154\" srcset=\"https:\/\/hgv.cert.xcc.smashfly.io\/wp-content\/uploads\/sites\/2484\/2017\/11\/tomoko-yamazoe.png 154w, https:\/\/hgv.cert.xcc.smashfly.io\/wp-content\/uploads\/sites\/2484\/2017\/11\/tomoko-yamazoe-80x80.png 80w, https:\/\/hgv.cert.xcc.smashfly.io\/wp-content\/uploads\/sites\/2484\/2017\/11\/tomoko-yamazoe-36x36.png 36w, https:\/\/hgv.cert.xcc.smashfly.io\/wp-content\/uploads\/sites\/2484\/2017\/11\/tomoko-yamazoe-120x120.png 120w\" sizes=\"auto, (max-width: 154px) 100vw, 154px\" \/><\/p>\n<h2>TOMOKO YAMAZOE<\/h2>\n<h3>Sp\u00e9cialiste en acquisition de talents<\/h3>\n<div class=\"t-spc\"><\/div>\n<p><strong>A rejoint l&rsquo;entreprise en novembre 2015 en tant que sp\u00e9cialiste de l&rsquo;acquisition de talents.<\/strong><\/p>\n<p><strong>(Q) En quoi consiste votre travail?<\/strong><\/p>\n<p><strong>(A)<\/strong> Je suis charg\u00e9 de recruter des talents pour le d\u00e9partement des ventes et le d\u00e9partement marketing dans la r\u00e9gion de l&rsquo;est du Japon (de Hokkaido \u00e0 Shizuoka). Je s\u00e9lectionne le type de support \u00e0 utiliser pour le recrutement en fonction du march\u00e9 du travail ainsi que l&rsquo;affichage des annonces. Les responsabilit\u00e9s comprennent \u00e9galement le premier tour de s\u00e9lection des candidats et l&rsquo;organisation des entretiens avec les responsables, la notification des r\u00e9sultats aux candidats et assurer le suivi jusqu&rsquo;\u00e0 l&rsquo;entr\u00e9e dans l&rsquo;entreprise.<\/p>\n<p><strong>(Q) Satisfaction tir\u00e9e du travail<\/strong><\/p>\n<p><strong>(A)<\/strong> La plus grande satisfaction que j&rsquo;\u00e9prouve \u00e0 travailler ici est d&rsquo;\u00eatre personnellement t\u00e9moin des r\u00e9alisations et du travail de ceux qui ont eu la chance de rejoindre l&rsquo;entreprise. J&rsquo;ai l&rsquo;occasion de rencontrer des gens tr\u00e8s diff\u00e9rents au quotidien, et en tant que personne qui embauche, j&rsquo;\u00e9prouve \u00e9galement une grande satisfaction lorsque je sens que je remplis le r\u00f4le de communiquer la magnificence de Hilton Grand Vacations. Je pr\u00e9sente notre entreprise \u00e0 ceux qui ne la connaissent pas et ils me disent que \u00ab\u00a0\u00e7a a l&rsquo;air d&rsquo;\u00eatre une entreprise formidable.\u00a0\u00bb Je pense que c&rsquo;est formidable de faire ces d\u00e9couvertes.<\/p>\n<p><strong>(Q) Pourquoi avez-vous choisi Hilton Grand Vacations?<\/strong><\/p>\n<p><strong>(A)<\/strong> \u00c0 l&rsquo;origine, j&rsquo;aimais voyager \u00e0 l&rsquo;\u00e9tranger et j&rsquo;ai exp\u00e9riment\u00e9 le bienfait des vacances. Comme j&rsquo;ai toujours \u00e9t\u00e9 motiv\u00e9e pour travailler dur afin de partir en vacances, j&rsquo;ai sympathis\u00e9 avec le \u00ab\u00a0mode de vie de vacances\u00a0\u00bb de Hilton Grand Vacation. En outre, pendant le processus de s\u00e9lection, j&rsquo;ai r\u00e9alis\u00e9 que ce n&rsquo;\u00e9tait qu&rsquo;une semaine plus tard que je s\u00e9journerais dans le centre de vill\u00e9giature de l&rsquo;entreprise \u00e0 titre d&rsquo;essai et j&rsquo;ai pens\u00e9\u00a0: \u00ab\u00a0Je vais dans cette entreprise la semaine prochaine !\u00a0\u00bb La personne en charge du recrutement m&rsquo;a dit \u00ab\u00a0on se voit dans une semaine \u00e0 Hawa\u00ef\u00a0\u00bb et je me suis dit que c&rsquo;\u00e9tait une telle co\u00efncidence et j&rsquo;ai senti que c&rsquo;\u00e9tait le destin.<\/p>\n<p><strong>(Q) Attrait de Hilton Grand Vacations<\/strong><\/p>\n<p><strong>(A) <\/strong> Les bureaux du Japon ont \u00e9t\u00e9 cr\u00e9\u00e9s en 2003. Cette entreprise dispose d&rsquo;une grande marge de man\u0153uvre pour sa croissance. Par rapport aux organisations matures, elle est toujours \u00e0 la recherche de nouveaux d\u00e9fis et je sens qu&rsquo;il y a beaucoup de changement et de rapidit\u00e9. Il est difficile pour moi d&rsquo;essayer de r\u00e9pondre \u00e0 ces changements, mais il est tr\u00e8s s\u00e9duisant que les nouvelles propositions soient facilement accept\u00e9es alors que je r\u00e9ponds aux diff\u00e9rents mouvements de l&rsquo;entreprise. Avant de rejoindre l&rsquo;entreprise, j&rsquo;imaginais le prestige de la r\u00e9ception et des salles de conf\u00e9rence de l&rsquo;entreprise, mais apr\u00e8s avoir rejoint l&rsquo;entreprise, en entrant dans les bureaux de l&rsquo;entreprise, il y a cet espace ouvert et comme je l&rsquo;imaginais, comme il n&rsquo;y a pas de foss\u00e9 avec les autres d\u00e9partements, la communication est facilit\u00e9e.<\/p>\n<p><strong>(Q) Message aux candidats de votre point de vue de recruteur.<\/strong><\/p>\n<p><strong>(A)<\/strong> Comme l&rsquo;entreprise est en pleine croissance, je pense qu&rsquo;elle peut offrir un grand espace aux personnes qui aiment \u00eatre mises au d\u00e9fi, qui sont actives et qui prennent des initiatives. Actuellement, j&rsquo;entends des choses li\u00e9es \u00e0 la conception globale de la vie telles que \u00ab\u00a0nous avons pu changer la vie de nos clients\u00a0\u00bb de la part d&rsquo;autres membres de l&rsquo;\u00e9quipe. L&rsquo;entreprise dans son ensemble a d\u00e9fini cette id\u00e9e d&rsquo;un \u00ab\u00a0mode de vie de vacances\u00a0\u00bb, et je pense que ceux qui sont en contact avec les clients peuvent vraiment sentir cette id\u00e9e prendre vie dans leur corps.<\/p>\n<\/div><\/section>\n\n","protected":false},"excerpt":{"rendered":"","protected":false},"author":1703,"featured_media":0,"parent":23689,"menu_order":0,"comment_status":"closed","ping_status":"closed","template":"template-blank.php","meta":{"footnotes":""},"persona":[],"class_list":["post-25038","page","type-page","status-publish","hentry"],"yoast_head":"<!-- This site is optimized with the Yoast SEO Premium plugin v22.8 (Yoast SEO v22.8) - https:\/\/yoast.com\/wordpress\/plugins\/seo\/ -->\n<title>Testimonial 5 - Hiltongrandvacation<\/title>\n<meta name=\"robots\" content=\"index, follow, max-snippet:-1, max-image-preview:large, max-video-preview:-1\" \/>\n<link rel=\"canonical\" href=\"https:\/\/hgv.cert.xcc.smashfly.io\/fr\/our-locations\/japan\/testimonial-5\/\" \/>\n<meta property=\"og:locale\" content=\"fr_FR\" \/>\n<meta property=\"og:type\" content=\"article\" \/>\n<meta property=\"og:title\" content=\"Testimonial 5\" \/>\n<meta property=\"og:url\" content=\"https:\/\/hgv.cert.xcc.smashfly.io\/fr\/our-locations\/japan\/testimonial-5\/\" \/>\n<meta property=\"og:site_name\" content=\"Hiltongrandvacation\" \/>\n<meta property=\"article:modified_time\" content=\"2022-08-21T17:32:37+00:00\" \/>\n<meta property=\"og:image\" content=\"https:\/\/cdn-static.findly.com\/wp-content\/uploads\/sites\/476\/2017\/11\/tomoko-yamazoe.png\" \/>\n<meta name=\"twitter:label1\" content=\"Dur\u00e9e de lecture estim\u00e9e\" \/>\n\t<meta name=\"twitter:data1\" content=\"4 minutes\" \/>\n<script type=\"application\/ld+json\" class=\"yoast-schema-graph\">{\"@context\":\"https:\/\/schema.org\",\"@graph\":[{\"@type\":\"WebPage\",\"@id\":\"https:\/\/hgv.cert.xcc.smashfly.io\/fr\/our-locations\/japan\/testimonial-5\/\",\"url\":\"https:\/\/hgv.cert.xcc.smashfly.io\/fr\/our-locations\/japan\/testimonial-5\/\",\"name\":\"Testimonial 5 - Hiltongrandvacation\",\"isPartOf\":{\"@id\":\"https:\/\/www.hgv.cert.xcc.smashfly.io\/#website\"},\"primaryImageOfPage\":{\"@id\":\"https:\/\/hgv.cert.xcc.smashfly.io\/fr\/our-locations\/japan\/testimonial-5\/#primaryimage\"},\"image\":{\"@id\":\"https:\/\/hgv.cert.xcc.smashfly.io\/fr\/our-locations\/japan\/testimonial-5\/#primaryimage\"},\"thumbnailUrl\":\"https:\/\/cdn-static.findly.com\/wp-content\/uploads\/sites\/476\/2017\/11\/tomoko-yamazoe.png\",\"datePublished\":\"2022-08-21T17:27:57+00:00\",\"dateModified\":\"2022-08-21T17:32:37+00:00\",\"breadcrumb\":{\"@id\":\"https:\/\/hgv.cert.xcc.smashfly.io\/fr\/our-locations\/japan\/testimonial-5\/#breadcrumb\"},\"inLanguage\":\"fr-FR\",\"potentialAction\":[{\"@type\":\"ReadAction\",\"target\":[\"https:\/\/hgv.cert.xcc.smashfly.io\/fr\/our-locations\/japan\/testimonial-5\/\"]}]},{\"@type\":\"ImageObject\",\"inLanguage\":\"fr-FR\",\"@id\":\"https:\/\/hgv.cert.xcc.smashfly.io\/fr\/our-locations\/japan\/testimonial-5\/#primaryimage\",\"url\":\"https:\/\/cdn-static.findly.com\/wp-content\/uploads\/sites\/476\/2017\/11\/tomoko-yamazoe.png\",\"contentUrl\":\"https:\/\/cdn-static.findly.com\/wp-content\/uploads\/sites\/476\/2017\/11\/tomoko-yamazoe.png\"},{\"@type\":\"BreadcrumbList\",\"@id\":\"https:\/\/hgv.cert.xcc.smashfly.io\/fr\/our-locations\/japan\/testimonial-5\/#breadcrumb\",\"itemListElement\":[{\"@type\":\"ListItem\",\"position\":1,\"name\":\"Home\",\"item\":\"https:\/\/hgv.cert.xcc.smashfly.io\/fr\/\"},{\"@type\":\"ListItem\",\"position\":2,\"name\":\"Locations\",\"item\":\"https:\/\/hgv.cert.xcc.smashfly.io\/fr\/our-locations\/\"},{\"@type\":\"ListItem\",\"position\":3,\"name\":\"Japan\",\"item\":\"https:\/\/hgv.cert.xcc.smashfly.io\/fr\/our-locations\/japan\/\"},{\"@type\":\"ListItem\",\"position\":4,\"name\":\"Testimonial 5\"}]},{\"@type\":\"WebSite\",\"@id\":\"https:\/\/www.hgv.cert.xcc.smashfly.io\/#website\",\"url\":\"https:\/\/www.hgv.cert.xcc.smashfly.io\/\",\"name\":\"Hiltongrandvacation\",\"description\":\"XCloud Candidate Experience Demo Site\",\"potentialAction\":[{\"@type\":\"SearchAction\",\"target\":{\"@type\":\"EntryPoint\",\"urlTemplate\":\"https:\/\/www.hgv.cert.xcc.smashfly.io\/?s={search_term_string}\"},\"query-input\":\"required name=search_term_string\"}],\"inLanguage\":\"fr-FR\"}]}<\/script>\n<!-- \/ Yoast SEO Premium plugin. -->","yoast_head_json":{"title":"Testimonial 5 - Hiltongrandvacation","robots":{"index":"index","follow":"follow","max-snippet":"max-snippet:-1","max-image-preview":"max-image-preview:large","max-video-preview":"max-video-preview:-1"},"canonical":"https:\/\/hgv.cert.xcc.smashfly.io\/fr\/our-locations\/japan\/testimonial-5\/","og_locale":"fr_FR","og_type":"article","og_title":"Testimonial 5","og_url":"https:\/\/hgv.cert.xcc.smashfly.io\/fr\/our-locations\/japan\/testimonial-5\/","og_site_name":"Hiltongrandvacation","article_modified_time":"2022-08-21T17:32:37+00:00","og_image":[{"url":"https:\/\/cdn-static.findly.com\/wp-content\/uploads\/sites\/476\/2017\/11\/tomoko-yamazoe.png"}],"twitter_misc":{"Dur\u00e9e de lecture estim\u00e9e":"4 minutes"},"schema":{"@context":"https:\/\/schema.org","@graph":[{"@type":"WebPage","@id":"https:\/\/hgv.cert.xcc.smashfly.io\/fr\/our-locations\/japan\/testimonial-5\/","url":"https:\/\/hgv.cert.xcc.smashfly.io\/fr\/our-locations\/japan\/testimonial-5\/","name":"Testimonial 5 - Hiltongrandvacation","isPartOf":{"@id":"https:\/\/www.hgv.cert.xcc.smashfly.io\/#website"},"primaryImageOfPage":{"@id":"https:\/\/hgv.cert.xcc.smashfly.io\/fr\/our-locations\/japan\/testimonial-5\/#primaryimage"},"image":{"@id":"https:\/\/hgv.cert.xcc.smashfly.io\/fr\/our-locations\/japan\/testimonial-5\/#primaryimage"},"thumbnailUrl":"https:\/\/cdn-static.findly.com\/wp-content\/uploads\/sites\/476\/2017\/11\/tomoko-yamazoe.png","datePublished":"2022-08-21T17:27:57+00:00","dateModified":"2022-08-21T17:32:37+00:00","breadcrumb":{"@id":"https:\/\/hgv.cert.xcc.smashfly.io\/fr\/our-locations\/japan\/testimonial-5\/#breadcrumb"},"inLanguage":"fr-FR","potentialAction":[{"@type":"ReadAction","target":["https:\/\/hgv.cert.xcc.smashfly.io\/fr\/our-locations\/japan\/testimonial-5\/"]}]},{"@type":"ImageObject","inLanguage":"fr-FR","@id":"https:\/\/hgv.cert.xcc.smashfly.io\/fr\/our-locations\/japan\/testimonial-5\/#primaryimage","url":"https:\/\/cdn-static.findly.com\/wp-content\/uploads\/sites\/476\/2017\/11\/tomoko-yamazoe.png","contentUrl":"https:\/\/cdn-static.findly.com\/wp-content\/uploads\/sites\/476\/2017\/11\/tomoko-yamazoe.png"},{"@type":"BreadcrumbList","@id":"https:\/\/hgv.cert.xcc.smashfly.io\/fr\/our-locations\/japan\/testimonial-5\/#breadcrumb","itemListElement":[{"@type":"ListItem","position":1,"name":"Home","item":"https:\/\/hgv.cert.xcc.smashfly.io\/fr\/"},{"@type":"ListItem","position":2,"name":"Locations","item":"https:\/\/hgv.cert.xcc.smashfly.io\/fr\/our-locations\/"},{"@type":"ListItem","position":3,"name":"Japan","item":"https:\/\/hgv.cert.xcc.smashfly.io\/fr\/our-locations\/japan\/"},{"@type":"ListItem","position":4,"name":"Testimonial 5"}]},{"@type":"WebSite","@id":"https:\/\/www.hgv.cert.xcc.smashfly.io\/#website","url":"https:\/\/www.hgv.cert.xcc.smashfly.io\/","name":"Hiltongrandvacation","description":"XCloud Candidate Experience Demo Site","potentialAction":[{"@type":"SearchAction","target":{"@type":"EntryPoint","urlTemplate":"https:\/\/www.hgv.cert.xcc.smashfly.io\/?s={search_term_string}"},"query-input":"required name=search_term_string"}],"inLanguage":"fr-FR"}]}},"_links":{"self":[{"href":"https:\/\/hgv.cert.xcc.smashfly.io\/fr\/wp-json\/wp\/v2\/pages\/25038","targetHints":{"allow":["GET"]}}],"collection":[{"href":"https:\/\/hgv.cert.xcc.smashfly.io\/fr\/wp-json\/wp\/v2\/pages"}],"about":[{"href":"https:\/\/hgv.cert.xcc.smashfly.io\/fr\/wp-json\/wp\/v2\/types\/page"}],"author":[{"embeddable":true,"href":"https:\/\/hgv.cert.xcc.smashfly.io\/fr\/wp-json\/wp\/v2\/users\/1703"}],"replies":[{"embeddable":true,"href":"https:\/\/hgv.cert.xcc.smashfly.io\/fr\/wp-json\/wp\/v2\/comments?post=25038"}],"version-history":[{"count":5,"href":"https:\/\/hgv.cert.xcc.smashfly.io\/fr\/wp-json\/wp\/v2\/pages\/25038\/revisions"}],"predecessor-version":[{"id":25097,"href":"https:\/\/hgv.cert.xcc.smashfly.io\/fr\/wp-json\/wp\/v2\/pages\/25038\/revisions\/25097"}],"up":[{"embeddable":true,"href":"https:\/\/hgv.cert.xcc.smashfly.io\/fr\/wp-json\/wp\/v2\/pages\/23689"}],"wp:attachment":[{"href":"https:\/\/hgv.cert.xcc.smashfly.io\/fr\/wp-json\/wp\/v2\/media?parent=25038"}],"wp:term":[{"taxonomy":"persona","embeddable":true,"href":"https:\/\/hgv.cert.xcc.smashfly.io\/fr\/wp-json\/wp\/v2\/persona?post=25038"}],"curies":[{"name":"wp","href":"https:\/\/api.w.org\/{rel}","templated":true}]}}