{"id":25057,"date":"2022-08-21T12:47:52","date_gmt":"2022-08-21T17:47:52","guid":{"rendered":"https:\/\/hiltongrandvacations-french.qa.wp.findly.com\/?page_id=25057"},"modified":"2022-08-24T10:44:15","modified_gmt":"2022-08-24T15:44:15","slug":"login","status":"publish","type":"page","link":"https:\/\/hgv.cert.xcc.smashfly.io\/fr\/login\/","title":{"rendered":"Login"},"content":{"rendered":"<\/div><\/div><\/div><!-- close content main div --><\/div><\/div><div id='av_section_1' class='avia-section main_color avia-section-default avia-no-border-styling avia-bg-style-scroll   container_wrap fullsize'   ><div class='container' ><div class='template-page content  av-content-full alpha units'><div class='post-entry post-entry-type-page post-entry-25057'><div class='entry-content-wrapper clearfix'>\n<section class=\"av_textblock_section\"  itemscope=\"itemscope\" itemtype=\"https:\/\/schema.org\/CreativeWork\" ><div class='avia_textblock login-top'   itemprop=\"text\" ><h2 style=\"text-align: center;\" class=\"main-heading inner-hdr\" tabindex=\"0\">CONNEXIONS DES DEMANDEURS D&rsquo;EMPLOI, DES CANDIDATS ET DES MEMBRES DE L&rsquo;\u00c9QUIPE<\/h2>\n<p style=\"text-align: center;\">Cliquez sur un bouton ci-dessous pour vous connecter \u00e0 l&rsquo;endroit o\u00f9 vous devez aller.<\/p>\n<\/div><\/section>\n\n<\/div><\/div><\/div><!-- close content main div --><\/div><\/div><div id='av_section_2' class='avia-section main_color avia-section-no-padding avia-no-border-styling avia-bg-style-scroll  login-col container_wrap fullsize'   ><div class='container' ><div class='template-page content  av-content-full alpha units'><div class='post-entry post-entry-type-page post-entry-25057'><div class='entry-content-wrapper clearfix'>\n<div class='flex_column_table av-equal-height-column-flextable' ><div class=\"flex_column av_one_third  flex_column_table_cell av-equal-height-column av-align-top av-zero-column-padding first   \" style='border-radius:0px; '><section class=\"av_textblock_section\"  itemscope=\"itemscope\" itemtype=\"https:\/\/schema.org\/CreativeWork\" ><div class='avia_textblock '   itemprop=\"text\" ><h2 style=\"text-align: center;\" tabindex=\"0\">AVANT DE POSTULER :<\/h2>\n<div class=\"job-seeker\">\n<p style=\"text-align: center;\"><img loading=\"lazy\" decoding=\"async\" class=\"alignnone size-full wp-image-13213\" src=\"https:\/\/cdn-static.findly.com\/wp-content\/uploads\/sites\/795\/2019\/01\/join.jpg\" alt=\"\" width=\"112\" height=\"90\" \/><\/p>\n<p style=\"text-align: center;\"><a href=\"\/profile\/login\/\" class=\"lg-btn upro\">CONNECTEZ-VOUS \u00c0 VOTRE PROFIL DE R\u00c9SEAU DE TALENTS<\/a><\/p>\n<p style=\"text-align: center;\" class=\"jbtn\"><a href=\"\/profile\/join\/\" class=\"lg-btn\">REJOIGNEZ NOTRE R\u00c9SEAU DE TALENTS<\/a><\/p>\n<p style=\"text-align: center;\" class=\"jbtn\"><span style=\"font-weight: 400;\">Cr\u00e9ez d\u2019abord un profil<\/span><\/p>\n<\/div>\n<div class=\"job-seeker\">\n<p style=\"text-align: center;\"><img loading=\"lazy\" decoding=\"async\" class=\"alignnone size-full wp-image-13214\" src=\"https:\/\/cdn-static.findly.com\/wp-content\/uploads\/sites\/795\/2019\/01\/faq.jpg\" alt=\"\" width=\"102\" height=\"102\" srcset=\"https:\/\/hgv.cert.xcc.smashfly.io\/wp-content\/uploads\/sites\/2484\/2019\/01\/faq.jpg 102w, https:\/\/hgv.cert.xcc.smashfly.io\/wp-content\/uploads\/sites\/2484\/2019\/01\/faq-80x80.jpg 80w, https:\/\/hgv.cert.xcc.smashfly.io\/wp-content\/uploads\/sites\/2484\/2019\/01\/faq-36x36.jpg 36w\" sizes=\"auto, (max-width: 102px) 100vw, 102px\" \/><\/p>\n<p style=\"text-align: center;\"><a href=\"https:\/\/cdn-static.findly.com\/wp-content\/uploads\/sites\/795\/2019\/01\/External-Candidate-FAQs.pdf\" class=\"lg-btn\">DIRECTIVES POUR LES CANDIDATURES<\/a><\/p>\n<p style=\"text-align: center;\"><a href=\"https:\/\/cdn-static.findly.com\/wp-content\/uploads\/sites\/795\/2019\/01\/Team-Member-FAQs.pdf\" class=\"lg-btn\">DIRECTIVES POUR LES CANDIDATURES DE MEMBRES D\u2019\u00c9QUIPE<\/a><\/p>\n<p style=\"text-align: center;\"><span style=\"font-weight: 400;\">Un guide \u00e9tape par \u00e9tape de notre processus de candidature.<\/span><\/p>\n<\/div>\n<\/div><\/section><\/div><div class='av-flex-placeholder'><\/div><div class=\"flex_column av_one_third  flex_column_table_cell av-equal-height-column av-align-top av-zero-column-padding    \" style='border-radius:0px; '><section class=\"av_textblock_section\"  itemscope=\"itemscope\" itemtype=\"https:\/\/schema.org\/CreativeWork\" ><div class='avia_textblock '   itemprop=\"text\" ><h2 style=\"text-align: center;\" tabindex=\"0\">APR\u00c8S AVOIR COMMENC\u00c9 LE PROCESSUS DE<br \/>\nCANDIDATURE :<\/h2>\n<div class=\"job-seeker\">\n<p style=\"text-align: center;\"><img loading=\"lazy\" decoding=\"async\" class=\"alignnone size-full wp-image-13215\" src=\"https:\/\/cdn-static.findly.com\/wp-content\/uploads\/sites\/795\/2019\/01\/app.jpg\" alt=\"\" width=\"90\" height=\"111\" \/><\/p>\n<p style=\"text-align: center;\"><a href=\"https:\/\/hgvc.taleo.net\/careersection\/careersection\/candidateportal\/myaccount\/myAccountView.jsf?lang=en&amp;csNo=2&amp;portal=101430233&amp;isOnLogoutPage=true\" target=\"_blank\" class=\"lg-btn\" rel=\"noopener\">CANDIDATURE AM\u00c9RICAINE EN COURS<\/a><\/p>\n<p style=\"text-align: center;\"><a href=\"https:\/\/hgvc.taleo.net\/careersection\/iam\/accessmanagement\/login.jsf?lang=en-GB&amp;redirectionURI=https%3A%2F%2Fhgvc.taleo.net%2Fcareersection%2Fcareersection%2Fcandidateportal%2Fmyaccount%2FmyAccountView.jsf%3Flang%3Den_GB%26csNo%3D10180%26portal%3D20100011190%26isOnLogoutPage%3Dtrue&amp;TARGET=https%3A%2F%2Fhgvc.taleo.net%2Fcareersection%2Fcareersection%2Fcandidateportal%2Fmyaccount%2FmyAccountView.jsf%3Flang%3Den_GB%26csNo%3D10180%26portal%3D20100011190%26isOnLogoutPage%3Dtrue\" target=\"_blank\" class=\"lg-btn\" rel=\"noopener\">CANDIDATURE BRITANNIQUE EN COURS<\/a><\/p>\n<p style=\"text-align: center;\"><span style=\"font-weight: 400;\">Compl\u00e9tez votre candidature d\u00e9j\u00e0 en cours.<\/span><\/p>\n<\/div>\n<div class=\"job-seeker\">\n<p style=\"text-align: center;\"><img loading=\"lazy\" decoding=\"async\" class=\"alignnone size-full wp-image-13216\" src=\"https:\/\/cdn-static.findly.com\/wp-content\/uploads\/sites\/795\/2019\/01\/candi.jpg\" alt=\"\" width=\"116\" height=\"97\" \/><\/p>\n<p style=\"text-align: center;\"><a href=\"\/profile\/login\/\" class=\"lg-btn\">CONNEXION DU CANDIDAT<\/a><\/p>\n<p style=\"text-align: center;\"><span style=\"font-weight: 400;\">Mettez \u00e0 jour votre profil de candidat ou connectez-vous \u00e0 votre compte Talent Network.<\/span><\/p>\n<\/div>\n<\/div><\/section><\/div><div class='av-flex-placeholder'><\/div><div class=\"flex_column av_one_third  flex_column_table_cell av-equal-height-column av-align-top av-zero-column-padding    \" style='border-radius:0px; '><section class=\"av_textblock_section\"  itemscope=\"itemscope\" itemtype=\"https:\/\/schema.org\/CreativeWork\" ><div class='avia_textblock '   itemprop=\"text\" ><h2 style=\"text-align: center;\" tabindex=\"0\">D\u00c9J\u00c0 MEMBRE DE L&rsquo;\u00c9QUIPE?<\/h2>\n<div class=\"job-seeker\">\n<p style=\"text-align: center;\"><img loading=\"lazy\" decoding=\"async\" class=\"alignnone size-full wp-image-13217\" src=\"https:\/\/cdn-static.findly.com\/wp-content\/uploads\/sites\/795\/2019\/01\/onboard.jpg\" alt=\"\" width=\"104\" height=\"105\" srcset=\"https:\/\/hgv.cert.xcc.smashfly.io\/wp-content\/uploads\/sites\/2484\/2019\/01\/onboard.jpg 104w, https:\/\/hgv.cert.xcc.smashfly.io\/wp-content\/uploads\/sites\/2484\/2019\/01\/onboard-80x80.jpg 80w, https:\/\/hgv.cert.xcc.smashfly.io\/wp-content\/uploads\/sites\/2484\/2019\/01\/onboard-36x36.jpg 36w\" sizes=\"auto, (max-width: 104px) 100vw, 104px\" \/><\/p>\n<p style=\"text-align: center;\"><a href=\"https:\/\/hgvc.taleo.net\/careersection\/careersection\/candidateportal\/myaccount\/myAccountView.jsf?lang=en&amp;csNo=2&amp;portal=101430233&amp;isOnLogoutPage=true\" target=\"_blank\" class=\"lg-btn\" rel=\"noopener\">CONNEXION POUR L&rsquo;INT\u00c9GRATION AUX \u00c9TATS-UNIS<\/a><\/p>\n<p style=\"text-align: center;\"><a href=\"https:\/\/hgvc.taleo.net\/careersection\/iam\/accessmanagement\/login.jsf?lang=en-GB&amp;redirectionURI=https%3A%2F%2Fhgvc.taleo.net%2Fcareersection%2Fcareersection%2Fcandidateportal%2Fmyaccount%2FmyAccountView.jsf%3Flang%3Den_GB%26csNo%3D10180%26portal%3D20100011190%26isOnLogoutPage%3Dtrue&amp;TARGET=https%3A%2F%2Fhgvc.taleo.net%2Fcareersection%2Fcareersection%2Fcandidateportal%2Fmyaccount%2FmyAccountView.jsf%3Flang%3Den_GB%26csNo%3D10180%26portal%3D20100011190%26isOnLogoutPage%3Dtrue\" target=\"_blank\" class=\"lg-btn\" rel=\"noopener\">CONNEXION POUR L&rsquo;INT\u00c9GRATION AU ROYAUME-UNI<\/a><\/p>\n<p style=\"text-align: center;\"><span style=\"font-weight: 400;\">R\u00e9pondez \u00e0 votre offre d&#8217;emploi et compl\u00e9tez votre onboarding via Taleo.<\/span><\/p>\n<\/div>\n<div class=\"job-seeker\">\n<p style=\"text-align: center;\"><img loading=\"lazy\" decoding=\"async\" class=\"alignnone size-full wp-image-13218\" src=\"https:\/\/cdn-static.findly.com\/wp-content\/uploads\/sites\/795\/2019\/01\/team.jpg\" alt=\"\" width=\"103\" height=\"103\" srcset=\"https:\/\/hgv.cert.xcc.smashfly.io\/wp-content\/uploads\/sites\/2484\/2019\/01\/team.jpg 103w, https:\/\/hgv.cert.xcc.smashfly.io\/wp-content\/uploads\/sites\/2484\/2019\/01\/team-80x80.jpg 80w, https:\/\/hgv.cert.xcc.smashfly.io\/wp-content\/uploads\/sites\/2484\/2019\/01\/team-36x36.jpg 36w\" sizes=\"auto, (max-width: 103px) 100vw, 103px\" \/><\/p>\n<p style=\"text-align: center;\"><a href=\"https:\/\/internal.hgv.com\/\" class=\"lg-btn\">CONNEXION DES MEMBRES DE L\u2019\u00c9QUIPE<\/a><\/p>\n<p style=\"text-align: center;\"><span style=\"font-weight: 400;\">Recherchez et postulez \u00e0 des opportunit\u00e9s de carri\u00e8re.<\/span><\/p>\n<\/div>\n<\/div><\/section><\/div><\/div><!--close column table wrapper. Autoclose:  --><\/div><\/div><\/div><!-- close content main div --><\/div><\/div><div id='av_section_3' class='avia-section main_color avia-section-default avia-no-border-styling avia-bg-style-scroll  login-bottom container_wrap fullsize'   ><div class='container' ><div class='template-page content  av-content-full alpha units'><div class='post-entry post-entry-type-page post-entry-25057'><div class='entry-content-wrapper clearfix'>\n<section class=\"av_textblock_section\"  itemscope=\"itemscope\" itemtype=\"https:\/\/schema.org\/CreativeWork\" ><div class='avia_textblock '   itemprop=\"text\" ><p style=\"text-align: center;\"><span style=\"font-weight: 400;\">Encore des questions? Veuillez contacter l&rsquo;\u00e9quipe <\/span><a href=\"mailto:HGVTalentAdmin@hgvc.com\"><span style=\"font-weight: 400;\">administrative de Talent Acquisition.<\/span><\/a><span style=\"font-weight: 400;\">.<\/span><\/p>\n<\/div><\/section>\n<\/p>\n","protected":false},"excerpt":{"rendered":"","protected":false},"author":1583,"featured_media":0,"parent":0,"menu_order":0,"comment_status":"closed","ping_status":"closed","template":"","meta":{"footnotes":""},"persona":[],"class_list":["post-25057","page","type-page","status-publish","hentry"],"yoast_head":"<!-- This site is optimized with the Yoast SEO Premium plugin v22.8 (Yoast SEO v22.8) - https:\/\/yoast.com\/wordpress\/plugins\/seo\/ -->\n<title>Login - Hiltongrandvacation<\/title>\n<meta name=\"robots\" content=\"index, follow, max-snippet:-1, max-image-preview:large, max-video-preview:-1\" \/>\n<link rel=\"canonical\" href=\"https:\/\/hgv.cert.xcc.smashfly.io\/fr\/login\/\" \/>\n<meta property=\"og:locale\" content=\"fr_FR\" \/>\n<meta property=\"og:type\" content=\"article\" \/>\n<meta property=\"og:title\" content=\"Login\" \/>\n<meta property=\"og:url\" content=\"https:\/\/hgv.cert.xcc.smashfly.io\/fr\/login\/\" \/>\n<meta property=\"og:site_name\" content=\"Hiltongrandvacation\" \/>\n<meta property=\"article:modified_time\" content=\"2022-08-24T15:44:15+00:00\" \/>\n<meta property=\"og:image\" content=\"https:\/\/cdn-static.findly.com\/wp-content\/uploads\/sites\/795\/2019\/01\/join.jpg\" \/>\n<meta name=\"twitter:label1\" content=\"Dur\u00e9e de lecture estim\u00e9e\" \/>\n\t<meta name=\"twitter:data1\" content=\"3 minutes\" \/>\n<script type=\"application\/ld+json\" class=\"yoast-schema-graph\">{\"@context\":\"https:\/\/schema.org\",\"@graph\":[{\"@type\":\"WebPage\",\"@id\":\"https:\/\/hgv.cert.xcc.smashfly.io\/fr\/login\/\",\"url\":\"https:\/\/hgv.cert.xcc.smashfly.io\/fr\/login\/\",\"name\":\"Login - Hiltongrandvacation\",\"isPartOf\":{\"@id\":\"https:\/\/www.hgv.cert.xcc.smashfly.io\/#website\"},\"primaryImageOfPage\":{\"@id\":\"https:\/\/hgv.cert.xcc.smashfly.io\/fr\/login\/#primaryimage\"},\"image\":{\"@id\":\"https:\/\/hgv.cert.xcc.smashfly.io\/fr\/login\/#primaryimage\"},\"thumbnailUrl\":\"https:\/\/cdn-static.findly.com\/wp-content\/uploads\/sites\/795\/2019\/01\/join.jpg\",\"datePublished\":\"2022-08-21T17:47:52+00:00\",\"dateModified\":\"2022-08-24T15:44:15+00:00\",\"breadcrumb\":{\"@id\":\"https:\/\/hgv.cert.xcc.smashfly.io\/fr\/login\/#breadcrumb\"},\"inLanguage\":\"fr-FR\",\"potentialAction\":[{\"@type\":\"ReadAction\",\"target\":[\"https:\/\/hgv.cert.xcc.smashfly.io\/fr\/login\/\"]}]},{\"@type\":\"ImageObject\",\"inLanguage\":\"fr-FR\",\"@id\":\"https:\/\/hgv.cert.xcc.smashfly.io\/fr\/login\/#primaryimage\",\"url\":\"https:\/\/cdn-static.findly.com\/wp-content\/uploads\/sites\/795\/2019\/01\/join.jpg\",\"contentUrl\":\"https:\/\/cdn-static.findly.com\/wp-content\/uploads\/sites\/795\/2019\/01\/join.jpg\"},{\"@type\":\"BreadcrumbList\",\"@id\":\"https:\/\/hgv.cert.xcc.smashfly.io\/fr\/login\/#breadcrumb\",\"itemListElement\":[{\"@type\":\"ListItem\",\"position\":1,\"name\":\"Home\",\"item\":\"https:\/\/hgv.cert.xcc.smashfly.io\/fr\/\"},{\"@type\":\"ListItem\",\"position\":2,\"name\":\"Login\"}]},{\"@type\":\"WebSite\",\"@id\":\"https:\/\/www.hgv.cert.xcc.smashfly.io\/#website\",\"url\":\"https:\/\/www.hgv.cert.xcc.smashfly.io\/\",\"name\":\"Hiltongrandvacation\",\"description\":\"XCloud Candidate Experience Demo Site\",\"potentialAction\":[{\"@type\":\"SearchAction\",\"target\":{\"@type\":\"EntryPoint\",\"urlTemplate\":\"https:\/\/www.hgv.cert.xcc.smashfly.io\/?s={search_term_string}\"},\"query-input\":\"required name=search_term_string\"}],\"inLanguage\":\"fr-FR\"}]}<\/script>\n<!-- \/ Yoast SEO Premium plugin. -->","yoast_head_json":{"title":"Login - Hiltongrandvacation","robots":{"index":"index","follow":"follow","max-snippet":"max-snippet:-1","max-image-preview":"max-image-preview:large","max-video-preview":"max-video-preview:-1"},"canonical":"https:\/\/hgv.cert.xcc.smashfly.io\/fr\/login\/","og_locale":"fr_FR","og_type":"article","og_title":"Login","og_url":"https:\/\/hgv.cert.xcc.smashfly.io\/fr\/login\/","og_site_name":"Hiltongrandvacation","article_modified_time":"2022-08-24T15:44:15+00:00","og_image":[{"url":"https:\/\/cdn-static.findly.com\/wp-content\/uploads\/sites\/795\/2019\/01\/join.jpg"}],"twitter_misc":{"Dur\u00e9e de lecture estim\u00e9e":"3 minutes"},"schema":{"@context":"https:\/\/schema.org","@graph":[{"@type":"WebPage","@id":"https:\/\/hgv.cert.xcc.smashfly.io\/fr\/login\/","url":"https:\/\/hgv.cert.xcc.smashfly.io\/fr\/login\/","name":"Login - Hiltongrandvacation","isPartOf":{"@id":"https:\/\/www.hgv.cert.xcc.smashfly.io\/#website"},"primaryImageOfPage":{"@id":"https:\/\/hgv.cert.xcc.smashfly.io\/fr\/login\/#primaryimage"},"image":{"@id":"https:\/\/hgv.cert.xcc.smashfly.io\/fr\/login\/#primaryimage"},"thumbnailUrl":"https:\/\/cdn-static.findly.com\/wp-content\/uploads\/sites\/795\/2019\/01\/join.jpg","datePublished":"2022-08-21T17:47:52+00:00","dateModified":"2022-08-24T15:44:15+00:00","breadcrumb":{"@id":"https:\/\/hgv.cert.xcc.smashfly.io\/fr\/login\/#breadcrumb"},"inLanguage":"fr-FR","potentialAction":[{"@type":"ReadAction","target":["https:\/\/hgv.cert.xcc.smashfly.io\/fr\/login\/"]}]},{"@type":"ImageObject","inLanguage":"fr-FR","@id":"https:\/\/hgv.cert.xcc.smashfly.io\/fr\/login\/#primaryimage","url":"https:\/\/cdn-static.findly.com\/wp-content\/uploads\/sites\/795\/2019\/01\/join.jpg","contentUrl":"https:\/\/cdn-static.findly.com\/wp-content\/uploads\/sites\/795\/2019\/01\/join.jpg"},{"@type":"BreadcrumbList","@id":"https:\/\/hgv.cert.xcc.smashfly.io\/fr\/login\/#breadcrumb","itemListElement":[{"@type":"ListItem","position":1,"name":"Home","item":"https:\/\/hgv.cert.xcc.smashfly.io\/fr\/"},{"@type":"ListItem","position":2,"name":"Login"}]},{"@type":"WebSite","@id":"https:\/\/www.hgv.cert.xcc.smashfly.io\/#website","url":"https:\/\/www.hgv.cert.xcc.smashfly.io\/","name":"Hiltongrandvacation","description":"XCloud Candidate Experience Demo Site","potentialAction":[{"@type":"SearchAction","target":{"@type":"EntryPoint","urlTemplate":"https:\/\/www.hgv.cert.xcc.smashfly.io\/?s={search_term_string}"},"query-input":"required name=search_term_string"}],"inLanguage":"fr-FR"}]}},"_links":{"self":[{"href":"https:\/\/hgv.cert.xcc.smashfly.io\/fr\/wp-json\/wp\/v2\/pages\/25057","targetHints":{"allow":["GET"]}}],"collection":[{"href":"https:\/\/hgv.cert.xcc.smashfly.io\/fr\/wp-json\/wp\/v2\/pages"}],"about":[{"href":"https:\/\/hgv.cert.xcc.smashfly.io\/fr\/wp-json\/wp\/v2\/types\/page"}],"author":[{"embeddable":true,"href":"https:\/\/hgv.cert.xcc.smashfly.io\/fr\/wp-json\/wp\/v2\/users\/1583"}],"replies":[{"embeddable":true,"href":"https:\/\/hgv.cert.xcc.smashfly.io\/fr\/wp-json\/wp\/v2\/comments?post=25057"}],"version-history":[{"count":4,"href":"https:\/\/hgv.cert.xcc.smashfly.io\/fr\/wp-json\/wp\/v2\/pages\/25057\/revisions"}],"predecessor-version":[{"id":25166,"href":"https:\/\/hgv.cert.xcc.smashfly.io\/fr\/wp-json\/wp\/v2\/pages\/25057\/revisions\/25166"}],"wp:attachment":[{"href":"https:\/\/hgv.cert.xcc.smashfly.io\/fr\/wp-json\/wp\/v2\/media?parent=25057"}],"wp:term":[{"taxonomy":"persona","embeddable":true,"href":"https:\/\/hgv.cert.xcc.smashfly.io\/fr\/wp-json\/wp\/v2\/persona?post=25057"}],"curies":[{"name":"wp","href":"https:\/\/api.w.org\/{rel}","templated":true}]}}